{"id":13388,"date":"2024-11-29T13:34:11","date_gmt":"2024-11-29T13:34:11","guid":{"rendered":"https:\/\/honigbee.com\/?post_type=product&#038;p=13388"},"modified":"2026-02-28T19:01:42","modified_gmt":"2026-02-28T19:01:42","slug":"5kg-kholas-datteln-ohne-kern","status":"publish","type":"product","link":"https:\/\/honigbee.com\/bg\/produkt\/5kg-kholas-datteln-ohne-kern\/","title":{"rendered":"5kg Kholas Datteln ohne Kern \u2013 Getrocknete, naturbelassene Datteln"},"content":{"rendered":"<div id=\"ez-toc-container\" class=\"ez-toc-v2_0_83 counter-hierarchy ez-toc-counter ez-toc-grey ez-toc-container-direction\">\n<div class=\"ez-toc-title-container\">\n<p class=\"ez-toc-title\" style=\"cursor:inherit\">\u0421\u044a\u0434\u044a\u0440\u0436\u0430\u043d\u0438\u0435<\/p>\n<span class=\"ez-toc-title-toggle\"><a href=\"#\" class=\"ez-toc-pull-right ez-toc-btn ez-toc-btn-xs ez-toc-btn-default ez-toc-toggle\" aria-label=\"\u041f\u0440\u0435\u0432\u043a\u043b\u044e\u0447\u0432\u0430\u043d\u0435 \u043d\u0430 \u0441\u044a\u0434\u044a\u0440\u0436\u0430\u043d\u0438\u0435\u0442\u043e\"><span class=\"ez-toc-js-icon-con\"><span class=\"\"><span class=\"eztoc-hide\" style=\"display:none;\">\u041f\u0440\u0435\u0432\u043a\u043b\u044e\u0447\u0432\u0430\u043d\u0435<\/span><span class=\"ez-toc-icon-toggle-span\"><svg style=\"fill: #999;color:#999\" xmlns=\"http:\/\/www.w3.org\/2000\/svg\" class=\"list-377408\" width=\"20px\" height=\"20px\" viewbox=\"0 0 24 24\" fill=\"none\"><path d=\"M6 6H4v2h2V6zm14 0H8v2h12V6zM4 11h2v2H4v-2zm16 0H8v2h12v-2zM4 16h2v2H4v-2zm16 0H8v2h12v-2z\" fill=\"currentColor\"><\/path><\/svg><svg style=\"fill: #999;color:#999\" class=\"arrow-unsorted-368013\" xmlns=\"http:\/\/www.w3.org\/2000\/svg\" width=\"10px\" height=\"10px\" viewbox=\"0 0 24 24\" version=\"1.2\" baseprofile=\"tiny\"><path d=\"M18.2 9.3l-6.2-6.3-6.2 6.3c-.2.2-.3.4-.3.7s.1.5.3.7c.2.2.4.3.7.3h11c.3 0 .5-.1.7-.3.2-.2.3-.5.3-.7s-.1-.5-.3-.7zM5.8 14.7l6.2 6.3 6.2-6.3c.2-.2.3-.5.3-.7s-.1-.5-.3-.7c-.2-.2-.4-.3-.7-.3h-11c-.3 0-.5.1-.7.3-.2.2-.3.5-.3.7s.1.5.3.7z\"\/><\/svg><\/span><\/span><\/span><\/a><\/span><\/div>\n<nav><ul class='ez-toc-list ez-toc-list-level-1' ><li class='ez-toc-page-1 ez-toc-heading-level-4'><a class=\"ez-toc-link ez-toc-heading-1\" href=\"https:\/\/honigbee.com\/bg\/produkt\/5kg-kholas-datteln-ohne-kern\/#Produktmerkmale\" >\u0425\u0430\u0440\u0430\u043a\u0442\u0435\u0440\u0438\u0441\u0442\u0438\u043a\u0438 \u043d\u0430 \u043f\u0440\u043e\u0434\u0443\u043a\u0442\u0430<\/a><\/li><li class='ez-toc-page-1 ez-toc-heading-level-4'><a class=\"ez-toc-link ez-toc-heading-2\" href=\"https:\/\/honigbee.com\/bg\/produkt\/5kg-kholas-datteln-ohne-kern\/#Geschmack_Konsistenz\" >\u0412\u043a\u0443\u0441 \u0438 \u043a\u043e\u043d\u0441\u0438\u0441\u0442\u0435\u043d\u0446\u0438\u044f<\/a><\/li><li class='ez-toc-page-1 ez-toc-heading-level-4'><a class=\"ez-toc-link ez-toc-heading-3\" href=\"https:\/\/honigbee.com\/bg\/produkt\/5kg-kholas-datteln-ohne-kern\/#Verwendung\" >\u0443\u043f\u043e\u0442\u0440\u0435\u0431\u0430<\/a><\/li><li class='ez-toc-page-1 ez-toc-heading-level-4'><a class=\"ez-toc-link ez-toc-heading-4\" href=\"https:\/\/honigbee.com\/bg\/produkt\/5kg-kholas-datteln-ohne-kern\/#Produktdetails\" >\u0414\u0435\u0442\u0430\u0439\u043b\u0438 \u0437\u0430 \u043f\u0440\u043e\u0434\u0443\u043a\u0442\u0430<\/a><\/li><li class='ez-toc-page-1 ez-toc-heading-level-4'><a class=\"ez-toc-link ez-toc-heading-5\" href=\"https:\/\/honigbee.com\/bg\/produkt\/5kg-kholas-datteln-ohne-kern\/#Lagerung\" >\u0441\u044a\u0445\u0440\u0430\u043d\u0435\u043d\u0438\u0435<\/a><\/li><li class='ez-toc-page-1 ez-toc-heading-level-4'><a class=\"ez-toc-link ez-toc-heading-6\" href=\"https:\/\/honigbee.com\/bg\/produkt\/5kg-kholas-datteln-ohne-kern\/#Weitere_Inspiration_entdecken\" >Weitere Inspiration entdecken<\/a><\/li><\/ul><\/nav><\/div>\n<p data-start=\"804\" data-end=\"1009\">The <strong data-start=\"808\" data-end=\"840\">5kg Kholas Datteln ohne Kern<\/strong> sind getrocknete, entsteinte Datteln mit weicher Textur und karamellartiger S\u00fc\u00dfe. Sie werden naturbelassen verarbeitet, ohne Zuckerzusatz und ohne Konservierungsstoffe.<\/p>\n<p data-start=\"1011\" data-end=\"1088\">Die 5-kg-Gro\u00dfpackung eignet sich f\u00fcr Vorrat oder gr\u00f6\u00dfere Mengen in der K\u00fcche.<\/p>\n<hr data-start=\"1090\" data-end=\"1093\" \/>\n<h4 data-start=\"1095\" data-end=\"1115\"><span class=\"ez-toc-section\" id=\"Produktmerkmale\"><\/span>\u0425\u0430\u0440\u0430\u043a\u0442\u0435\u0440\u0438\u0441\u0442\u0438\u043a\u0438 \u043d\u0430 \u043f\u0440\u043e\u0434\u0443\u043a\u0442\u0430<span class=\"ez-toc-section-end\"><\/span><\/h4>\n<p data-start=\"1117\" data-end=\"1280\">5 kg Kholas Datteln ohne Kern<br data-start=\"1146\" data-end=\"1149\" \/>Getrocknet und entsteint<br data-start=\"1173\" data-end=\"1176\" \/>\u0411\u0435\u0437 \u0434\u043e\u0431\u0430\u0432\u0435\u043d\u0430 \u0437\u0430\u0445\u0430\u0440<br data-start=\"1193\" data-end=\"1196\" \/>Nicht geschwefelt<br data-start=\"1213\" data-end=\"1216\" \/>\u0411\u0435\u0437 \u043a\u043e\u043d\u0441\u0435\u0440\u0432\u0430\u043d\u0442\u0438<br data-start=\"1241\" data-end=\"1244\" \/>\u0412\u0435\u0433\u0430\u043d \u0438 \u0431\u0435\u0437 \u0433\u043b\u0443\u0442\u0435\u043d<br data-start=\"1264\" data-end=\"1267\" \/>\u041d\u0430\u0441\u0438\u043f\u0435\u043d \u043f\u0430\u043a\u0435\u0442<\/p>\n<hr data-start=\"1282\" data-end=\"1285\" \/>\n<h4 data-start=\"1287\" data-end=\"1314\"><span class=\"ez-toc-section\" id=\"Geschmack_Konsistenz\"><\/span>\u0412\u043a\u0443\u0441 \u0438 \u043a\u043e\u043d\u0441\u0438\u0441\u0442\u0435\u043d\u0446\u0438\u044f<span class=\"ez-toc-section-end\"><\/span><\/h4>\n<p data-start=\"1316\" data-end=\"1413\">Weich-z\u00e4he Textur<br data-start=\"1333\" data-end=\"1336\" \/>\u041b\u0435\u043a\u043e-\u0441\u043b\u0430\u0434\u044a\u043a \u0432\u043a\u0443\u0441<br data-start=\"1356\" data-end=\"1359\" \/>\u041a\u0430\u0440\u0430\u043c\u0435\u043b\u0435\u043d\u0430 \u043d\u043e\u0442\u043a\u0430<br data-start=\"1378\" data-end=\"1381\" \/>Dunkelgoldene bis braune Farbe<\/p>\n<hr data-start=\"1415\" data-end=\"1418\" \/>\n<h4 data-start=\"1420\" data-end=\"1435\"><span class=\"ez-toc-section\" id=\"Verwendung\"><\/span>\u0443\u043f\u043e\u0442\u0440\u0435\u0431\u0430<span class=\"ez-toc-section-end\"><\/span><\/h4>\n<p data-start=\"1437\" data-end=\"1490\">The <strong data-start=\"1441\" data-end=\"1473\">5kg Kholas Datteln ohne Kern<\/strong> eignen sich f\u00fcr:<\/p>\n<p data-start=\"1492\" data-end=\"1606\">\u2022 Pur als Snack<br data-start=\"1507\" data-end=\"1510\" \/>\u2022 F\u00fcr Backrezepte<br data-start=\"1527\" data-end=\"1530\" \/>\u2022 In M\u00fcslis oder Bowls<br data-start=\"1552\" data-end=\"1555\" \/>\u2022 In Smoothies<br data-start=\"1569\" data-end=\"1572\" \/>\u2022 F\u00fcr Dattelpaste oder F\u00fcllungen<\/p>\n<p data-start=\"1608\" data-end=\"1678\">Hinweis: Naturprodukt \u2013 leichte Farb- oder Gr\u00f6\u00dfenunterschiede m\u00f6glich.<\/p>\n<hr data-start=\"1680\" data-end=\"1683\" \/>\n<h4 data-start=\"1685\" data-end=\"1704\"><span class=\"ez-toc-section\" id=\"Produktdetails\"><\/span>\u0414\u0435\u0442\u0430\u0439\u043b\u0438 \u0437\u0430 \u043f\u0440\u043e\u0434\u0443\u043a\u0442\u0430<span class=\"ez-toc-section-end\"><\/span><\/h4>\n<p data-start=\"1706\" data-end=\"1914\">Produktname: 5kg Kholas Datteln ohne Kern<br data-start=\"1747\" data-end=\"1750\" \/>\u0421\u044a\u0434\u044a\u0440\u0436\u0430\u043d\u0438\u0435: 5 \u043a\u0433<br data-start=\"1762\" data-end=\"1765\" \/>Sorte: Kholas<br data-start=\"1778\" data-end=\"1781\" \/>\u041f\u0440\u043e\u0438\u0437\u0445\u043e\u0434: \u0421\u0430\u0443\u0434\u0438\u0442\u0441\u043a\u0430 \u0410\u0440\u0430\u0431\u0438\u044f (\u0437\u0430\u0432\u0438\u0441\u0438 \u043e\u0442 \u043f\u0430\u0440\u0442\u0438\u0434\u0430\u0442\u0430)<br data-start=\"1822\" data-end=\"1825\" \/>Verarbeitung: Getrocknet, entsteint<br data-start=\"1860\" data-end=\"1863\" \/>Verpackung: Lebensmittelechter Beutel oder Karton<\/p>\n<hr data-start=\"1916\" data-end=\"1919\" \/>\n<h4 data-start=\"1921\" data-end=\"1934\"><span class=\"ez-toc-section\" id=\"Lagerung\"><\/span>\u0441\u044a\u0445\u0440\u0430\u043d\u0435\u043d\u0438\u0435<span class=\"ez-toc-section-end\"><\/span><\/h4>\n<p data-start=\"1936\" data-end=\"2046\">K\u00fchl, trocken und lichtgesch\u00fctzt lagern. Nach dem \u00d6ffnen luftdicht verschlie\u00dfen. Optional bei 10\u201320 \u00b0C lagern.<\/p>\n<hr data-start=\"1683\" data-end=\"1686\" \/>\n<h4 data-start=\"413\" data-end=\"449\"><span class=\"ez-toc-section\" id=\"Weitere_Inspiration_entdecken\"><\/span>Weitere Inspiration entdecken<span class=\"ez-toc-section-end\"><\/span><\/h4>\n<p data-start=\"450\" data-end=\"582\">Du suchst weitere besondere Produkte? Entdecke zus\u00e4tzliche Highlights in unserem Sortiment oder st\u00f6bere in unseren Partnerprojekten:<\/p>\n<ul data-start=\"584\" data-end=\"920\">\n<li data-start=\"584\" data-end=\"656\"><a href=\"https:\/\/honigbee.com\/bg\/shop\/\">Weitere Naturprodukte bei Honigbee entdecken<\/a><\/li>\n<li data-start=\"657\" data-end=\"783\">\n<p data-start=\"659\" data-end=\"783\"><a href=\"https:\/\/matvana.com\/shop\/\" target=\"_blank\" rel=\"noopener\">Stilvolle Wohnideen bei Matvana ansehen<\/a><\/p>\n<\/li>\n<li data-start=\"784\" data-end=\"920\">\n<p data-start=\"786\" data-end=\"920\"><a href=\"https:\/\/saphirsmaragd.com\/shop\/\" target=\"_blank\" rel=\"noopener\">Edelsteine &amp; Schmuck bei Saphir &amp; Smaragd ansehen<\/a><\/p>\n<\/li>\n<\/ul>\n<hr data-start=\"1931\" data-end=\"1934\" \/>\n<p>Produktbilder dienen der Veranschaulichung. Verpackungsdesign kann abweichen.<\/p>","protected":false},"excerpt":{"rendered":"<p data-start=\"605\" data-end=\"727\"><em>5kg Kholas Datteln ohne Kern getrocknet und naturbelassen. Mild-s\u00fc\u00df im Geschmack und ideal als Snack oder f\u00fcr Backrezepte.<\/em><\/p>","protected":false},"featured_media":43242,"comment_status":"open","ping_status":"closed","template":"","meta":{"_glsr_average":0,"_glsr_ranking":0,"_glsr_reviews":0},"product_brand":[],"product_cat":[721],"product_tag":[],"class_list":{"0":"post-13388","1":"product","2":"type-product","3":"status-publish","4":"has-post-thumbnail","6":"product_cat-kholas-datteln","8":"first","9":"outofstock","10":"shipping-taxable","11":"purchasable","12":"product-type-simple","13":"add-to-wishlist-before_image"},"jetpack_sharing_enabled":true,"_links":{"self":[{"href":"https:\/\/honigbee.com\/bg\/wp-json\/wp\/v2\/product\/13388","targetHints":{"allow":["GET"]}}],"collection":[{"href":"https:\/\/honigbee.com\/bg\/wp-json\/wp\/v2\/product"}],"about":[{"href":"https:\/\/honigbee.com\/bg\/wp-json\/wp\/v2\/types\/product"}],"replies":[{"embeddable":true,"href":"https:\/\/honigbee.com\/bg\/wp-json\/wp\/v2\/comments?post=13388"}],"version-history":[{"count":3,"href":"https:\/\/honigbee.com\/bg\/wp-json\/wp\/v2\/product\/13388\/revisions"}],"predecessor-version":[{"id":43241,"href":"https:\/\/honigbee.com\/bg\/wp-json\/wp\/v2\/product\/13388\/revisions\/43241"}],"wp:featuredmedia":[{"embeddable":true,"href":"https:\/\/honigbee.com\/bg\/wp-json\/wp\/v2\/media\/43242"}],"wp:attachment":[{"href":"https:\/\/honigbee.com\/bg\/wp-json\/wp\/v2\/media?parent=13388"}],"wp:term":[{"taxonomy":"product_brand","embeddable":true,"href":"https:\/\/honigbee.com\/bg\/wp-json\/wp\/v2\/product_brand?post=13388"},{"taxonomy":"product_cat","embeddable":true,"href":"https:\/\/honigbee.com\/bg\/wp-json\/wp\/v2\/product_cat?post=13388"},{"taxonomy":"product_tag","embeddable":true,"href":"https:\/\/honigbee.com\/bg\/wp-json\/wp\/v2\/product_tag?post=13388"}],"curies":[{"name":"\u0440\u0430\u0431\u043e\u0442\u043d\u0430 \u0441\u0440\u0435\u0449\u0430","href":"https:\/\/api.w.org\/{rel}","templated":true}]}}