{"id":23554,"date":"2025-05-30T12:24:33","date_gmt":"2025-05-30T12:24:33","guid":{"rendered":"https:\/\/honigbee.com\/?post_type=product&#038;p=23554"},"modified":"2026-02-28T18:24:05","modified_gmt":"2026-02-28T18:24:05","slug":"1-kg-gemischte-nuesse","status":"publish","type":"product","link":"https:\/\/honigbee.com\/bg\/produkt\/1-kg-gemischte-nuesse\/","title":{"rendered":"1 kg Gemischte N\u00fcsse \u2013 Ger\u00f6stet und Gesalzen"},"content":{"rendered":"<div id=\"ez-toc-container\" class=\"ez-toc-v2_0_83 counter-hierarchy ez-toc-counter ez-toc-grey ez-toc-container-direction\">\n<div class=\"ez-toc-title-container\">\n<p class=\"ez-toc-title\" style=\"cursor:inherit\">\u0421\u044a\u0434\u044a\u0440\u0436\u0430\u043d\u0438\u0435<\/p>\n<span class=\"ez-toc-title-toggle\"><a href=\"#\" class=\"ez-toc-pull-right ez-toc-btn ez-toc-btn-xs ez-toc-btn-default ez-toc-toggle\" aria-label=\"\u041f\u0440\u0435\u0432\u043a\u043b\u044e\u0447\u0432\u0430\u043d\u0435 \u043d\u0430 \u0441\u044a\u0434\u044a\u0440\u0436\u0430\u043d\u0438\u0435\u0442\u043e\"><span class=\"ez-toc-js-icon-con\"><span class=\"\"><span class=\"eztoc-hide\" style=\"display:none;\">\u041f\u0440\u0435\u0432\u043a\u043b\u044e\u0447\u0432\u0430\u043d\u0435<\/span><span class=\"ez-toc-icon-toggle-span\"><svg style=\"fill: #999;color:#999\" xmlns=\"http:\/\/www.w3.org\/2000\/svg\" class=\"list-377408\" width=\"20px\" height=\"20px\" viewbox=\"0 0 24 24\" fill=\"none\"><path d=\"M6 6H4v2h2V6zm14 0H8v2h12V6zM4 11h2v2H4v-2zm16 0H8v2h12v-2zM4 16h2v2H4v-2zm16 0H8v2h12v-2z\" fill=\"currentColor\"><\/path><\/svg><svg style=\"fill: #999;color:#999\" class=\"arrow-unsorted-368013\" xmlns=\"http:\/\/www.w3.org\/2000\/svg\" width=\"10px\" height=\"10px\" viewbox=\"0 0 24 24\" version=\"1.2\" baseprofile=\"tiny\"><path d=\"M18.2 9.3l-6.2-6.3-6.2 6.3c-.2.2-.3.4-.3.7s.1.5.3.7c.2.2.4.3.7.3h11c.3 0 .5-.1.7-.3.2-.2.3-.5.3-.7s-.1-.5-.3-.7zM5.8 14.7l6.2 6.3 6.2-6.3c.2-.2.3-.5.3-.7s-.1-.5-.3-.7c-.2-.2-.4-.3-.7-.3h-11c-.3 0-.5.1-.7.3-.2.2-.3.5-.3.7s.1.5.3.7z\"\/><\/svg><\/span><\/span><\/span><\/a><\/span><\/div>\n<nav><ul class='ez-toc-list ez-toc-list-level-1' ><li class='ez-toc-page-1 ez-toc-heading-level-4'><a class=\"ez-toc-link ez-toc-heading-1\" href=\"https:\/\/honigbee.com\/bg\/produkt\/1-kg-gemischte-nuesse\/#1_kg_Gemischte_Nusse_%E2%80%93_gerostet_und_gesalzen\" >1 kg Gemischte N\u00fcsse \u2013 ger\u00f6stet und gesalzen<\/a><\/li><li class='ez-toc-page-1 ez-toc-heading-level-4'><a class=\"ez-toc-link ez-toc-heading-2\" href=\"https:\/\/honigbee.com\/bg\/produkt\/1-kg-gemischte-nuesse\/#Eigenschaften\" >\u0425\u0430\u0440\u0430\u043a\u0442\u0435\u0440\u0438\u0441\u0442\u0438\u043a\u0438<\/a><\/li><li class='ez-toc-page-1 ez-toc-heading-level-4'><a class=\"ez-toc-link ez-toc-heading-3\" href=\"https:\/\/honigbee.com\/bg\/produkt\/1-kg-gemischte-nuesse\/#Verwendung\" >\u0443\u043f\u043e\u0442\u0440\u0435\u0431\u0430<\/a><\/li><li class='ez-toc-page-1 ez-toc-heading-level-4'><a class=\"ez-toc-link ez-toc-heading-4\" href=\"https:\/\/honigbee.com\/bg\/produkt\/1-kg-gemischte-nuesse\/#Produktdetails\" >\u0414\u0435\u0442\u0430\u0439\u043b\u0438 \u0437\u0430 \u043f\u0440\u043e\u0434\u0443\u043a\u0442\u0430<\/a><\/li><li class='ez-toc-page-1 ez-toc-heading-level-4'><a class=\"ez-toc-link ez-toc-heading-5\" href=\"https:\/\/honigbee.com\/bg\/produkt\/1-kg-gemischte-nuesse\/#Weitere_Inspiration_entdecken\" >Weitere Inspiration entdecken<\/a><\/li><\/ul><\/nav><\/div>\n<h4 data-start=\"551\" data-end=\"600\"><span class=\"ez-toc-section\" id=\"1_kg_Gemischte_Nusse_%E2%80%93_gerostet_und_gesalzen\"><\/span>1 kg Gemischte N\u00fcsse \u2013 ger\u00f6stet und gesalzen<span class=\"ez-toc-section-end\"><\/span><\/h4>\n<p data-start=\"602\" data-end=\"792\">Diese ausgewogene Mischung kombiniert verschiedene ger\u00f6stete N\u00fcsse mit einer feinen Salznote. Die sorgf\u00e4ltige R\u00f6stung sorgt f\u00fcr eine knusprige Textur und ein aromatisches Geschmackserlebnis.<\/p>\n<p data-start=\"794\" data-end=\"867\">Die gro\u00dfz\u00fcgige 1 kg Packung eignet sich ideal als Vorrat oder zum Teilen.<\/p>\n<hr data-start=\"869\" data-end=\"872\" \/>\n<h4 data-start=\"874\" data-end=\"892\"><span class=\"ez-toc-section\" id=\"Eigenschaften\"><\/span>\u0425\u0430\u0440\u0430\u043a\u0442\u0435\u0440\u0438\u0441\u0442\u0438\u043a\u0438<span class=\"ez-toc-section-end\"><\/span><\/h4>\n<p data-start=\"894\" data-end=\"1060\">\u2022 Mischung aus verschiedenen N\u00fcssen<br data-start=\"929\" data-end=\"932\" \/>\u2022 Ger\u00f6stet und leicht gesalzen<br data-start=\"962\" data-end=\"965\" \/>\u2022 Knusprige Konsistenz<br data-start=\"987\" data-end=\"990\" \/>\u2022 Ideal als Snack oder zum Teilen<br data-start=\"1023\" data-end=\"1026\" \/>\u2022 Praktische 1 kg Vorratspackung<\/p>\n<hr data-start=\"1062\" data-end=\"1065\" \/>\n<h4 data-start=\"1067\" data-end=\"1082\"><span class=\"ez-toc-section\" id=\"Verwendung\"><\/span>\u0443\u043f\u043e\u0442\u0440\u0435\u0431\u0430<span class=\"ez-toc-section-end\"><\/span><\/h4>\n<p data-start=\"1084\" data-end=\"1271\">Die Nussmischung eignet sich hervorragend als herzhafter Snack f\u00fcr zwischendurch. Sie passt auch gut zu Salaten oder kann als knusprige Erg\u00e4nzung zu herzhaften Gerichten verwendet werden.<\/p>\n<hr data-start=\"1273\" data-end=\"1276\" \/>\n<h4 data-start=\"1278\" data-end=\"1297\"><span class=\"ez-toc-section\" id=\"Produktdetails\"><\/span>\u0414\u0435\u0442\u0430\u0439\u043b\u0438 \u0437\u0430 \u043f\u0440\u043e\u0434\u0443\u043a\u0442\u0430<span class=\"ez-toc-section-end\"><\/span><\/h4>\n<p data-start=\"1299\" data-end=\"1453\">\u0421\u044a\u0434\u044a\u0440\u0436\u0430\u043d\u0438\u0435: 1 \u043a\u0433<br data-start=\"1311\" data-end=\"1314\" \/>Zutaten: Mandeln, Cashewkerne, Macadamian\u00fcsse, Pflanzen\u00f6l, Salz<br data-start=\"1377\" data-end=\"1380\" \/>Kann Spuren von Erdn\u00fcssen, anderen Schalenfr\u00fcchten und Sesam enthalten.<\/p>\n<hr data-start=\"1683\" data-end=\"1686\" \/>\n<h4 data-start=\"413\" data-end=\"449\"><span class=\"ez-toc-section\" id=\"Weitere_Inspiration_entdecken\"><\/span>Weitere Inspiration entdecken<span class=\"ez-toc-section-end\"><\/span><\/h4>\n<p data-start=\"450\" data-end=\"582\">Du suchst weitere besondere Produkte? Entdecke zus\u00e4tzliche Highlights in unserem Sortiment oder st\u00f6bere in unseren Partnerprojekten:<\/p>\n<ul data-start=\"584\" data-end=\"920\">\n<li data-start=\"584\" data-end=\"656\"><a href=\"https:\/\/honigbee.com\/bg\/shop\/\">Weitere Naturprodukte bei Honigbee entdecken<\/a><\/li>\n<li data-start=\"657\" data-end=\"783\">\n<p data-start=\"659\" data-end=\"783\"><a href=\"https:\/\/matvana.com\/shop\/\" target=\"_blank\" rel=\"noopener\">Stilvolle Wohnideen bei Matvana ansehen<\/a><\/p>\n<\/li>\n<li data-start=\"784\" data-end=\"920\">\n<p data-start=\"786\" data-end=\"920\"><a href=\"https:\/\/saphirsmaragd.com\/shop\/\" target=\"_blank\" rel=\"noopener\">Edelsteine &amp; Schmuck bei Saphir &amp; Smaragd ansehen<\/a><\/p>\n<\/li>\n<\/ul>\n<hr data-start=\"1931\" data-end=\"1934\" \/>\n<p>Produktbilder dienen der Veranschaulichung. Verpackungsdesign kann abweichen.<\/p>","protected":false},"excerpt":{"rendered":"<p data-start=\"3496\" data-end=\"3658\"><em>\u041c\u0438\u043a\u0441 \u043e\u0442 \u044f\u0434\u043a\u0438 \u2013 \u043f\u0435\u0447\u0435\u043d\u0438 \u0431\u0430\u0434\u0435\u043c\u0438, \u043a\u0430\u0448\u0443 \u0438 \u043c\u0430\u043a\u0430\u0434\u0430\u043c\u0438\u044f \u0432 \u043e\u043f\u0430\u043a\u043e\u0432\u043a\u0430 \u0441 \u0432\u044a\u0437\u043c\u043e\u0436\u043d\u043e\u0441\u0442 \u0437\u0430 \u043c\u043d\u043e\u0433\u043e\u043a\u0440\u0430\u0442\u043d\u043e \u0437\u0430\u0442\u0432\u0430\u0440\u044f\u043d\u0435. \u0418\u0434\u0435\u0430\u043b\u043d\u0438 \u043a\u0430\u0442\u043e \u0437\u0434\u0440\u0430\u0432\u043e\u0441\u043b\u043e\u0432\u043d\u0430 \u0437\u0430\u043a\u0443\u0441\u043a\u0430 \u0438\u043b\u0438 \u0441\u044a\u0441\u0442\u0430\u0432\u043a\u0430.<\/em><\/p>","protected":false},"featured_media":42159,"comment_status":"open","ping_status":"closed","template":"","meta":{"_glsr_average":0,"_glsr_ranking":0,"_glsr_reviews":0},"product_brand":[],"product_cat":[1175],"product_tag":[],"class_list":{"0":"post-23554","1":"product","2":"type-product","3":"status-publish","4":"has-post-thumbnail","6":"product_cat-nussmischung","8":"first","9":"instock","10":"shipping-taxable","11":"purchasable","12":"product-type-simple","13":"add-to-wishlist-before_image"},"jetpack_sharing_enabled":true,"_links":{"self":[{"href":"https:\/\/honigbee.com\/bg\/wp-json\/wp\/v2\/product\/23554","targetHints":{"allow":["GET"]}}],"collection":[{"href":"https:\/\/honigbee.com\/bg\/wp-json\/wp\/v2\/product"}],"about":[{"href":"https:\/\/honigbee.com\/bg\/wp-json\/wp\/v2\/types\/product"}],"replies":[{"embeddable":true,"href":"https:\/\/honigbee.com\/bg\/wp-json\/wp\/v2\/comments?post=23554"}],"version-history":[{"count":4,"href":"https:\/\/honigbee.com\/bg\/wp-json\/wp\/v2\/product\/23554\/revisions"}],"predecessor-version":[{"id":43149,"href":"https:\/\/honigbee.com\/bg\/wp-json\/wp\/v2\/product\/23554\/revisions\/43149"}],"wp:featuredmedia":[{"embeddable":true,"href":"https:\/\/honigbee.com\/bg\/wp-json\/wp\/v2\/media\/42159"}],"wp:attachment":[{"href":"https:\/\/honigbee.com\/bg\/wp-json\/wp\/v2\/media?parent=23554"}],"wp:term":[{"taxonomy":"product_brand","embeddable":true,"href":"https:\/\/honigbee.com\/bg\/wp-json\/wp\/v2\/product_brand?post=23554"},{"taxonomy":"product_cat","embeddable":true,"href":"https:\/\/honigbee.com\/bg\/wp-json\/wp\/v2\/product_cat?post=23554"},{"taxonomy":"product_tag","embeddable":true,"href":"https:\/\/honigbee.com\/bg\/wp-json\/wp\/v2\/product_tag?post=23554"}],"curies":[{"name":"\u0440\u0430\u0431\u043e\u0442\u043d\u0430 \u0441\u0440\u0435\u0449\u0430","href":"https:\/\/api.w.org\/{rel}","templated":true}]}}