{"id":23694,"date":"2025-05-31T11:51:16","date_gmt":"2025-05-31T11:51:16","guid":{"rendered":"https:\/\/honigbee.com\/?post_type=product&#038;p=23694"},"modified":"2026-03-08T18:32:17","modified_gmt":"2026-03-08T18:32:17","slug":"500g-papaya-schnitten-ohne-so2","status":"publish","type":"product","link":"https:\/\/honigbee.com\/bg\/produkt\/500g-papaya-schnitten-ohne-so2\/","title":{"rendered":"500g Papaya Schnitten ohne SO2 \u2013 Nat\u00fcrlich getrocknete Papaya"},"content":{"rendered":"<div id=\"ez-toc-container\" class=\"ez-toc-v2_0_83 counter-hierarchy ez-toc-counter ez-toc-grey ez-toc-container-direction\">\n<div class=\"ez-toc-title-container\">\n<p class=\"ez-toc-title\" style=\"cursor:inherit\">\u0421\u044a\u0434\u044a\u0440\u0436\u0430\u043d\u0438\u0435<\/p>\n<span class=\"ez-toc-title-toggle\"><a href=\"#\" class=\"ez-toc-pull-right ez-toc-btn ez-toc-btn-xs ez-toc-btn-default ez-toc-toggle\" aria-label=\"\u041f\u0440\u0435\u0432\u043a\u043b\u044e\u0447\u0432\u0430\u043d\u0435 \u043d\u0430 \u0441\u044a\u0434\u044a\u0440\u0436\u0430\u043d\u0438\u0435\u0442\u043e\"><span class=\"ez-toc-js-icon-con\"><span class=\"\"><span class=\"eztoc-hide\" style=\"display:none;\">\u041f\u0440\u0435\u0432\u043a\u043b\u044e\u0447\u0432\u0430\u043d\u0435<\/span><span class=\"ez-toc-icon-toggle-span\"><svg style=\"fill: #999;color:#999\" xmlns=\"http:\/\/www.w3.org\/2000\/svg\" class=\"list-377408\" width=\"20px\" height=\"20px\" viewbox=\"0 0 24 24\" fill=\"none\"><path d=\"M6 6H4v2h2V6zm14 0H8v2h12V6zM4 11h2v2H4v-2zm16 0H8v2h12v-2zM4 16h2v2H4v-2zm16 0H8v2h12v-2z\" fill=\"currentColor\"><\/path><\/svg><svg style=\"fill: #999;color:#999\" class=\"arrow-unsorted-368013\" xmlns=\"http:\/\/www.w3.org\/2000\/svg\" width=\"10px\" height=\"10px\" viewbox=\"0 0 24 24\" version=\"1.2\" baseprofile=\"tiny\"><path d=\"M18.2 9.3l-6.2-6.3-6.2 6.3c-.2.2-.3.4-.3.7s.1.5.3.7c.2.2.4.3.7.3h11c.3 0 .5-.1.7-.3.2-.2.3-.5.3-.7s-.1-.5-.3-.7zM5.8 14.7l6.2 6.3 6.2-6.3c.2-.2.3-.5.3-.7s-.1-.5-.3-.7c-.2-.2-.4-.3-.7-.3h-11c-.3 0-.5.1-.7.3-.2.2-.3.5-.3.7s.1.5.3.7z\"\/><\/svg><\/span><\/span><\/span><\/a><\/span><\/div>\n<nav><ul class='ez-toc-list ez-toc-list-level-1' ><li class='ez-toc-page-1 ez-toc-heading-level-4'><a class=\"ez-toc-link ez-toc-heading-1\" href=\"https:\/\/honigbee.com\/bg\/produkt\/500g-papaya-schnitten-ohne-so2\/#Produktmerkmale\" >\u0425\u0430\u0440\u0430\u043a\u0442\u0435\u0440\u0438\u0441\u0442\u0438\u043a\u0438 \u043d\u0430 \u043f\u0440\u043e\u0434\u0443\u043a\u0442\u0430<\/a><\/li><li class='ez-toc-page-1 ez-toc-heading-level-4'><a class=\"ez-toc-link ez-toc-heading-2\" href=\"https:\/\/honigbee.com\/bg\/produkt\/500g-papaya-schnitten-ohne-so2\/#Geschmack_Konsistenz\" >\u0412\u043a\u0443\u0441 \u0438 \u043a\u043e\u043d\u0441\u0438\u0441\u0442\u0435\u043d\u0446\u0438\u044f<\/a><\/li><li class='ez-toc-page-1 ez-toc-heading-level-4'><a class=\"ez-toc-link ez-toc-heading-3\" href=\"https:\/\/honigbee.com\/bg\/produkt\/500g-papaya-schnitten-ohne-so2\/#Verwendung\" >\u0443\u043f\u043e\u0442\u0440\u0435\u0431\u0430<\/a><\/li><li class='ez-toc-page-1 ez-toc-heading-level-4'><a class=\"ez-toc-link ez-toc-heading-4\" href=\"https:\/\/honigbee.com\/bg\/produkt\/500g-papaya-schnitten-ohne-so2\/#Nahrwerte_pro_100_g\" >\u0425\u0440\u0430\u043d\u0438\u0442\u0435\u043b\u043d\u0438 \u0441\u0442\u043e\u0439\u043d\u043e\u0441\u0442\u0438 (\u043d\u0430 100 \u0433)<\/a><\/li><li class='ez-toc-page-1 ez-toc-heading-level-4'><a class=\"ez-toc-link ez-toc-heading-5\" href=\"https:\/\/honigbee.com\/bg\/produkt\/500g-papaya-schnitten-ohne-so2\/#Produktdetails\" >\u0414\u0435\u0442\u0430\u0439\u043b\u0438 \u0437\u0430 \u043f\u0440\u043e\u0434\u0443\u043a\u0442\u0430<\/a><\/li><li class='ez-toc-page-1 ez-toc-heading-level-4'><a class=\"ez-toc-link ez-toc-heading-6\" href=\"https:\/\/honigbee.com\/bg\/produkt\/500g-papaya-schnitten-ohne-so2\/#Lagerung\" >\u0441\u044a\u0445\u0440\u0430\u043d\u0435\u043d\u0438\u0435<\/a><\/li><li class='ez-toc-page-1 ez-toc-heading-level-4'><a class=\"ez-toc-link ez-toc-heading-7\" href=\"https:\/\/honigbee.com\/bg\/produkt\/500g-papaya-schnitten-ohne-so2\/#Weitere_Inspiration_entdecken\" >Weitere Inspiration entdecken<\/a><\/li><\/ul><\/nav><\/div>\n<p data-start=\"728\" data-end=\"909\">The <strong data-start=\"732\" data-end=\"766\">500g Papaya Schnitten ohne SO2<\/strong> bestehen aus getrockneter Papaya ohne Zusatz von Schwefeldioxid. Durch die schonende Trocknung bleibt das fruchtige Aroma der Papaya erhalten.<\/p>\n<p data-start=\"911\" data-end=\"995\">Die Papaya-Schnitten eignen sich als Snack sowie als Zutat f\u00fcr verschiedene Rezepte.<\/p>\n<hr data-start=\"997\" data-end=\"1000\" \/>\n<h4 data-start=\"1002\" data-end=\"1022\"><span class=\"ez-toc-section\" id=\"Produktmerkmale\"><\/span>\u0425\u0430\u0440\u0430\u043a\u0442\u0435\u0440\u0438\u0441\u0442\u0438\u043a\u0438 \u043d\u0430 \u043f\u0440\u043e\u0434\u0443\u043a\u0442\u0430<span class=\"ez-toc-section-end\"><\/span><\/h4>\n<p data-start=\"1024\" data-end=\"1172\">500g Papaya Schnitten ohne SO2<br data-start=\"1054\" data-end=\"1057\" \/>Nat\u00fcrlich getrocknete Papaya<br data-start=\"1085\" data-end=\"1088\" \/>Ohne Schwefeldioxid (SO2)<br data-start=\"1113\" data-end=\"1116\" \/>\u0412\u0435\u0433\u0430\u043d \u0438 \u0431\u0435\u0437 \u0433\u043b\u0443\u0442\u0435\u043d<br data-start=\"1136\" data-end=\"1139\" \/>Wiederverschlie\u00dfbare Verpackung<\/p>\n<hr data-start=\"1174\" data-end=\"1177\" \/>\n<h4 data-start=\"1179\" data-end=\"1206\"><span class=\"ez-toc-section\" id=\"Geschmack_Konsistenz\"><\/span>\u0412\u043a\u0443\u0441 \u0438 \u043a\u043e\u043d\u0441\u0438\u0441\u0442\u0435\u043d\u0446\u0438\u044f<span class=\"ez-toc-section-end\"><\/span><\/h4>\n<p data-start=\"1208\" data-end=\"1293\">Fruchtig-s\u00fc\u00dfes Papayaaroma<br data-start=\"1234\" data-end=\"1237\" \/>Weiche, leicht z\u00e4he Textur<br data-start=\"1263\" data-end=\"1266\" \/>Angenehme nat\u00fcrliche S\u00fc\u00dfe<\/p>\n<hr data-start=\"1295\" data-end=\"1298\" \/>\n<h4 data-start=\"1300\" data-end=\"1315\"><span class=\"ez-toc-section\" id=\"Verwendung\"><\/span>\u0443\u043f\u043e\u0442\u0440\u0435\u0431\u0430<span class=\"ez-toc-section-end\"><\/span><\/h4>\n<p data-start=\"1317\" data-end=\"1372\">The <strong data-start=\"1321\" data-end=\"1355\">500g Papaya Schnitten ohne SO2<\/strong> eignen sich f\u00fcr:<\/p>\n<p data-start=\"1374\" data-end=\"1498\">\u2022 Snack f\u00fcr unterwegs<br data-start=\"1395\" data-end=\"1398\" \/>\u2022 M\u00fcsli oder Porridge<br data-start=\"1419\" data-end=\"1422\" \/>\u2022 Desserts<br data-start=\"1432\" data-end=\"1435\" \/>\u2022 Backrezepte<br data-start=\"1448\" data-end=\"1451\" \/>\u2022 Kombination mit N\u00fcssen oder Trockenfr\u00fcchten<\/p>\n<hr data-start=\"1500\" data-end=\"1503\" \/>\n<h4 data-start=\"1505\" data-end=\"1531\"><span class=\"ez-toc-section\" id=\"Nahrwerte_pro_100_g\"><\/span>\u0425\u0440\u0430\u043d\u0438\u0442\u0435\u043b\u043d\u0438 \u0441\u0442\u043e\u0439\u043d\u043e\u0441\u0442\u0438 (\u043d\u0430 100 \u0433)<span class=\"ez-toc-section-end\"><\/span><\/h4>\n<p data-start=\"1533\" data-end=\"1672\">Energie: 370 kcal \/ 1549 kJ<br data-start=\"1560\" data-end=\"1563\" \/>\u041f\u0440\u043e\u0442\u0435\u0438\u043d: 0 \u0433<br data-start=\"1574\" data-end=\"1577\" \/>\u0412\u044a\u0433\u043b\u0435\u0445\u0438\u0434\u0440\u0430\u0442\u0438: 93 \u0433<br data-start=\"1596\" data-end=\"1599\" \/>davon Zucker: 42 g<br data-start=\"1617\" data-end=\"1620\" \/>\u041c\u0430\u0437\u043d\u0438\u043d\u0438: 0 \u0433<br data-start=\"1629\" data-end=\"1632\" \/>\u041d\u0430\u0441\u0438\u0442\u0435\u043d\u0438 \u043c\u0430\u0441\u0442\u043d\u0438 \u043a\u0438\u0441\u0435\u043b\u0438\u043d\u0438: 0 \u0433<br data-start=\"1658\" data-end=\"1661\" \/>\u0421\u043e\u043b: 0 \u0433<\/p>\n<hr data-start=\"1674\" data-end=\"1677\" \/>\n<h4 data-start=\"1679\" data-end=\"1698\"><span class=\"ez-toc-section\" id=\"Produktdetails\"><\/span>\u0414\u0435\u0442\u0430\u0439\u043b\u0438 \u0437\u0430 \u043f\u0440\u043e\u0434\u0443\u043a\u0442\u0430<span class=\"ez-toc-section-end\"><\/span><\/h4>\n<p data-start=\"1700\" data-end=\"1816\">Produktname: 500g Papaya Schnitten ohne SO2<br data-start=\"1743\" data-end=\"1746\" \/>\u0421\u044a\u0434\u044a\u0440\u0436\u0430\u043d\u0438\u0435: 500 \u0433<br data-start=\"1759\" data-end=\"1762\" \/>Verarbeitung: Getrocknet<br data-start=\"1786\" data-end=\"1789\" \/>Zutaten: Papaya, Fruktose<\/p>\n<p data-start=\"1818\" data-end=\"1876\">Kann Spuren von Erdn\u00fcssen, Baumn\u00fcssen und Sesam enthalten.<\/p>\n<hr data-start=\"1878\" data-end=\"1881\" \/>\n<h4 data-start=\"1883\" data-end=\"1896\"><span class=\"ez-toc-section\" id=\"Lagerung\"><\/span>\u0441\u044a\u0445\u0440\u0430\u043d\u0435\u043d\u0438\u0435<span class=\"ez-toc-section-end\"><\/span><\/h4>\n<p data-start=\"1898\" data-end=\"1972\" data-is-last-node=\"\" data-is-only-node=\"\">\u0421\u044a\u0445\u0440\u0430\u043d\u044f\u0432\u0430\u0439\u0442\u0435 \u043d\u0430 \u0445\u043b\u0430\u0434\u043d\u043e \u0438 \u0441\u0443\u0445\u043e \u043c\u044f\u0441\u0442\u043e, \u0434\u0430\u043b\u0435\u0447 \u043e\u0442 \u0441\u0432\u0435\u0442\u043b\u0438\u043d\u0430. \u0417\u0430\u0442\u0432\u043e\u0440\u0435\u0442\u0435 \u043f\u043b\u044a\u0442\u043d\u043e \u0441\u043b\u0435\u0434 \u043e\u0442\u0432\u0430\u0440\u044f\u043d\u0435.<\/p>\n<hr data-start=\"1878\" data-end=\"1881\" \/>\n<h4 data-start=\"413\" data-end=\"449\"><span class=\"ez-toc-section\" id=\"Weitere_Inspiration_entdecken\"><\/span>Weitere Inspiration entdecken<span class=\"ez-toc-section-end\"><\/span><\/h4>\n<p data-start=\"450\" data-end=\"582\">Du suchst weitere besondere Produkte? Entdecke zus\u00e4tzliche Highlights in unserem Sortiment oder st\u00f6bere in unseren Partnerprojekten:<\/p>\n<ul data-start=\"584\" data-end=\"920\">\n<li data-start=\"584\" data-end=\"656\"><a href=\"https:\/\/honigbee.com\/bg\/shop\/\">Weitere Naturprodukte bei Honigbee entdecken<\/a><\/li>\n<li data-start=\"657\" data-end=\"783\">\n<p data-start=\"659\" data-end=\"783\"><a href=\"https:\/\/matvana.com\/shop\/\" target=\"_blank\" rel=\"noopener\">Stilvolle Wohnideen bei Matvana ansehen<\/a><\/p>\n<\/li>\n<li data-start=\"784\" data-end=\"920\">\n<p data-start=\"786\" data-end=\"920\"><a href=\"https:\/\/saphirsmaragd.com\/shop\/\" target=\"_blank\" rel=\"noopener\">Edelsteine &amp; Schmuck bei Saphir &amp; Smaragd ansehen<\/a><\/p>\n<\/li>\n<\/ul>\n<hr data-start=\"1931\" data-end=\"1934\" \/>\n<p>Produktbilder dienen der Veranschaulichung. Verpackungsdesign kann abweichen.<\/p>","protected":false},"excerpt":{"rendered":"<p data-start=\"548\" data-end=\"656\"><em>500g Papaya Schnitten ohne SO2, nat\u00fcrlich getrocknet. Ideal als Snack, f\u00fcr M\u00fcsli, Desserts oder Backrezepte.<\/em><\/p>","protected":false},"featured_media":43424,"comment_status":"open","ping_status":"closed","template":"","meta":{"_glsr_average":0,"_glsr_ranking":0,"_glsr_reviews":0},"product_brand":[],"product_cat":[693],"product_tag":[],"class_list":{"0":"post-23694","1":"product","2":"type-product","3":"status-publish","4":"has-post-thumbnail","6":"product_cat-getrocknete-papaya","8":"first","9":"instock","10":"shipping-taxable","11":"purchasable","12":"product-type-simple","13":"add-to-wishlist-before_image"},"jetpack_sharing_enabled":true,"_links":{"self":[{"href":"https:\/\/honigbee.com\/bg\/wp-json\/wp\/v2\/product\/23694","targetHints":{"allow":["GET"]}}],"collection":[{"href":"https:\/\/honigbee.com\/bg\/wp-json\/wp\/v2\/product"}],"about":[{"href":"https:\/\/honigbee.com\/bg\/wp-json\/wp\/v2\/types\/product"}],"replies":[{"embeddable":true,"href":"https:\/\/honigbee.com\/bg\/wp-json\/wp\/v2\/comments?post=23694"}],"version-history":[{"count":3,"href":"https:\/\/honigbee.com\/bg\/wp-json\/wp\/v2\/product\/23694\/revisions"}],"predecessor-version":[{"id":43425,"href":"https:\/\/honigbee.com\/bg\/wp-json\/wp\/v2\/product\/23694\/revisions\/43425"}],"wp:featuredmedia":[{"embeddable":true,"href":"https:\/\/honigbee.com\/bg\/wp-json\/wp\/v2\/media\/43424"}],"wp:attachment":[{"href":"https:\/\/honigbee.com\/bg\/wp-json\/wp\/v2\/media?parent=23694"}],"wp:term":[{"taxonomy":"product_brand","embeddable":true,"href":"https:\/\/honigbee.com\/bg\/wp-json\/wp\/v2\/product_brand?post=23694"},{"taxonomy":"product_cat","embeddable":true,"href":"https:\/\/honigbee.com\/bg\/wp-json\/wp\/v2\/product_cat?post=23694"},{"taxonomy":"product_tag","embeddable":true,"href":"https:\/\/honigbee.com\/bg\/wp-json\/wp\/v2\/product_tag?post=23694"}],"curies":[{"name":"\u0440\u0430\u0431\u043e\u0442\u043d\u0430 \u0441\u0440\u0435\u0449\u0430","href":"https:\/\/api.w.org\/{rel}","templated":true}]}}