{"id":30333,"date":"2025-09-06T11:51:59","date_gmt":"2025-09-06T11:51:59","guid":{"rendered":"https:\/\/honigbee.com\/?post_type=product&#038;p=30333"},"modified":"2026-03-16T18:52:33","modified_gmt":"2026-03-16T18:52:33","slug":"honig-mit-matcha-fusion","status":"publish","type":"product","link":"https:\/\/honigbee.com\/bg\/produkt\/honig-mit-matcha-fusion\/","title":{"rendered":"\u041c\u0435\u0434 \u0441 Matcha Fusion \u2013 \u0417\u0435\u043b\u0435\u043d \u0435\u043d\u0435\u0440\u0433\u0438\u0435\u043d \u0442\u043b\u0430\u0441\u044a\u043a \u0441 \u043f\u044a\u0440\u0432\u043e\u043a\u043b\u0430\u0441\u0435\u043d \u0441\u0443\u0440\u043e\u0432 \u043c\u0435\u0434"},"content":{"rendered":"<div id=\"ez-toc-container\" class=\"ez-toc-v2_0_82_2 counter-flat ez-toc-counter ez-toc-grey ez-toc-container-direction\">\n<div class=\"ez-toc-title-container\">\n<p class=\"ez-toc-title\" style=\"cursor:inherit\">\u0421\u044a\u0434\u044a\u0440\u0436\u0430\u043d\u0438\u0435<\/p>\n<span class=\"ez-toc-title-toggle\"><a href=\"#\" class=\"ez-toc-pull-right ez-toc-btn ez-toc-btn-xs ez-toc-btn-default ez-toc-toggle\" aria-label=\"\u041f\u0440\u0435\u0432\u043a\u043b\u044e\u0447\u0432\u0430\u043d\u0435 \u043d\u0430 \u0441\u044a\u0434\u044a\u0440\u0436\u0430\u043d\u0438\u0435\u0442\u043e\"><span class=\"ez-toc-js-icon-con\"><span class=\"\"><span class=\"eztoc-hide\" style=\"display:none;\">\u041f\u0440\u0435\u0432\u043a\u043b\u044e\u0447\u0432\u0430\u043d\u0435<\/span><span class=\"ez-toc-icon-toggle-span\"><svg style=\"fill: #999;color:#999\" xmlns=\"http:\/\/www.w3.org\/2000\/svg\" class=\"list-377408\" width=\"20px\" height=\"20px\" viewbox=\"0 0 24 24\" fill=\"none\"><path d=\"M6 6H4v2h2V6zm14 0H8v2h12V6zM4 11h2v2H4v-2zm16 0H8v2h12v-2zM4 16h2v2H4v-2zm16 0H8v2h12v-2z\" fill=\"currentColor\"><\/path><\/svg><svg style=\"fill: #999;color:#999\" class=\"arrow-unsorted-368013\" xmlns=\"http:\/\/www.w3.org\/2000\/svg\" width=\"10px\" height=\"10px\" viewbox=\"0 0 24 24\" version=\"1.2\" baseprofile=\"tiny\"><path d=\"M18.2 9.3l-6.2-6.3-6.2 6.3c-.2.2-.3.4-.3.7s.1.5.3.7c.2.2.4.3.7.3h11c.3 0 .5-.1.7-.3.2-.2.3-.5.3-.7s-.1-.5-.3-.7zM5.8 14.7l6.2 6.3 6.2-6.3c.2-.2.3-.5.3-.7s-.1-.5-.3-.7c-.2-.2-.4-.3-.7-.3h-11c-.3 0-.5.1-.7.3-.2.2-.3.5-.3.7s.1.5.3.7z\"\/><\/svg><\/span><\/span><\/span><\/a><\/span><\/div>\n<nav><ul class='ez-toc-list ez-toc-list-level-1 eztoc-toggle-hide-by-default' ><li class='ez-toc-page-1'><a class=\"ez-toc-link ez-toc-heading-1\" href=\"https:\/\/honigbee.com\/bg\/produkt\/honig-mit-matcha-fusion\/#Honig_mit_Matcha_Fusion_%E2%80%93_naturlich_vitalisierend_und_einzigartig\" >Honig mit Matcha Fusion \u2013 nat\u00fcrlich, vitalisierend und einzigartig<\/a><\/li><li class='ez-toc-page-1'><a class=\"ez-toc-link ez-toc-heading-2\" href=\"https:\/\/honigbee.com\/bg\/produkt\/honig-mit-matcha-fusion\/#Merkmale_Herkunft\" >\u0425\u0430\u0440\u0430\u043a\u0442\u0435\u0440\u0438\u0441\u0442\u0438\u043a\u0438 \u0438 \u043f\u0440\u043e\u0438\u0437\u0445\u043e\u0434<\/a><\/li><li class='ez-toc-page-1'><a class=\"ez-toc-link ez-toc-heading-3\" href=\"https:\/\/honigbee.com\/bg\/produkt\/honig-mit-matcha-fusion\/#Besonderheiten\" >\u0421\u043f\u0435\u0446\u0438\u0430\u043b\u043d\u0438 \u0445\u0430\u0440\u0430\u043a\u0442\u0435\u0440\u0438\u0441\u0442\u0438\u043a\u0438<\/a><\/li><li class='ez-toc-page-1'><a class=\"ez-toc-link ez-toc-heading-4\" href=\"https:\/\/honigbee.com\/bg\/produkt\/honig-mit-matcha-fusion\/#Weitere_Inspiration_entdecken\" >Weitere Inspiration entdecken<\/a><\/li><\/ul><\/nav><\/div>\n<h4 data-start=\"819\" data-end=\"892\"><span class=\"ez-toc-section\" id=\"Honig_mit_Matcha_Fusion_%E2%80%93_naturlich_vitalisierend_und_einzigartig\"><\/span>Honig mit Matcha Fusion \u2013 nat\u00fcrlich, vitalisierend und einzigartig<span class=\"ez-toc-section-end\"><\/span><\/h4>\n<p data-start=\"893\" data-end=\"1182\">Unser Honig vereint den kr\u00e4ftigen Geschmack von hochwertigem Rohhonig mit der sanften, leicht herben Note von japanischem Matcha. Dieses au\u00dfergew\u00f6hnliche Produkt liefert dir Energie, unterst\u00fctzt die Konzentration und st\u00e4rkt dein Immunsystem \u2013 auf ganz nat\u00fcrliche Weise.<\/p>\n<hr data-start=\"1184\" data-end=\"1187\" \/>\n<h4 data-start=\"1189\" data-end=\"1218\"><span class=\"ez-toc-section\" id=\"Merkmale_Herkunft\"><\/span>\u0425\u0430\u0440\u0430\u043a\u0442\u0435\u0440\u0438\u0441\u0442\u0438\u043a\u0438 \u0438 \u043f\u0440\u043e\u0438\u0437\u0445\u043e\u0434<span class=\"ez-toc-section-end\"><\/span><\/h4>\n<ul data-start=\"1219\" data-end=\"1510\">\n<li data-start=\"1219\" data-end=\"1255\">\n<p data-start=\"1221\" data-end=\"1255\">Produkt: Honig mit Matcha Fusion<\/p>\n<\/li>\n<li data-start=\"1256\" data-end=\"1330\">\n<p data-start=\"1258\" data-end=\"1330\">Herkunft: International (Matcha aus Japan, Honig aus Premium-Qualit\u00e4t)<\/p>\n<\/li>\n<li data-start=\"1331\" data-end=\"1374\">\n<p data-start=\"1333\" data-end=\"1374\">Besonderheit: Fusion aus Honig &amp; Matcha<\/p>\n<\/li>\n<li data-start=\"1375\" data-end=\"1423\">\n<p data-start=\"1377\" data-end=\"1423\">Geschmack: S\u00fc\u00df, leicht herb, gr\u00fcnlich frisch<\/p>\n<\/li>\n<li data-start=\"1424\" data-end=\"1493\">\n<p data-start=\"1426\" data-end=\"1493\">Verpackungsgr\u00f6\u00dfe: Variabel (400g &amp; 1kg)<\/p>\n<\/li>\n<\/ul>\n<hr data-start=\"1512\" data-end=\"1515\" \/>\n<h4 data-start=\"1517\" data-end=\"1541\"><span class=\"ez-toc-section\" id=\"Besonderheiten\"><\/span>\u0421\u043f\u0435\u0446\u0438\u0430\u043b\u043d\u0438 \u0445\u0430\u0440\u0430\u043a\u0442\u0435\u0440\u0438\u0441\u0442\u0438\u043a\u0438<span class=\"ez-toc-section-end\"><\/span><\/h4>\n<p data-start=\"1542\" data-end=\"1853\">The <strong data-start=\"1546\" data-end=\"1573\">\u041c\u0435\u0434 \u0441 \u043c\u0430\u0447\u0430 \u0444\u044e\u0436\u044a\u043d<\/strong> ist reich an Antioxidantien und bietet eine einzigartige Kombination aus Genuss und Funktionalit\u00e4t. W\u00e4hrend der Honig als nat\u00fcrliche Energiequelle dient, liefert Matcha wertvolle Pflanzenstoffe f\u00fcr Fokus und Wohlbefinden. Ein perfektes Produkt f\u00fcr gesundheitsbewusste Genie\u00dfer.<\/p>\n<hr data-start=\"1683\" data-end=\"1686\" \/>\n<h4 data-start=\"413\" data-end=\"449\"><span class=\"ez-toc-section\" id=\"Weitere_Inspiration_entdecken\"><\/span>Weitere Inspiration entdecken<span class=\"ez-toc-section-end\"><\/span><\/h4>\n<p data-start=\"450\" data-end=\"582\">Du suchst weitere besondere Produkte? Entdecke zus\u00e4tzliche Highlights in unserem Sortiment oder st\u00f6bere in unseren Partnerprojekten:<\/p>\n<ul data-start=\"584\" data-end=\"920\">\n<li data-start=\"584\" data-end=\"656\"><a href=\"https:\/\/honigbee.com\/bg\/shop\/\">Weitere Naturprodukte bei Honigbee entdecken<\/a><\/li>\n<li data-start=\"657\" data-end=\"783\">\n<p data-start=\"659\" data-end=\"783\"><a href=\"https:\/\/matvana.com\/shop\/\" target=\"_blank\" rel=\"noopener\">Stilvolle Wohnideen bei Matvana ansehen<\/a><\/p>\n<\/li>\n<li data-start=\"784\" data-end=\"920\">\n<p data-start=\"786\" data-end=\"920\"><a href=\"https:\/\/saphirsmaragd.com\/shop\/\" target=\"_blank\" rel=\"noopener\">Edelsteine &amp; Schmuck bei Saphir &amp; Smaragd ansehen<\/a><\/p>\n<\/li>\n<\/ul>\n<hr data-start=\"1931\" data-end=\"1934\" \/>\n<p>Produktbilder dienen der Veranschaulichung. Verpackungsdesign kann abweichen.<\/p>","protected":false},"excerpt":{"rendered":"<p data-start=\"435\" data-end=\"709\"><em>Erlebe die perfekte Harmonie von Geschmack und Wohlbefinden mit unserem <strong data-start=\"544\" data-end=\"571\">\u041c\u0435\u0434 \u0441 \u043c\u0430\u0447\u0430 \u0444\u044e\u0436\u044a\u043d<\/strong>. Der gr\u00fcn schimmernde Rohhonig ist reich an Antioxidantien und bietet nachhaltige Energie \u2013 ideal f\u00fcr Fokus, Immunsystem und Vitalit\u00e4t. Jetzt in 400g oder 1kg erh\u00e4ltlich.<br \/>\n<\/em><\/p>\n<p data-start=\"711\" data-end=\"785\">","protected":false},"featured_media":43828,"comment_status":"open","ping_status":"closed","template":"","meta":{"_glsr_average":0,"_glsr_ranking":0,"_glsr_reviews":0},"product_brand":[],"product_cat":[1412],"product_tag":[],"class_list":{"0":"post-30333","1":"product","2":"type-product","3":"status-publish","4":"has-post-thumbnail","6":"product_cat-honig-mit-matcha-fusion","8":"first","9":"instock","10":"shipping-taxable","11":"purchasable","12":"product-type-variable","13":"add-to-wishlist-before_image"},"jetpack_sharing_enabled":true,"_links":{"self":[{"href":"https:\/\/honigbee.com\/bg\/wp-json\/wp\/v2\/product\/30333","targetHints":{"allow":["GET"]}}],"collection":[{"href":"https:\/\/honigbee.com\/bg\/wp-json\/wp\/v2\/product"}],"about":[{"href":"https:\/\/honigbee.com\/bg\/wp-json\/wp\/v2\/types\/product"}],"replies":[{"embeddable":true,"href":"https:\/\/honigbee.com\/bg\/wp-json\/wp\/v2\/comments?post=30333"}],"version-history":[{"count":4,"href":"https:\/\/honigbee.com\/bg\/wp-json\/wp\/v2\/product\/30333\/revisions"}],"predecessor-version":[{"id":43554,"href":"https:\/\/honigbee.com\/bg\/wp-json\/wp\/v2\/product\/30333\/revisions\/43554"}],"wp:featuredmedia":[{"embeddable":true,"href":"https:\/\/honigbee.com\/bg\/wp-json\/wp\/v2\/media\/43828"}],"wp:attachment":[{"href":"https:\/\/honigbee.com\/bg\/wp-json\/wp\/v2\/media?parent=30333"}],"wp:term":[{"taxonomy":"product_brand","embeddable":true,"href":"https:\/\/honigbee.com\/bg\/wp-json\/wp\/v2\/product_brand?post=30333"},{"taxonomy":"product_cat","embeddable":true,"href":"https:\/\/honigbee.com\/bg\/wp-json\/wp\/v2\/product_cat?post=30333"},{"taxonomy":"product_tag","embeddable":true,"href":"https:\/\/honigbee.com\/bg\/wp-json\/wp\/v2\/product_tag?post=30333"}],"curies":[{"name":"\u0440\u0430\u0431\u043e\u0442\u043d\u0430 \u0441\u0440\u0435\u0449\u0430","href":"https:\/\/api.w.org\/{rel}","templated":true}]}}