{"id":30369,"date":"2025-09-07T09:57:01","date_gmt":"2025-09-07T09:57:01","guid":{"rendered":"https:\/\/honigbee.com\/?post_type=product&#038;p=30369"},"modified":"2026-03-16T19:39:39","modified_gmt":"2026-03-16T19:39:39","slug":"natuerlicher-aphrodisiakum-honig-250g","status":"publish","type":"product","link":"https:\/\/honigbee.com\/bg\/produkt\/natuerlicher-aphrodisiakum-honig-250g\/","title":{"rendered":"250 \u0433 \u043d\u0430\u0442\u0443\u0440\u0430\u043b\u0435\u043d \u043c\u0435\u0434-\u0430\u0444\u0440\u043e\u0434\u0438\u0437\u0438\u0430\u043a \u2013 \u0435\u043d\u0435\u0440\u0433\u0438\u0439\u043d\u0430 \u0441\u043c\u0435\u0441 \u0441 \u043c\u0430\u043a\u0430, \u0434\u0436\u0438\u043d\u0434\u0436\u0438\u0444\u0438\u043b \u0438 \u043f\u0447\u0435\u043b\u043d\u043e \u043c\u043b\u0435\u0447\u0438\u0446\u0435"},"content":{"rendered":"<div id=\"ez-toc-container\" class=\"ez-toc-v2_0_83 counter-hierarchy ez-toc-counter ez-toc-grey ez-toc-container-direction\">\n<div class=\"ez-toc-title-container\">\n<p class=\"ez-toc-title\" style=\"cursor:inherit\">\u0421\u044a\u0434\u044a\u0440\u0436\u0430\u043d\u0438\u0435<\/p>\n<span class=\"ez-toc-title-toggle\"><a href=\"#\" class=\"ez-toc-pull-right ez-toc-btn ez-toc-btn-xs ez-toc-btn-default ez-toc-toggle\" aria-label=\"\u041f\u0440\u0435\u0432\u043a\u043b\u044e\u0447\u0432\u0430\u043d\u0435 \u043d\u0430 \u0441\u044a\u0434\u044a\u0440\u0436\u0430\u043d\u0438\u0435\u0442\u043e\"><span class=\"ez-toc-js-icon-con\"><span class=\"\"><span class=\"eztoc-hide\" style=\"display:none;\">\u041f\u0440\u0435\u0432\u043a\u043b\u044e\u0447\u0432\u0430\u043d\u0435<\/span><span class=\"ez-toc-icon-toggle-span\"><svg style=\"fill: #999;color:#999\" xmlns=\"http:\/\/www.w3.org\/2000\/svg\" class=\"list-377408\" width=\"20px\" height=\"20px\" viewbox=\"0 0 24 24\" fill=\"none\"><path d=\"M6 6H4v2h2V6zm14 0H8v2h12V6zM4 11h2v2H4v-2zm16 0H8v2h12v-2zM4 16h2v2H4v-2zm16 0H8v2h12v-2z\" fill=\"currentColor\"><\/path><\/svg><svg style=\"fill: #999;color:#999\" class=\"arrow-unsorted-368013\" xmlns=\"http:\/\/www.w3.org\/2000\/svg\" width=\"10px\" height=\"10px\" viewbox=\"0 0 24 24\" version=\"1.2\" baseprofile=\"tiny\"><path d=\"M18.2 9.3l-6.2-6.3-6.2 6.3c-.2.2-.3.4-.3.7s.1.5.3.7c.2.2.4.3.7.3h11c.3 0 .5-.1.7-.3.2-.2.3-.5.3-.7s-.1-.5-.3-.7zM5.8 14.7l6.2 6.3 6.2-6.3c.2-.2.3-.5.3-.7s-.1-.5-.3-.7c-.2-.2-.4-.3-.7-.3h-11c-.3 0-.5.1-.7.3-.2.2-.3.5-.3.7s.1.5.3.7z\"\/><\/svg><\/span><\/span><\/span><\/a><\/span><\/div>\n<nav><ul class='ez-toc-list ez-toc-list-level-1' ><li class='ez-toc-page-1 ez-toc-heading-level-4'><a class=\"ez-toc-link ez-toc-heading-1\" href=\"https:\/\/honigbee.com\/bg\/produkt\/natuerlicher-aphrodisiakum-honig-250g\/#250_g_Naturlicher_Aphrodisiakum_Honig_%E2%80%93_Kraft_aus_der_Natur\" >250 g Nat\u00fcrlicher Aphrodisiakum Honig \u2013 Kraft aus der Natur<\/a><\/li><li class='ez-toc-page-1 ez-toc-heading-level-4'><a class=\"ez-toc-link ez-toc-heading-2\" href=\"https:\/\/honigbee.com\/bg\/produkt\/natuerlicher-aphrodisiakum-honig-250g\/#Merkmale_Herkunft\" >\u0425\u0430\u0440\u0430\u043a\u0442\u0435\u0440\u0438\u0441\u0442\u0438\u043a\u0438 \u0438 \u043f\u0440\u043e\u0438\u0437\u0445\u043e\u0434<\/a><\/li><li class='ez-toc-page-1 ez-toc-heading-level-4'><a class=\"ez-toc-link ez-toc-heading-3\" href=\"https:\/\/honigbee.com\/bg\/produkt\/natuerlicher-aphrodisiakum-honig-250g\/#Besonderheiten\" >\u0421\u043f\u0435\u0446\u0438\u0430\u043b\u043d\u0438 \u0445\u0430\u0440\u0430\u043a\u0442\u0435\u0440\u0438\u0441\u0442\u0438\u043a\u0438<\/a><\/li><li class='ez-toc-page-1 ez-toc-heading-level-4'><a class=\"ez-toc-link ez-toc-heading-4\" href=\"https:\/\/honigbee.com\/bg\/produkt\/natuerlicher-aphrodisiakum-honig-250g\/#Mehr_uber_Sidr_Jemen-Honig\" >\u041f\u043e\u0432\u0435\u0447\u0435 \u0437\u0430 Sidr &amp; Yemen Honey<\/a><\/li><li class='ez-toc-page-1 ez-toc-heading-level-4'><a class=\"ez-toc-link ez-toc-heading-5\" href=\"https:\/\/honigbee.com\/bg\/produkt\/natuerlicher-aphrodisiakum-honig-250g\/#Weitere_Infos\" >\u0414\u043e\u043f\u044a\u043b\u043d\u0438\u0442\u0435\u043b\u043d\u0430 \u0438\u043d\u0444\u043e\u0440\u043c\u0430\u0446\u0438\u044f<\/a><\/li><\/ul><\/nav><\/div>\n<h4 data-start=\"929\" data-end=\"995\"><span class=\"ez-toc-section\" id=\"250_g_Naturlicher_Aphrodisiakum_Honig_%E2%80%93_Kraft_aus_der_Natur\"><\/span>250 g Nat\u00fcrlicher Aphrodisiakum Honig \u2013 Kraft aus der Natur<span class=\"ez-toc-section-end\"><\/span><\/h4>\n<p data-start=\"996\" data-end=\"1281\">Dieser Honig ist mehr als ein s\u00fc\u00dfer Genuss. Er kombiniert hochwertigen Honig mit nat\u00fcrlichen Zutaten wie Maca, Ingwer und Gel\u00e9e Royale. Die Mischung ist bekannt f\u00fcr ihre energetisierende Wirkung und wird seit jeher als Naturmittel zur Steigerung von Vitalit\u00e4t und Ausdauer verwendet.<\/p>\n<hr data-start=\"1283\" data-end=\"1286\" \/>\n<h4 data-start=\"1288\" data-end=\"1314\"><span class=\"ez-toc-section\" id=\"Merkmale_Herkunft\"><\/span>\u0425\u0430\u0440\u0430\u043a\u0442\u0435\u0440\u0438\u0441\u0442\u0438\u043a\u0438 \u0438 \u043f\u0440\u043e\u0438\u0437\u0445\u043e\u0434<span class=\"ez-toc-section-end\"><\/span><\/h4>\n<ul data-start=\"1315\" data-end=\"1612\">\n<li data-start=\"1315\" data-end=\"1359\">\n<p data-start=\"1317\" data-end=\"1359\">Produkt: Nat\u00fcrlicher Aphrodisiakum Honig<\/p>\n<\/li>\n<li data-start=\"1360\" data-end=\"1423\">\n<p data-start=\"1362\" data-end=\"1423\">Herkunft: Mischung aus internationalem Honig und Superfoods<\/p>\n<\/li>\n<li data-start=\"1424\" data-end=\"1470\">\n<p data-start=\"1426\" data-end=\"1470\">Zutaten: Honig, Maca, Ingwer, Gel\u00e9e Royale<\/p>\n<\/li>\n<li data-start=\"1471\" data-end=\"1528\">\n<p data-start=\"1473\" data-end=\"1528\">Besonderheit: Vitalisierend, nat\u00fcrliche Energiequelle<\/p>\n<\/li>\n<li data-start=\"1529\" data-end=\"1567\">\n<p data-start=\"1531\" data-end=\"1567\">Geschmack: S\u00fc\u00df, w\u00fcrzig, aromatisch<\/p>\n<\/li>\n<li data-start=\"1568\" data-end=\"1595\">\n<p data-start=\"1570\" data-end=\"1595\">\u0420\u0430\u0437\u043c\u0435\u0440 \u043d\u0430 \u043e\u043f\u0430\u043a\u043e\u0432\u043a\u0430\u0442\u0430: 250 \u0433<\/p>\n<\/li>\n<\/ul>\n<hr data-start=\"1614\" data-end=\"1617\" \/>\n<h4 data-start=\"1619\" data-end=\"1640\"><span class=\"ez-toc-section\" id=\"Besonderheiten\"><\/span>\u0421\u043f\u0435\u0446\u0438\u0430\u043b\u043d\u0438 \u0445\u0430\u0440\u0430\u043a\u0442\u0435\u0440\u0438\u0441\u0442\u0438\u043a\u0438<span class=\"ez-toc-section-end\"><\/span><\/h4>\n<p data-start=\"1641\" data-end=\"1886\">The <strong data-start=\"1645\" data-end=\"1686\">250 g Nat\u00fcrlicher Aphrodisiakum Honig<\/strong> ist eine einzigartige Kombination f\u00fcr mehr Energie, Vitalit\u00e4t und Genuss. Er eignet sich sowohl pur als auch im Tee oder auf Brot und ist besonders beliebt als nat\u00fcrlicher Energiespender f\u00fcr Paare.<\/p>\n<hr data-start=\"1888\" data-end=\"1891\" \/>\n<h4 data-start=\"1893\" data-end=\"1928\"><span class=\"ez-toc-section\" id=\"Mehr_uber_Sidr_Jemen-Honig\"><\/span>\u041f\u043e\u0432\u0435\u0447\u0435 \u0437\u0430 Sidr &amp; Yemen Honey<span class=\"ez-toc-section-end\"><\/span><\/h4>\n<p data-start=\"1929\" data-end=\"2033\"><a class=\"decorated-link\" href=\"https:\/\/honigbee.com\/bg\/product-category\/honig\/sidr-honig-aus-jemen\/\" target=\"_new\" rel=\"noopener\" data-start=\"1929\" data-end=\"2031\">\u041c\u0435\u0434 \u0421\u0438\u0434\u0440 \u043e\u0442 \u0419\u0435\u043c\u0435\u043d \u0432 \u0425\u043e\u043d\u0438\u0433\u0431\u0438<\/a><\/p>\n<hr data-start=\"2035\" data-end=\"2038\" \/>\n<h4 data-start=\"2040\" data-end=\"2060\"><span class=\"ez-toc-section\" id=\"Weitere_Infos\"><\/span>\u0414\u043e\u043f\u044a\u043b\u043d\u0438\u0442\u0435\u043b\u043d\u0430 \u0438\u043d\u0444\u043e\u0440\u043c\u0430\u0446\u0438\u044f<span class=\"ez-toc-section-end\"><\/span><\/h4>\n<p data-start=\"2061\" data-end=\"2132\"><a class=\"decorated-link cursor-pointer\" href=\"https:\/\/de.wikipedia.org\/wiki\/Gelee_royale\" target=\"_new\" rel=\"noopener\" data-start=\"2061\" data-end=\"2130\">Wikipedia: Gel\u00e9e Royale<\/a><\/p>","protected":false},"excerpt":{"rendered":"<p data-start=\"539\" data-end=\"792\"><em>Der 250 g Nat\u00fcrlicher Aphrodisiakum Honig vereint reinen Honig mit Maca, Ingwer und Gel\u00e9e Royale. Eine nat\u00fcrliche Energiemischung, die seit Jahrhunderten f\u00fcr Vitalit\u00e4t, Ausdauer und Wohlbefinden gesch\u00e4tzt wird.<\/em><\/p>\n<p data-start=\"794\" data-end=\"898\">","protected":false},"featured_media":43834,"comment_status":"open","ping_status":"closed","template":"","meta":{"_glsr_average":0,"_glsr_ranking":0,"_glsr_reviews":0},"product_brand":[],"product_cat":[1414],"product_tag":[],"class_list":{"0":"post-30369","1":"product","2":"type-product","3":"status-publish","4":"has-post-thumbnail","6":"product_cat-aphrodisiakum-honig","8":"first","9":"instock","10":"shipping-taxable","11":"purchasable","12":"product-type-simple","13":"add-to-wishlist-before_image"},"jetpack_sharing_enabled":true,"_links":{"self":[{"href":"https:\/\/honigbee.com\/bg\/wp-json\/wp\/v2\/product\/30369","targetHints":{"allow":["GET"]}}],"collection":[{"href":"https:\/\/honigbee.com\/bg\/wp-json\/wp\/v2\/product"}],"about":[{"href":"https:\/\/honigbee.com\/bg\/wp-json\/wp\/v2\/types\/product"}],"replies":[{"embeddable":true,"href":"https:\/\/honigbee.com\/bg\/wp-json\/wp\/v2\/comments?post=30369"}],"version-history":[{"count":2,"href":"https:\/\/honigbee.com\/bg\/wp-json\/wp\/v2\/product\/30369\/revisions"}],"predecessor-version":[{"id":43857,"href":"https:\/\/honigbee.com\/bg\/wp-json\/wp\/v2\/product\/30369\/revisions\/43857"}],"wp:featuredmedia":[{"embeddable":true,"href":"https:\/\/honigbee.com\/bg\/wp-json\/wp\/v2\/media\/43834"}],"wp:attachment":[{"href":"https:\/\/honigbee.com\/bg\/wp-json\/wp\/v2\/media?parent=30369"}],"wp:term":[{"taxonomy":"product_brand","embeddable":true,"href":"https:\/\/honigbee.com\/bg\/wp-json\/wp\/v2\/product_brand?post=30369"},{"taxonomy":"product_cat","embeddable":true,"href":"https:\/\/honigbee.com\/bg\/wp-json\/wp\/v2\/product_cat?post=30369"},{"taxonomy":"product_tag","embeddable":true,"href":"https:\/\/honigbee.com\/bg\/wp-json\/wp\/v2\/product_tag?post=30369"}],"curies":[{"name":"\u0440\u0430\u0431\u043e\u0442\u043d\u0430 \u0441\u0440\u0435\u0449\u0430","href":"https:\/\/api.w.org\/{rel}","templated":true}]}}