{"id":16080,"date":"2025-02-05T14:15:42","date_gmt":"2025-02-05T14:15:42","guid":{"rendered":"https:\/\/honigbee.com\/?post_type=product&#038;p=16080"},"modified":"2026-03-13T20:23:46","modified_gmt":"2026-03-13T20:23:46","slug":"emirati-sidr-honig-400g-1kg","status":"publish","type":"product","link":"https:\/\/honigbee.com\/cs\/produkt\/emirati-sidr-honig-400g-1kg\/","title":{"rendered":"Emirati Sidr Honig 400g &#038; 1kg \u2013 100% Roh &#038; Naturbelassen \u2013 Aus Ras Al Khaimah"},"content":{"rendered":"<div id=\"ez-toc-container\" class=\"ez-toc-v2_0_83 counter-hierarchy ez-toc-counter ez-toc-grey ez-toc-container-direction\">\n<div class=\"ez-toc-title-container\">\n<p class=\"ez-toc-title\" style=\"cursor:inherit\">Obsah<\/p>\n<span class=\"ez-toc-title-toggle\"><a href=\"#\" class=\"ez-toc-pull-right ez-toc-btn ez-toc-btn-xs ez-toc-btn-default ez-toc-toggle\" aria-label=\"P\u0159epnout obsah\"><span class=\"ez-toc-js-icon-con\"><span class=\"\"><span class=\"eztoc-hide\" style=\"display:none;\">P\u0159epnout<\/span><span class=\"ez-toc-icon-toggle-span\"><svg style=\"fill: #999;color:#999\" xmlns=\"http:\/\/www.w3.org\/2000\/svg\" class=\"list-377408\" width=\"20px\" height=\"20px\" viewbox=\"0 0 24 24\" fill=\"none\"><path d=\"M6 6H4v2h2V6zm14 0H8v2h12V6zM4 11h2v2H4v-2zm16 0H8v2h12v-2zM4 16h2v2H4v-2zm16 0H8v2h12v-2z\" fill=\"currentColor\"><\/path><\/svg><svg style=\"fill: #999;color:#999\" class=\"arrow-unsorted-368013\" xmlns=\"http:\/\/www.w3.org\/2000\/svg\" width=\"10px\" height=\"10px\" viewbox=\"0 0 24 24\" version=\"1.2\" baseprofile=\"tiny\"><path d=\"M18.2 9.3l-6.2-6.3-6.2 6.3c-.2.2-.3.4-.3.7s.1.5.3.7c.2.2.4.3.7.3h11c.3 0 .5-.1.7-.3.2-.2.3-.5.3-.7s-.1-.5-.3-.7zM5.8 14.7l6.2 6.3 6.2-6.3c.2-.2.3-.5.3-.7s-.1-.5-.3-.7c-.2-.2-.4-.3-.7-.3h-11c-.3 0-.5.1-.7.3-.2.2-.3.5-.3.7s.1.5.3.7z\"\/><\/svg><\/span><\/span><\/span><\/a><\/span><\/div>\n<nav><ul class='ez-toc-list ez-toc-list-level-1' ><li class='ez-toc-page-1 ez-toc-heading-level-4'><a class=\"ez-toc-link ez-toc-heading-1\" href=\"https:\/\/honigbee.com\/cs\/produkt\/emirati-sidr-honig-400g-1kg\/#Emirati_Sidr_Honig_%E2%80%93_Reiner_Wustenhonig_aus_Ras_Al_Khaimah\" >Emirati Sidr Honig \u2013 Reiner W\u00fcstenhonig aus Ras Al Khaimah<\/a><\/li><li class='ez-toc-page-1 ez-toc-heading-level-4'><a class=\"ez-toc-link ez-toc-heading-2\" href=\"https:\/\/honigbee.com\/cs\/produkt\/emirati-sidr-honig-400g-1kg\/#Merkmale_Herkunft\" >Charakteristika a p\u016fvod<\/a><\/li><li class='ez-toc-page-1 ez-toc-heading-level-4'><a class=\"ez-toc-link ez-toc-heading-3\" href=\"https:\/\/honigbee.com\/cs\/produkt\/emirati-sidr-honig-400g-1kg\/#Besonderheiten\" >Speci\u00e1ln\u00ed funkce<\/a><\/li><li class='ez-toc-page-1 ez-toc-heading-level-4'><a class=\"ez-toc-link ez-toc-heading-4\" href=\"https:\/\/honigbee.com\/cs\/produkt\/emirati-sidr-honig-400g-1kg\/#Verwendungsmoglichkeiten\" >Mo\u017en\u00e9 vyu\u017eit\u00ed<\/a><\/li><li class='ez-toc-page-1 ez-toc-heading-level-4'><a class=\"ez-toc-link ez-toc-heading-5\" href=\"https:\/\/honigbee.com\/cs\/produkt\/emirati-sidr-honig-400g-1kg\/#Weitere_Inspiration_entdecken\" >Weitere Inspiration entdecken<\/a><\/li><\/ul><\/nav><\/div>\n<h4 data-start=\"289\" data-end=\"360\"><span class=\"ez-toc-section\" id=\"Emirati_Sidr_Honig_%E2%80%93_Reiner_Wustenhonig_aus_Ras_Al_Khaimah\"><\/span>Emirati Sidr Honig \u2013 Reiner W\u00fcstenhonig aus Ras Al Khaimah<span class=\"ez-toc-section-end\"><\/span><\/h4>\n<p data-start=\"362\" data-end=\"723\">Tento vz\u00e1cn\u00fd surov\u00fd med poch\u00e1z\u00ed ze such\u00fdch, na kv\u011btiny bohat\u00fdch pou\u0161tn\u00edch oblast\u00ed Ras Al Khaimah (Spojen\u00e9 arabsk\u00e9 emir\u00e1ty), kde roste strom Sidr (<em data-start=\"510\" data-end=\"534\">Ziziphus spina-christi<\/em>) se da\u0159\u00ed v extr\u00e9mn\u00edch podm\u00ednk\u00e1ch. V\u010dely tam sb\u00edraj\u00ed vz\u00e1cn\u00fd nektar, kter\u00fd se zpracov\u00e1v\u00e1 na m\u00edrn\u011b sladk\u00fd kv\u011btinov\u00fd med \u2013 syrov\u00fd, nefiltrovan\u00fd a zcela p\u0159\u00edrodn\u00ed.<\/p>\n<hr data-start=\"725\" data-end=\"728\" \/>\n<h4 data-start=\"730\" data-end=\"754\"><span class=\"ez-toc-section\" id=\"Merkmale_Herkunft\"><\/span>Charakteristika a p\u016fvod<span class=\"ez-toc-section-end\"><\/span><\/h4>\n<p data-start=\"756\" data-end=\"1114\"><strong data-start=\"756\" data-end=\"772\">N\u00e1zev produktu:<\/strong> Emirati Sidr Honig<br data-start=\"799\" data-end=\"802\" \/><strong data-start=\"802\" data-end=\"813\">Obsah:<\/strong> 400g &amp; 1kg<br data-start=\"819\" data-end=\"822\" \/><strong data-start=\"822\" data-end=\"835\">P\u016fvod:<\/strong> R\u00e1s al-Chajma, Spojen\u00e9 arabsk\u00e9 emir\u00e1ty<br data-start=\"880\" data-end=\"883\" \/><strong data-start=\"883\" data-end=\"895\">Rostlina:<\/strong> Strom Sidr (<em data-start=\"907\" data-end=\"931\">Ziziphus spina-christi<\/em>)<br data-start=\"932\" data-end=\"935\" \/><strong data-start=\"935\" data-end=\"945\">Barva:<\/strong> Sv\u011btle zlat\u00e1<br data-start=\"956\" data-end=\"959\" \/><strong data-start=\"959\" data-end=\"973\">Chu\u0165:<\/strong> Jemn\u00e1, kv\u011btinov\u00e1, delik\u00e1tn\u011b sladk\u00e1<br data-start=\"996\" data-end=\"999\" \/><strong data-start=\"999\" data-end=\"1014\">Konzistence:<\/strong> Hust\u00e1 a\u017e kr\u00e9mov\u00e1<br data-start=\"1037\" data-end=\"1040\" \/><strong data-start=\"1040\" data-end=\"1057\">Zpracov\u00e1n\u00ed:<\/strong> Syrov\u00e9, tepeln\u011b neupraven\u00e9, nefiltrovan\u00e9<br data-start=\"1093\" data-end=\"1096\" \/><strong data-start=\"1096\" data-end=\"1108\">Stav:<\/strong> Nov\u00fd<\/p>\n<hr data-start=\"1116\" data-end=\"1119\" \/>\n<h4 data-start=\"1121\" data-end=\"1140\"><span class=\"ez-toc-section\" id=\"Besonderheiten\"><\/span>Speci\u00e1ln\u00ed funkce<span class=\"ez-toc-section-end\"><\/span><\/h4>\n<ul data-start=\"1142\" data-end=\"1416\">\n<li data-start=\"1142\" data-end=\"1212\">\n<p data-start=\"1144\" data-end=\"1212\">100 % syrov\u00e9 a p\u0159\u00edrodn\u00ed \u2013 bez pasterizace a p\u0159\u00edsad<\/p>\n<\/li>\n<li data-start=\"1213\" data-end=\"1264\">\n<p data-start=\"1215\" data-end=\"1264\">Z jedn\u00e9 z nejnedot\u010den\u011bj\u0161\u00edch oblast\u00ed SAE<\/p>\n<\/li>\n<li data-start=\"1265\" data-end=\"1314\">\n<p data-start=\"1267\" data-end=\"1314\">Bohat\u00fd na antioxidanty a p\u0159\u00edrodn\u00ed enzymy<\/p>\n<\/li>\n<li data-start=\"1315\" data-end=\"1372\">\n<p data-start=\"1317\" data-end=\"1372\">Udr\u017eiteln\u011b sklizeno tradi\u010dn\u00edmi v\u010dela\u0159sk\u00fdmi rodinami<\/p>\n<\/li>\n<li data-start=\"1373\" data-end=\"1416\">\n<p data-start=\"1375\" data-end=\"1416\">Ide\u00e1ln\u00ed pro v\u00fd\u017eivu, energii a p\u00e9\u010di o ple\u0165<\/p>\n<\/li>\n<\/ul>\n<hr data-start=\"1654\" data-end=\"1657\" \/>\n<h4 data-start=\"1659\" data-end=\"1688\"><span class=\"ez-toc-section\" id=\"Verwendungsmoglichkeiten\"><\/span>Mo\u017en\u00e9 vyu\u017eit\u00ed<span class=\"ez-toc-section-end\"><\/span><\/h4>\n<ul data-start=\"1690\" data-end=\"1901\">\n<li data-start=\"1690\" data-end=\"1742\">\n<p data-start=\"1692\" data-end=\"1742\">\u010cist\u00e9 r\u00e1no \u2013 jedna \u010dajov\u00e1 l\u017ei\u010dka na la\u010dn\u00fd \u017ealudek<\/p>\n<\/li>\n<li data-start=\"1743\" data-end=\"1777\">\n<p data-start=\"1745\" data-end=\"1777\">V \u010daji, jogurtu nebo smoothies<\/p>\n<\/li>\n<li data-start=\"1778\" data-end=\"1815\">\n<p data-start=\"1780\" data-end=\"1815\">Na dresinky, marin\u00e1dy a pe\u010divo<\/p>\n<\/li>\n<li data-start=\"1816\" data-end=\"1862\">\n<p data-start=\"1818\" data-end=\"1862\">P\u0159ed cvi\u010den\u00edm jako p\u0159irozen\u00fd zdroj energie<\/p>\n<\/li>\n<li data-start=\"1863\" data-end=\"1901\">\n<p data-start=\"1865\" data-end=\"1901\">Pro p\u00e9\u010di o suchou poko\u017eku<\/p>\n<\/li>\n<\/ul>\n<hr data-start=\"1896\" data-end=\"1899\" \/>\n<h4 data-start=\"413\" data-end=\"449\"><span class=\"ez-toc-section\" id=\"Weitere_Inspiration_entdecken\"><\/span>Weitere Inspiration entdecken<span class=\"ez-toc-section-end\"><\/span><\/h4>\n<p data-start=\"450\" data-end=\"582\">Du suchst weitere besondere Produkte? Entdecke zus\u00e4tzliche Highlights in unserem Sortiment oder st\u00f6bere in unseren Partnerprojekten:<\/p>\n<ul data-start=\"584\" data-end=\"920\">\n<li data-start=\"584\" data-end=\"656\"><a href=\"https:\/\/honigbee.com\/cs\/shop\/\">Weitere Naturprodukte bei Honigbee entdecken<\/a><\/li>\n<li data-start=\"657\" data-end=\"783\">\n<p data-start=\"659\" data-end=\"783\"><a href=\"https:\/\/matvana.com\/shop\/\" target=\"_blank\" rel=\"noopener\">Stilvolle Wohnideen bei Matvana ansehen<\/a><\/p>\n<\/li>\n<li data-start=\"784\" data-end=\"920\">\n<p data-start=\"786\" data-end=\"920\"><a href=\"https:\/\/saphirsmaragd.com\/shop\/\" target=\"_blank\" rel=\"noopener\">Edelsteine &amp; Schmuck bei Saphir &amp; Smaragd ansehen<\/a><\/p>\n<\/li>\n<\/ul>\n<hr data-start=\"1931\" data-end=\"1934\" \/>\n<p>Produktbilder dienen der Veranschaulichung. Verpackungsdesign kann abweichen.<\/p>","protected":false},"excerpt":{"rendered":"<p class=\"\" data-start=\"5084\" data-end=\"5262\"><em>Emirati Sidr Honig \u2013 100% Roh &amp; Naturbelassen. F\u00f6rdert das Immunsystem, liefert Energie &amp; sch\u00fctzt vor freien Radikalen. Jetzt in 400g oder 1kg erh\u00e4ltlich.<\/em><\/p>","protected":false},"featured_media":43743,"comment_status":"open","ping_status":"closed","template":"","meta":{"_glsr_average":0,"_glsr_ranking":0,"_glsr_reviews":0},"product_brand":[],"product_cat":[69],"product_tag":[],"class_list":{"0":"post-16080","1":"product","2":"type-product","3":"status-publish","4":"has-post-thumbnail","6":"product_cat-sidr-honig","8":"first","9":"instock","10":"featured","11":"shipping-taxable","12":"purchasable","13":"product-type-variable","14":"add-to-wishlist-before_image"},"jetpack_sharing_enabled":true,"_links":{"self":[{"href":"https:\/\/honigbee.com\/cs\/wp-json\/wp\/v2\/product\/16080","targetHints":{"allow":["GET"]}}],"collection":[{"href":"https:\/\/honigbee.com\/cs\/wp-json\/wp\/v2\/product"}],"about":[{"href":"https:\/\/honigbee.com\/cs\/wp-json\/wp\/v2\/types\/product"}],"replies":[{"embeddable":true,"href":"https:\/\/honigbee.com\/cs\/wp-json\/wp\/v2\/comments?post=16080"}],"version-history":[{"count":5,"href":"https:\/\/honigbee.com\/cs\/wp-json\/wp\/v2\/product\/16080\/revisions"}],"predecessor-version":[{"id":29283,"href":"https:\/\/honigbee.com\/cs\/wp-json\/wp\/v2\/product\/16080\/revisions\/29283"}],"wp:featuredmedia":[{"embeddable":true,"href":"https:\/\/honigbee.com\/cs\/wp-json\/wp\/v2\/media\/43743"}],"wp:attachment":[{"href":"https:\/\/honigbee.com\/cs\/wp-json\/wp\/v2\/media?parent=16080"}],"wp:term":[{"taxonomy":"product_brand","embeddable":true,"href":"https:\/\/honigbee.com\/cs\/wp-json\/wp\/v2\/product_brand?post=16080"},{"taxonomy":"product_cat","embeddable":true,"href":"https:\/\/honigbee.com\/cs\/wp-json\/wp\/v2\/product_cat?post=16080"},{"taxonomy":"product_tag","embeddable":true,"href":"https:\/\/honigbee.com\/cs\/wp-json\/wp\/v2\/product_tag?post=16080"}],"curies":[{"name":"wp","href":"https:\/\/api.w.org\/{rel}","templated":true}]}}