{"id":16083,"date":"2025-02-05T14:15:43","date_gmt":"2025-02-05T14:15:43","guid":{"rendered":"https:\/\/honigbee.com\/?post_type=product&#038;p=16083"},"modified":"2026-03-13T20:30:43","modified_gmt":"2026-03-13T20:30:43","slug":"herbal-honig-fusion-400g-1kg","status":"publish","type":"product","link":"https:\/\/honigbee.com\/cs\/produkt\/herbal-honig-fusion-400g-1kg\/","title":{"rendered":"Herbal Honig Fusion 400g &#038; 1kg \u2013 100% Roher Sidr-Honig mit Ginseng und Propolis"},"content":{"rendered":"<div id=\"ez-toc-container\" class=\"ez-toc-v2_0_83 counter-hierarchy ez-toc-counter ez-toc-grey ez-toc-container-direction\">\n<div class=\"ez-toc-title-container\">\n<p class=\"ez-toc-title\" style=\"cursor:inherit\">Obsah<\/p>\n<span class=\"ez-toc-title-toggle\"><a href=\"#\" class=\"ez-toc-pull-right ez-toc-btn ez-toc-btn-xs ez-toc-btn-default ez-toc-toggle\" aria-label=\"P\u0159epnout obsah\"><span class=\"ez-toc-js-icon-con\"><span class=\"\"><span class=\"eztoc-hide\" style=\"display:none;\">P\u0159epnout<\/span><span class=\"ez-toc-icon-toggle-span\"><svg style=\"fill: #999;color:#999\" xmlns=\"http:\/\/www.w3.org\/2000\/svg\" class=\"list-377408\" width=\"20px\" height=\"20px\" viewbox=\"0 0 24 24\" fill=\"none\"><path d=\"M6 6H4v2h2V6zm14 0H8v2h12V6zM4 11h2v2H4v-2zm16 0H8v2h12v-2zM4 16h2v2H4v-2zm16 0H8v2h12v-2z\" fill=\"currentColor\"><\/path><\/svg><svg style=\"fill: #999;color:#999\" class=\"arrow-unsorted-368013\" xmlns=\"http:\/\/www.w3.org\/2000\/svg\" width=\"10px\" height=\"10px\" viewbox=\"0 0 24 24\" version=\"1.2\" baseprofile=\"tiny\"><path d=\"M18.2 9.3l-6.2-6.3-6.2 6.3c-.2.2-.3.4-.3.7s.1.5.3.7c.2.2.4.3.7.3h11c.3 0 .5-.1.7-.3.2-.2.3-.5.3-.7s-.1-.5-.3-.7zM5.8 14.7l6.2 6.3 6.2-6.3c.2-.2.3-.5.3-.7s-.1-.5-.3-.7c-.2-.2-.4-.3-.7-.3h-11c-.3 0-.5.1-.7.3-.2.2-.3.5-.3.7s.1.5.3.7z\"\/><\/svg><\/span><\/span><\/span><\/a><\/span><\/div>\n<nav><ul class='ez-toc-list ez-toc-list-level-1' ><li class='ez-toc-page-1 ez-toc-heading-level-4'><a class=\"ez-toc-link ez-toc-heading-1\" href=\"https:\/\/honigbee.com\/cs\/produkt\/herbal-honig-fusion-400g-1kg\/#Merkmale_Herkunft\" >Charakteristika a p\u016fvod<\/a><\/li><li class='ez-toc-page-1 ez-toc-heading-level-4'><a class=\"ez-toc-link ez-toc-heading-2\" href=\"https:\/\/honigbee.com\/cs\/produkt\/herbal-honig-fusion-400g-1kg\/#Besonderheiten\" >Speci\u00e1ln\u00ed funkce<\/a><\/li><li class='ez-toc-page-1 ez-toc-heading-level-4'><a class=\"ez-toc-link ez-toc-heading-3\" href=\"https:\/\/honigbee.com\/cs\/produkt\/herbal-honig-fusion-400g-1kg\/#Weitere_Inspiration_entdecken\" >Weitere Inspiration entdecken<\/a><\/li><\/ul><\/nav><\/div>\n<p data-start=\"1045\" data-end=\"1379\">Die Herbal-Honig Fusion vereint rohen Sidr-Honig aus dem Do\u2019an-Tal im Jemen mit wertvollen Naturstoffen wie Ginseng, Propolis, Gel\u00e9e Royale, Bienenpollen und Ingwer. Diese kraftvolle Mischung liefert nat\u00fcrliche Vitalstoffe, unterst\u00fctzt das Immunsystem und ist perfekt f\u00fcr alle, die im Alltag auf naturbelassene Energie setzen.<\/p>\n<hr data-start=\"1381\" data-end=\"1384\" \/>\n<h4 data-start=\"1386\" data-end=\"1410\"><span class=\"ez-toc-section\" id=\"Merkmale_Herkunft\"><\/span>Charakteristika a p\u016fvod<span class=\"ez-toc-section-end\"><\/span><\/h4>\n<p data-start=\"1412\" data-end=\"1684\">Produktname: Herbal Honig Fusion<br data-start=\"1452\" data-end=\"1455\" \/>Inhalt: 400g &amp; 1kg<br data-start=\"1468\" data-end=\"1471\" \/>P\u016fvod: Jemen (\u00fadol\u00ed Do&#039;an, Hadramout)<br data-start=\"1509\" data-end=\"1512\" \/>Slo\u017een\u00ed: Raw Sidr med, \u017een\u0161en, mate\u0159\u00ed ka\u0161i\u010dka, propolis, v\u010del\u00ed pyl, z\u00e1zvor<br data-start=\"1592\" data-end=\"1595\" \/>Konzistence: Kr\u00e9mov\u00e1<br data-start=\"1613\" data-end=\"1616\" \/>Zpracov\u00e1n\u00ed: Syrov\u00e9, nefiltrovan\u00e9, nepasterizovan\u00e9<br data-start=\"1667\" data-end=\"1670\" \/>Stav: Nov\u00e9<\/p>\n<hr data-start=\"1686\" data-end=\"1689\" \/>\n<h4 data-start=\"1691\" data-end=\"1710\"><span class=\"ez-toc-section\" id=\"Besonderheiten\"><\/span>Speci\u00e1ln\u00ed funkce<span class=\"ez-toc-section-end\"><\/span><\/h4>\n<p data-start=\"1712\" data-end=\"2028\">100% p\u0159\u00edrodn\u00ed slo\u017eky \u2013 bez konzervant\u016f a p\u0159\u00edsad<br data-start=\"1782\" data-end=\"1785\" \/>Kombinace medu Sidr a superpotravin \u2013 pro celostn\u00ed pohodu<br data-start=\"1858\" data-end=\"1861\" \/>Bohat\u00fd na antioxidanty a vit\u00e1ln\u00ed l\u00e1tky \u2013 pro aktivn\u00ed dny<br data-start=\"1917\" data-end=\"1920\" \/>Tradi\u010dn\u00ed v\u010dela\u0159stv\u00ed \u2013 z udr\u017eiteln\u00e9ho sb\u011bru v divo\u010din\u011b<\/p>\n<hr data-start=\"2030\" data-end=\"2033\" \/>\n<h4 data-start=\"413\" data-end=\"449\"><span class=\"ez-toc-section\" id=\"Weitere_Inspiration_entdecken\"><\/span>Weitere Inspiration entdecken<span class=\"ez-toc-section-end\"><\/span><\/h4>\n<p data-start=\"450\" data-end=\"582\">Du suchst weitere besondere Produkte? Entdecke zus\u00e4tzliche Highlights in unserem Sortiment oder st\u00f6bere in unseren Partnerprojekten:<\/p>\n<ul data-start=\"584\" data-end=\"920\">\n<li data-start=\"584\" data-end=\"656\"><a href=\"https:\/\/honigbee.com\/cs\/shop\/\">Weitere Naturprodukte bei Honigbee entdecken<\/a><\/li>\n<li data-start=\"657\" data-end=\"783\">\n<p data-start=\"659\" data-end=\"783\"><a href=\"https:\/\/matvana.com\/shop\/\" target=\"_blank\" rel=\"noopener\">Stilvolle Wohnideen bei Matvana ansehen<\/a><\/p>\n<\/li>\n<li data-start=\"784\" data-end=\"920\">\n<p data-start=\"786\" data-end=\"920\"><a href=\"https:\/\/saphirsmaragd.com\/shop\/\" target=\"_blank\" rel=\"noopener\">Edelsteine &amp; Schmuck bei Saphir &amp; Smaragd ansehen<\/a><\/p>\n<\/li>\n<\/ul>\n<hr data-start=\"1931\" data-end=\"1934\" \/>\n<p>Produktbilder dienen der Veranschaulichung. Verpackungsdesign kann abweichen.<\/p>","protected":false},"excerpt":{"rendered":"<p class=\"\" data-start=\"5984\" data-end=\"6171\"><em>Herbal Honig Fusion \u2013 Roher Sidr-Honig mit Ginseng, Propolis &amp; Superfoods. St\u00e4rkt das Immunsystem, f\u00f6rdert Energie &amp; Gesundheit. Jetzt in 400g oder 1kg erh\u00e4ltlich.<\/em><\/p>","protected":false},"featured_media":43750,"comment_status":"open","ping_status":"closed","template":"","meta":{"_glsr_average":0,"_glsr_ranking":0,"_glsr_reviews":0},"product_brand":[],"product_cat":[69],"product_tag":[],"class_list":{"0":"post-16083","1":"product","2":"type-product","3":"status-publish","4":"has-post-thumbnail","6":"product_cat-sidr-honig","8":"first","9":"instock","10":"featured","11":"shipping-taxable","12":"purchasable","13":"product-type-variable","14":"add-to-wishlist-before_image"},"jetpack_sharing_enabled":true,"_links":{"self":[{"href":"https:\/\/honigbee.com\/cs\/wp-json\/wp\/v2\/product\/16083","targetHints":{"allow":["GET"]}}],"collection":[{"href":"https:\/\/honigbee.com\/cs\/wp-json\/wp\/v2\/product"}],"about":[{"href":"https:\/\/honigbee.com\/cs\/wp-json\/wp\/v2\/types\/product"}],"replies":[{"embeddable":true,"href":"https:\/\/honigbee.com\/cs\/wp-json\/wp\/v2\/comments?post=16083"}],"version-history":[{"count":6,"href":"https:\/\/honigbee.com\/cs\/wp-json\/wp\/v2\/product\/16083\/revisions"}],"predecessor-version":[{"id":43751,"href":"https:\/\/honigbee.com\/cs\/wp-json\/wp\/v2\/product\/16083\/revisions\/43751"}],"wp:featuredmedia":[{"embeddable":true,"href":"https:\/\/honigbee.com\/cs\/wp-json\/wp\/v2\/media\/43750"}],"wp:attachment":[{"href":"https:\/\/honigbee.com\/cs\/wp-json\/wp\/v2\/media?parent=16083"}],"wp:term":[{"taxonomy":"product_brand","embeddable":true,"href":"https:\/\/honigbee.com\/cs\/wp-json\/wp\/v2\/product_brand?post=16083"},{"taxonomy":"product_cat","embeddable":true,"href":"https:\/\/honigbee.com\/cs\/wp-json\/wp\/v2\/product_cat?post=16083"},{"taxonomy":"product_tag","embeddable":true,"href":"https:\/\/honigbee.com\/cs\/wp-json\/wp\/v2\/product_tag?post=16083"}],"curies":[{"name":"wp","href":"https:\/\/api.w.org\/{rel}","templated":true}]}}