{"id":23583,"date":"2025-05-30T12:59:03","date_gmt":"2025-05-30T12:59:03","guid":{"rendered":"https:\/\/honigbee.com\/?post_type=product&#038;p=23583"},"modified":"2026-02-28T18:21:56","modified_gmt":"2026-02-28T18:21:56","slug":"1-kg-mischung-aus-fein-gesalzenen-nuessen","status":"publish","type":"product","link":"https:\/\/honigbee.com\/cs\/produkt\/1-kg-mischung-aus-fein-gesalzenen-nuessen\/","title":{"rendered":"1 kg sm\u011bsi jemn\u011b solen\u00fdch o\u0159ech\u016f \u2013 pra\u017een\u00e1, vegansk\u00e9, v\u0161estrann\u00e9"},"content":{"rendered":"<div id=\"ez-toc-container\" class=\"ez-toc-v2_0_83 counter-hierarchy ez-toc-counter ez-toc-grey ez-toc-container-direction\">\n<div class=\"ez-toc-title-container\">\n<p class=\"ez-toc-title\" style=\"cursor:inherit\">Obsah<\/p>\n<span class=\"ez-toc-title-toggle\"><a href=\"#\" class=\"ez-toc-pull-right ez-toc-btn ez-toc-btn-xs ez-toc-btn-default ez-toc-toggle\" aria-label=\"P\u0159epnout obsah\"><span class=\"ez-toc-js-icon-con\"><span class=\"\"><span class=\"eztoc-hide\" style=\"display:none;\">P\u0159epnout<\/span><span class=\"ez-toc-icon-toggle-span\"><svg style=\"fill: #999;color:#999\" xmlns=\"http:\/\/www.w3.org\/2000\/svg\" class=\"list-377408\" width=\"20px\" height=\"20px\" viewbox=\"0 0 24 24\" fill=\"none\"><path d=\"M6 6H4v2h2V6zm14 0H8v2h12V6zM4 11h2v2H4v-2zm16 0H8v2h12v-2zM4 16h2v2H4v-2zm16 0H8v2h12v-2z\" fill=\"currentColor\"><\/path><\/svg><svg style=\"fill: #999;color:#999\" class=\"arrow-unsorted-368013\" xmlns=\"http:\/\/www.w3.org\/2000\/svg\" width=\"10px\" height=\"10px\" viewbox=\"0 0 24 24\" version=\"1.2\" baseprofile=\"tiny\"><path d=\"M18.2 9.3l-6.2-6.3-6.2 6.3c-.2.2-.3.4-.3.7s.1.5.3.7c.2.2.4.3.7.3h11c.3 0 .5-.1.7-.3.2-.2.3-.5.3-.7s-.1-.5-.3-.7zM5.8 14.7l6.2 6.3 6.2-6.3c.2-.2.3-.5.3-.7s-.1-.5-.3-.7c-.2-.2-.4-.3-.7-.3h-11c-.3 0-.5.1-.7.3-.2.2-.3.5-.3.7s.1.5.3.7z\"\/><\/svg><\/span><\/span><\/span><\/a><\/span><\/div>\n<nav><ul class='ez-toc-list ez-toc-list-level-1' ><li class='ez-toc-page-1 ez-toc-heading-level-4'><a class=\"ez-toc-link ez-toc-heading-1\" href=\"https:\/\/honigbee.com\/cs\/produkt\/1-kg-mischung-aus-fein-gesalzenen-nuessen\/#Vorteile_der_Mischung_aus_fein_gesalzenen_Nussen\" >V\u00fdhody sm\u011bsi jemn\u011b solen\u00fdch o\u0159ech\u016f<\/a><\/li><li class='ez-toc-page-1 ez-toc-heading-level-4'><a class=\"ez-toc-link ez-toc-heading-2\" href=\"https:\/\/honigbee.com\/cs\/produkt\/1-kg-mischung-aus-fein-gesalzenen-nuessen\/#Nahrstoffreiche_Mandeln_Cashews_Erdnusse_und_Pekannusse\" >V\u00fd\u017eivn\u00e9 mandle, ke\u0161u o\u0159echy, ara\u0161\u00eddy a pekanov\u00e9 o\u0159echy<\/a><\/li><li class='ez-toc-page-1 ez-toc-heading-level-4'><a class=\"ez-toc-link ez-toc-heading-3\" href=\"https:\/\/honigbee.com\/cs\/produkt\/1-kg-mischung-aus-fein-gesalzenen-nuessen\/#Anwendungsmoglichkeiten_der_fein_gesalzenen_Nussmischung\" >Mo\u017enosti vyu\u017eit\u00ed jemn\u011b solen\u00e9 sm\u011bsi o\u0159ech\u016f<\/a><\/li><li class='ez-toc-page-1 ez-toc-heading-level-4'><a class=\"ez-toc-link ez-toc-heading-4\" href=\"https:\/\/honigbee.com\/cs\/produkt\/1-kg-mischung-aus-fein-gesalzenen-nuessen\/#Produktdetails_im_Uberblick\" >Detaily produktu v kostce<\/a><\/li><li class='ez-toc-page-1 ez-toc-heading-level-4'><a class=\"ez-toc-link ez-toc-heading-5\" href=\"https:\/\/honigbee.com\/cs\/produkt\/1-kg-mischung-aus-fein-gesalzenen-nuessen\/#Lagerungshinweise\" >Pokyny pro skladov\u00e1n\u00ed<\/a><\/li><li class='ez-toc-page-1 ez-toc-heading-level-4'><a class=\"ez-toc-link ez-toc-heading-6\" href=\"https:\/\/honigbee.com\/cs\/produkt\/1-kg-mischung-aus-fein-gesalzenen-nuessen\/#Weitere_Inspiration_entdecken\" >Weitere Inspiration entdecken<\/a><\/li><\/ul><\/nav><\/div>\n<p data-start=\"754\" data-end=\"1154\">Ten\/Ta\/To <strong data-start=\"758\" data-end=\"797\">Sm\u011bs jemn\u011b solen\u00fdch o\u0159ech\u016f<\/strong> od Bery Jones je ide\u00e1ln\u00ed alternativou k mastn\u00fdm chips\u016fm a bezchutn\u00fdm krekr\u016fm. Tato sm\u011bs pra\u017een\u00fdch mandl\u00ed, ke\u0161u o\u0159ech\u016f, pekanov\u00fdch o\u0159ech\u016f a ara\u0161\u00edd\u016f je lahodnou sva\u010dinkou k pivu a v\u00ednu nebo v\u0161estrannou ingredienc\u00ed v kuchyni. P\u0159ed pou\u017eit\u00edm se doporu\u010duje o\u0159echy kr\u00e1tce propl\u00e1chnout vodou, aby se odstranila p\u0159ebyte\u010dn\u00e1 s\u016fl.<\/p>\n<hr data-start=\"1156\" data-end=\"1159\" \/>\n<h4 data-start=\"1161\" data-end=\"1213\"><span class=\"ez-toc-section\" id=\"Vorteile_der_Mischung_aus_fein_gesalzenen_Nussen\"><\/span>V\u00fdhody sm\u011bsi jemn\u011b solen\u00fdch o\u0159ech\u016f<span class=\"ez-toc-section-end\"><\/span><\/h4>\n<ul data-start=\"1215\" data-end=\"1481\">\n<li data-start=\"1215\" data-end=\"1262\">\n<p data-start=\"1217\" data-end=\"1262\">Bohat\u00fd na d\u016fle\u017eit\u00e9 vitam\u00edny a miner\u00e1ly<\/p>\n<\/li>\n<li data-start=\"1263\" data-end=\"1327\">\n<p data-start=\"1265\" data-end=\"1327\">V\u0161estrann\u011b pou\u017eiteln\u00e9 jako sva\u010dina i p\u0159\u00edsada do hotov\u00fdch j\u00eddel<\/p>\n<\/li>\n<li data-start=\"1328\" data-end=\"1382\">\n<p data-start=\"1330\" data-end=\"1382\">Ekologick\u00e9, znovuuzav\u00edrateln\u00e9 balen\u00ed<\/p>\n<\/li>\n<li data-start=\"1383\" data-end=\"1427\">\n<p data-start=\"1385\" data-end=\"1427\">Ide\u00e1ln\u00ed jako p\u0159\u00edsada do pol\u00e9vek nebo sal\u00e1t\u016f<\/p>\n<\/li>\n<li data-start=\"1428\" data-end=\"1481\">\n<p data-start=\"1430\" data-end=\"1481\">Obsahuje mandle, ke\u0161u o\u0159echy, pekanov\u00e9 o\u0159echy a ara\u0161\u00eddy<\/p>\n<\/li>\n<\/ul>\n<hr data-start=\"1483\" data-end=\"1486\" \/>\n<h4 data-start=\"1488\" data-end=\"1549\"><span class=\"ez-toc-section\" id=\"Nahrstoffreiche_Mandeln_Cashews_Erdnusse_und_Pekannusse\"><\/span>V\u00fd\u017eivn\u00e9 mandle, ke\u0161u o\u0159echy, ara\u0161\u00eddy a pekanov\u00e9 o\u0159echy<span class=\"ez-toc-section-end\"><\/span><\/h4>\n<p data-start=\"1551\" data-end=\"1927\">Mandle poskytuj\u00ed d\u016fle\u017eit\u00e9 miner\u00e1ly, jako je ho\u0159\u010d\u00edk, v\u00e1pn\u00edk a zinek, a tak\u00e9 antioxidanty pro zdrav\u00ed poko\u017eky a srdce. Ke\u0161u o\u0159echy jsou bohat\u00e9 na ho\u0159\u010d\u00edk, kter\u00fd podporuje d\u016fle\u017eit\u00e9 metabolick\u00e9 procesy a zlep\u0161uje sp\u00e1nek. Ara\u0161\u00eddy maj\u00ed vysok\u00fd obsah b\u00edlkovin a vl\u00e1kniny, zat\u00edmco pekanov\u00e9 o\u0159echy maj\u00ed vysok\u00fd obsah nenasycen\u00fdch mastn\u00fdch kyselin a antioxidant\u016f, kter\u00e9 podporuj\u00ed zdrav\u00ed srdce.<\/p>\n<hr data-start=\"1929\" data-end=\"1932\" \/>\n<h4 data-start=\"1934\" data-end=\"1994\"><span class=\"ez-toc-section\" id=\"Anwendungsmoglichkeiten_der_fein_gesalzenen_Nussmischung\"><\/span>Mo\u017enosti vyu\u017eit\u00ed jemn\u011b solen\u00e9 sm\u011bsi o\u0159ech\u016f<span class=\"ez-toc-section-end\"><\/span><\/h4>\n<p data-start=\"1996\" data-end=\"2372\">Tato sm\u011bs o\u0159ech\u016f je ide\u00e1ln\u00ed pro ka\u017ed\u00e9ho, kdo hled\u00e1 zdrav\u011bj\u0161\u00ed alternativy sva\u010din. Perfektn\u011b se hod\u00ed k pivu a v\u00ednu, zjem\u0148uje smetanov\u00e9 om\u00e1\u010dky nebo dopl\u0148uje zeleninov\u00e9 a sal\u00e1tov\u00e9 pokrmy. Z dal\u0161\u00edch vysoce kvalitn\u00edch p\u0159\u00edrodn\u00edch produkt\u016f doporu\u010dujeme surov\u00fd jemensk\u00fd med Sidr. <a class=\"\" href=\"https:\/\/honigbee.com\/cs\/produkt\/roher-jemenitischer-sidr-doani-honig-400g\/\" target=\"_new\" rel=\"noopener\" data-start=\"2273\" data-end=\"2371\">honigbee.com\/sidr-honig<\/a>.<\/p>\n<hr data-start=\"2374\" data-end=\"2377\" \/>\n<h4 data-start=\"2379\" data-end=\"2410\"><span class=\"ez-toc-section\" id=\"Produktdetails_im_Uberblick\"><\/span>Detaily produktu v kostce<span class=\"ez-toc-section-end\"><\/span><\/h4>\n<ul data-start=\"2412\" data-end=\"2781\">\n<li data-start=\"2412\" data-end=\"2428\">\n<p data-start=\"2414\" data-end=\"2428\">Obsah: 1 kg<\/p>\n<\/li>\n<li data-start=\"2429\" data-end=\"2475\">\n<p data-start=\"2431\" data-end=\"2475\">P\u016fvod: Argentina, Pob\u0159e\u017e\u00ed slonoviny, USA<\/p>\n<\/li>\n<li data-start=\"2476\" data-end=\"2585\">\n<p data-start=\"2478\" data-end=\"2585\">Nutri\u010dn\u00ed hodnoty na 100 g: 147 kcal, 54,5 g tuku, 18,5 g b\u00edlkovin, 18,6 g sacharid\u016f, 4,7 g cukr\u016f, 0,5 g soli<\/p>\n<\/li>\n<li data-start=\"2586\" data-end=\"2649\">\n<p data-start=\"2588\" data-end=\"2649\">Vegansk\u00e9, bezlepkov\u00e9, bez p\u0159idan\u00e9ho cukru a um\u011bl\u00fdch p\u0159\u00edsad<\/p>\n<\/li>\n<li data-start=\"2650\" data-end=\"2715\">\n<p data-start=\"2652\" data-end=\"2715\">Slo\u017een\u00ed: ke\u0161u o\u0159echy, mandle, ara\u0161\u00eddy, pekanov\u00e9 o\u0159echy, \u0159epkov\u00fd olej, s\u016fl<\/p>\n<\/li>\n<li data-start=\"2716\" data-end=\"2781\">\n<p data-start=\"2718\" data-end=\"2781\">M\u016f\u017ee obsahovat stopy ara\u0161\u00edd\u016f, jin\u00fdch o\u0159ech\u016f a sezamu<\/p>\n<\/li>\n<\/ul>\n<hr data-start=\"2783\" data-end=\"2786\" \/>\n<h4 data-start=\"2788\" data-end=\"2809\"><span class=\"ez-toc-section\" id=\"Lagerungshinweise\"><\/span>Pokyny pro skladov\u00e1n\u00ed<span class=\"ez-toc-section-end\"><\/span><\/h4>\n<p data-start=\"2811\" data-end=\"2891\">Skladujte na chladn\u00e9m a such\u00e9m m\u00edst\u011b, mimo dosah p\u0159\u00edm\u00e9ho slune\u010dn\u00edho z\u00e1\u0159en\u00ed.<\/p>\n<hr data-start=\"2893\" data-end=\"2896\" \/>\n<h4 data-start=\"413\" data-end=\"449\"><span class=\"ez-toc-section\" id=\"Weitere_Inspiration_entdecken\"><\/span>Weitere Inspiration entdecken<span class=\"ez-toc-section-end\"><\/span><\/h4>\n<p data-start=\"450\" data-end=\"582\">Du suchst weitere besondere Produkte? Entdecke zus\u00e4tzliche Highlights in unserem Sortiment oder st\u00f6bere in unseren Partnerprojekten:<\/p>\n<ul data-start=\"584\" data-end=\"920\">\n<li data-start=\"584\" data-end=\"656\"><a href=\"https:\/\/honigbee.com\/cs\/shop\/\">Weitere Naturprodukte bei Honigbee entdecken<\/a><\/li>\n<li data-start=\"657\" data-end=\"783\">\n<p data-start=\"659\" data-end=\"783\"><a href=\"https:\/\/matvana.com\/shop\/\" target=\"_blank\" rel=\"noopener\">Stilvolle Wohnideen bei Matvana ansehen<\/a><\/p>\n<\/li>\n<li data-start=\"784\" data-end=\"920\">\n<p data-start=\"786\" data-end=\"920\"><a href=\"https:\/\/saphirsmaragd.com\/shop\/\" target=\"_blank\" rel=\"noopener\">Edelsteine &amp; Schmuck bei Saphir &amp; Smaragd ansehen<\/a><\/p>\n<\/li>\n<\/ul>\n<hr data-start=\"1931\" data-end=\"1934\" \/>\n<p>Produktbilder dienen der Veranschaulichung. Verpackungsdesign kann abweichen.<\/p>","protected":false},"excerpt":{"rendered":"<p data-start=\"358\" data-end=\"514\"><em>Sm\u011bs jemn\u011b solen\u00fdch o\u0159ech\u016f s mandlemi, ke\u0161u o\u0159echy, pekanov\u00fdmi o\u0159echy a ara\u0161\u00eddy (1 kg). Ide\u00e1ln\u00ed jako sva\u010dina nebo p\u0159\u00edsada do j\u00eddla, vegansk\u00e9 a balen\u00e9 ekologicky.<\/em><\/p>","protected":false},"featured_media":42136,"comment_status":"open","ping_status":"closed","template":"","meta":{"_glsr_average":0,"_glsr_ranking":0,"_glsr_reviews":0},"product_brand":[],"product_cat":[1175],"product_tag":[],"class_list":{"0":"post-23583","1":"product","2":"type-product","3":"status-publish","4":"has-post-thumbnail","6":"product_cat-nussmischung","8":"first","9":"instock","10":"shipping-taxable","11":"purchasable","12":"product-type-simple","13":"add-to-wishlist-before_image"},"jetpack_sharing_enabled":true,"_links":{"self":[{"href":"https:\/\/honigbee.com\/cs\/wp-json\/wp\/v2\/product\/23583","targetHints":{"allow":["GET"]}}],"collection":[{"href":"https:\/\/honigbee.com\/cs\/wp-json\/wp\/v2\/product"}],"about":[{"href":"https:\/\/honigbee.com\/cs\/wp-json\/wp\/v2\/types\/product"}],"replies":[{"embeddable":true,"href":"https:\/\/honigbee.com\/cs\/wp-json\/wp\/v2\/comments?post=23583"}],"version-history":[{"count":3,"href":"https:\/\/honigbee.com\/cs\/wp-json\/wp\/v2\/product\/23583\/revisions"}],"predecessor-version":[{"id":43143,"href":"https:\/\/honigbee.com\/cs\/wp-json\/wp\/v2\/product\/23583\/revisions\/43143"}],"wp:featuredmedia":[{"embeddable":true,"href":"https:\/\/honigbee.com\/cs\/wp-json\/wp\/v2\/media\/42136"}],"wp:attachment":[{"href":"https:\/\/honigbee.com\/cs\/wp-json\/wp\/v2\/media?parent=23583"}],"wp:term":[{"taxonomy":"product_brand","embeddable":true,"href":"https:\/\/honigbee.com\/cs\/wp-json\/wp\/v2\/product_brand?post=23583"},{"taxonomy":"product_cat","embeddable":true,"href":"https:\/\/honigbee.com\/cs\/wp-json\/wp\/v2\/product_cat?post=23583"},{"taxonomy":"product_tag","embeddable":true,"href":"https:\/\/honigbee.com\/cs\/wp-json\/wp\/v2\/product_tag?post=23583"}],"curies":[{"name":"wp","href":"https:\/\/api.w.org\/{rel}","templated":true}]}}