{"id":24832,"date":"2025-06-09T07:37:34","date_gmt":"2025-06-09T07:37:34","guid":{"rendered":"https:\/\/honigbee.com\/?post_type=product&#038;p=24832"},"modified":"2026-03-10T19:41:38","modified_gmt":"2026-03-10T19:41:38","slug":"vitamin-c-kapseln-360","status":"publish","type":"product","link":"https:\/\/honigbee.com\/cs\/produkt\/vitamin-c-kapseln-360\/","title":{"rendered":"360 Kapseln Vitamin C Kapseln 1000 mg + 15 mg Zink Vegan"},"content":{"rendered":"<div id=\"ez-toc-container\" class=\"ez-toc-v2_0_83 counter-hierarchy ez-toc-counter ez-toc-grey ez-toc-container-direction\">\n<div class=\"ez-toc-title-container\">\n<p class=\"ez-toc-title\" style=\"cursor:inherit\">Obsah<\/p>\n<span class=\"ez-toc-title-toggle\"><a href=\"#\" class=\"ez-toc-pull-right ez-toc-btn ez-toc-btn-xs ez-toc-btn-default ez-toc-toggle\" aria-label=\"P\u0159epnout obsah\"><span class=\"ez-toc-js-icon-con\"><span class=\"\"><span class=\"eztoc-hide\" style=\"display:none;\">P\u0159epnout<\/span><span class=\"ez-toc-icon-toggle-span\"><svg style=\"fill: #999;color:#999\" xmlns=\"http:\/\/www.w3.org\/2000\/svg\" class=\"list-377408\" width=\"20px\" height=\"20px\" viewbox=\"0 0 24 24\" fill=\"none\"><path d=\"M6 6H4v2h2V6zm14 0H8v2h12V6zM4 11h2v2H4v-2zm16 0H8v2h12v-2zM4 16h2v2H4v-2zm16 0H8v2h12v-2z\" fill=\"currentColor\"><\/path><\/svg><svg style=\"fill: #999;color:#999\" class=\"arrow-unsorted-368013\" xmlns=\"http:\/\/www.w3.org\/2000\/svg\" width=\"10px\" height=\"10px\" viewbox=\"0 0 24 24\" version=\"1.2\" baseprofile=\"tiny\"><path d=\"M18.2 9.3l-6.2-6.3-6.2 6.3c-.2.2-.3.4-.3.7s.1.5.3.7c.2.2.4.3.7.3h11c.3 0 .5-.1.7-.3.2-.2.3-.5.3-.7s-.1-.5-.3-.7zM5.8 14.7l6.2 6.3 6.2-6.3c.2-.2.3-.5.3-.7s-.1-.5-.3-.7c-.2-.2-.4-.3-.7-.3h-11c-.3 0-.5.1-.7.3-.2.2-.3.5-.3.7s.1.5.3.7z\"\/><\/svg><\/span><\/span><\/span><\/a><\/span><\/div>\n<nav><ul class='ez-toc-list ez-toc-list-level-1' ><li class='ez-toc-page-1 ez-toc-heading-level-4'><a class=\"ez-toc-link ez-toc-heading-1\" href=\"https:\/\/honigbee.com\/cs\/produkt\/vitamin-c-kapseln-360\/#Produktvorteile\" >V\u00fdhody produktu<\/a><\/li><li class='ez-toc-page-1 ez-toc-heading-level-4'><a class=\"ez-toc-link ez-toc-heading-2\" href=\"https:\/\/honigbee.com\/cs\/produkt\/vitamin-c-kapseln-360\/#Anwendung\" >Aplikace<\/a><\/li><li class='ez-toc-page-1 ez-toc-heading-level-4'><a class=\"ez-toc-link ez-toc-heading-3\" href=\"https:\/\/honigbee.com\/cs\/produkt\/vitamin-c-kapseln-360\/#Eigenschaften_von_Vitamin_C_Zink\" >Eigenschaften von Vitamin C &amp; Zink<\/a><\/li><li class='ez-toc-page-1 ez-toc-heading-level-4'><a class=\"ez-toc-link ez-toc-heading-4\" href=\"https:\/\/honigbee.com\/cs\/produkt\/vitamin-c-kapseln-360\/#Produktdetails\" >Detaily produktu<\/a><\/li><li class='ez-toc-page-1 ez-toc-heading-level-4'><a class=\"ez-toc-link ez-toc-heading-5\" href=\"https:\/\/honigbee.com\/cs\/produkt\/vitamin-c-kapseln-360\/#Lagerung\" >skladov\u00e1n\u00ed<\/a><\/li><li class='ez-toc-page-1 ez-toc-heading-level-4'><a class=\"ez-toc-link ez-toc-heading-6\" href=\"https:\/\/honigbee.com\/cs\/produkt\/vitamin-c-kapseln-360\/#Hinweis\" >Ozn\u00e1men\u00ed<\/a><\/li><li class='ez-toc-page-1 ez-toc-heading-level-4'><a class=\"ez-toc-link ez-toc-heading-7\" href=\"https:\/\/honigbee.com\/cs\/produkt\/vitamin-c-kapseln-360\/#Weitere_Inspiration_entdecken\" >Weitere Inspiration entdecken<\/a><\/li><\/ul><\/nav><\/div>\n<p data-start=\"670\" data-end=\"907\">Ten\/Ta\/To <strong data-start=\"674\" data-end=\"695\">Vitamin C Kapseln<\/strong> enthalten eine Kombination aus Vitamin C und Zink. Jede Kapsel liefert 1000 mg Vitamin C sowie 15 mg Zink. Die Kombination dieser Mikron\u00e4hrstoffe wird h\u00e4ufig zur Erg\u00e4nzung einer ausgewogenen Ern\u00e4hrung verwendet.<\/p>\n<p data-start=\"909\" data-end=\"1023\">Vitamin C und Zink geh\u00f6ren zu den wichtigen Mikron\u00e4hrstoffen und tragen zu verschiedenen Funktionen im K\u00f6rper bei.<\/p>\n<hr data-start=\"1025\" data-end=\"1028\" \/>\n<h4 data-start=\"1030\" data-end=\"1050\"><span class=\"ez-toc-section\" id=\"Produktvorteile\"><\/span>V\u00fdhody produktu<span class=\"ez-toc-section-end\"><\/span><\/h4>\n<p data-start=\"1052\" data-end=\"1242\">\u2022 360 vegane Vitamin C Kapseln<br data-start=\"1082\" data-end=\"1085\" \/>\u2022 1000 mg Vitamin C pro Kapsel<br data-start=\"1115\" data-end=\"1118\" \/>\u2022 15 mg Zink pro Kapsel<br data-start=\"1141\" data-end=\"1144\" \/>\u2022 Hochdosierte Kombination aus Vitamin und Mineralstoff<br data-start=\"1199\" data-end=\"1202\" \/>\u2022 Vegan und ohne unn\u00f6tige Zusatzstoffe<\/p>\n<hr data-start=\"1244\" data-end=\"1247\" \/>\n<h4 data-start=\"1249\" data-end=\"1263\"><span class=\"ez-toc-section\" id=\"Anwendung\"><\/span>Aplikace<span class=\"ez-toc-section-end\"><\/span><\/h4>\n<p data-start=\"1265\" data-end=\"1408\">Die Kapseln k\u00f6nnen t\u00e4glich entsprechend der empfohlenen Verzehrmenge mit ausreichend Wasser eingenommen werden, vorzugsweise zu einer Mahlzeit.<\/p>\n<hr data-start=\"1410\" data-end=\"1413\" \/>\n<h4 data-start=\"1415\" data-end=\"1454\"><span class=\"ez-toc-section\" id=\"Eigenschaften_von_Vitamin_C_Zink\"><\/span>Eigenschaften von Vitamin C &amp; Zink<span class=\"ez-toc-section-end\"><\/span><\/h4>\n<p data-start=\"1456\" data-end=\"1489\">Vitamin C und Zink tragen bei zu:<\/p>\n<p data-start=\"1491\" data-end=\"1646\">\u2022 normaler Funktion des Immunsystems<br data-start=\"1527\" data-end=\"1530\" \/>\u2022 Schutz der Zellen vor oxidativem Stress<br data-start=\"1571\" data-end=\"1574\" \/>\u2022 normalem Energiestoffwechsel<br data-start=\"1604\" data-end=\"1607\" \/>\u2022 normaler Funktion des Nervensystems<\/p>\n<hr data-start=\"1648\" data-end=\"1651\" \/>\n<h4 data-start=\"1653\" data-end=\"1672\"><span class=\"ez-toc-section\" id=\"Produktdetails\"><\/span>Detaily produktu<span class=\"ez-toc-section-end\"><\/span><\/h4>\n<p data-start=\"1674\" data-end=\"1697\">Obsah: <strong data-start=\"1682\" data-end=\"1697\">360 Kapseln<\/strong><\/p>\n<p data-start=\"1699\" data-end=\"1719\">Forma: Vegansk\u00e9 kapsle<\/p>\n<p data-start=\"1721\" data-end=\"1775\">Dosierung pro Kapsel:<br data-start=\"1742\" data-end=\"1745\" \/>1000 mg Vitamin C<br data-start=\"1762\" data-end=\"1765\" \/>15 mg Zink<\/p>\n<p data-start=\"1777\" data-end=\"1826\">Zutaten: Vitamin C, Zink, pflanzliche Kapselh\u00fclle<\/p>\n<p data-start=\"1828\" data-end=\"1865\">Vegan und ohne unn\u00f6tige Zusatzstoffe.<\/p>\n<hr data-start=\"1867\" data-end=\"1870\" \/>\n<h4 data-start=\"1872\" data-end=\"1885\"><span class=\"ez-toc-section\" id=\"Lagerung\"><\/span>skladov\u00e1n\u00ed<span class=\"ez-toc-section-end\"><\/span><\/h4>\n<p data-start=\"1887\" data-end=\"1979\">Skladujte na chladn\u00e9m a such\u00e9m m\u00edst\u011b mimo dosah sv\u011btla.<br data-start=\"1927\" data-end=\"1930\" \/>Au\u00dferhalb der Reichweite von Kindern aufbewahren.<\/p>\n<hr data-start=\"1981\" data-end=\"1984\" \/>\n<h4 data-start=\"1986\" data-end=\"1998\"><span class=\"ez-toc-section\" id=\"Hinweis\"><\/span>Ozn\u00e1men\u00ed<span class=\"ez-toc-section-end\"><\/span><\/h4>\n<p data-start=\"2000\" data-end=\"2152\" data-is-last-node=\"\" data-is-only-node=\"\">Nahrungserg\u00e4nzungsmittel sollten nicht als Ersatz f\u00fcr eine abwechslungsreiche und ausgewogene Ern\u00e4hrung sowie eine gesunde Lebensweise verwendet werden.<\/p>\n<hr data-start=\"2237\" data-end=\"2240\" \/>\n<h4 data-start=\"413\" data-end=\"449\"><span class=\"ez-toc-section\" id=\"Weitere_Inspiration_entdecken\"><\/span>Weitere Inspiration entdecken<span class=\"ez-toc-section-end\"><\/span><\/h4>\n<p data-start=\"450\" data-end=\"582\">Du suchst weitere besondere Produkte? Entdecke zus\u00e4tzliche Highlights in unserem Sortiment oder st\u00f6bere in unseren Partnerprojekten:<\/p>\n<ul data-start=\"584\" data-end=\"920\">\n<li data-start=\"584\" data-end=\"656\"><a href=\"https:\/\/honigbee.com\/cs\/shop\/\">Weitere Naturprodukte bei Honigbee entdecken<\/a><\/li>\n<li data-start=\"657\" data-end=\"783\">\n<p data-start=\"659\" data-end=\"783\"><a href=\"https:\/\/matvana.com\/shop\/\" target=\"_blank\" rel=\"noopener\">Stilvolle Wohnideen bei Matvana ansehen<\/a><\/p>\n<\/li>\n<li data-start=\"784\" data-end=\"920\">\n<p data-start=\"786\" data-end=\"920\"><a href=\"https:\/\/saphirsmaragd.com\/shop\/\" target=\"_blank\" rel=\"noopener\">Edelsteine &amp; Schmuck bei Saphir &amp; Smaragd ansehen<\/a><\/p>\n<\/li>\n<\/ul>\n<hr data-start=\"1931\" data-end=\"1934\" \/>\n<p>Produktbilder dienen der Veranschaulichung. Verpackungsdesign kann abweichen.<\/p>","protected":false},"excerpt":{"rendered":"<p data-start=\"394\" data-end=\"562\"><em>Vitamin C Kapseln mit 1000 mg Vitamin C und 15 mg Zink pro Kapsel. 360 vegane Kapseln hochdosiert \u2013 zur t\u00e4glichen Erg\u00e4nzung der Vitamin- und Mineralstoffversorgung.<\/em><\/p>\n<p data-start=\"460\" data-end=\"493\">","protected":false},"featured_media":43595,"comment_status":"open","ping_status":"closed","template":"","meta":{"_glsr_average":0,"_glsr_ranking":0,"_glsr_reviews":0},"product_brand":[],"product_cat":[973,977],"product_tag":[],"class_list":{"0":"post-24832","1":"product","2":"type-product","3":"status-publish","4":"has-post-thumbnail","6":"product_cat-vitamin-c","7":"product_cat-zink","9":"first","10":"instock","11":"shipping-taxable","12":"purchasable","13":"product-type-simple","14":"add-to-wishlist-before_image"},"jetpack_sharing_enabled":true,"_links":{"self":[{"href":"https:\/\/honigbee.com\/cs\/wp-json\/wp\/v2\/product\/24832","targetHints":{"allow":["GET"]}}],"collection":[{"href":"https:\/\/honigbee.com\/cs\/wp-json\/wp\/v2\/product"}],"about":[{"href":"https:\/\/honigbee.com\/cs\/wp-json\/wp\/v2\/types\/product"}],"replies":[{"embeddable":true,"href":"https:\/\/honigbee.com\/cs\/wp-json\/wp\/v2\/comments?post=24832"}],"version-history":[{"count":4,"href":"https:\/\/honigbee.com\/cs\/wp-json\/wp\/v2\/product\/24832\/revisions"}],"predecessor-version":[{"id":43598,"href":"https:\/\/honigbee.com\/cs\/wp-json\/wp\/v2\/product\/24832\/revisions\/43598"}],"wp:featuredmedia":[{"embeddable":true,"href":"https:\/\/honigbee.com\/cs\/wp-json\/wp\/v2\/media\/43595"}],"wp:attachment":[{"href":"https:\/\/honigbee.com\/cs\/wp-json\/wp\/v2\/media?parent=24832"}],"wp:term":[{"taxonomy":"product_brand","embeddable":true,"href":"https:\/\/honigbee.com\/cs\/wp-json\/wp\/v2\/product_brand?post=24832"},{"taxonomy":"product_cat","embeddable":true,"href":"https:\/\/honigbee.com\/cs\/wp-json\/wp\/v2\/product_cat?post=24832"},{"taxonomy":"product_tag","embeddable":true,"href":"https:\/\/honigbee.com\/cs\/wp-json\/wp\/v2\/product_tag?post=24832"}],"curies":[{"name":"wp","href":"https:\/\/api.w.org\/{rel}","templated":true}]}}