{"id":25076,"date":"2025-06-09T11:11:57","date_gmt":"2025-06-09T11:11:57","guid":{"rendered":"https:\/\/honigbee.com\/?post_type=product&#038;p=25076"},"modified":"2026-03-09T21:10:12","modified_gmt":"2026-03-09T21:10:12","slug":"vitamin-b12-tabletten-180","status":"publish","type":"product","link":"https:\/\/honigbee.com\/cs\/produkt\/vitamin-b12-tabletten-180\/","title":{"rendered":"180 Tabletten Vitamin B12 Tabletten 500 \u00b5g Vegane Hochdosierte Tabletten mit Fols\u00e4ure"},"content":{"rendered":"<div id=\"ez-toc-container\" class=\"ez-toc-v2_0_83 counter-hierarchy ez-toc-counter ez-toc-grey ez-toc-container-direction\">\n<div class=\"ez-toc-title-container\">\n<p class=\"ez-toc-title\" style=\"cursor:inherit\">Obsah<\/p>\n<span class=\"ez-toc-title-toggle\"><a href=\"#\" class=\"ez-toc-pull-right ez-toc-btn ez-toc-btn-xs ez-toc-btn-default ez-toc-toggle\" aria-label=\"P\u0159epnout obsah\"><span class=\"ez-toc-js-icon-con\"><span class=\"\"><span class=\"eztoc-hide\" style=\"display:none;\">P\u0159epnout<\/span><span class=\"ez-toc-icon-toggle-span\"><svg style=\"fill: #999;color:#999\" xmlns=\"http:\/\/www.w3.org\/2000\/svg\" class=\"list-377408\" width=\"20px\" height=\"20px\" viewbox=\"0 0 24 24\" fill=\"none\"><path d=\"M6 6H4v2h2V6zm14 0H8v2h12V6zM4 11h2v2H4v-2zm16 0H8v2h12v-2zM4 16h2v2H4v-2zm16 0H8v2h12v-2z\" fill=\"currentColor\"><\/path><\/svg><svg style=\"fill: #999;color:#999\" class=\"arrow-unsorted-368013\" xmlns=\"http:\/\/www.w3.org\/2000\/svg\" width=\"10px\" height=\"10px\" viewbox=\"0 0 24 24\" version=\"1.2\" baseprofile=\"tiny\"><path d=\"M18.2 9.3l-6.2-6.3-6.2 6.3c-.2.2-.3.4-.3.7s.1.5.3.7c.2.2.4.3.7.3h11c.3 0 .5-.1.7-.3.2-.2.3-.5.3-.7s-.1-.5-.3-.7zM5.8 14.7l6.2 6.3 6.2-6.3c.2-.2.3-.5.3-.7s-.1-.5-.3-.7c-.2-.2-.4-.3-.7-.3h-11c-.3 0-.5.1-.7.3-.2.2-.3.5-.3.7s.1.5.3.7z\"\/><\/svg><\/span><\/span><\/span><\/a><\/span><\/div>\n<nav><ul class='ez-toc-list ez-toc-list-level-1' ><li class='ez-toc-page-1 ez-toc-heading-level-4'><a class=\"ez-toc-link ez-toc-heading-1\" href=\"https:\/\/honigbee.com\/cs\/produkt\/vitamin-b12-tabletten-180\/#Produktvorteile\" >V\u00fdhody produktu<\/a><\/li><li class='ez-toc-page-1 ez-toc-heading-level-4'><a class=\"ez-toc-link ez-toc-heading-2\" href=\"https:\/\/honigbee.com\/cs\/produkt\/vitamin-b12-tabletten-180\/#Anwendung\" >Aplikace<\/a><\/li><li class='ez-toc-page-1 ez-toc-heading-level-4'><a class=\"ez-toc-link ez-toc-heading-3\" href=\"https:\/\/honigbee.com\/cs\/produkt\/vitamin-b12-tabletten-180\/#Eigenschaften_von_Vitamin_B12_Folsaure\" >Eigenschaften von Vitamin B12 &amp; Fols\u00e4ure<\/a><\/li><li class='ez-toc-page-1 ez-toc-heading-level-4'><a class=\"ez-toc-link ez-toc-heading-4\" href=\"https:\/\/honigbee.com\/cs\/produkt\/vitamin-b12-tabletten-180\/#Produktdetails\" >Detaily produktu<\/a><\/li><li class='ez-toc-page-1 ez-toc-heading-level-4'><a class=\"ez-toc-link ez-toc-heading-5\" href=\"https:\/\/honigbee.com\/cs\/produkt\/vitamin-b12-tabletten-180\/#Lagerung\" >skladov\u00e1n\u00ed<\/a><\/li><li class='ez-toc-page-1 ez-toc-heading-level-4'><a class=\"ez-toc-link ez-toc-heading-6\" href=\"https:\/\/honigbee.com\/cs\/produkt\/vitamin-b12-tabletten-180\/#Hinweis\" >Ozn\u00e1men\u00ed<\/a><\/li><li class='ez-toc-page-1 ez-toc-heading-level-4'><a class=\"ez-toc-link ez-toc-heading-7\" href=\"https:\/\/honigbee.com\/cs\/produkt\/vitamin-b12-tabletten-180\/#Weitere_Inspiration_entdecken\" >Weitere Inspiration entdecken<\/a><\/li><\/ul><\/nav><\/div>\n<p data-start=\"635\" data-end=\"847\">Ten\/Ta\/To <strong data-start=\"639\" data-end=\"664\">Vitamin B12 Tabletten<\/strong> enthalten 500 \u00b5g Vitamin B12 pro Tagesdosis sowie zus\u00e4tzlich 200 \u00b5g Fols\u00e4ure. Die Kombination dieser Mikron\u00e4hrstoffe wird h\u00e4ufig zur Erg\u00e4nzung einer ausgewogenen Ern\u00e4hrung verwendet.<\/p>\n<p data-start=\"849\" data-end=\"1038\">Vitamin B12 und Fols\u00e4ure tragen zu verschiedenen wichtigen Funktionen im K\u00f6rper bei, darunter der Energiestoffwechsel, die Funktion des Nervensystems sowie die Bildung roter Blutk\u00f6rperchen.<\/p>\n<hr data-start=\"1040\" data-end=\"1043\" \/>\n<h4 data-start=\"1045\" data-end=\"1065\"><span class=\"ez-toc-section\" id=\"Produktvorteile\"><\/span>V\u00fdhody produktu<span class=\"ez-toc-section-end\"><\/span><\/h4>\n<p data-start=\"1067\" data-end=\"1239\">\u2022 180 vegane Vitamin B12 Tabletten<br data-start=\"1101\" data-end=\"1104\" \/>\u2022 500 \u00b5g Vitamin B12 pro Tablette<br data-start=\"1137\" data-end=\"1140\" \/>\u2022 200 \u00b5g Fols\u00e4ure pro Tablette<br data-start=\"1170\" data-end=\"1173\" \/>\u2022 Hochdosierte Rezeptur<br data-start=\"1196\" data-end=\"1199\" \/>\u2022 Vegan und ohne unn\u00f6tige Zusatzstoffe<\/p>\n<hr data-start=\"1241\" data-end=\"1244\" \/>\n<h4 data-start=\"1246\" data-end=\"1260\"><span class=\"ez-toc-section\" id=\"Anwendung\"><\/span>Aplikace<span class=\"ez-toc-section-end\"><\/span><\/h4>\n<p data-start=\"1262\" data-end=\"1407\">Die Tabletten k\u00f6nnen t\u00e4glich entsprechend der empfohlenen Verzehrmenge mit ausreichend Wasser eingenommen werden, vorzugsweise zu einer Mahlzeit.<\/p>\n<hr data-start=\"1409\" data-end=\"1412\" \/>\n<h4 data-start=\"1414\" data-end=\"1459\"><span class=\"ez-toc-section\" id=\"Eigenschaften_von_Vitamin_B12_Folsaure\"><\/span>Eigenschaften von Vitamin B12 &amp; Fols\u00e4ure<span class=\"ez-toc-section-end\"><\/span><\/h4>\n<p data-start=\"1461\" data-end=\"1500\">Vitamin B12 und Fols\u00e4ure tragen bei zu:<\/p>\n<p data-start=\"1502\" data-end=\"1663\">\u2022 normalem Energiestoffwechsel<br data-start=\"1532\" data-end=\"1535\" \/>\u2022 normaler Funktion des Nervensystems<br data-start=\"1572\" data-end=\"1575\" \/>\u2022 normaler Bildung roter Blutk\u00f6rperchen<br data-start=\"1614\" data-end=\"1617\" \/>\u2022 Verringerung von M\u00fcdigkeit und Ersch\u00f6pfung<\/p>\n<hr data-start=\"1665\" data-end=\"1668\" \/>\n<h4 data-start=\"1670\" data-end=\"1689\"><span class=\"ez-toc-section\" id=\"Produktdetails\"><\/span>Detaily produktu<span class=\"ez-toc-section-end\"><\/span><\/h4>\n<p data-start=\"1691\" data-end=\"1716\">Obsah: <strong data-start=\"1699\" data-end=\"1716\">180 tablet<\/strong><\/p>\n<p data-start=\"1718\" data-end=\"1740\">Forma: Vegansk\u00e9 tablety<\/p>\n<p data-start=\"1742\" data-end=\"1806\">Dosierung pro Tablette:<br data-start=\"1765\" data-end=\"1768\" \/>500 \u00b5g Vitamin B12<br data-start=\"1786\" data-end=\"1789\" \/>200 \u00b5g Fols\u00e4ure<\/p>\n<p data-start=\"1808\" data-end=\"1845\">Vegan und ohne unn\u00f6tige Zusatzstoffe.<\/p>\n<hr data-start=\"1847\" data-end=\"1850\" \/>\n<h4 data-start=\"1852\" data-end=\"1865\"><span class=\"ez-toc-section\" id=\"Lagerung\"><\/span>skladov\u00e1n\u00ed<span class=\"ez-toc-section-end\"><\/span><\/h4>\n<p data-start=\"1867\" data-end=\"1959\">Skladujte na chladn\u00e9m a such\u00e9m m\u00edst\u011b mimo dosah sv\u011btla.<br data-start=\"1907\" data-end=\"1910\" \/>Au\u00dferhalb der Reichweite von Kindern aufbewahren.<\/p>\n<hr data-start=\"1961\" data-end=\"1964\" \/>\n<h4 data-start=\"1966\" data-end=\"1978\"><span class=\"ez-toc-section\" id=\"Hinweis\"><\/span>Ozn\u00e1men\u00ed<span class=\"ez-toc-section-end\"><\/span><\/h4>\n<p data-start=\"1980\" data-end=\"2132\">Nahrungserg\u00e4nzungsmittel sollten nicht als Ersatz f\u00fcr eine abwechslungsreiche und ausgewogene Ern\u00e4hrung sowie eine gesunde Lebensweise verwendet werden.<\/p>\n<hr data-start=\"1683\" data-end=\"1686\" \/>\n<h4 data-start=\"413\" data-end=\"449\"><span class=\"ez-toc-section\" id=\"Weitere_Inspiration_entdecken\"><\/span>Weitere Inspiration entdecken<span class=\"ez-toc-section-end\"><\/span><\/h4>\n<p data-start=\"450\" data-end=\"582\">Du suchst weitere besondere Produkte? Entdecke zus\u00e4tzliche Highlights in unserem Sortiment oder st\u00f6bere in unseren Partnerprojekten:<\/p>\n<ul data-start=\"584\" data-end=\"920\">\n<li data-start=\"584\" data-end=\"656\"><a href=\"https:\/\/honigbee.com\/cs\/shop\/\">Weitere Naturprodukte bei Honigbee entdecken<\/a><\/li>\n<li data-start=\"657\" data-end=\"783\">\n<p data-start=\"659\" data-end=\"783\"><a href=\"https:\/\/matvana.com\/shop\/\" target=\"_blank\" rel=\"noopener\">Stilvolle Wohnideen bei Matvana ansehen<\/a><\/p>\n<\/li>\n<li data-start=\"784\" data-end=\"920\">\n<p data-start=\"786\" data-end=\"920\"><a href=\"https:\/\/saphirsmaragd.com\/shop\/\" target=\"_blank\" rel=\"noopener\">Edelsteine &amp; Schmuck bei Saphir &amp; Smaragd ansehen<\/a><\/p>\n<\/li>\n<\/ul>\n<hr data-start=\"1931\" data-end=\"1934\" \/>\n<p>Produktbilder dienen der Veranschaulichung. Verpackungsdesign kann abweichen.<\/p>","protected":false},"excerpt":{"rendered":"<p data-start=\"361\" data-end=\"531\"><em>Vitamin B12 Tabletten mit 500 \u00b5g Vitamin B12 und 200 \u00b5g Fols\u00e4ure. 180 vegane Tabletten hochdosiert.<\/em><\/p>","protected":false},"featured_media":43582,"comment_status":"open","ping_status":"closed","template":"","meta":{"_glsr_average":0,"_glsr_ranking":0,"_glsr_reviews":0},"product_brand":[],"product_cat":[1021],"product_tag":[],"class_list":{"0":"post-25076","1":"product","2":"type-product","3":"status-publish","4":"has-post-thumbnail","6":"product_cat-vitamin-b12","8":"first","9":"instock","10":"shipping-taxable","11":"purchasable","12":"product-type-simple","13":"add-to-wishlist-before_image"},"jetpack_sharing_enabled":true,"_links":{"self":[{"href":"https:\/\/honigbee.com\/cs\/wp-json\/wp\/v2\/product\/25076","targetHints":{"allow":["GET"]}}],"collection":[{"href":"https:\/\/honigbee.com\/cs\/wp-json\/wp\/v2\/product"}],"about":[{"href":"https:\/\/honigbee.com\/cs\/wp-json\/wp\/v2\/types\/product"}],"replies":[{"embeddable":true,"href":"https:\/\/honigbee.com\/cs\/wp-json\/wp\/v2\/comments?post=25076"}],"version-history":[{"count":3,"href":"https:\/\/honigbee.com\/cs\/wp-json\/wp\/v2\/product\/25076\/revisions"}],"predecessor-version":[{"id":43583,"href":"https:\/\/honigbee.com\/cs\/wp-json\/wp\/v2\/product\/25076\/revisions\/43583"}],"wp:featuredmedia":[{"embeddable":true,"href":"https:\/\/honigbee.com\/cs\/wp-json\/wp\/v2\/media\/43582"}],"wp:attachment":[{"href":"https:\/\/honigbee.com\/cs\/wp-json\/wp\/v2\/media?parent=25076"}],"wp:term":[{"taxonomy":"product_brand","embeddable":true,"href":"https:\/\/honigbee.com\/cs\/wp-json\/wp\/v2\/product_brand?post=25076"},{"taxonomy":"product_cat","embeddable":true,"href":"https:\/\/honigbee.com\/cs\/wp-json\/wp\/v2\/product_cat?post=25076"},{"taxonomy":"product_tag","embeddable":true,"href":"https:\/\/honigbee.com\/cs\/wp-json\/wp\/v2\/product_tag?post=25076"}],"curies":[{"name":"wp","href":"https:\/\/api.w.org\/{rel}","templated":true}]}}