{"id":30306,"date":"2025-09-05T18:14:29","date_gmt":"2025-09-05T18:14:29","guid":{"rendered":"https:\/\/honigbee.com\/?post_type=product&#038;p=30306"},"modified":"2026-03-16T19:30:50","modified_gmt":"2026-03-16T19:30:50","slug":"soumour-honig-aus-jemen-250g","status":"publish","type":"product","link":"https:\/\/honigbee.com\/cs\/produkt\/soumour-honig-aus-jemen-250g\/","title":{"rendered":"250 g Soumour Honey z Jemenu \u2013 tmav\u00fd ak\u00e1ciov\u00fd med z kau\u010dukovn\u00edku, bohat\u00fd na \u017eelezo"},"content":{"rendered":"<div id=\"ez-toc-container\" class=\"ez-toc-v2_0_83 counter-hierarchy ez-toc-counter ez-toc-grey ez-toc-container-direction\">\n<div class=\"ez-toc-title-container\">\n<p class=\"ez-toc-title\" style=\"cursor:inherit\">Obsah<\/p>\n<span class=\"ez-toc-title-toggle\"><a href=\"#\" class=\"ez-toc-pull-right ez-toc-btn ez-toc-btn-xs ez-toc-btn-default ez-toc-toggle\" aria-label=\"P\u0159epnout obsah\"><span class=\"ez-toc-js-icon-con\"><span class=\"\"><span class=\"eztoc-hide\" style=\"display:none;\">P\u0159epnout<\/span><span class=\"ez-toc-icon-toggle-span\"><svg style=\"fill: #999;color:#999\" xmlns=\"http:\/\/www.w3.org\/2000\/svg\" class=\"list-377408\" width=\"20px\" height=\"20px\" viewbox=\"0 0 24 24\" fill=\"none\"><path d=\"M6 6H4v2h2V6zm14 0H8v2h12V6zM4 11h2v2H4v-2zm16 0H8v2h12v-2zM4 16h2v2H4v-2zm16 0H8v2h12v-2z\" fill=\"currentColor\"><\/path><\/svg><svg style=\"fill: #999;color:#999\" class=\"arrow-unsorted-368013\" xmlns=\"http:\/\/www.w3.org\/2000\/svg\" width=\"10px\" height=\"10px\" viewbox=\"0 0 24 24\" version=\"1.2\" baseprofile=\"tiny\"><path d=\"M18.2 9.3l-6.2-6.3-6.2 6.3c-.2.2-.3.4-.3.7s.1.5.3.7c.2.2.4.3.7.3h11c.3 0 .5-.1.7-.3.2-.2.3-.5.3-.7s-.1-.5-.3-.7zM5.8 14.7l6.2 6.3 6.2-6.3c.2-.2.3-.5.3-.7s-.1-.5-.3-.7c-.2-.2-.4-.3-.7-.3h-11c-.3 0-.5.1-.7.3-.2.2-.3.5-.3.7s.1.5.3.7z\"\/><\/svg><\/span><\/span><\/span><\/a><\/span><\/div>\n<nav><ul class='ez-toc-list ez-toc-list-level-1' ><li class='ez-toc-page-1 ez-toc-heading-level-4'><a class=\"ez-toc-link ez-toc-heading-1\" href=\"https:\/\/honigbee.com\/cs\/produkt\/soumour-honig-aus-jemen-250g\/#250_g_Soumour_Honig_aus_Jemen_%E2%80%93_einzigartig_dunkel_und_kraftvoll\" >250 g Soumour Honig aus Jemen \u2013 einzigartig, dunkel und kraftvoll<\/a><\/li><li class='ez-toc-page-1 ez-toc-heading-level-4'><a class=\"ez-toc-link ez-toc-heading-2\" href=\"https:\/\/honigbee.com\/cs\/produkt\/soumour-honig-aus-jemen-250g\/#Merkmale_Herkunft\" >Charakteristika a p\u016fvod<\/a><\/li><li class='ez-toc-page-1 ez-toc-heading-level-4'><a class=\"ez-toc-link ez-toc-heading-3\" href=\"https:\/\/honigbee.com\/cs\/produkt\/soumour-honig-aus-jemen-250g\/#Besonderheiten\" >Speci\u00e1ln\u00ed funkce<\/a><\/li><li class='ez-toc-page-1 ez-toc-heading-level-4'><a class=\"ez-toc-link ez-toc-heading-4\" href=\"https:\/\/honigbee.com\/cs\/produkt\/soumour-honig-aus-jemen-250g\/#Weitere_Inspiration_entdecken\" >Weitere Inspiration entdecken<\/a><\/li><\/ul><\/nav><\/div>\n<h4 data-start=\"834\" data-end=\"906\"><span class=\"ez-toc-section\" id=\"250_g_Soumour_Honig_aus_Jemen_%E2%80%93_einzigartig_dunkel_und_kraftvoll\"><\/span>250 g Soumour Honig aus Jemen \u2013 einzigartig, dunkel und kraftvoll<span class=\"ez-toc-section-end\"><\/span><\/h4>\n<p data-start=\"907\" data-end=\"1148\">Dieser seltene Honig stammt aus dem S\u00fcden des Jemen und wird aus dem Bl\u00fctennektar des Akazien-Gummibaums (Soumour) gewonnen. Sein kr\u00e4ftiger, w\u00fcrziger Geschmack und die dunkle Farbe machen ihn zu einer echten Spezialit\u00e4t f\u00fcr Honigliebhaber.<\/p>\n<hr data-start=\"1150\" data-end=\"1153\" \/>\n<h4 data-start=\"1155\" data-end=\"1184\"><span class=\"ez-toc-section\" id=\"Merkmale_Herkunft\"><\/span>Charakteristika a p\u016fvod<span class=\"ez-toc-section-end\"><\/span><\/h4>\n<ul data-start=\"1185\" data-end=\"1401\">\n<li data-start=\"1185\" data-end=\"1211\">\n<p data-start=\"1187\" data-end=\"1211\">Produkt: Soumour Honig<\/p>\n<\/li>\n<li data-start=\"1212\" data-end=\"1231\">\n<p data-start=\"1214\" data-end=\"1231\">Herkunft: Jemen<\/p>\n<\/li>\n<li data-start=\"1232\" data-end=\"1272\">\n<p data-start=\"1234\" data-end=\"1272\">Baumart: Akazien-Gummibaum (Soumour)<\/p>\n<\/li>\n<li data-start=\"1273\" data-end=\"1319\">\n<p data-start=\"1275\" data-end=\"1319\">Besonderheit: Dunkle Farbe, reich an Eisen<\/p>\n<\/li>\n<li data-start=\"1320\" data-end=\"1356\">\n<p data-start=\"1322\" data-end=\"1356\">Geschmack: W\u00fcrzig, charaktervoll<\/p>\n<\/li>\n<li data-start=\"1357\" data-end=\"1384\">\n<p data-start=\"1359\" data-end=\"1384\">Velikost balen\u00ed: 250 g<\/p>\n<\/li>\n<\/ul>\n<hr data-start=\"1403\" data-end=\"1406\" \/>\n<h4 data-start=\"1408\" data-end=\"1432\"><span class=\"ez-toc-section\" id=\"Besonderheiten\"><\/span>Speci\u00e1ln\u00ed funkce<span class=\"ez-toc-section-end\"><\/span><\/h4>\n<p data-start=\"1433\" data-end=\"1769\">Ten\/Ta\/To <strong data-start=\"1437\" data-end=\"1470\">250 g Soumour Honig aus Jemen<\/strong> ist nicht nur f\u00fcr seinen intensiven Geschmack bekannt, sondern auch f\u00fcr seine wertvollen Eigenschaften. Dank seines hohen Eisengehalts unterst\u00fctzt er die Blutbildung und kann besonders bei M\u00fcdigkeit und Eisenmangel helfen. Au\u00dferdem wirkt er wohltuend auf die Darmflora und st\u00e4rkt das Immunsystem.<\/p>\n<hr data-start=\"1683\" data-end=\"1686\" \/>\n<h4 data-start=\"413\" data-end=\"449\"><span class=\"ez-toc-section\" id=\"Weitere_Inspiration_entdecken\"><\/span>Weitere Inspiration entdecken<span class=\"ez-toc-section-end\"><\/span><\/h4>\n<p data-start=\"450\" data-end=\"582\">Du suchst weitere besondere Produkte? Entdecke zus\u00e4tzliche Highlights in unserem Sortiment oder st\u00f6bere in unseren Partnerprojekten:<\/p>\n<ul data-start=\"584\" data-end=\"920\">\n<li data-start=\"584\" data-end=\"656\"><a href=\"https:\/\/honigbee.com\/cs\/shop\/\">Weitere Naturprodukte bei Honigbee entdecken<\/a><\/li>\n<li data-start=\"657\" data-end=\"783\">\n<p data-start=\"659\" data-end=\"783\"><a href=\"https:\/\/matvana.com\/shop\/\" target=\"_blank\" rel=\"noopener\">Stilvolle Wohnideen bei Matvana ansehen<\/a><\/p>\n<\/li>\n<li data-start=\"784\" data-end=\"920\">\n<p data-start=\"786\" data-end=\"920\"><a href=\"https:\/\/saphirsmaragd.com\/shop\/\" target=\"_blank\" rel=\"noopener\">Edelsteine &amp; Schmuck bei Saphir &amp; Smaragd ansehen<\/a><\/p>\n<\/li>\n<\/ul>\n<hr data-start=\"1931\" data-end=\"1934\" \/>\n<p>Produktbilder dienen der Veranschaulichung. Verpackungsdesign kann abweichen.<\/p>","protected":false},"excerpt":{"rendered":"<p data-start=\"427\" data-end=\"687\"><em>Entdecke den seltenen 250 g Soumour Honig aus Jemen: ein dunkler Akazien-Gummibaumhonig, reich an Eisen und bekannt f\u00fcr seinen w\u00fcrzigen Geschmack. Ideal zur Unterst\u00fctzung der Darmflora und als Energiequelle im Alltag.<\/em><\/p>\n<p data-start=\"876\" data-end=\"961\">","protected":false},"featured_media":43850,"comment_status":"open","ping_status":"closed","template":"","meta":{"_glsr_average":0,"_glsr_ranking":0,"_glsr_reviews":0},"product_brand":[],"product_cat":[1409,1408],"product_tag":[],"class_list":{"0":"post-30306","1":"product","2":"type-product","3":"status-publish","4":"has-post-thumbnail","6":"product_cat-jemen-honig","7":"product_cat-soumour-honig","9":"first","10":"instock","11":"shipping-taxable","12":"purchasable","13":"product-type-simple","14":"add-to-wishlist-before_image"},"jetpack_sharing_enabled":true,"_links":{"self":[{"href":"https:\/\/honigbee.com\/cs\/wp-json\/wp\/v2\/product\/30306","targetHints":{"allow":["GET"]}}],"collection":[{"href":"https:\/\/honigbee.com\/cs\/wp-json\/wp\/v2\/product"}],"about":[{"href":"https:\/\/honigbee.com\/cs\/wp-json\/wp\/v2\/types\/product"}],"replies":[{"embeddable":true,"href":"https:\/\/honigbee.com\/cs\/wp-json\/wp\/v2\/comments?post=30306"}],"version-history":[{"count":5,"href":"https:\/\/honigbee.com\/cs\/wp-json\/wp\/v2\/product\/30306\/revisions"}],"predecessor-version":[{"id":43851,"href":"https:\/\/honigbee.com\/cs\/wp-json\/wp\/v2\/product\/30306\/revisions\/43851"}],"wp:featuredmedia":[{"embeddable":true,"href":"https:\/\/honigbee.com\/cs\/wp-json\/wp\/v2\/media\/43850"}],"wp:attachment":[{"href":"https:\/\/honigbee.com\/cs\/wp-json\/wp\/v2\/media?parent=30306"}],"wp:term":[{"taxonomy":"product_brand","embeddable":true,"href":"https:\/\/honigbee.com\/cs\/wp-json\/wp\/v2\/product_brand?post=30306"},{"taxonomy":"product_cat","embeddable":true,"href":"https:\/\/honigbee.com\/cs\/wp-json\/wp\/v2\/product_cat?post=30306"},{"taxonomy":"product_tag","embeddable":true,"href":"https:\/\/honigbee.com\/cs\/wp-json\/wp\/v2\/product_tag?post=30306"}],"curies":[{"name":"wp","href":"https:\/\/api.w.org\/{rel}","templated":true}]}}