{"id":30321,"date":"2025-09-05T18:32:16","date_gmt":"2025-09-05T18:32:16","guid":{"rendered":"https:\/\/honigbee.com\/?post_type=product&#038;p=30321"},"modified":"2026-03-16T19:21:10","modified_gmt":"2026-03-16T19:21:10","slug":"sidr-honig-aus-peschawar-250g","status":"publish","type":"product","link":"https:\/\/honigbee.com\/cs\/produkt\/sidr-honig-aus-peschawar-250g\/","title":{"rendered":"250 g medu Sidr z P\u00e9\u0161\u00e1varu \u2013 jemn\u00fd jujubov\u00fd med z P\u00e1kist\u00e1nu"},"content":{"rendered":"<div id=\"ez-toc-container\" class=\"ez-toc-v2_0_83 counter-hierarchy ez-toc-counter ez-toc-grey ez-toc-container-direction\">\n<div class=\"ez-toc-title-container\">\n<p class=\"ez-toc-title\" style=\"cursor:inherit\">Obsah<\/p>\n<span class=\"ez-toc-title-toggle\"><a href=\"#\" class=\"ez-toc-pull-right ez-toc-btn ez-toc-btn-xs ez-toc-btn-default ez-toc-toggle\" aria-label=\"P\u0159epnout obsah\"><span class=\"ez-toc-js-icon-con\"><span class=\"\"><span class=\"eztoc-hide\" style=\"display:none;\">P\u0159epnout<\/span><span class=\"ez-toc-icon-toggle-span\"><svg style=\"fill: #999;color:#999\" xmlns=\"http:\/\/www.w3.org\/2000\/svg\" class=\"list-377408\" width=\"20px\" height=\"20px\" viewbox=\"0 0 24 24\" fill=\"none\"><path d=\"M6 6H4v2h2V6zm14 0H8v2h12V6zM4 11h2v2H4v-2zm16 0H8v2h12v-2zM4 16h2v2H4v-2zm16 0H8v2h12v-2z\" fill=\"currentColor\"><\/path><\/svg><svg style=\"fill: #999;color:#999\" class=\"arrow-unsorted-368013\" xmlns=\"http:\/\/www.w3.org\/2000\/svg\" width=\"10px\" height=\"10px\" viewbox=\"0 0 24 24\" version=\"1.2\" baseprofile=\"tiny\"><path d=\"M18.2 9.3l-6.2-6.3-6.2 6.3c-.2.2-.3.4-.3.7s.1.5.3.7c.2.2.4.3.7.3h11c.3 0 .5-.1.7-.3.2-.2.3-.5.3-.7s-.1-.5-.3-.7zM5.8 14.7l6.2 6.3 6.2-6.3c.2-.2.3-.5.3-.7s-.1-.5-.3-.7c-.2-.2-.4-.3-.7-.3h-11c-.3 0-.5.1-.7.3-.2.2-.3.5-.3.7s.1.5.3.7z\"\/><\/svg><\/span><\/span><\/span><\/a><\/span><\/div>\n<nav><ul class='ez-toc-list ez-toc-list-level-1' ><li class='ez-toc-page-1 ez-toc-heading-level-4'><a class=\"ez-toc-link ez-toc-heading-1\" href=\"https:\/\/honigbee.com\/cs\/produkt\/sidr-honig-aus-peschawar-250g\/#250_g_Sidr_Honig_aus_Peschawar_%E2%80%93_fein_sus_und_nahrhaft\" >250 g medu Sidr z P\u00e9\u0161\u00e1varu \u2013 jemn\u00fd, sladk\u00fd a v\u00fd\u017eivn\u00fd<\/a><\/li><li class='ez-toc-page-1 ez-toc-heading-level-4'><a class=\"ez-toc-link ez-toc-heading-2\" href=\"https:\/\/honigbee.com\/cs\/produkt\/sidr-honig-aus-peschawar-250g\/#Merkmale_Herkunft\" >Charakteristika a p\u016fvod<\/a><\/li><li class='ez-toc-page-1 ez-toc-heading-level-4'><a class=\"ez-toc-link ez-toc-heading-3\" href=\"https:\/\/honigbee.com\/cs\/produkt\/sidr-honig-aus-peschawar-250g\/#Besonderheiten\" >Speci\u00e1ln\u00ed funkce<\/a><\/li><li class='ez-toc-page-1 ez-toc-heading-level-4'><a class=\"ez-toc-link ez-toc-heading-4\" href=\"https:\/\/honigbee.com\/cs\/produkt\/sidr-honig-aus-peschawar-250g\/#Weitere_Inspiration_entdecken\" >Weitere Inspiration entdecken<\/a><\/li><\/ul><\/nav><\/div>\n<h4 data-start=\"840\" data-end=\"902\"><span class=\"ez-toc-section\" id=\"250_g_Sidr_Honig_aus_Peschawar_%E2%80%93_fein_sus_und_nahrhaft\"><\/span>250 g medu Sidr z P\u00e9\u0161\u00e1varu \u2013 jemn\u00fd, sladk\u00fd a v\u00fd\u017eivn\u00fd<span class=\"ez-toc-section-end\"><\/span><\/h4>\n<p data-start=\"903\" data-end=\"1171\">Tento med poch\u00e1z\u00ed z kv\u011bt\u016f jujuby v oblasti P\u00e9\u0161\u00e1var v P\u00e1kist\u00e1nu. Je zn\u00e1m\u00fd svou jemnou v\u016fn\u00ed, sladkou chut\u00ed a vysokou kvalitou. V P\u00e1kist\u00e1nu je med Sidr po stalet\u00ed cen\u011bn pro sv\u00e9 zvl\u00e1\u0161tn\u00ed vlastnosti.<\/p>\n<hr data-start=\"1173\" data-end=\"1176\" \/>\n<h4 data-start=\"1178\" data-end=\"1207\"><span class=\"ez-toc-section\" id=\"Merkmale_Herkunft\"><\/span>Charakteristika a p\u016fvod<span class=\"ez-toc-section-end\"><\/span><\/h4>\n<ul data-start=\"1208\" data-end=\"1449\">\n<li data-start=\"1208\" data-end=\"1245\">\n<p data-start=\"1210\" data-end=\"1245\">Produkt: Sidr med (jujubov\u00fd med)<\/p>\n<\/li>\n<li data-start=\"1246\" data-end=\"1286\">\n<p data-start=\"1248\" data-end=\"1286\">P\u016fvod: P\u00e1kist\u00e1n, oblast P\u00e9\u0161\u00e1varu<\/p>\n<\/li>\n<li data-start=\"1287\" data-end=\"1322\">\n<p data-start=\"1289\" data-end=\"1322\">Druh stromu: Jujuba (Ziziphus)<\/p>\n<\/li>\n<li data-start=\"1323\" data-end=\"1367\">\n<p data-start=\"1325\" data-end=\"1367\">Zvl\u00e1\u0161tnost: U\u0161lechtil\u00e1, jemn\u00e1 chu\u0165<\/p>\n<\/li>\n<li data-start=\"1368\" data-end=\"1404\">\n<p data-start=\"1370\" data-end=\"1404\">Chu\u0165: Sladk\u00e1, aromatick\u00e1, jemn\u00e1<\/p>\n<\/li>\n<li data-start=\"1405\" data-end=\"1432\">\n<p data-start=\"1407\" data-end=\"1432\">Velikost balen\u00ed: 250 g<\/p>\n<\/li>\n<\/ul>\n<hr data-start=\"1451\" data-end=\"1454\" \/>\n<h4 data-start=\"1456\" data-end=\"1480\"><span class=\"ez-toc-section\" id=\"Besonderheiten\"><\/span>Speci\u00e1ln\u00ed funkce<span class=\"ez-toc-section-end\"><\/span><\/h4>\n<p data-start=\"1481\" data-end=\"1773\">Ten\/Ta\/To <strong data-start=\"1485\" data-end=\"1519\">250 g medu Sidr z P\u00e9\u0161\u00e1varu<\/strong> Je bohat\u00fd na \u017eelezo, v\u00e1pn\u00edk a vitam\u00edny A a C. Tradi\u010dn\u011b se pou\u017e\u00edv\u00e1 k l\u00e9\u010db\u011b nachlazen\u00ed a je pova\u017eov\u00e1n za posiluj\u00edc\u00ed p\u0159\u00edrodn\u00ed produkt pro t\u011blo i mysl. Jeho sladk\u00e1 chu\u0165 ho \u010din\u00ed lahodn\u00fdm jak samotn\u00fdm, tak i v \u010daji \u010di s dezerty.<\/p>\n<hr data-start=\"1683\" data-end=\"1686\" \/>\n<h4 data-start=\"413\" data-end=\"449\"><span class=\"ez-toc-section\" id=\"Weitere_Inspiration_entdecken\"><\/span>Weitere Inspiration entdecken<span class=\"ez-toc-section-end\"><\/span><\/h4>\n<p data-start=\"450\" data-end=\"582\">Du suchst weitere besondere Produkte? Entdecke zus\u00e4tzliche Highlights in unserem Sortiment oder st\u00f6bere in unseren Partnerprojekten:<\/p>\n<ul data-start=\"584\" data-end=\"920\">\n<li data-start=\"584\" data-end=\"656\"><a href=\"https:\/\/honigbee.com\/cs\/shop\/\">Weitere Naturprodukte bei Honigbee entdecken<\/a><\/li>\n<li data-start=\"657\" data-end=\"783\">\n<p data-start=\"659\" data-end=\"783\"><a href=\"https:\/\/matvana.com\/shop\/\" target=\"_blank\" rel=\"noopener\">Stilvolle Wohnideen bei Matvana ansehen<\/a><\/p>\n<\/li>\n<li data-start=\"784\" data-end=\"920\">\n<p data-start=\"786\" data-end=\"920\"><a href=\"https:\/\/saphirsmaragd.com\/shop\/\" target=\"_blank\" rel=\"noopener\">Edelsteine &amp; Schmuck bei Saphir &amp; Smaragd ansehen<\/a><\/p>\n<\/li>\n<\/ul>\n<hr data-start=\"1931\" data-end=\"1934\" \/>\n<p>Produktbilder dienen der Veranschaulichung. Verpackungsdesign kann abweichen.<\/p>","protected":false},"excerpt":{"rendered":"<p data-start=\"455\" data-end=\"712\"><em>250g med Sidr z P\u00e9\u0161\u00e1varu poch\u00e1z\u00ed z P\u00e1kist\u00e1nu a zaujme svou jemnou v\u016fn\u00ed a v\u00fdrazn\u011b sladkou chut\u00ed. Je bohat\u00fd na cenn\u00e9 miner\u00e1ly a je ide\u00e1ln\u00ed pro pos\u00edlen\u00ed imunitn\u00edho syst\u00e9mu.<\/em><\/p>\n<p data-start=\"714\" data-end=\"806\">","protected":false},"featured_media":43845,"comment_status":"open","ping_status":"closed","template":"","meta":{"_glsr_average":0,"_glsr_ranking":0,"_glsr_reviews":0},"product_brand":[],"product_cat":[69],"product_tag":[],"class_list":{"0":"post-30321","1":"product","2":"type-product","3":"status-publish","4":"has-post-thumbnail","6":"product_cat-sidr-honig","8":"first","9":"instock","10":"shipping-taxable","11":"purchasable","12":"product-type-simple","13":"add-to-wishlist-before_image"},"jetpack_sharing_enabled":true,"_links":{"self":[{"href":"https:\/\/honigbee.com\/cs\/wp-json\/wp\/v2\/product\/30321","targetHints":{"allow":["GET"]}}],"collection":[{"href":"https:\/\/honigbee.com\/cs\/wp-json\/wp\/v2\/product"}],"about":[{"href":"https:\/\/honigbee.com\/cs\/wp-json\/wp\/v2\/types\/product"}],"replies":[{"embeddable":true,"href":"https:\/\/honigbee.com\/cs\/wp-json\/wp\/v2\/comments?post=30321"}],"version-history":[{"count":5,"href":"https:\/\/honigbee.com\/cs\/wp-json\/wp\/v2\/product\/30321\/revisions"}],"predecessor-version":[{"id":43846,"href":"https:\/\/honigbee.com\/cs\/wp-json\/wp\/v2\/product\/30321\/revisions\/43846"}],"wp:featuredmedia":[{"embeddable":true,"href":"https:\/\/honigbee.com\/cs\/wp-json\/wp\/v2\/media\/43845"}],"wp:attachment":[{"href":"https:\/\/honigbee.com\/cs\/wp-json\/wp\/v2\/media?parent=30321"}],"wp:term":[{"taxonomy":"product_brand","embeddable":true,"href":"https:\/\/honigbee.com\/cs\/wp-json\/wp\/v2\/product_brand?post=30321"},{"taxonomy":"product_cat","embeddable":true,"href":"https:\/\/honigbee.com\/cs\/wp-json\/wp\/v2\/product_cat?post=30321"},{"taxonomy":"product_tag","embeddable":true,"href":"https:\/\/honigbee.com\/cs\/wp-json\/wp\/v2\/product_tag?post=30321"}],"curies":[{"name":"wp","href":"https:\/\/api.w.org\/{rel}","templated":true}]}}