{"id":45201,"date":"2026-05-08T13:46:01","date_gmt":"2026-05-08T13:46:01","guid":{"rendered":"https:\/\/honigbee.com\/?post_type=product&#038;p=45201"},"modified":"2026-05-08T13:51:13","modified_gmt":"2026-05-08T13:51:13","slug":"votivkerze-dolly-blue-duftkerze-im-glas-mit-frischem-sanftem-duft-aus-sojawachs-ca-9-5-x-9-5-x-9-5-cm","status":"publish","type":"product","link":"https:\/\/honigbee.com\/cs\/produkt\/votivkerze-dolly-blue-duftkerze-im-glas-mit-frischem-sanftem-duft-aus-sojawachs-ca-9-5-x-9-5-x-9-5-cm\/","title":{"rendered":"Votivkerze Dolly Blue \u2013 Duftkerze im Glas mit frischem, sanftem Duft aus Sojawachs ca. 9.5 x 9.5 x 9.5 cm"},"content":{"rendered":"<div id=\"ez-toc-container\" class=\"ez-toc-v2_0_83 counter-hierarchy ez-toc-counter ez-toc-grey ez-toc-container-direction\">\n<div class=\"ez-toc-title-container\">\n<p class=\"ez-toc-title\" style=\"cursor:inherit\">Obsah<\/p>\n<span class=\"ez-toc-title-toggle\"><a href=\"#\" class=\"ez-toc-pull-right ez-toc-btn ez-toc-btn-xs ez-toc-btn-default ez-toc-toggle\" aria-label=\"P\u0159epnout obsah\"><span class=\"ez-toc-js-icon-con\"><span class=\"\"><span class=\"eztoc-hide\" style=\"display:none;\">P\u0159epnout<\/span><span class=\"ez-toc-icon-toggle-span\"><svg style=\"fill: #999;color:#999\" xmlns=\"http:\/\/www.w3.org\/2000\/svg\" class=\"list-377408\" width=\"20px\" height=\"20px\" viewbox=\"0 0 24 24\" fill=\"none\"><path d=\"M6 6H4v2h2V6zm14 0H8v2h12V6zM4 11h2v2H4v-2zm16 0H8v2h12v-2zM4 16h2v2H4v-2zm16 0H8v2h12v-2z\" fill=\"currentColor\"><\/path><\/svg><svg style=\"fill: #999;color:#999\" class=\"arrow-unsorted-368013\" xmlns=\"http:\/\/www.w3.org\/2000\/svg\" width=\"10px\" height=\"10px\" viewbox=\"0 0 24 24\" version=\"1.2\" baseprofile=\"tiny\"><path d=\"M18.2 9.3l-6.2-6.3-6.2 6.3c-.2.2-.3.4-.3.7s.1.5.3.7c.2.2.4.3.7.3h11c.3 0 .5-.1.7-.3.2-.2.3-.5.3-.7s-.1-.5-.3-.7zM5.8 14.7l6.2 6.3 6.2-6.3c.2-.2.3-.5.3-.7s-.1-.5-.3-.7c-.2-.2-.4-.3-.7-.3h-11c-.3 0-.5.1-.7.3-.2.2-.3.5-.3.7s.1.5.3.7z\"\/><\/svg><\/span><\/span><\/span><\/a><\/span><\/div>\n<nav><ul class='ez-toc-list ez-toc-list-level-1' ><li class='ez-toc-page-1 ez-toc-heading-level-4'><a class=\"ez-toc-link ez-toc-heading-1\" href=\"https:\/\/honigbee.com\/cs\/produkt\/votivkerze-dolly-blue-duftkerze-im-glas-mit-frischem-sanftem-duft-aus-sojawachs-ca-9-5-x-9-5-x-9-5-cm\/#Votivkerze_Dolly_Blue_fur_eine_frische_entspannte_Atmosphare\" >Votivkerze Dolly Blue f\u00fcr eine frische &amp; entspannte Atmosph\u00e4re<\/a><\/li><li class='ez-toc-page-1 ez-toc-heading-level-4'><a class=\"ez-toc-link ez-toc-heading-2\" href=\"https:\/\/honigbee.com\/cs\/produkt\/votivkerze-dolly-blue-duftkerze-im-glas-mit-frischem-sanftem-duft-aus-sojawachs-ca-9-5-x-9-5-x-9-5-cm\/#Leichter_Duft_fur_Wohlbefinden_Ruhe\" >Leichter Duft f\u00fcr Wohlbefinden &amp; Ruhe<\/a><\/li><li class='ez-toc-page-1 ez-toc-heading-level-4'><a class=\"ez-toc-link ez-toc-heading-3\" href=\"https:\/\/honigbee.com\/cs\/produkt\/votivkerze-dolly-blue-duftkerze-im-glas-mit-frischem-sanftem-duft-aus-sojawachs-ca-9-5-x-9-5-x-9-5-cm\/#Modernes_Glasdesign_als_stilvolles_Wohnaccessoire\" >Modernes Glasdesign als stilvolles Wohnaccessoire<\/a><\/li><li class='ez-toc-page-1 ez-toc-heading-level-4'><a class=\"ez-toc-link ez-toc-heading-4\" href=\"https:\/\/honigbee.com\/cs\/produkt\/votivkerze-dolly-blue-duftkerze-im-glas-mit-frischem-sanftem-duft-aus-sojawachs-ca-9-5-x-9-5-x-9-5-cm\/#Naturliches_Sojawachs_fur_saubere_Verbrennung\" >Nat\u00fcrliches Sojawachs f\u00fcr saubere Verbrennung<\/a><\/li><li class='ez-toc-page-1 ez-toc-heading-level-4'><a class=\"ez-toc-link ez-toc-heading-5\" href=\"https:\/\/honigbee.com\/cs\/produkt\/votivkerze-dolly-blue-duftkerze-im-glas-mit-frischem-sanftem-duft-aus-sojawachs-ca-9-5-x-9-5-x-9-5-cm\/#Perfekt_als_Geschenk_oder_fur_den_Alltag\" >Perfekt als Geschenk oder f\u00fcr den Alltag<\/a><\/li><li class='ez-toc-page-1 ez-toc-heading-level-4'><a class=\"ez-toc-link ez-toc-heading-6\" href=\"https:\/\/honigbee.com\/cs\/produkt\/votivkerze-dolly-blue-duftkerze-im-glas-mit-frischem-sanftem-duft-aus-sojawachs-ca-9-5-x-9-5-x-9-5-cm\/#Produktdetails\" >Detaily produktu<\/a><\/li><li class='ez-toc-page-1 ez-toc-heading-level-4'><a class=\"ez-toc-link ez-toc-heading-7\" href=\"https:\/\/honigbee.com\/cs\/produkt\/votivkerze-dolly-blue-duftkerze-im-glas-mit-frischem-sanftem-duft-aus-sojawachs-ca-9-5-x-9-5-x-9-5-cm\/#Weitere_Inspiration_entdecken\" >Weitere Inspiration entdecken<\/a><\/li><\/ul><\/nav><\/div>\n<h4 data-start=\"664\" data-end=\"733\"><span class=\"ez-toc-section\" id=\"Votivkerze_Dolly_Blue_fur_eine_frische_entspannte_Atmosphare\"><\/span>Votivkerze Dolly Blue f\u00fcr eine frische &amp; entspannte Atmosph\u00e4re<span class=\"ez-toc-section-end\"><\/span><\/h4>\n<p data-start=\"734\" data-end=\"891\">Die Votivkerze Dolly Blue verleiht Ihrem Zuhause mit ihrem sanften, frischen Duft eine angenehme und beruhigende Stimmung \u2013 perfekt f\u00fcr t\u00e4gliche Entspannung.<\/p>\n<hr data-start=\"893\" data-end=\"896\" \/>\n<h4 data-start=\"898\" data-end=\"942\"><span class=\"ez-toc-section\" id=\"Leichter_Duft_fur_Wohlbefinden_Ruhe\"><\/span>Leichter Duft f\u00fcr Wohlbefinden &amp; Ruhe<span class=\"ez-toc-section-end\"><\/span><\/h4>\n<p data-start=\"943\" data-end=\"1093\">Die dezente Duftkomposition sorgt f\u00fcr ein ausgewogenes Raumklima und eignet sich ideal f\u00fcr Wohnzimmer, Schlafzimmer oder ruhige Momente zwischendurch.<\/p>\n<hr data-start=\"1095\" data-end=\"1098\" \/>\n<h4 data-start=\"1100\" data-end=\"1156\"><span class=\"ez-toc-section\" id=\"Modernes_Glasdesign_als_stilvolles_Wohnaccessoire\"><\/span>Modernes Glasdesign als stilvolles Wohnaccessoire<span class=\"ez-toc-section-end\"><\/span><\/h4>\n<p data-start=\"1157\" data-end=\"1294\">Das schlichte Glasdesign macht diese Kerze zu einem eleganten Dekoelement, das sich harmonisch in verschiedene Einrichtungsstile einf\u00fcgt.<\/p>\n<hr data-start=\"1296\" data-end=\"1299\" \/>\n<h4 data-start=\"1301\" data-end=\"1353\"><span class=\"ez-toc-section\" id=\"Naturliches_Sojawachs_fur_saubere_Verbrennung\"><\/span>Nat\u00fcrliches Sojawachs f\u00fcr saubere Verbrennung<span class=\"ez-toc-section-end\"><\/span><\/h4>\n<p data-start=\"1354\" data-end=\"1495\">Hergestellt aus hochwertigem Sojawachs, brennt die Kerze gleichm\u00e4\u00dfig und nahezu ru\u00dffrei \u2013 eine nachhaltige Alternative zu klassischen Kerzen.<\/p>\n<hr data-start=\"1497\" data-end=\"1500\" \/>\n<h4 data-start=\"1502\" data-end=\"1549\"><span class=\"ez-toc-section\" id=\"Perfekt_als_Geschenk_oder_fur_den_Alltag\"><\/span>Perfekt als Geschenk oder f\u00fcr den Alltag<span class=\"ez-toc-section-end\"><\/span><\/h4>\n<p data-start=\"1550\" data-end=\"1690\">Ob als kleine Aufmerksamkeit oder zur eigenen Entspannung \u2013 diese Duftkerze ist vielseitig einsetzbar und schafft eine angenehme Atmosph\u00e4re.<\/p>\n<hr data-start=\"1692\" data-end=\"1695\" \/>\n<h4 data-start=\"1697\" data-end=\"1718\"><span class=\"ez-toc-section\" id=\"Produktdetails\"><\/span>Detaily produktu<span class=\"ez-toc-section-end\"><\/span><\/h4>\n<p data-start=\"1719\" data-end=\"1911\">Material: Sojawachs | Duft\u00f6l | Glas<br data-start=\"1754\" data-end=\"1757\" \/>Duft: Dolly Blue (frisch &amp; sanft)<br data-start=\"1790\" data-end=\"1793\" \/>Farbe: Wei\u00df<br data-start=\"1804\" data-end=\"1807\" \/>Gr\u00f6\u00dfe: ca. 9.5 x 9.5 x 9.5 cm<br data-start=\"1836\" data-end=\"1839\" \/>Verwendung: Duftkerze | Entspannung | Wohnaccessoire<br data-start=\"1891\" data-end=\"1894\" \/>Herkunft: China<\/p>\n<hr data-start=\"2312\" data-end=\"2315\" \/>\n<h4 data-start=\"413\" data-end=\"449\"><span class=\"ez-toc-section\" id=\"Weitere_Inspiration_entdecken\"><\/span>Weitere Inspiration entdecken<span class=\"ez-toc-section-end\"><\/span><\/h4>\n<p data-start=\"450\" data-end=\"582\">Suchen Sie weitere besondere Produkte? Entdecken Sie zus\u00e4tzliche Highlights in unserem Sortiment oder besuchen Sie unsere Partnerprojekte:<\/p>\n<ul data-start=\"584\" data-end=\"920\">\n<li><a href=\"https:\/\/matvana.com\/shop\/\" target=\"_blank\" rel=\"noopener\">Stilvolle Wohn- &amp; Geschenkideen bei Matvana entdecken<\/a><\/li>\n<li data-start=\"657\" data-end=\"783\">\n<p data-start=\"659\" data-end=\"783\"><a href=\"https:\/\/honigbee.com\/cs\/shop\/\">Nat\u00fcrliche Produkte bei Honigbee ansehen<br \/>\n<\/a><\/p>\n<\/li>\n<li><a href=\"https:\/\/saphirsmaragd.com\/shop\/\" target=\"_blank\" rel=\"noopener\">Edelsteine &amp; Schmuckst\u00fccke bei Saphir &amp; Smaragd entdecken<\/a><\/li>\n<\/ul>","protected":false},"excerpt":{"rendered":"<p data-start=\"350\" data-end=\"494\"><em>Votivkerze Dolly Blue mit frischem, sanftem Duft aus Sojawachs. Stilvolle Duftkerze im Glas f\u00fcr entspannte Atmosph\u00e4re und moderne Wohnr\u00e4ume.<\/em><\/p>","protected":false},"featured_media":45351,"comment_status":"open","ping_status":"closed","template":"","meta":{"_glsr_average":0,"_glsr_ranking":0,"_glsr_reviews":0},"product_brand":[],"product_cat":[1535],"product_tag":[],"class_list":{"0":"post-45201","1":"product","2":"type-product","3":"status-publish","4":"has-post-thumbnail","6":"product_cat-duftkerzen","8":"first","9":"instock","10":"shipping-taxable","11":"purchasable","12":"product-type-simple","13":"add-to-wishlist-before_image"},"jetpack_sharing_enabled":true,"_links":{"self":[{"href":"https:\/\/honigbee.com\/cs\/wp-json\/wp\/v2\/product\/45201","targetHints":{"allow":["GET"]}}],"collection":[{"href":"https:\/\/honigbee.com\/cs\/wp-json\/wp\/v2\/product"}],"about":[{"href":"https:\/\/honigbee.com\/cs\/wp-json\/wp\/v2\/types\/product"}],"replies":[{"embeddable":true,"href":"https:\/\/honigbee.com\/cs\/wp-json\/wp\/v2\/comments?post=45201"}],"version-history":[{"count":1,"href":"https:\/\/honigbee.com\/cs\/wp-json\/wp\/v2\/product\/45201\/revisions"}],"predecessor-version":[{"id":45352,"href":"https:\/\/honigbee.com\/cs\/wp-json\/wp\/v2\/product\/45201\/revisions\/45352"}],"wp:featuredmedia":[{"embeddable":true,"href":"https:\/\/honigbee.com\/cs\/wp-json\/wp\/v2\/media\/45351"}],"wp:attachment":[{"href":"https:\/\/honigbee.com\/cs\/wp-json\/wp\/v2\/media?parent=45201"}],"wp:term":[{"taxonomy":"product_brand","embeddable":true,"href":"https:\/\/honigbee.com\/cs\/wp-json\/wp\/v2\/product_brand?post=45201"},{"taxonomy":"product_cat","embeddable":true,"href":"https:\/\/honigbee.com\/cs\/wp-json\/wp\/v2\/product_cat?post=45201"},{"taxonomy":"product_tag","embeddable":true,"href":"https:\/\/honigbee.com\/cs\/wp-json\/wp\/v2\/product_tag?post=45201"}],"curies":[{"name":"wp","href":"https:\/\/api.w.org\/{rel}","templated":true}]}}