{"id":8438,"date":"2024-10-06T15:34:10","date_gmt":"2024-10-06T15:34:10","guid":{"rendered":"https:\/\/honigbee.com\/?post_type=product&#038;p=8438"},"modified":"2026-02-27T20:32:40","modified_gmt":"2026-02-27T20:32:40","slug":"jemenitischer-doani-royal-sidr-honig","status":"publish","type":"product","link":"https:\/\/honigbee.com\/cs\/produkt\/jemenitischer-doani-royal-sidr-honig\/","title":{"rendered":"Jemenitischer Do\u2019ani Royal Sidr Honig 400g &#038; 1kg \u2013 Intensiv, Aromatisch &#038; Naturbelassen"},"content":{"rendered":"<div id=\"ez-toc-container\" class=\"ez-toc-v2_0_83 counter-hierarchy ez-toc-counter ez-toc-grey ez-toc-container-direction\">\n<div class=\"ez-toc-title-container\">\n<p class=\"ez-toc-title\" style=\"cursor:inherit\">Obsah<\/p>\n<span class=\"ez-toc-title-toggle\"><a href=\"#\" class=\"ez-toc-pull-right ez-toc-btn ez-toc-btn-xs ez-toc-btn-default ez-toc-toggle\" aria-label=\"P\u0159epnout obsah\"><span class=\"ez-toc-js-icon-con\"><span class=\"\"><span class=\"eztoc-hide\" style=\"display:none;\">P\u0159epnout<\/span><span class=\"ez-toc-icon-toggle-span\"><svg style=\"fill: #999;color:#999\" xmlns=\"http:\/\/www.w3.org\/2000\/svg\" class=\"list-377408\" width=\"20px\" height=\"20px\" viewbox=\"0 0 24 24\" fill=\"none\"><path d=\"M6 6H4v2h2V6zm14 0H8v2h12V6zM4 11h2v2H4v-2zm16 0H8v2h12v-2zM4 16h2v2H4v-2zm16 0H8v2h12v-2z\" fill=\"currentColor\"><\/path><\/svg><svg style=\"fill: #999;color:#999\" class=\"arrow-unsorted-368013\" xmlns=\"http:\/\/www.w3.org\/2000\/svg\" width=\"10px\" height=\"10px\" viewbox=\"0 0 24 24\" version=\"1.2\" baseprofile=\"tiny\"><path d=\"M18.2 9.3l-6.2-6.3-6.2 6.3c-.2.2-.3.4-.3.7s.1.5.3.7c.2.2.4.3.7.3h11c.3 0 .5-.1.7-.3.2-.2.3-.5.3-.7s-.1-.5-.3-.7zM5.8 14.7l6.2 6.3 6.2-6.3c.2-.2.3-.5.3-.7s-.1-.5-.3-.7c-.2-.2-.4-.3-.7-.3h-11c-.3 0-.5.1-.7.3-.2.2-.3.5-.3.7s.1.5.3.7z\"\/><\/svg><\/span><\/span><\/span><\/a><\/span><\/div>\n<nav><ul class='ez-toc-list ez-toc-list-level-1' ><li class='ez-toc-page-1 ez-toc-heading-level-4'><a class=\"ez-toc-link ez-toc-heading-1\" href=\"https:\/\/honigbee.com\/cs\/produkt\/jemenitischer-doani-royal-sidr-honig\/#Merkmale_Herkunft\" >Charakteristika a p\u016fvod<\/a><\/li><li class='ez-toc-page-1 ez-toc-heading-level-4'><a class=\"ez-toc-link ez-toc-heading-2\" href=\"https:\/\/honigbee.com\/cs\/produkt\/jemenitischer-doani-royal-sidr-honig\/#Herstellung\" >V\u00fdroba<\/a><\/li><li class='ez-toc-page-1 ez-toc-heading-level-4'><a class=\"ez-toc-link ez-toc-heading-3\" href=\"https:\/\/honigbee.com\/cs\/produkt\/jemenitischer-doani-royal-sidr-honig\/#Besonderheiten\" >Speci\u00e1ln\u00ed funkce<\/a><\/li><li class='ez-toc-page-1 ez-toc-heading-level-4'><a class=\"ez-toc-link ez-toc-heading-4\" href=\"https:\/\/honigbee.com\/cs\/produkt\/jemenitischer-doani-royal-sidr-honig\/#Hinweis\" >Ozn\u00e1men\u00ed<\/a><\/li><li class='ez-toc-page-1 ez-toc-heading-level-4'><a class=\"ez-toc-link ez-toc-heading-5\" href=\"https:\/\/honigbee.com\/cs\/produkt\/jemenitischer-doani-royal-sidr-honig\/#Weitere_Inspiration_entdecken\" >Weitere Inspiration entdecken<\/a><\/li><\/ul><\/nav><\/div>\n<p data-start=\"124\" data-end=\"445\">Ten\/Ta\/To <strong data-start=\"128\" data-end=\"169\">Jemenitischer Do\u2019ani Royal Sidr Honig<\/strong> stammt aus dem abgelegenen Do\u2019an-Tal in Hadramaut im S\u00fcden Jemens \u2013 einer Region mit jahrhundertealter Imkertradition. Die Bienen sammeln dort den Nektar des Sidr-Baumes (<em data-start=\"341\" data-end=\"365\">Ziziphus spina-christi<\/em>), wodurch ein besonders charaktervoller Honig mit intensiver Aromatik entsteht.<\/p>\n<p data-start=\"447\" data-end=\"682\">Die Textur ist dicht und samtig. Der Geschmack zeigt eine tiefe, warme Honignote mit ausgewogener S\u00fc\u00dfe. Die Farbe reicht von Dunkelgold bis Bernstein und unterstreicht die exklusive Auswahl dieses Jemenitischer Do\u2019ani Royal Sidr Honig.<\/p>\n<hr data-start=\"684\" data-end=\"687\" \/>\n<h4 data-start=\"689\" data-end=\"713\"><span class=\"ez-toc-section\" id=\"Merkmale_Herkunft\"><\/span>Charakteristika a p\u016fvod<span class=\"ez-toc-section-end\"><\/span><\/h4>\n<p data-start=\"715\" data-end=\"1101\">Produktname: Jemenitischer Do\u2019ani Royal Sidr Honig<br data-start=\"765\" data-end=\"768\" \/>Herkunft: Do\u2019an-Tal, Hadramaut, Jemen<br data-start=\"805\" data-end=\"808\" \/>Botanische Quelle: Sidr-Baum (<em data-start=\"838\" data-end=\"862\">Ziziphus spina-christi<\/em>)<br data-start=\"863\" data-end=\"866\" \/>Geschmack: Samtig, tief, warmes Honigprofil<br data-start=\"909\" data-end=\"912\" \/>Konzistence: Hust\u00e1, kr\u00e9mov\u00e1<br data-start=\"943\" data-end=\"946\" \/>Farbe: Dunkelgold bis bernsteinfarben<br data-start=\"983\" data-end=\"986\" \/>Zpracov\u00e1n\u00ed: Syrov\u00e9, nefiltrovan\u00e9, netepeln\u011b neupraven\u00e9<br data-start=\"1031\" data-end=\"1034\" \/>Zutaten: 100 % Honig<br data-start=\"1054\" data-end=\"1057\" \/>Besonderheit: Sorgf\u00e4ltig selektierte Ernte<\/p>\n<hr data-start=\"1103\" data-end=\"1106\" \/>\n<p data-start=\"1108\" data-end=\"1122\">Erh\u00e4ltlich in:<\/p>\n<p data-start=\"1124\" data-end=\"1158\">\u2022 400g Glas<br data-start=\"1135\" data-end=\"1138\" \/>\u2022 1kg Vorratsgr\u00f6\u00dfe<\/p>\n<hr data-start=\"1160\" data-end=\"1163\" \/>\n<h4 data-start=\"1165\" data-end=\"1181\"><span class=\"ez-toc-section\" id=\"Herstellung\"><\/span>V\u00fdroba<span class=\"ez-toc-section-end\"><\/span><\/h4>\n<p data-start=\"1183\" data-end=\"1454\">Die Ernte erfolgt saisonal durch erfahrene Imkerfamilien im S\u00fcden Jemens. F\u00fcr diese Royal-Auswahl werden besonders aromatische Chargen ausgew\u00e4hlt. Der Jemenitischer Do\u2019ani Royal Sidr Honig wird weder erhitzt noch gefiltert, um seine nat\u00fcrliche Beschaffenheit zu bewahren.<\/p>\n<hr data-start=\"1456\" data-end=\"1459\" \/>\n<h4 data-start=\"1461\" data-end=\"1480\"><span class=\"ez-toc-section\" id=\"Besonderheiten\"><\/span>Speci\u00e1ln\u00ed funkce<span class=\"ez-toc-section-end\"><\/span><\/h4>\n<p data-start=\"1482\" data-end=\"1639\">\u2022 100 % naturbelassener Rohhonig<br data-start=\"1514\" data-end=\"1517\" \/>\u2022 Limitierte Verf\u00fcgbarkeit je nach Ernte<br data-start=\"1557\" data-end=\"1560\" \/>\u2022 Traditionelle Gewinnung im Do\u2019an-Tal<br data-start=\"1598\" data-end=\"1601\" \/>\u2022 Intensives, charakterstarkes Aroma<\/p>\n<hr data-start=\"1641\" data-end=\"1644\" \/>\n<h4 data-start=\"1646\" data-end=\"1658\"><span class=\"ez-toc-section\" id=\"Hinweis\"><\/span>Ozn\u00e1men\u00ed<span class=\"ez-toc-section-end\"><\/span><\/h4>\n<p data-start=\"1660\" data-end=\"1703\">Nicht geeignet f\u00fcr Kinder unter 12 Monaten.<\/p>\n<hr data-start=\"1683\" data-end=\"1686\" \/>\n<h4 data-start=\"413\" data-end=\"449\"><span class=\"ez-toc-section\" id=\"Weitere_Inspiration_entdecken\"><\/span>Weitere Inspiration entdecken<span class=\"ez-toc-section-end\"><\/span><\/h4>\n<p data-start=\"450\" data-end=\"582\">Du suchst weitere besondere Produkte? Entdecke zus\u00e4tzliche Highlights in unserem Sortiment oder st\u00f6bere in unseren Partnerprojekten:<\/p>\n<ul data-start=\"584\" data-end=\"920\">\n<li data-start=\"584\" data-end=\"656\"><a href=\"https:\/\/honigbee.com\/cs\/shop\/\">Weitere Naturprodukte bei Honigbee entdecken<\/a><\/li>\n<li data-start=\"657\" data-end=\"783\">\n<p data-start=\"659\" data-end=\"783\"><a href=\"https:\/\/matvana.com\/shop\/\" target=\"_blank\" rel=\"noopener\">Stilvolle Wohnideen bei Matvana ansehen<\/a><\/p>\n<\/li>\n<li data-start=\"784\" data-end=\"920\">\n<p data-start=\"786\" data-end=\"920\"><a href=\"https:\/\/saphirsmaragd.com\/shop\/\" target=\"_blank\" rel=\"noopener\">Edelsteine &amp; Schmuck bei Saphir &amp; Smaragd ansehen<\/a><\/p>\n<\/li>\n<\/ul>\n<hr data-start=\"1931\" data-end=\"1934\" \/>\n<p>Produktbilder dienen der Veranschaulichung. Verpackungsdesign kann abweichen.<\/p>","protected":false},"excerpt":{"rendered":"<div class=\"flex max-w-full flex-col flex-grow\">\n<div class=\"min-h-8 text-message flex w-full flex-col items-end gap-2 whitespace-normal break-words [.text-message+&amp;]:mt-5\" dir=\"auto\" data-message-author-role=\"assistant\" data-message-id=\"ac738d26-d228-4d8e-8b1c-c202759295a4\">\n<div class=\"flex w-full flex-col gap-1 empty:hidden first:pt-[3px]\">\n<div class=\"markdown prose w-full break-words dark:prose-invert light\">\n<p data-start=\"1924\" data-end=\"2103\"><em>Jemenitischer Do\u2019ani Royal Sidr Honig aus dem Do\u2019an-Tal \u2013 exklusiver Rohhonig, ungefiltert und nicht erhitzt, mit intensivem Aroma und samtiger Textur. Erh\u00e4ltlich in 400g und 1kg.<\/em><\/p>\n<p class=\"\" data-start=\"3535\" data-end=\"3593\">\n<\/div>\n<\/div>\n<\/div>\n<\/div>\n","protected":false},"featured_media":43058,"comment_status":"open","ping_status":"closed","template":"","meta":{"_glsr_average":0,"_glsr_ranking":0,"_glsr_reviews":0},"product_brand":[],"product_cat":[1409,69,1375],"product_tag":[],"class_list":{"0":"post-8438","1":"product","2":"type-product","3":"status-publish","4":"has-post-thumbnail","6":"product_cat-jemen-honig","7":"product_cat-sidr-honig","8":"product_cat-sidr-honig-aus-jemen","10":"first","11":"instock","12":"featured","13":"shipping-taxable","14":"purchasable","15":"product-type-variable","16":"add-to-wishlist-before_image"},"jetpack_sharing_enabled":true,"_links":{"self":[{"href":"https:\/\/honigbee.com\/cs\/wp-json\/wp\/v2\/product\/8438","targetHints":{"allow":["GET"]}}],"collection":[{"href":"https:\/\/honigbee.com\/cs\/wp-json\/wp\/v2\/product"}],"about":[{"href":"https:\/\/honigbee.com\/cs\/wp-json\/wp\/v2\/types\/product"}],"replies":[{"embeddable":true,"href":"https:\/\/honigbee.com\/cs\/wp-json\/wp\/v2\/comments?post=8438"}],"version-history":[{"count":12,"href":"https:\/\/honigbee.com\/cs\/wp-json\/wp\/v2\/product\/8438\/revisions"}],"predecessor-version":[{"id":28981,"href":"https:\/\/honigbee.com\/cs\/wp-json\/wp\/v2\/product\/8438\/revisions\/28981"}],"wp:featuredmedia":[{"embeddable":true,"href":"https:\/\/honigbee.com\/cs\/wp-json\/wp\/v2\/media\/43058"}],"wp:attachment":[{"href":"https:\/\/honigbee.com\/cs\/wp-json\/wp\/v2\/media?parent=8438"}],"wp:term":[{"taxonomy":"product_brand","embeddable":true,"href":"https:\/\/honigbee.com\/cs\/wp-json\/wp\/v2\/product_brand?post=8438"},{"taxonomy":"product_cat","embeddable":true,"href":"https:\/\/honigbee.com\/cs\/wp-json\/wp\/v2\/product_cat?post=8438"},{"taxonomy":"product_tag","embeddable":true,"href":"https:\/\/honigbee.com\/cs\/wp-json\/wp\/v2\/product_tag?post=8438"}],"curies":[{"name":"wp","href":"https:\/\/api.w.org\/{rel}","templated":true}]}}