{"id":8448,"date":"2024-10-06T15:38:27","date_gmt":"2024-10-06T15:38:27","guid":{"rendered":"https:\/\/honigbee.com\/?post_type=product&#038;p=8448"},"modified":"2026-02-27T18:47:39","modified_gmt":"2026-02-27T18:47:39","slug":"jemenitischer-royal-cave-honig-aus-wadi-amd","status":"publish","type":"product","link":"https:\/\/honigbee.com\/cs\/produkt\/jemenitischer-royal-cave-honig-aus-wadi-amd\/","title":{"rendered":"Jemenitischer Royal Cave Honig aus Wadi Amd 400g &#038; 1kg \u2013 Unvergleichlich Rein &#038; H\u00f6chst Selten"},"content":{"rendered":"<div id=\"ez-toc-container\" class=\"ez-toc-v2_0_83 counter-hierarchy ez-toc-counter ez-toc-grey ez-toc-container-direction\">\n<div class=\"ez-toc-title-container\">\n<p class=\"ez-toc-title\" style=\"cursor:inherit\">Obsah<\/p>\n<span class=\"ez-toc-title-toggle\"><a href=\"#\" class=\"ez-toc-pull-right ez-toc-btn ez-toc-btn-xs ez-toc-btn-default ez-toc-toggle\" aria-label=\"P\u0159epnout obsah\"><span class=\"ez-toc-js-icon-con\"><span class=\"\"><span class=\"eztoc-hide\" style=\"display:none;\">P\u0159epnout<\/span><span class=\"ez-toc-icon-toggle-span\"><svg style=\"fill: #999;color:#999\" xmlns=\"http:\/\/www.w3.org\/2000\/svg\" class=\"list-377408\" width=\"20px\" height=\"20px\" viewbox=\"0 0 24 24\" fill=\"none\"><path d=\"M6 6H4v2h2V6zm14 0H8v2h12V6zM4 11h2v2H4v-2zm16 0H8v2h12v-2zM4 16h2v2H4v-2zm16 0H8v2h12v-2z\" fill=\"currentColor\"><\/path><\/svg><svg style=\"fill: #999;color:#999\" class=\"arrow-unsorted-368013\" xmlns=\"http:\/\/www.w3.org\/2000\/svg\" width=\"10px\" height=\"10px\" viewbox=\"0 0 24 24\" version=\"1.2\" baseprofile=\"tiny\"><path d=\"M18.2 9.3l-6.2-6.3-6.2 6.3c-.2.2-.3.4-.3.7s.1.5.3.7c.2.2.4.3.7.3h11c.3 0 .5-.1.7-.3.2-.2.3-.5.3-.7s-.1-.5-.3-.7zM5.8 14.7l6.2 6.3 6.2-6.3c.2-.2.3-.5.3-.7s-.1-.5-.3-.7c-.2-.2-.4-.3-.7-.3h-11c-.3 0-.5.1-.7.3-.2.2-.3.5-.3.7s.1.5.3.7z\"\/><\/svg><\/span><\/span><\/span><\/a><\/span><\/div>\n<nav><ul class='ez-toc-list ez-toc-list-level-1' ><li class='ez-toc-page-1 ez-toc-heading-level-4'><a class=\"ez-toc-link ez-toc-heading-1\" href=\"https:\/\/honigbee.com\/cs\/produkt\/jemenitischer-royal-cave-honig-aus-wadi-amd\/#Merkmale_Herkunft\" >Charakteristika a p\u016fvod<\/a><\/li><li class='ez-toc-page-1 ez-toc-heading-level-4'><a class=\"ez-toc-link ez-toc-heading-2\" href=\"https:\/\/honigbee.com\/cs\/produkt\/jemenitischer-royal-cave-honig-aus-wadi-amd\/#Herstellung\" >V\u00fdroba<\/a><\/li><li class='ez-toc-page-1 ez-toc-heading-level-4'><a class=\"ez-toc-link ez-toc-heading-3\" href=\"https:\/\/honigbee.com\/cs\/produkt\/jemenitischer-royal-cave-honig-aus-wadi-amd\/#Hinweis\" >Ozn\u00e1men\u00ed<\/a><\/li><li class='ez-toc-page-1 ez-toc-heading-level-4'><a class=\"ez-toc-link ez-toc-heading-4\" href=\"https:\/\/honigbee.com\/cs\/produkt\/jemenitischer-royal-cave-honig-aus-wadi-amd\/#Weitere_Inspiration_entdecken\" >Weitere Inspiration entdecken<\/a><\/li><\/ul><\/nav><\/div>\n<p data-start=\"699\" data-end=\"953\">Jemenitischer Royal Cave Honig aus Wadi Amd stammt aus einer urspr\u00fcnglichen Bergregion im S\u00fcden Jemens. In den felsigen Landschaften des Wadi Amd sammeln Bienen unter nat\u00fcrlichen Bedingungen hochwertigen Wildbl\u00fctennektar \u2013 fernab industrieller Einfl\u00fcsse.<\/p>\n<p data-start=\"955\" data-end=\"1303\">Die dichte, cremige Konsistenz sowie die gold- bis bernsteinfarbene T\u00f6nung machen diesen Honig besonders charaktervoll. Das Aroma ist kr\u00e4ftig, vollmundig und harmonisch ausbalanciert. Jemenitischer Royal Cave Honig aus Wadi Amd wird traditionell gewonnen, nicht erhitzt und nicht gefiltert, um seine naturbelassene Qualit\u00e4t vollst\u00e4ndig zu bewahren.<\/p>\n<hr data-start=\"1305\" data-end=\"1308\" \/>\n<h4 data-start=\"1310\" data-end=\"1334\"><span class=\"ez-toc-section\" id=\"Merkmale_Herkunft\"><\/span>Charakteristika a p\u016fvod<span class=\"ez-toc-section-end\"><\/span><\/h4>\n<p data-start=\"1336\" data-end=\"1613\">Produktname: Jemenitischer Royal Cave Honig aus Wadi Amd<br data-start=\"1392\" data-end=\"1395\" \/>Herkunft: Wadi Amd, Jemen<br data-start=\"1420\" data-end=\"1423\" \/>Region: S\u00fcdjemen<br data-start=\"1439\" data-end=\"1442\" \/>Zpracov\u00e1n\u00ed: Syrov\u00e9, nefiltrovan\u00e9, netepeln\u011b neupraven\u00e9<br data-start=\"1487\" data-end=\"1490\" \/>Farbe: Gold bis bernsteinfarben<br data-start=\"1521\" data-end=\"1524\" \/>Konzistence: Hust\u00e1, kr\u00e9mov\u00e1<br data-start=\"1555\" data-end=\"1558\" \/>Geschmack: Kr\u00e4ftig, vollmundig<br data-start=\"1588\" data-end=\"1591\" \/>Zutaten: 100 % Honig<\/p>\n<hr data-start=\"1615\" data-end=\"1618\" \/>\n<p data-start=\"1620\" data-end=\"1634\">Erh\u00e4ltlich in:<\/p>\n<p data-start=\"1636\" data-end=\"1652\">\u2022 400g<br data-start=\"1642\" data-end=\"1645\" \/>\u2022 1kg<\/p>\n<hr data-start=\"1654\" data-end=\"1657\" \/>\n<h4 data-start=\"1659\" data-end=\"1675\"><span class=\"ez-toc-section\" id=\"Herstellung\"><\/span>V\u00fdroba<span class=\"ez-toc-section-end\"><\/span><\/h4>\n<p data-start=\"1677\" data-end=\"1929\">Die Ernte erfolgt saisonal durch erfahrene Imker in der Region. Jemenitischer Royal Cave Honig aus Wadi Amd bleibt naturbelassen und wird weder pasteurisiert noch gefiltert, um seine urspr\u00fcngliche Struktur und sein charakteristisches Aroma zu erhalten.<\/p>\n<hr data-start=\"1931\" data-end=\"1934\" \/>\n<h4 data-start=\"1936\" data-end=\"1948\"><span class=\"ez-toc-section\" id=\"Hinweis\"><\/span>Ozn\u00e1men\u00ed<span class=\"ez-toc-section-end\"><\/span><\/h4>\n<p data-start=\"1950\" data-end=\"1993\">Nicht geeignet f\u00fcr Kinder unter 12 Monaten.<\/p>\n<hr data-start=\"1683\" data-end=\"1686\" \/>\n<h4 data-start=\"413\" data-end=\"449\"><span class=\"ez-toc-section\" id=\"Weitere_Inspiration_entdecken\"><\/span>Weitere Inspiration entdecken<span class=\"ez-toc-section-end\"><\/span><\/h4>\n<p data-start=\"450\" data-end=\"582\">Du suchst weitere besondere Produkte? Entdecke zus\u00e4tzliche Highlights in unserem Sortiment oder st\u00f6bere in unseren Partnerprojekten:<\/p>\n<ul data-start=\"584\" data-end=\"920\">\n<li data-start=\"584\" data-end=\"656\"><a href=\"https:\/\/honigbee.com\/cs\/shop\/\">Weitere Naturprodukte bei Honigbee entdecken<\/a><\/li>\n<li data-start=\"657\" data-end=\"783\">\n<p data-start=\"659\" data-end=\"783\"><a href=\"https:\/\/matvana.com\/shop\/\" target=\"_blank\" rel=\"noopener\">Stilvolle Wohnideen bei Matvana ansehen<\/a><\/p>\n<\/li>\n<li data-start=\"784\" data-end=\"920\">\n<p data-start=\"786\" data-end=\"920\"><a href=\"https:\/\/saphirsmaragd.com\/shop\/\" target=\"_blank\" rel=\"noopener\">Edelsteine &amp; Schmuck bei Saphir &amp; Smaragd ansehen<\/a><\/p>\n<\/li>\n<\/ul>\n<hr data-start=\"1931\" data-end=\"1934\" \/>\n<p>Produktbilder dienen der Veranschaulichung. Verpackungsdesign kann abweichen.<\/p>","protected":false},"excerpt":{"rendered":"<div class=\"flex max-w-full flex-col flex-grow\">\n<div class=\"min-h-8 text-message flex w-full flex-col items-end gap-2 whitespace-normal break-words [.text-message+&amp;]:mt-5\" dir=\"auto\" data-message-author-role=\"assistant\" data-message-id=\"ad5b8edb-c508-49ab-ac7b-b6526a991ef5\">\n<div class=\"flex w-full flex-col gap-1 empty:hidden first:pt-[3px]\">\n<div class=\"markdown prose w-full break-words dark:prose-invert light\">\n<p data-start=\"1770\" data-end=\"1953\"><em>Jemenitischer Royal Cave Honig aus Wadi Amd \u2013 naturbelassener Rohhonig aus S\u00fcdjemen, ungefiltert und nicht erhitzt, mit kr\u00e4ftigem Aroma und goldener Farbe. Erh\u00e4ltlich in 400g und 1kg.<\/em><\/p>\n<\/div>\n<\/div>\n<\/div>\n<\/div>\n","protected":false},"featured_media":43017,"comment_status":"open","ping_status":"closed","template":"","meta":{"_glsr_average":0,"_glsr_ranking":0,"_glsr_reviews":0},"product_brand":[],"product_cat":[1409,69,1375],"product_tag":[],"class_list":{"0":"post-8448","1":"product","2":"type-product","3":"status-publish","4":"has-post-thumbnail","6":"product_cat-jemen-honig","7":"product_cat-sidr-honig","8":"product_cat-sidr-honig-aus-jemen","10":"first","11":"instock","12":"featured","13":"shipping-taxable","14":"purchasable","15":"product-type-variable","16":"add-to-wishlist-before_image"},"jetpack_sharing_enabled":true,"_links":{"self":[{"href":"https:\/\/honigbee.com\/cs\/wp-json\/wp\/v2\/product\/8448","targetHints":{"allow":["GET"]}}],"collection":[{"href":"https:\/\/honigbee.com\/cs\/wp-json\/wp\/v2\/product"}],"about":[{"href":"https:\/\/honigbee.com\/cs\/wp-json\/wp\/v2\/types\/product"}],"replies":[{"embeddable":true,"href":"https:\/\/honigbee.com\/cs\/wp-json\/wp\/v2\/comments?post=8448"}],"version-history":[{"count":8,"href":"https:\/\/honigbee.com\/cs\/wp-json\/wp\/v2\/product\/8448\/revisions"}],"predecessor-version":[{"id":28992,"href":"https:\/\/honigbee.com\/cs\/wp-json\/wp\/v2\/product\/8448\/revisions\/28992"}],"wp:featuredmedia":[{"embeddable":true,"href":"https:\/\/honigbee.com\/cs\/wp-json\/wp\/v2\/media\/43017"}],"wp:attachment":[{"href":"https:\/\/honigbee.com\/cs\/wp-json\/wp\/v2\/media?parent=8448"}],"wp:term":[{"taxonomy":"product_brand","embeddable":true,"href":"https:\/\/honigbee.com\/cs\/wp-json\/wp\/v2\/product_brand?post=8448"},{"taxonomy":"product_cat","embeddable":true,"href":"https:\/\/honigbee.com\/cs\/wp-json\/wp\/v2\/product_cat?post=8448"},{"taxonomy":"product_tag","embeddable":true,"href":"https:\/\/honigbee.com\/cs\/wp-json\/wp\/v2\/product_tag?post=8448"}],"curies":[{"name":"wp","href":"https:\/\/api.w.org\/{rel}","templated":true}]}}