{"id":16084,"date":"2025-02-05T14:15:43","date_gmt":"2025-02-05T14:15:43","guid":{"rendered":"https:\/\/honigbee.com\/?post_type=product&#038;p=16084"},"modified":"2026-03-13T20:34:26","modified_gmt":"2026-03-13T20:34:26","slug":"menabe-forest-rohhonig-400g-1kg","status":"publish","type":"product","link":"https:\/\/honigbee.com\/el\/product\/menabe-forest-rohhonig-400g-1kg\/","title":{"rendered":"Menabe Forest Rohhonig 400g &#038; 1kg \u2013 100% Roh &#038; Nat\u00fcrlicher Honig aus Madagaskar"},"content":{"rendered":"<div id=\"ez-toc-container\" class=\"ez-toc-v2_0_83 counter-hierarchy ez-toc-counter ez-toc-grey ez-toc-container-direction\">\n<div class=\"ez-toc-title-container\">\n<p class=\"ez-toc-title\" style=\"cursor:inherit\">\u03a0\u03af\u03bd\u03b1\u03ba\u03b1\u03c2 \u03c0\u03b5\u03c1\u03b9\u03b5\u03c7\u03bf\u03bc\u03ad\u03bd\u03c9\u03bd<\/p>\n<span class=\"ez-toc-title-toggle\"><a href=\"#\" class=\"ez-toc-pull-right ez-toc-btn ez-toc-btn-xs ez-toc-btn-default ez-toc-toggle\" aria-label=\"\u0395\u03bd\u03b1\u03bb\u03bb\u03b1\u03b3\u03ae \u03a0\u03af\u03bd\u03b1\u03ba\u03b1 \u03a0\u03b5\u03c1\u03b9\u03b5\u03c7\u03bf\u03bc\u03ad\u03bd\u03c9\u03bd\"><span class=\"ez-toc-js-icon-con\"><span class=\"\"><span class=\"eztoc-hide\" style=\"display:none;\">\u039c\u03c0\u03b1\u03c1\u03ad\u03c4\u03b1<\/span><span class=\"ez-toc-icon-toggle-span\"><svg style=\"fill: #999;color:#999\" xmlns=\"http:\/\/www.w3.org\/2000\/svg\" class=\"list-377408\" width=\"20px\" height=\"20px\" viewbox=\"0 0 24 24\" fill=\"none\"><path d=\"M6 6H4v2h2V6zm14 0H8v2h12V6zM4 11h2v2H4v-2zm16 0H8v2h12v-2zM4 16h2v2H4v-2zm16 0H8v2h12v-2z\" fill=\"currentColor\"><\/path><\/svg><svg style=\"fill: #999;color:#999\" class=\"arrow-unsorted-368013\" xmlns=\"http:\/\/www.w3.org\/2000\/svg\" width=\"10px\" height=\"10px\" viewbox=\"0 0 24 24\" version=\"1.2\" baseprofile=\"tiny\"><path d=\"M18.2 9.3l-6.2-6.3-6.2 6.3c-.2.2-.3.4-.3.7s.1.5.3.7c.2.2.4.3.7.3h11c.3 0 .5-.1.7-.3.2-.2.3-.5.3-.7s-.1-.5-.3-.7zM5.8 14.7l6.2 6.3 6.2-6.3c.2-.2.3-.5.3-.7s-.1-.5-.3-.7c-.2-.2-.4-.3-.7-.3h-11c-.3 0-.5.1-.7.3-.2.2-.3.5-.3.7s.1.5.3.7z\"\/><\/svg><\/span><\/span><\/span><\/a><\/span><\/div>\n<nav><ul class='ez-toc-list ez-toc-list-level-1' ><li class='ez-toc-page-1 ez-toc-heading-level-4'><a class=\"ez-toc-link ez-toc-heading-1\" href=\"https:\/\/honigbee.com\/el\/product\/menabe-forest-rohhonig-400g-1kg\/#Menabe_Forest_Rohhonig_%E2%80%93_100%E2%80%AF_Roh_Naturbelassen_aus_Madagaskar\" >Menabe Forest Rohhonig \u2013 100\u202f% Roh &amp; Naturbelassen aus Madagaskar<\/a><\/li><li class='ez-toc-page-1 ez-toc-heading-level-4'><a class=\"ez-toc-link ez-toc-heading-2\" href=\"https:\/\/honigbee.com\/el\/product\/menabe-forest-rohhonig-400g-1kg\/#Merkmale_Herkunft\" >\u03a7\u03b1\u03c1\u03b1\u03ba\u03c4\u03b7\u03c1\u03b9\u03c3\u03c4\u03b9\u03ba\u03ac &amp; \u03a0\u03c1\u03bf\u03ad\u03bb\u03b5\u03c5\u03c3\u03b7<\/a><\/li><li class='ez-toc-page-1 ez-toc-heading-level-4'><a class=\"ez-toc-link ez-toc-heading-3\" href=\"https:\/\/honigbee.com\/el\/product\/menabe-forest-rohhonig-400g-1kg\/#Besonderheiten\" >\u0395\u03b9\u03b4\u03b9\u03ba\u03ac \u03c7\u03b1\u03c1\u03b1\u03ba\u03c4\u03b7\u03c1\u03b9\u03c3\u03c4\u03b9\u03ba\u03ac<\/a><\/li><li class='ez-toc-page-1 ez-toc-heading-level-4'><a class=\"ez-toc-link ez-toc-heading-4\" href=\"https:\/\/honigbee.com\/el\/product\/menabe-forest-rohhonig-400g-1kg\/#Weitere_Inspiration_entdecken\" >Weitere Inspiration entdecken<\/a><\/li><\/ul><\/nav><\/div>\n<h4 data-start=\"921\" data-end=\"1071\"><span class=\"ez-toc-section\" id=\"Menabe_Forest_Rohhonig_%E2%80%93_100%E2%80%AF_Roh_Naturbelassen_aus_Madagaskar\"><\/span>Menabe Forest Rohhonig \u2013 100\u202f% Roh &amp; Naturbelassen aus Madagaskar<span class=\"ez-toc-section-end\"><\/span><\/h4>\n<p data-start=\"1073\" data-end=\"1363\">Erlebe den unverf\u00e4lschten Geschmack des Menabe Forest Rohhonigs \u2013 gewonnen aus den wilden Bl\u00fcten der Jujube-B\u00e4ume in der westlichen Menabe-Region Madagaskars. Dieser Honig ist zu 100\u202f% roh, nicht erhitzt und ohne Zusatzstoffe \u2013 ideal f\u00fcr bewusste Ern\u00e4hrung und nat\u00fcrliche Vitalit\u00e4t.<\/p>\n<hr data-start=\"1365\" data-end=\"1368\" \/>\n<h4 data-start=\"1370\" data-end=\"1394\"><span class=\"ez-toc-section\" id=\"Merkmale_Herkunft\"><\/span>\u03a7\u03b1\u03c1\u03b1\u03ba\u03c4\u03b7\u03c1\u03b9\u03c3\u03c4\u03b9\u03ba\u03ac &amp; \u03a0\u03c1\u03bf\u03ad\u03bb\u03b5\u03c5\u03c3\u03b7<span class=\"ez-toc-section-end\"><\/span><\/h4>\n<p data-start=\"1396\" data-end=\"1632\">Produktname: Menabe Forest-Rohhonig<br data-start=\"1439\" data-end=\"1442\" \/>Inhalt: 400g &amp; 1kg<br data-start=\"1455\" data-end=\"1458\" \/>Herkunft: Menabe-Region, Madagaskar<br data-start=\"1493\" data-end=\"1496\" \/>Geschmack: S\u00fc\u00df-w\u00fcrzig mit feiner Rauchigkeit<br data-start=\"1540\" data-end=\"1543\" \/>\u039c\u03bf\u03c1\u03c6\u03ae: \u039a\u03c1\u03b5\u03bc\u03ce\u03b4\u03b7\u03c2<br data-start=\"1561\" data-end=\"1564\" \/>Verarbeitung: Roh, ungefiltert, nicht pasteurisiert<br data-start=\"1615\" data-end=\"1618\" \/>\u039a\u03b1\u03c4\u03ac\u03c3\u03c4\u03b1\u03c3\u03b7: \u039a\u03b1\u03b9\u03bd\u03bf\u03cd\u03c1\u03b3\u03b9\u03bf<\/p>\n<hr data-start=\"1634\" data-end=\"1637\" \/>\n<h4 data-start=\"1639\" data-end=\"1658\"><span class=\"ez-toc-section\" id=\"Besonderheiten\"><\/span>\u0395\u03b9\u03b4\u03b9\u03ba\u03ac \u03c7\u03b1\u03c1\u03b1\u03ba\u03c4\u03b7\u03c1\u03b9\u03c3\u03c4\u03b9\u03ba\u03ac<span class=\"ez-toc-section-end\"><\/span><\/h4>\n<p data-start=\"1660\" data-end=\"1970\">100\u202f% roh &amp; naturbelassen \u2013 ohne Verarbeitung, ohne Zus\u00e4tze<br data-start=\"1719\" data-end=\"1722\" \/>Seltener Jujube-Bl\u00fctenhonig \u2013 intensives Aroma mit feiner Tiefe<br data-start=\"1785\" data-end=\"1788\" \/>Nat\u00fcrliche Energiequelle \u2013 ideal f\u00fcr Alltag, Sport und Fokus<br data-start=\"1848\" data-end=\"1851\" \/>Nachhaltige Wildsammlung \u2013 Schutz von Natur &amp; Bienen<\/p>\n<hr data-start=\"1896\" data-end=\"1899\" \/>\n<h4 data-start=\"413\" data-end=\"449\"><span class=\"ez-toc-section\" id=\"Weitere_Inspiration_entdecken\"><\/span>Weitere Inspiration entdecken<span class=\"ez-toc-section-end\"><\/span><\/h4>\n<p data-start=\"450\" data-end=\"582\">Du suchst weitere besondere Produkte? Entdecke zus\u00e4tzliche Highlights in unserem Sortiment oder st\u00f6bere in unseren Partnerprojekten:<\/p>\n<ul data-start=\"584\" data-end=\"920\">\n<li data-start=\"584\" data-end=\"656\"><a href=\"https:\/\/honigbee.com\/el\/shop\/\">Weitere Naturprodukte bei Honigbee entdecken<\/a><\/li>\n<li data-start=\"657\" data-end=\"783\">\n<p data-start=\"659\" data-end=\"783\"><a href=\"https:\/\/matvana.com\/shop\/\" target=\"_blank\" rel=\"noopener\">Stilvolle Wohnideen bei Matvana ansehen<\/a><\/p>\n<\/li>\n<li data-start=\"784\" data-end=\"920\">\n<p data-start=\"786\" data-end=\"920\"><a href=\"https:\/\/saphirsmaragd.com\/shop\/\" target=\"_blank\" rel=\"noopener\">Edelsteine &amp; Schmuck bei Saphir &amp; Smaragd ansehen<\/a><\/p>\n<\/li>\n<\/ul>\n<hr data-start=\"1931\" data-end=\"1934\" \/>\n<p>Produktbilder dienen der Veranschaulichung. Verpackungsdesign kann abweichen.<\/p>","protected":false},"excerpt":{"rendered":"<p class=\"\" data-start=\"6039\" data-end=\"6262\"><em>Menabe Forest Rohhonig \u2013 reiner, nat\u00fcrlicher Rohhonig aus Madagaskar. APF 200+ f\u00fcr Immunsystem, Verdauung &amp; Energie. Jetzt in 400g oder 1kg erh\u00e4ltlich.<\/em><\/p>","protected":false},"featured_media":43752,"comment_status":"open","ping_status":"closed","template":"","meta":{"_glsr_average":0,"_glsr_ranking":0,"_glsr_reviews":0},"product_brand":[],"product_cat":[85],"product_tag":[],"class_list":{"0":"post-16084","1":"product","2":"type-product","3":"status-publish","4":"has-post-thumbnail","6":"product_cat-waldhonig","8":"first","9":"instock","10":"shipping-taxable","11":"purchasable","12":"product-type-variable","13":"add-to-wishlist-before_image"},"jetpack_sharing_enabled":true,"_links":{"self":[{"href":"https:\/\/honigbee.com\/el\/wp-json\/wp\/v2\/product\/16084","targetHints":{"allow":["GET"]}}],"collection":[{"href":"https:\/\/honigbee.com\/el\/wp-json\/wp\/v2\/product"}],"about":[{"href":"https:\/\/honigbee.com\/el\/wp-json\/wp\/v2\/types\/product"}],"replies":[{"embeddable":true,"href":"https:\/\/honigbee.com\/el\/wp-json\/wp\/v2\/comments?post=16084"}],"version-history":[{"count":7,"href":"https:\/\/honigbee.com\/el\/wp-json\/wp\/v2\/product\/16084\/revisions"}],"predecessor-version":[{"id":43753,"href":"https:\/\/honigbee.com\/el\/wp-json\/wp\/v2\/product\/16084\/revisions\/43753"}],"wp:featuredmedia":[{"embeddable":true,"href":"https:\/\/honigbee.com\/el\/wp-json\/wp\/v2\/media\/43752"}],"wp:attachment":[{"href":"https:\/\/honigbee.com\/el\/wp-json\/wp\/v2\/media?parent=16084"}],"wp:term":[{"taxonomy":"product_brand","embeddable":true,"href":"https:\/\/honigbee.com\/el\/wp-json\/wp\/v2\/product_brand?post=16084"},{"taxonomy":"product_cat","embeddable":true,"href":"https:\/\/honigbee.com\/el\/wp-json\/wp\/v2\/product_cat?post=16084"},{"taxonomy":"product_tag","embeddable":true,"href":"https:\/\/honigbee.com\/el\/wp-json\/wp\/v2\/product_tag?post=16084"}],"curies":[{"name":"\u03b5\u03c1\u03b3\u03b1\u03c3\u03af\u03b1","href":"https:\/\/api.w.org\/{rel}","templated":true}]}}