{"id":24842,"date":"2025-06-09T07:42:34","date_gmt":"2025-06-09T07:42:34","guid":{"rendered":"https:\/\/honigbee.com\/?post_type=product&#038;p=24842"},"modified":"2026-03-10T17:51:20","modified_gmt":"2026-03-10T17:51:20","slug":"vitamin-c-kapseln-365","status":"publish","type":"product","link":"https:\/\/honigbee.com\/el\/product\/vitamin-c-kapseln-365\/","title":{"rendered":"365 Kapseln Vitamin C Kapseln 500 mg gepuffert vegan"},"content":{"rendered":"<div id=\"ez-toc-container\" class=\"ez-toc-v2_0_83 counter-hierarchy ez-toc-counter ez-toc-grey ez-toc-container-direction\">\n<div class=\"ez-toc-title-container\">\n<p class=\"ez-toc-title\" style=\"cursor:inherit\">\u03a0\u03af\u03bd\u03b1\u03ba\u03b1\u03c2 \u03c0\u03b5\u03c1\u03b9\u03b5\u03c7\u03bf\u03bc\u03ad\u03bd\u03c9\u03bd<\/p>\n<span class=\"ez-toc-title-toggle\"><a href=\"#\" class=\"ez-toc-pull-right ez-toc-btn ez-toc-btn-xs ez-toc-btn-default ez-toc-toggle\" aria-label=\"\u0395\u03bd\u03b1\u03bb\u03bb\u03b1\u03b3\u03ae \u03a0\u03af\u03bd\u03b1\u03ba\u03b1 \u03a0\u03b5\u03c1\u03b9\u03b5\u03c7\u03bf\u03bc\u03ad\u03bd\u03c9\u03bd\"><span class=\"ez-toc-js-icon-con\"><span class=\"\"><span class=\"eztoc-hide\" style=\"display:none;\">\u039c\u03c0\u03b1\u03c1\u03ad\u03c4\u03b1<\/span><span class=\"ez-toc-icon-toggle-span\"><svg style=\"fill: #999;color:#999\" xmlns=\"http:\/\/www.w3.org\/2000\/svg\" class=\"list-377408\" width=\"20px\" height=\"20px\" viewbox=\"0 0 24 24\" fill=\"none\"><path d=\"M6 6H4v2h2V6zm14 0H8v2h12V6zM4 11h2v2H4v-2zm16 0H8v2h12v-2zM4 16h2v2H4v-2zm16 0H8v2h12v-2z\" fill=\"currentColor\"><\/path><\/svg><svg style=\"fill: #999;color:#999\" class=\"arrow-unsorted-368013\" xmlns=\"http:\/\/www.w3.org\/2000\/svg\" width=\"10px\" height=\"10px\" viewbox=\"0 0 24 24\" version=\"1.2\" baseprofile=\"tiny\"><path d=\"M18.2 9.3l-6.2-6.3-6.2 6.3c-.2.2-.3.4-.3.7s.1.5.3.7c.2.2.4.3.7.3h11c.3 0 .5-.1.7-.3.2-.2.3-.5.3-.7s-.1-.5-.3-.7zM5.8 14.7l6.2 6.3 6.2-6.3c.2-.2.3-.5.3-.7s-.1-.5-.3-.7c-.2-.2-.4-.3-.7-.3h-11c-.3 0-.5.1-.7.3-.2.2-.3.5-.3.7s.1.5.3.7z\"\/><\/svg><\/span><\/span><\/span><\/a><\/span><\/div>\n<nav><ul class='ez-toc-list ez-toc-list-level-1' ><li class='ez-toc-page-1 ez-toc-heading-level-4'><a class=\"ez-toc-link ez-toc-heading-1\" href=\"https:\/\/honigbee.com\/el\/product\/vitamin-c-kapseln-365\/#Produktvorteile\" >\u03a0\u03bb\u03b5\u03bf\u03bd\u03b5\u03ba\u03c4\u03ae\u03bc\u03b1\u03c4\u03b1 \u03c0\u03c1\u03bf\u03ca\u03cc\u03bd\u03c4\u03bf\u03c2<\/a><\/li><li class='ez-toc-page-1 ez-toc-heading-level-4'><a class=\"ez-toc-link ez-toc-heading-2\" href=\"https:\/\/honigbee.com\/el\/product\/vitamin-c-kapseln-365\/#Anwendung\" >\u0395\u03c6\u03b1\u03c1\u03bc\u03bf\u03b3\u03ae<\/a><\/li><li class='ez-toc-page-1 ez-toc-heading-level-4'><a class=\"ez-toc-link ez-toc-heading-3\" href=\"https:\/\/honigbee.com\/el\/product\/vitamin-c-kapseln-365\/#Eigenschaften_von_Vitamin_C\" >Eigenschaften von Vitamin C<\/a><\/li><li class='ez-toc-page-1 ez-toc-heading-level-4'><a class=\"ez-toc-link ez-toc-heading-4\" href=\"https:\/\/honigbee.com\/el\/product\/vitamin-c-kapseln-365\/#Produktdetails\" >\u039b\u03b5\u03c0\u03c4\u03bf\u03bc\u03ad\u03c1\u03b5\u03b9\u03b5\u03c2 \u03c0\u03c1\u03bf\u03ca\u03cc\u03bd\u03c4\u03bf\u03c2<\/a><\/li><li class='ez-toc-page-1 ez-toc-heading-level-4'><a class=\"ez-toc-link ez-toc-heading-5\" href=\"https:\/\/honigbee.com\/el\/product\/vitamin-c-kapseln-365\/#Lagerung\" >\u03b1\u03c0\u03bf\u03b8\u03ae\u03ba\u03b5\u03c5\u03c3\u03b7<\/a><\/li><li class='ez-toc-page-1 ez-toc-heading-level-4'><a class=\"ez-toc-link ez-toc-heading-6\" href=\"https:\/\/honigbee.com\/el\/product\/vitamin-c-kapseln-365\/#Hinweis\" >\u0391\u03bd\u03b1\u03ba\u03bf\u03af\u03bd\u03c9\u03c3\u03b7<\/a><\/li><li class='ez-toc-page-1 ez-toc-heading-level-4'><a class=\"ez-toc-link ez-toc-heading-7\" href=\"https:\/\/honigbee.com\/el\/product\/vitamin-c-kapseln-365\/#Weitere_Inspiration_entdecken\" >Weitere Inspiration entdecken<\/a><\/li><\/ul><\/nav><\/div>\n<p data-start=\"674\" data-end=\"876\">\u039f <strong data-start=\"678\" data-end=\"699\">Vitamin C Kapseln<\/strong> enthalten 500 mg gepuffertes Vitamin C pro Kapsel. Die gepufferte Form ist pH-neutral und wird h\u00e4ufig f\u00fcr eine gut vertr\u00e4gliche Erg\u00e4nzung der t\u00e4glichen Vitaminzufuhr verwendet.<\/p>\n<p data-start=\"878\" data-end=\"990\">Vitamin C geh\u00f6rt zu den wichtigen wasserl\u00f6slichen Vitaminen und tr\u00e4gt zu verschiedenen Funktionen im K\u00f6rper bei.<\/p>\n<hr data-start=\"992\" data-end=\"995\" \/>\n<h4 data-start=\"997\" data-end=\"1017\"><span class=\"ez-toc-section\" id=\"Produktvorteile\"><\/span>\u03a0\u03bb\u03b5\u03bf\u03bd\u03b5\u03ba\u03c4\u03ae\u03bc\u03b1\u03c4\u03b1 \u03c0\u03c1\u03bf\u03ca\u03cc\u03bd\u03c4\u03bf\u03c2<span class=\"ez-toc-section-end\"><\/span><\/h4>\n<p data-start=\"1019\" data-end=\"1229\">\u2022 365 vegane Vitamin C Kapseln<br data-start=\"1049\" data-end=\"1052\" \/>\u2022 500 mg gepuffertes Vitamin C pro Kapsel<br data-start=\"1093\" data-end=\"1096\" \/>\u2022 pH-neutrale und gut vertr\u00e4gliche Form<br data-start=\"1135\" data-end=\"1138\" \/>\u2022 Vegan und ohne unn\u00f6tige Zusatzstoffe<br data-start=\"1176\" data-end=\"1179\" \/>\u2022 Geeignet zur t\u00e4glichen Erg\u00e4nzung der Ern\u00e4hrung<\/p>\n<hr data-start=\"1231\" data-end=\"1234\" \/>\n<h4 data-start=\"1236\" data-end=\"1250\"><span class=\"ez-toc-section\" id=\"Anwendung\"><\/span>\u0395\u03c6\u03b1\u03c1\u03bc\u03bf\u03b3\u03ae<span class=\"ez-toc-section-end\"><\/span><\/h4>\n<p data-start=\"1252\" data-end=\"1395\">Die Kapseln k\u00f6nnen t\u00e4glich entsprechend der empfohlenen Verzehrmenge mit ausreichend Wasser eingenommen werden, vorzugsweise zu einer Mahlzeit.<\/p>\n<hr data-start=\"1397\" data-end=\"1400\" \/>\n<h4 data-start=\"1402\" data-end=\"1434\"><span class=\"ez-toc-section\" id=\"Eigenschaften_von_Vitamin_C\"><\/span>Eigenschaften von Vitamin C<span class=\"ez-toc-section-end\"><\/span><\/h4>\n<p data-start=\"1436\" data-end=\"1459\">Vitamin C tr\u00e4gt bei zu:<\/p>\n<p data-start=\"1461\" data-end=\"1623\">\u2022 normaler Funktion des Immunsystems<br data-start=\"1497\" data-end=\"1500\" \/>\u2022 Schutz der Zellen vor oxidativem Stress<br data-start=\"1541\" data-end=\"1544\" \/>\u2022 Verringerung von M\u00fcdigkeit und Ersch\u00f6pfung<br data-start=\"1588\" data-end=\"1591\" \/>\u2022 normalem Energiestoffwechsel<\/p>\n<hr data-start=\"1625\" data-end=\"1628\" \/>\n<h4 data-start=\"1630\" data-end=\"1649\"><span class=\"ez-toc-section\" id=\"Produktdetails\"><\/span>\u039b\u03b5\u03c0\u03c4\u03bf\u03bc\u03ad\u03c1\u03b5\u03b9\u03b5\u03c2 \u03c0\u03c1\u03bf\u03ca\u03cc\u03bd\u03c4\u03bf\u03c2<span class=\"ez-toc-section-end\"><\/span><\/h4>\n<p data-start=\"1651\" data-end=\"1674\">\u03a0\u03b5\u03c1\u03b9\u03b5\u03c7\u03cc\u03bc\u03b5\u03bd\u03b1: <strong data-start=\"1659\" data-end=\"1674\">365 Kapseln<\/strong><\/p>\n<p data-start=\"1676\" data-end=\"1696\">\u039c\u03bf\u03c1\u03c6\u03ae: Vegan \u03ba\u03ac\u03c8\u03bf\u03c5\u03bb\u03b5\u03c2<\/p>\n<p data-start=\"1698\" data-end=\"1738\">Dosierung pro Kapsel:<br data-start=\"1719\" data-end=\"1722\" \/>500 mg Vitamin C<\/p>\n<p data-start=\"1740\" data-end=\"1783\">Zutaten: Vitamin C, pflanzliche Kapselh\u00fclle<\/p>\n<p data-start=\"1785\" data-end=\"1822\">Vegan und ohne unn\u00f6tige Zusatzstoffe.<\/p>\n<hr data-start=\"1824\" data-end=\"1827\" \/>\n<h4 data-start=\"1829\" data-end=\"1842\"><span class=\"ez-toc-section\" id=\"Lagerung\"><\/span>\u03b1\u03c0\u03bf\u03b8\u03ae\u03ba\u03b5\u03c5\u03c3\u03b7<span class=\"ez-toc-section-end\"><\/span><\/h4>\n<p data-start=\"1844\" data-end=\"1936\">\u03a6\u03c5\u03bb\u03ac\u03c3\u03c3\u03b5\u03c4\u03b5 \u03c3\u03b5 \u03b4\u03c1\u03bf\u03c3\u03b5\u03c1\u03cc, \u03be\u03b7\u03c1\u03cc \u03bc\u03ad\u03c1\u03bf\u03c2, \u03bc\u03b1\u03ba\u03c1\u03b9\u03ac \u03b1\u03c0\u03cc \u03c4\u03bf \u03c6\u03c9\u03c2.<br data-start=\"1884\" data-end=\"1887\" \/>Au\u00dferhalb der Reichweite von Kindern aufbewahren.<\/p>\n<hr data-start=\"1938\" data-end=\"1941\" \/>\n<h4 data-start=\"1943\" data-end=\"1955\"><span class=\"ez-toc-section\" id=\"Hinweis\"><\/span>\u0391\u03bd\u03b1\u03ba\u03bf\u03af\u03bd\u03c9\u03c3\u03b7<span class=\"ez-toc-section-end\"><\/span><\/h4>\n<p data-start=\"1957\" data-end=\"2109\">Nahrungserg\u00e4nzungsmittel sollten nicht als Ersatz f\u00fcr eine abwechslungsreiche und ausgewogene Ern\u00e4hrung sowie eine gesunde Lebensweise verwendet werden.<\/p>\n<hr data-start=\"1938\" data-end=\"1941\" \/>\n<h4 data-start=\"413\" data-end=\"449\"><span class=\"ez-toc-section\" id=\"Weitere_Inspiration_entdecken\"><\/span>Weitere Inspiration entdecken<span class=\"ez-toc-section-end\"><\/span><\/h4>\n<p data-start=\"450\" data-end=\"582\">Du suchst weitere besondere Produkte? Entdecke zus\u00e4tzliche Highlights in unserem Sortiment oder st\u00f6bere in unseren Partnerprojekten:<\/p>\n<ul data-start=\"584\" data-end=\"920\">\n<li data-start=\"584\" data-end=\"656\"><a href=\"https:\/\/honigbee.com\/el\/shop\/\">Weitere Naturprodukte bei Honigbee entdecken<\/a><\/li>\n<li data-start=\"657\" data-end=\"783\">\n<p data-start=\"659\" data-end=\"783\"><a href=\"https:\/\/matvana.com\/shop\/\" target=\"_blank\" rel=\"noopener\">Stilvolle Wohnideen bei Matvana ansehen<\/a><\/p>\n<\/li>\n<li data-start=\"784\" data-end=\"920\">\n<p data-start=\"786\" data-end=\"920\"><a href=\"https:\/\/saphirsmaragd.com\/shop\/\" target=\"_blank\" rel=\"noopener\">Edelsteine &amp; Schmuck bei Saphir &amp; Smaragd ansehen<\/a><\/p>\n<\/li>\n<\/ul>\n<hr data-start=\"1931\" data-end=\"1934\" \/>\n<p>Produktbilder dienen der Veranschaulichung. Verpackungsdesign kann abweichen.<\/p>","protected":false},"excerpt":{"rendered":"<p data-start=\"393\" data-end=\"556\"><em>Vitamin C Kapseln mit 500 mg gepuffertem Vitamin C pro Kapsel. 365 vegane Kapseln, magenschonend und ohne Zusatzstoffe \u2013 ideal zur t\u00e4glichen Vitaminversorgung.<\/em><\/p>\n<p data-start=\"487\" data-end=\"520\">","protected":false},"featured_media":43588,"comment_status":"open","ping_status":"closed","template":"","meta":{"_glsr_average":0,"_glsr_ranking":0,"_glsr_reviews":0},"product_brand":[],"product_cat":[973],"product_tag":[],"class_list":{"0":"post-24842","1":"product","2":"type-product","3":"status-publish","4":"has-post-thumbnail","6":"product_cat-vitamin-c","8":"first","9":"instock","10":"shipping-taxable","11":"purchasable","12":"product-type-simple","13":"add-to-wishlist-before_image"},"jetpack_sharing_enabled":true,"_links":{"self":[{"href":"https:\/\/honigbee.com\/el\/wp-json\/wp\/v2\/product\/24842","targetHints":{"allow":["GET"]}}],"collection":[{"href":"https:\/\/honigbee.com\/el\/wp-json\/wp\/v2\/product"}],"about":[{"href":"https:\/\/honigbee.com\/el\/wp-json\/wp\/v2\/types\/product"}],"replies":[{"embeddable":true,"href":"https:\/\/honigbee.com\/el\/wp-json\/wp\/v2\/comments?post=24842"}],"version-history":[{"count":3,"href":"https:\/\/honigbee.com\/el\/wp-json\/wp\/v2\/product\/24842\/revisions"}],"predecessor-version":[{"id":43589,"href":"https:\/\/honigbee.com\/el\/wp-json\/wp\/v2\/product\/24842\/revisions\/43589"}],"wp:featuredmedia":[{"embeddable":true,"href":"https:\/\/honigbee.com\/el\/wp-json\/wp\/v2\/media\/43588"}],"wp:attachment":[{"href":"https:\/\/honigbee.com\/el\/wp-json\/wp\/v2\/media?parent=24842"}],"wp:term":[{"taxonomy":"product_brand","embeddable":true,"href":"https:\/\/honigbee.com\/el\/wp-json\/wp\/v2\/product_brand?post=24842"},{"taxonomy":"product_cat","embeddable":true,"href":"https:\/\/honigbee.com\/el\/wp-json\/wp\/v2\/product_cat?post=24842"},{"taxonomy":"product_tag","embeddable":true,"href":"https:\/\/honigbee.com\/el\/wp-json\/wp\/v2\/product_tag?post=24842"}],"curies":[{"name":"\u03b5\u03c1\u03b3\u03b1\u03c3\u03af\u03b1","href":"https:\/\/api.w.org\/{rel}","templated":true}]}}