{"id":45123,"date":"2026-05-08T13:43:38","date_gmt":"2026-05-08T13:43:38","guid":{"rendered":"https:\/\/honigbee.com\/?post_type=product&#038;p=45123"},"modified":"2026-05-08T13:48:44","modified_gmt":"2026-05-08T13:48:44","slug":"kerzenhalter-set-glas-grau-2er-set-vintage-candle-holder-fuer-dinner-teelicht-dekoration-6-2-x-7-cm","status":"publish","type":"product","link":"https:\/\/honigbee.com\/el\/product\/kerzenhalter-set-glas-grau-2er-set-vintage-candle-holder-fuer-dinner-teelicht-dekoration-6-2-x-7-cm\/","title":{"rendered":"Kerzenhalter Set Glas Grau \u2013 2er Set Vintage Candle Holder f\u00fcr Dinner &#038; Teelicht Dekoration 6.2 x 7 cm"},"content":{"rendered":"<div id=\"ez-toc-container\" class=\"ez-toc-v2_0_83 counter-hierarchy ez-toc-counter ez-toc-grey ez-toc-container-direction\">\n<div class=\"ez-toc-title-container\">\n<p class=\"ez-toc-title\" style=\"cursor:inherit\">\u03a0\u03af\u03bd\u03b1\u03ba\u03b1\u03c2 \u03c0\u03b5\u03c1\u03b9\u03b5\u03c7\u03bf\u03bc\u03ad\u03bd\u03c9\u03bd<\/p>\n<span class=\"ez-toc-title-toggle\"><a href=\"#\" class=\"ez-toc-pull-right ez-toc-btn ez-toc-btn-xs ez-toc-btn-default ez-toc-toggle\" aria-label=\"\u0395\u03bd\u03b1\u03bb\u03bb\u03b1\u03b3\u03ae \u03a0\u03af\u03bd\u03b1\u03ba\u03b1 \u03a0\u03b5\u03c1\u03b9\u03b5\u03c7\u03bf\u03bc\u03ad\u03bd\u03c9\u03bd\"><span class=\"ez-toc-js-icon-con\"><span class=\"\"><span class=\"eztoc-hide\" style=\"display:none;\">\u039c\u03c0\u03b1\u03c1\u03ad\u03c4\u03b1<\/span><span class=\"ez-toc-icon-toggle-span\"><svg style=\"fill: #999;color:#999\" xmlns=\"http:\/\/www.w3.org\/2000\/svg\" class=\"list-377408\" width=\"20px\" height=\"20px\" viewbox=\"0 0 24 24\" fill=\"none\"><path d=\"M6 6H4v2h2V6zm14 0H8v2h12V6zM4 11h2v2H4v-2zm16 0H8v2h12v-2zM4 16h2v2H4v-2zm16 0H8v2h12v-2z\" fill=\"currentColor\"><\/path><\/svg><svg style=\"fill: #999;color:#999\" class=\"arrow-unsorted-368013\" xmlns=\"http:\/\/www.w3.org\/2000\/svg\" width=\"10px\" height=\"10px\" viewbox=\"0 0 24 24\" version=\"1.2\" baseprofile=\"tiny\"><path d=\"M18.2 9.3l-6.2-6.3-6.2 6.3c-.2.2-.3.4-.3.7s.1.5.3.7c.2.2.4.3.7.3h11c.3 0 .5-.1.7-.3.2-.2.3-.5.3-.7s-.1-.5-.3-.7zM5.8 14.7l6.2 6.3 6.2-6.3c.2-.2.3-.5.3-.7s-.1-.5-.3-.7c-.2-.2-.4-.3-.7-.3h-11c-.3 0-.5.1-.7.3-.2.2-.3.5-.3.7s.1.5.3.7z\"\/><\/svg><\/span><\/span><\/span><\/a><\/span><\/div>\n<nav><ul class='ez-toc-list ez-toc-list-level-1' ><li class='ez-toc-page-1 ez-toc-heading-level-4'><a class=\"ez-toc-link ez-toc-heading-1\" href=\"https:\/\/honigbee.com\/el\/product\/kerzenhalter-set-glas-grau-2er-set-vintage-candle-holder-fuer-dinner-teelicht-dekoration-6-2-x-7-cm\/#Kerzenhalter_Set_Glas_Grau_fur_moderne_Eleganz\" >Kerzenhalter Set Glas Grau f\u00fcr moderne Eleganz<\/a><\/li><li class='ez-toc-page-1 ez-toc-heading-level-4'><a class=\"ez-toc-link ez-toc-heading-2\" href=\"https:\/\/honigbee.com\/el\/product\/kerzenhalter-set-glas-grau-2er-set-vintage-candle-holder-fuer-dinner-teelicht-dekoration-6-2-x-7-cm\/#Hochwertiges_Glas_mit_Vintage_Charakter\" >Hochwertiges Glas mit Vintage Charakter<\/a><\/li><li class='ez-toc-page-1 ez-toc-heading-level-4'><a class=\"ez-toc-link ez-toc-heading-3\" href=\"https:\/\/honigbee.com\/el\/product\/kerzenhalter-set-glas-grau-2er-set-vintage-candle-holder-fuer-dinner-teelicht-dekoration-6-2-x-7-cm\/#Fur_Dinnerkerzen_und_Teelichter_geeignet\" >F\u00fcr Dinnerkerzen und Teelichter geeignet<\/a><\/li><li class='ez-toc-page-1 ez-toc-heading-level-4'><a class=\"ez-toc-link ez-toc-heading-4\" href=\"https:\/\/honigbee.com\/el\/product\/kerzenhalter-set-glas-grau-2er-set-vintage-candle-holder-fuer-dinner-teelicht-dekoration-6-2-x-7-cm\/#Dekoration_fur_jeden_Wohnbereich\" >Dekoration f\u00fcr jeden Wohnbereich<\/a><\/li><li class='ez-toc-page-1 ez-toc-heading-level-4'><a class=\"ez-toc-link ez-toc-heading-5\" href=\"https:\/\/honigbee.com\/el\/product\/kerzenhalter-set-glas-grau-2er-set-vintage-candle-holder-fuer-dinner-teelicht-dekoration-6-2-x-7-cm\/#Zeitloses_Geschenk\" >Zeitloses Geschenk<\/a><\/li><li class='ez-toc-page-1 ez-toc-heading-level-4'><a class=\"ez-toc-link ez-toc-heading-6\" href=\"https:\/\/honigbee.com\/el\/product\/kerzenhalter-set-glas-grau-2er-set-vintage-candle-holder-fuer-dinner-teelicht-dekoration-6-2-x-7-cm\/#Produktdetails\" >\u039b\u03b5\u03c0\u03c4\u03bf\u03bc\u03ad\u03c1\u03b5\u03b9\u03b5\u03c2 \u03c0\u03c1\u03bf\u03ca\u03cc\u03bd\u03c4\u03bf\u03c2<\/a><\/li><li class='ez-toc-page-1 ez-toc-heading-level-4'><a class=\"ez-toc-link ez-toc-heading-7\" href=\"https:\/\/honigbee.com\/el\/product\/kerzenhalter-set-glas-grau-2er-set-vintage-candle-holder-fuer-dinner-teelicht-dekoration-6-2-x-7-cm\/#Weitere_Inspiration_entdecken\" >Weitere Inspiration entdecken<\/a><\/li><\/ul><\/nav><\/div>\n<h4 data-start=\"748\" data-end=\"801\"><span class=\"ez-toc-section\" id=\"Kerzenhalter_Set_Glas_Grau_fur_moderne_Eleganz\"><\/span>Kerzenhalter Set Glas Grau f\u00fcr moderne Eleganz<span class=\"ez-toc-section-end\"><\/span><\/h4>\n<p data-start=\"802\" data-end=\"969\">Das Kerzenhalter Set Glas Grau bringt stilvolle Zur\u00fcckhaltung und moderne Eleganz in Ihr Zuhause. Die dezente Farbgebung sorgt f\u00fcr ein edles und harmonisches Ambiente.<\/p>\n<hr data-start=\"971\" data-end=\"974\" \/>\n<h4 data-start=\"976\" data-end=\"1022\"><span class=\"ez-toc-section\" id=\"Hochwertiges_Glas_mit_Vintage_Charakter\"><\/span>Hochwertiges Glas mit Vintage Charakter<span class=\"ez-toc-section-end\"><\/span><\/h4>\n<p data-start=\"1023\" data-end=\"1210\">Gefertigt aus robustem Glas \u00fcberzeugt dieses Set durch seine hochwertige Verarbeitung und die besondere Form im Vintage-Stil. Die graue Optik passt perfekt zu modernen Einrichtungsstilen.<\/p>\n<hr data-start=\"1212\" data-end=\"1215\" \/>\n<h4 data-start=\"1217\" data-end=\"1264\"><span class=\"ez-toc-section\" id=\"Fur_Dinnerkerzen_und_Teelichter_geeignet\"><\/span>F\u00fcr Dinnerkerzen und Teelichter geeignet<span class=\"ez-toc-section-end\"><\/span><\/h4>\n<p data-start=\"1265\" data-end=\"1421\">Ob als Kerzenst\u00e4nder f\u00fcr elegante Dinnerkerzen oder als Halter f\u00fcr Teelichter \u2013 dieses Produkt bietet vielseitige Einsatzm\u00f6glichkeiten f\u00fcr jede Gelegenheit.<\/p>\n<hr data-start=\"1423\" data-end=\"1426\" \/>\n<h4 data-start=\"1428\" data-end=\"1467\"><span class=\"ez-toc-section\" id=\"Dekoration_fur_jeden_Wohnbereich\"><\/span>Dekoration f\u00fcr jeden Wohnbereich<span class=\"ez-toc-section-end\"><\/span><\/h4>\n<p data-start=\"1468\" data-end=\"1605\">Ideal f\u00fcr Wohnzimmer, Essbereich oder Schlafzimmer. Diese Kerzenhalter setzen stilvolle Akzente und sorgen f\u00fcr eine angenehme Atmosph\u00e4re.<\/p>\n<hr data-start=\"1607\" data-end=\"1610\" \/>\n<h4 data-start=\"1612\" data-end=\"1637\"><span class=\"ez-toc-section\" id=\"Zeitloses_Geschenk\"><\/span>Zeitloses Geschenk<span class=\"ez-toc-section-end\"><\/span><\/h4>\n<p data-start=\"1638\" data-end=\"1761\">Das Kerzenhalter Set Glas Grau eignet sich perfekt als Geschenk f\u00fcr Freunde und Familie, die stilvolle Dekoration sch\u00e4tzen.<\/p>\n<hr data-start=\"1763\" data-end=\"1766\" \/>\n<h4 data-start=\"1768\" data-end=\"1789\"><span class=\"ez-toc-section\" id=\"Produktdetails\"><\/span>\u039b\u03b5\u03c0\u03c4\u03bf\u03bc\u03ad\u03c1\u03b5\u03b9\u03b5\u03c2 \u03c0\u03c1\u03bf\u03ca\u03cc\u03bd\u03c4\u03bf\u03c2<span class=\"ez-toc-section-end\"><\/span><\/h4>\n<p data-start=\"1790\" data-end=\"1965\">Material: Glas (gepresst)<br data-start=\"1815\" data-end=\"1818\" \/>Farbe: Grau \/ Rauchglas<br data-start=\"1841\" data-end=\"1844\" \/>Set: 2 St\u00fcck<br data-start=\"1856\" data-end=\"1859\" \/>Gr\u00f6\u00dfe: ca. 6.2 x 7 cm<br data-start=\"1880\" data-end=\"1883\" \/>Stil: Vintage \/ Modern<br data-start=\"1905\" data-end=\"1908\" \/>Verwendung: Dinnerkerzen &amp; Teelichter<br data-start=\"1945\" data-end=\"1948\" \/>Herkunft: China<\/p>\n<hr data-start=\"2312\" data-end=\"2315\" \/>\n<h4 data-start=\"413\" data-end=\"449\"><span class=\"ez-toc-section\" id=\"Weitere_Inspiration_entdecken\"><\/span>Weitere Inspiration entdecken<span class=\"ez-toc-section-end\"><\/span><\/h4>\n<p data-start=\"450\" data-end=\"582\">Suchen Sie weitere besondere Produkte? Entdecken Sie zus\u00e4tzliche Highlights in unserem Sortiment oder besuchen Sie unsere Partnerprojekte:<\/p>\n<ul data-start=\"584\" data-end=\"920\">\n<li><a href=\"https:\/\/matvana.com\/shop\/\" target=\"_blank\" rel=\"noopener\">Stilvolle Wohn- &amp; Geschenkideen bei Matvana entdecken<\/a><\/li>\n<li data-start=\"657\" data-end=\"783\">\n<p data-start=\"659\" data-end=\"783\"><a href=\"https:\/\/honigbee.com\/el\/shop\/\">Nat\u00fcrliche Produkte bei Honigbee ansehen<br \/>\n<\/a><\/p>\n<\/li>\n<li><a href=\"https:\/\/saphirsmaragd.com\/shop\/\" target=\"_blank\" rel=\"noopener\">Edelsteine &amp; Schmuckst\u00fccke bei Saphir &amp; Smaragd entdecken<\/a><\/li>\n<\/ul>","protected":false},"excerpt":{"rendered":"<p data-start=\"401\" data-end=\"560\"><em>Kerzenhalter Set Glas Grau im 2er Set. Stilvolle Vintage Kerzenhalter f\u00fcr Dinnerkerzen oder Teelichter \u2013 perfekt f\u00fcr moderne Tisch- und Wohnraumdekoration.<\/em><\/p>","protected":false},"featured_media":45279,"comment_status":"open","ping_status":"closed","template":"","meta":{"_glsr_average":0,"_glsr_ranking":0,"_glsr_reviews":0},"product_brand":[],"product_cat":[1540],"product_tag":[],"class_list":{"0":"post-45123","1":"product","2":"type-product","3":"status-publish","4":"has-post-thumbnail","6":"product_cat-kerzenhalter","8":"first","9":"instock","10":"shipping-taxable","11":"purchasable","12":"product-type-simple","13":"add-to-wishlist-before_image"},"jetpack_sharing_enabled":true,"_links":{"self":[{"href":"https:\/\/honigbee.com\/el\/wp-json\/wp\/v2\/product\/45123","targetHints":{"allow":["GET"]}}],"collection":[{"href":"https:\/\/honigbee.com\/el\/wp-json\/wp\/v2\/product"}],"about":[{"href":"https:\/\/honigbee.com\/el\/wp-json\/wp\/v2\/types\/product"}],"replies":[{"embeddable":true,"href":"https:\/\/honigbee.com\/el\/wp-json\/wp\/v2\/comments?post=45123"}],"version-history":[{"count":1,"href":"https:\/\/honigbee.com\/el\/wp-json\/wp\/v2\/product\/45123\/revisions"}],"predecessor-version":[{"id":45280,"href":"https:\/\/honigbee.com\/el\/wp-json\/wp\/v2\/product\/45123\/revisions\/45280"}],"wp:featuredmedia":[{"embeddable":true,"href":"https:\/\/honigbee.com\/el\/wp-json\/wp\/v2\/media\/45279"}],"wp:attachment":[{"href":"https:\/\/honigbee.com\/el\/wp-json\/wp\/v2\/media?parent=45123"}],"wp:term":[{"taxonomy":"product_brand","embeddable":true,"href":"https:\/\/honigbee.com\/el\/wp-json\/wp\/v2\/product_brand?post=45123"},{"taxonomy":"product_cat","embeddable":true,"href":"https:\/\/honigbee.com\/el\/wp-json\/wp\/v2\/product_cat?post=45123"},{"taxonomy":"product_tag","embeddable":true,"href":"https:\/\/honigbee.com\/el\/wp-json\/wp\/v2\/product_tag?post=45123"}],"curies":[{"name":"\u03b5\u03c1\u03b3\u03b1\u03c3\u03af\u03b1","href":"https:\/\/api.w.org\/{rel}","templated":true}]}}