{"id":45652,"date":"2026-05-08T15:41:11","date_gmt":"2026-05-08T15:41:11","guid":{"rendered":"https:\/\/honigbee.com\/?post_type=product&#038;p=45652"},"modified":"2026-05-08T15:42:49","modified_gmt":"2026-05-08T15:42:49","slug":"tremella-30ml","status":"publish","type":"product","link":"https:\/\/honigbee.com\/el\/product\/tremella-30ml\/","title":{"rendered":"Tremella 30ml \u2013 Hochkonzentrierter Tremella Pilzextrakt f\u00fcr t\u00e4gliche Wellness &#038; Hydration"},"content":{"rendered":"<div id=\"ez-toc-container\" class=\"ez-toc-v2_0_83 counter-hierarchy ez-toc-counter ez-toc-grey ez-toc-container-direction\">\n<div class=\"ez-toc-title-container\">\n<p class=\"ez-toc-title\" style=\"cursor:inherit\">\u03a0\u03af\u03bd\u03b1\u03ba\u03b1\u03c2 \u03c0\u03b5\u03c1\u03b9\u03b5\u03c7\u03bf\u03bc\u03ad\u03bd\u03c9\u03bd<\/p>\n<span class=\"ez-toc-title-toggle\"><a href=\"#\" class=\"ez-toc-pull-right ez-toc-btn ez-toc-btn-xs ez-toc-btn-default ez-toc-toggle\" aria-label=\"\u0395\u03bd\u03b1\u03bb\u03bb\u03b1\u03b3\u03ae \u03a0\u03af\u03bd\u03b1\u03ba\u03b1 \u03a0\u03b5\u03c1\u03b9\u03b5\u03c7\u03bf\u03bc\u03ad\u03bd\u03c9\u03bd\"><span class=\"ez-toc-js-icon-con\"><span class=\"\"><span class=\"eztoc-hide\" style=\"display:none;\">\u039c\u03c0\u03b1\u03c1\u03ad\u03c4\u03b1<\/span><span class=\"ez-toc-icon-toggle-span\"><svg style=\"fill: #999;color:#999\" xmlns=\"http:\/\/www.w3.org\/2000\/svg\" class=\"list-377408\" width=\"20px\" height=\"20px\" viewbox=\"0 0 24 24\" fill=\"none\"><path d=\"M6 6H4v2h2V6zm14 0H8v2h12V6zM4 11h2v2H4v-2zm16 0H8v2h12v-2zM4 16h2v2H4v-2zm16 0H8v2h12v-2z\" fill=\"currentColor\"><\/path><\/svg><svg style=\"fill: #999;color:#999\" class=\"arrow-unsorted-368013\" xmlns=\"http:\/\/www.w3.org\/2000\/svg\" width=\"10px\" height=\"10px\" viewbox=\"0 0 24 24\" version=\"1.2\" baseprofile=\"tiny\"><path d=\"M18.2 9.3l-6.2-6.3-6.2 6.3c-.2.2-.3.4-.3.7s.1.5.3.7c.2.2.4.3.7.3h11c.3 0 .5-.1.7-.3.2-.2.3-.5.3-.7s-.1-.5-.3-.7zM5.8 14.7l6.2 6.3 6.2-6.3c.2-.2.3-.5.3-.7s-.1-.5-.3-.7c-.2-.2-.4-.3-.7-.3h-11c-.3 0-.5.1-.7.3-.2.2-.3.5-.3.7s.1.5.3.7z\"\/><\/svg><\/span><\/span><\/span><\/a><\/span><\/div>\n<nav><ul class='ez-toc-list ez-toc-list-level-1' ><li class='ez-toc-page-1 ez-toc-heading-level-4'><a class=\"ez-toc-link ez-toc-heading-1\" href=\"https:\/\/honigbee.com\/el\/product\/tremella-30ml\/#Tremella_30ml_fur_moderne_Wellness-Routinen\" >Tremella 30ml f\u00fcr moderne Wellness-Routinen<\/a><\/li><li class='ez-toc-page-1 ez-toc-heading-level-4'><a class=\"ez-toc-link ez-toc-heading-2\" href=\"https:\/\/honigbee.com\/el\/product\/tremella-30ml\/#Hochkonzentrierter_Tremella_Extrakt\" >Hochkonzentrierter Tremella Extrakt<\/a><\/li><li class='ez-toc-page-1 ez-toc-heading-level-4'><a class=\"ez-toc-link ez-toc-heading-3\" href=\"https:\/\/honigbee.com\/el\/product\/tremella-30ml\/#Premium_Qualitat_Reinheit\" >Premium Qualit\u00e4t &amp; Reinheit<\/a><\/li><li class='ez-toc-page-1 ez-toc-heading-level-4'><a class=\"ez-toc-link ez-toc-heading-4\" href=\"https:\/\/honigbee.com\/el\/product\/tremella-30ml\/#Einfache_tagliche_Anwendung\" >Einfache t\u00e4gliche Anwendung<\/a><\/li><li class='ez-toc-page-1 ez-toc-heading-level-4'><a class=\"ez-toc-link ez-toc-heading-5\" href=\"https:\/\/honigbee.com\/el\/product\/tremella-30ml\/#Zutaten_Inhaltsstoffe\" >Zutaten &amp; Inhaltsstoffe<\/a><\/li><li class='ez-toc-page-1 ez-toc-heading-level-4'><a class=\"ez-toc-link ez-toc-heading-6\" href=\"https:\/\/honigbee.com\/el\/product\/tremella-30ml\/#Produktdetails\" >\u039b\u03b5\u03c0\u03c4\u03bf\u03bc\u03ad\u03c1\u03b5\u03b9\u03b5\u03c2 \u03c0\u03c1\u03bf\u03ca\u03cc\u03bd\u03c4\u03bf\u03c2<\/a><\/li><li class='ez-toc-page-1 ez-toc-heading-level-4'><a class=\"ez-toc-link ez-toc-heading-7\" href=\"https:\/\/honigbee.com\/el\/product\/tremella-30ml\/#Weitere_Inspiration_entdecken\" >Weitere Inspiration entdecken<\/a><\/li><\/ul><\/nav><\/div>\n<h4 data-start=\"509\" data-end=\"557\"><span class=\"ez-toc-section\" id=\"Tremella_30ml_fur_moderne_Wellness-Routinen\"><\/span>Tremella 30ml f\u00fcr moderne Wellness-Routinen<span class=\"ez-toc-section-end\"><\/span><\/h4>\n<p data-start=\"559\" data-end=\"740\">Der Tremella 30ml Extrakt kombiniert hochwertige Tremella Fruchtk\u00f6rper mit einer konzentrierten fl\u00fcssigen Formel. Die praktische Anwendung macht ihn ideal f\u00fcr den t\u00e4glichen Einsatz.<\/p>\n<hr data-start=\"742\" data-end=\"745\" \/>\n<h4 data-start=\"747\" data-end=\"787\"><span class=\"ez-toc-section\" id=\"Hochkonzentrierter_Tremella_Extrakt\"><\/span>Hochkonzentrierter Tremella Extrakt<span class=\"ez-toc-section-end\"><\/span><\/h4>\n<p data-start=\"789\" data-end=\"966\">Mit einem starken 20:1 Extraktverh\u00e4ltnis bietet die Formel eine konzentrierte Zusammensetzung. Jede Portion liefert 200 mg Extrakt und entspricht etwa 4000 mg getrocknetem Pilz.<\/p>\n<hr data-start=\"968\" data-end=\"971\" \/>\n<h4 data-start=\"973\" data-end=\"1005\"><span class=\"ez-toc-section\" id=\"Premium_Qualitat_Reinheit\"><\/span>Premium Qualit\u00e4t &amp; Reinheit<span class=\"ez-toc-section-end\"><\/span><\/h4>\n<p data-start=\"1007\" data-end=\"1192\">Tremella 30ml wird aus hochwertigen Fruchtk\u00f6rpern hergestellt und enth\u00e4lt keine unn\u00f6tigen F\u00fcllstoffe oder k\u00fcnstlichen Zus\u00e4tze. Die Rezeptur wird laborgepr\u00fcft und sorgf\u00e4ltig verarbeitet.<\/p>\n<hr data-start=\"1194\" data-end=\"1197\" \/>\n<h4 data-start=\"1199\" data-end=\"1231\"><span class=\"ez-toc-section\" id=\"Einfache_tagliche_Anwendung\"><\/span>Einfache t\u00e4gliche Anwendung<span class=\"ez-toc-section-end\"><\/span><\/h4>\n<p data-start=\"1233\" data-end=\"1405\">Die fl\u00fcssige Formel erm\u00f6glicht eine unkomplizierte Dosierung im Alltag. Perfekt f\u00fcr alle, die hochwertige Pilzextrakte einfach in ihre Wellness-Routine integrieren m\u00f6chten.<\/p>\n<hr data-start=\"1407\" data-end=\"1410\" \/>\n<h4 data-start=\"1412\" data-end=\"1440\"><span class=\"ez-toc-section\" id=\"Zutaten_Inhaltsstoffe\"><\/span>Zutaten &amp; Inhaltsstoffe<span class=\"ez-toc-section-end\"><\/span><\/h4>\n<ul data-start=\"1442\" data-end=\"1568\">\n<li data-section-id=\"467jve\" data-start=\"1442\" data-end=\"1466\">Destilliertes Wasser<\/li>\n<li data-section-id=\"jdcsce\" data-start=\"1467\" data-end=\"1492\">Pflanzliches Glycerin<\/li>\n<li data-section-id=\"1a6bjfd\" data-start=\"1493\" data-end=\"1533\">Tremella Fruchtk\u00f6rper Extrakt (20:1)<\/li>\n<li data-section-id=\"1j6h54y\" data-start=\"1534\" data-end=\"1551\">Zitronens\u00e4ure<\/li>\n<li data-section-id=\"1c2shvq\" data-start=\"1552\" data-end=\"1568\">Kaliumsorbat<\/li>\n<\/ul>\n<hr data-start=\"1570\" data-end=\"1573\" \/>\n<h4 data-start=\"1575\" data-end=\"1594\"><span class=\"ez-toc-section\" id=\"Produktdetails\"><\/span>\u039b\u03b5\u03c0\u03c4\u03bf\u03bc\u03ad\u03c1\u03b5\u03b9\u03b5\u03c2 \u03c0\u03c1\u03bf\u03ca\u03cc\u03bd\u03c4\u03bf\u03c2<span class=\"ez-toc-section-end\"><\/span><\/h4>\n<ul data-start=\"1596\" data-end=\"1803\">\n<li data-section-id=\"llwfty\" data-start=\"1596\" data-end=\"1613\">Inhalt: 30 ml<\/li>\n<li data-section-id=\"zmg70f\" data-start=\"1614\" data-end=\"1641\">Extraktverh\u00e4ltnis: 20:1<\/li>\n<li data-section-id=\"1mbtxk9\" data-start=\"1642\" data-end=\"1672\">200 mg Extrakt pro Portion<\/li>\n<li data-section-id=\"1fbk1ut\" data-start=\"1673\" data-end=\"1713\">Entspricht 4000 mg getrocknetem Pilz<\/li>\n<li data-section-id=\"n3n62y\" data-start=\"1714\" data-end=\"1742\">30 Portionen pro Flasche<\/li>\n<li data-section-id=\"ew5oj1\" data-start=\"1743\" data-end=\"1768\">Fl\u00fcssiger Pilzextrakt<\/li>\n<li data-section-id=\"1w1zjyu\" data-start=\"1769\" data-end=\"1803\">Fruchtk\u00f6rper basierter Extrakt<\/li>\n<\/ul>\n<hr data-start=\"2147\" data-end=\"2150\" \/>\n<h4 data-start=\"413\" data-end=\"449\"><span class=\"ez-toc-section\" id=\"Weitere_Inspiration_entdecken\"><\/span>Weitere Inspiration entdecken<span class=\"ez-toc-section-end\"><\/span><\/h4>\n<p data-start=\"450\" data-end=\"582\">Suchen Sie weitere besondere Produkte? Entdecken Sie zus\u00e4tzliche Highlights in unserem Sortiment oder besuchen Sie unsere Partnerprojekte:<\/p>\n<ul data-start=\"584\" data-end=\"920\">\n<li><a href=\"https:\/\/matvana.com\/shop\/\" target=\"_blank\" rel=\"noopener\">Stilvolle Wohn- &amp; Geschenkideen bei Matvana entdecken<\/a><\/li>\n<li data-start=\"657\" data-end=\"783\">\n<p data-start=\"659\" data-end=\"783\"><a href=\"https:\/\/honigbee.com\/el\/shop\/\">Nat\u00fcrliche Produkte bei Honigbee ansehen<br \/>\n<\/a><\/p>\n<\/li>\n<li><a href=\"https:\/\/saphirsmaragd.com\/shop\/\" target=\"_blank\" rel=\"noopener\">Edelsteine &amp; Schmuckst\u00fccke bei Saphir &amp; Smaragd entdecken<\/a><\/li>\n<\/ul>","protected":false},"excerpt":{"rendered":"<p data-start=\"207\" data-end=\"367\"><em>Tremella 30ml mit hochkonzentriertem 20:1 Tremella Extrakt aus Fruchtk\u00f6rpern. Premium Pilzextrakt f\u00fcr t\u00e4gliche Balance, Hydration und moderne Wellness-Routinen.<\/em><\/p>","protected":false},"featured_media":45653,"comment_status":"open","ping_status":"closed","template":"","meta":{"_glsr_average":0,"_glsr_ranking":0,"_glsr_reviews":0},"product_brand":[],"product_cat":[1545],"product_tag":[],"class_list":{"0":"post-45652","1":"product","2":"type-product","3":"status-publish","4":"has-post-thumbnail","6":"product_cat-mushroom-extrakte","8":"first","9":"instock","10":"shipping-taxable","11":"purchasable","12":"product-type-simple","13":"add-to-wishlist-before_image"},"jetpack_sharing_enabled":true,"_links":{"self":[{"href":"https:\/\/honigbee.com\/el\/wp-json\/wp\/v2\/product\/45652","targetHints":{"allow":["GET"]}}],"collection":[{"href":"https:\/\/honigbee.com\/el\/wp-json\/wp\/v2\/product"}],"about":[{"href":"https:\/\/honigbee.com\/el\/wp-json\/wp\/v2\/types\/product"}],"replies":[{"embeddable":true,"href":"https:\/\/honigbee.com\/el\/wp-json\/wp\/v2\/comments?post=45652"}],"version-history":[{"count":1,"href":"https:\/\/honigbee.com\/el\/wp-json\/wp\/v2\/product\/45652\/revisions"}],"predecessor-version":[{"id":45654,"href":"https:\/\/honigbee.com\/el\/wp-json\/wp\/v2\/product\/45652\/revisions\/45654"}],"wp:featuredmedia":[{"embeddable":true,"href":"https:\/\/honigbee.com\/el\/wp-json\/wp\/v2\/media\/45653"}],"wp:attachment":[{"href":"https:\/\/honigbee.com\/el\/wp-json\/wp\/v2\/media?parent=45652"}],"wp:term":[{"taxonomy":"product_brand","embeddable":true,"href":"https:\/\/honigbee.com\/el\/wp-json\/wp\/v2\/product_brand?post=45652"},{"taxonomy":"product_cat","embeddable":true,"href":"https:\/\/honigbee.com\/el\/wp-json\/wp\/v2\/product_cat?post=45652"},{"taxonomy":"product_tag","embeddable":true,"href":"https:\/\/honigbee.com\/el\/wp-json\/wp\/v2\/product_tag?post=45652"}],"curies":[{"name":"\u03b5\u03c1\u03b3\u03b1\u03c3\u03af\u03b1","href":"https:\/\/api.w.org\/{rel}","templated":true}]}}