{"id":13393,"date":"2024-11-29T13:34:12","date_gmt":"2024-11-29T13:34:12","guid":{"rendered":"https:\/\/honigbee.com\/?post_type=product&#038;p=13393"},"modified":"2026-02-28T18:58:17","modified_gmt":"2026-02-28T18:58:17","slug":"3-kg-sukkari-rutab-datteln","status":"publish","type":"product","link":"https:\/\/honigbee.com\/en\/product\/3-kg-sukkari-rutab-datteln\/","title":{"rendered":"3 kg Sukkari Rutab Datteln \u2013 Sehr weich, s\u00fc\u00df &#038; naturbelassen \u2013 Ohne Zuckerzusatz"},"content":{"rendered":"<div id=\"ez-toc-container\" class=\"ez-toc-v2_0_82_2 counter-hierarchy ez-toc-counter ez-toc-grey ez-toc-container-direction\">\n<div class=\"ez-toc-title-container\">\n<p class=\"ez-toc-title\" style=\"cursor:inherit\">Table of Contents<\/p>\n<span class=\"ez-toc-title-toggle\"><a href=\"#\" class=\"ez-toc-pull-right ez-toc-btn ez-toc-btn-xs ez-toc-btn-default ez-toc-toggle\" aria-label=\"Toggle Table of Content\"><span class=\"ez-toc-js-icon-con\"><span class=\"\"><span class=\"eztoc-hide\" style=\"display:none;\">Toggle<\/span><span class=\"ez-toc-icon-toggle-span\"><svg style=\"fill: #999;color:#999\" xmlns=\"http:\/\/www.w3.org\/2000\/svg\" class=\"list-377408\" width=\"20px\" height=\"20px\" viewbox=\"0 0 24 24\" fill=\"none\"><path d=\"M6 6H4v2h2V6zm14 0H8v2h12V6zM4 11h2v2H4v-2zm16 0H8v2h12v-2zM4 16h2v2H4v-2zm16 0H8v2h12v-2z\" fill=\"currentColor\"><\/path><\/svg><svg style=\"fill: #999;color:#999\" class=\"arrow-unsorted-368013\" xmlns=\"http:\/\/www.w3.org\/2000\/svg\" width=\"10px\" height=\"10px\" viewbox=\"0 0 24 24\" version=\"1.2\" baseprofile=\"tiny\"><path d=\"M18.2 9.3l-6.2-6.3-6.2 6.3c-.2.2-.3.4-.3.7s.1.5.3.7c.2.2.4.3.7.3h11c.3 0 .5-.1.7-.3.2-.2.3-.5.3-.7s-.1-.5-.3-.7zM5.8 14.7l6.2 6.3 6.2-6.3c.2-.2.3-.5.3-.7s-.1-.5-.3-.7c-.2-.2-.4-.3-.7-.3h-11c-.3 0-.5.1-.7.3-.2.2-.3.5-.3.7s.1.5.3.7z\"\/><\/svg><\/span><\/span><\/span><\/a><\/span><\/div>\n<nav><ul class='ez-toc-list ez-toc-list-level-1' ><li class='ez-toc-page-1 ez-toc-heading-level-4'><a class=\"ez-toc-link ez-toc-heading-1\" href=\"https:\/\/honigbee.com\/en\/product\/3-kg-sukkari-rutab-datteln\/#Produktmerkmale\" >product features<\/a><\/li><li class='ez-toc-page-1 ez-toc-heading-level-4'><a class=\"ez-toc-link ez-toc-heading-2\" href=\"https:\/\/honigbee.com\/en\/product\/3-kg-sukkari-rutab-datteln\/#Geschmack_Konsistenz\" >Taste &amp; consistency<\/a><\/li><li class='ez-toc-page-1 ez-toc-heading-level-4'><a class=\"ez-toc-link ez-toc-heading-3\" href=\"https:\/\/honigbee.com\/en\/product\/3-kg-sukkari-rutab-datteln\/#Verwendung\" >use<\/a><\/li><li class='ez-toc-page-1 ez-toc-heading-level-4'><a class=\"ez-toc-link ez-toc-heading-4\" href=\"https:\/\/honigbee.com\/en\/product\/3-kg-sukkari-rutab-datteln\/#Produktdetails\" >Product details<\/a><\/li><li class='ez-toc-page-1 ez-toc-heading-level-4'><a class=\"ez-toc-link ez-toc-heading-5\" href=\"https:\/\/honigbee.com\/en\/product\/3-kg-sukkari-rutab-datteln\/#Lagerung\" >storage<\/a><\/li><li class='ez-toc-page-1 ez-toc-heading-level-4'><a class=\"ez-toc-link ez-toc-heading-6\" href=\"https:\/\/honigbee.com\/en\/product\/3-kg-sukkari-rutab-datteln\/#Weitere_Inspiration_entdecken\" >Weitere Inspiration entdecken<\/a><\/li><\/ul><\/nav><\/div>\n<p data-start=\"790\" data-end=\"1000\">The <strong data-start=\"794\" data-end=\"823\">3kg Sukkari-Rutab Datteln<\/strong> stammen aus der Rutab-Reifestufe und zeichnen sich durch ihre besonders weiche, saftige Konsistenz aus. Sie sind naturbelassen, ungeschwefelt und ohne Zuckerzusatz verarbeitet.<\/p>\n<p data-start=\"1002\" data-end=\"1057\">Ihr Geschmack ist intensiv s\u00fc\u00df mit feiner Karamellnote.<\/p>\n<hr data-start=\"1059\" data-end=\"1062\" \/>\n<h4 data-start=\"1064\" data-end=\"1084\"><span class=\"ez-toc-section\" id=\"Produktmerkmale\"><\/span>product features<span class=\"ez-toc-section-end\"><\/span><\/h4>\n<p data-start=\"1086\" data-end=\"1262\">3 kg Sukkari Rutab dates<br data-start=\"1112\" data-end=\"1115\" \/>Sehr weich und saftig<br data-start=\"1136\" data-end=\"1139\" \/>Natural<br data-start=\"1152\" data-end=\"1155\" \/>No added sugar<br data-start=\"1172\" data-end=\"1175\" \/>Nicht geschwefelt<br data-start=\"1192\" data-end=\"1195\" \/>Without preservatives<br data-start=\"1220\" data-end=\"1223\" \/>Vegan and gluten-free<br data-start=\"1243\" data-end=\"1246\" \/>Vorratspackung<\/p>\n<hr data-start=\"1264\" data-end=\"1267\" \/>\n<h4 data-start=\"1269\" data-end=\"1296\"><span class=\"ez-toc-section\" id=\"Geschmack_Konsistenz\"><\/span>Taste &amp; consistency<span class=\"ez-toc-section-end\"><\/span><\/h4>\n<p data-start=\"1298\" data-end=\"1376\">Sehr weich und zart<br data-start=\"1317\" data-end=\"1320\" \/>Naturally sweet<br data-start=\"1333\" data-end=\"1336\" \/>Karamellartige Note<br data-start=\"1355\" data-end=\"1358\" \/>Golden brown color<\/p>\n<hr data-start=\"1378\" data-end=\"1381\" \/>\n<h4 data-start=\"1383\" data-end=\"1398\"><span class=\"ez-toc-section\" id=\"Verwendung\"><\/span>use<span class=\"ez-toc-section-end\"><\/span><\/h4>\n<p data-start=\"1400\" data-end=\"1450\">The <strong data-start=\"1404\" data-end=\"1433\">3kg Sukkari Rutab dates<\/strong> are suitable for:<\/p>\n<p data-start=\"1452\" data-end=\"1579\">\u2022 Pur als Snack<br data-start=\"1467\" data-end=\"1470\" \/>\u2022 Gef\u00fcllt mit N\u00fcssen<br data-start=\"1490\" data-end=\"1493\" \/>\u2022 In Smoothies oder Bowls<br data-start=\"1518\" data-end=\"1521\" \/>\u2022 F\u00fcr Backrezepte<br data-start=\"1538\" data-end=\"1541\" \/>\u2022 In s\u00fc\u00dfen oder herzhaften Gerichten<\/p>\n<p data-start=\"1581\" data-end=\"1614\">Hinweis: Naturprodukt \u2013 mit Kern.<\/p>\n<hr data-start=\"1616\" data-end=\"1619\" \/>\n<h4 data-start=\"1621\" data-end=\"1640\"><span class=\"ez-toc-section\" id=\"Produktdetails\"><\/span>Product details<span class=\"ez-toc-section-end\"><\/span><\/h4>\n<p data-start=\"1642\" data-end=\"1831\">Produktname: 3kg Sukkari Rutab Datteln<br data-start=\"1680\" data-end=\"1683\" \/>Contents: 3 kg<br data-start=\"1695\" data-end=\"1698\" \/>Sorte: Sukkari Rutab<br data-start=\"1718\" data-end=\"1721\" \/>Origin: Saudi Arabia<br data-start=\"1744\" data-end=\"1747\" \/>Qualit\u00e4t: Naturbelassen, nicht geschwefelt<br data-start=\"1789\" data-end=\"1792\" \/>Verpackung: Frischekarton oder Beutel<\/p>\n<hr data-start=\"1833\" data-end=\"1836\" \/>\n<h4 data-start=\"1838\" data-end=\"1851\"><span class=\"ez-toc-section\" id=\"Lagerung\"><\/span>storage<span class=\"ez-toc-section-end\"><\/span><\/h4>\n<p data-start=\"1853\" data-end=\"1970\">K\u00fchl, trocken und lichtgesch\u00fctzt lagern. Nach dem \u00d6ffnen luftdicht verschlie\u00dfen. Optional im K\u00fchlschrank aufbewahren.<\/p>\n<hr data-start=\"1683\" data-end=\"1686\" \/>\n<h4 data-start=\"413\" data-end=\"449\"><span class=\"ez-toc-section\" id=\"Weitere_Inspiration_entdecken\"><\/span>Weitere Inspiration entdecken<span class=\"ez-toc-section-end\"><\/span><\/h4>\n<p data-start=\"450\" data-end=\"582\">Du suchst weitere besondere Produkte? Entdecke zus\u00e4tzliche Highlights in unserem Sortiment oder st\u00f6bere in unseren Partnerprojekten:<\/p>\n<ul data-start=\"584\" data-end=\"920\">\n<li data-start=\"584\" data-end=\"656\"><a href=\"https:\/\/honigbee.com\/en\/shop\/\">Weitere Naturprodukte bei Honigbee entdecken<\/a><\/li>\n<li data-start=\"657\" data-end=\"783\">\n<p data-start=\"659\" data-end=\"783\"><a href=\"https:\/\/matvana.com\/shop\/\" target=\"_blank\" rel=\"noopener\">Stilvolle Wohnideen bei Matvana ansehen<\/a><\/p>\n<\/li>\n<li data-start=\"784\" data-end=\"920\">\n<p data-start=\"786\" data-end=\"920\"><a href=\"https:\/\/saphirsmaragd.com\/shop\/\" target=\"_blank\" rel=\"noopener\">Edelsteine &amp; Schmuck bei Saphir &amp; Smaragd ansehen<\/a><\/p>\n<\/li>\n<\/ul>\n<hr data-start=\"1931\" data-end=\"1934\" \/>\n<p>Produktbilder dienen der Veranschaulichung. Verpackungsdesign kann abweichen.<\/p>","protected":false},"excerpt":{"rendered":"<p data-start=\"558\" data-end=\"704\"><em>3kg Sukkari Rutab Datteln naturbelassen und ungeschwefelt. Sehr weich, saftig und karamellartig im Geschmack \u2013 ideal zum Snacken oder f\u00fcr Rezepte.<\/em><\/p>\n<p class=\"\" data-start=\"3596\" data-end=\"3658\">","protected":false},"featured_media":43233,"comment_status":"open","ping_status":"closed","template":"","meta":{"_glsr_average":0,"_glsr_ranking":0,"_glsr_reviews":0},"product_brand":[],"product_cat":[723],"product_tag":[],"class_list":{"0":"post-13393","1":"product","2":"type-product","3":"status-publish","4":"has-post-thumbnail","6":"product_cat-sukkary-datteln","8":"first","9":"instock","10":"shipping-taxable","11":"purchasable","12":"product-type-simple","13":"add-to-wishlist-before_image"},"jetpack_sharing_enabled":true,"_links":{"self":[{"href":"https:\/\/honigbee.com\/en\/wp-json\/wp\/v2\/product\/13393","targetHints":{"allow":["GET"]}}],"collection":[{"href":"https:\/\/honigbee.com\/en\/wp-json\/wp\/v2\/product"}],"about":[{"href":"https:\/\/honigbee.com\/en\/wp-json\/wp\/v2\/types\/product"}],"replies":[{"embeddable":true,"href":"https:\/\/honigbee.com\/en\/wp-json\/wp\/v2\/comments?post=13393"}],"version-history":[{"count":3,"href":"https:\/\/honigbee.com\/en\/wp-json\/wp\/v2\/product\/13393\/revisions"}],"predecessor-version":[{"id":43236,"href":"https:\/\/honigbee.com\/en\/wp-json\/wp\/v2\/product\/13393\/revisions\/43236"}],"wp:featuredmedia":[{"embeddable":true,"href":"https:\/\/honigbee.com\/en\/wp-json\/wp\/v2\/media\/43233"}],"wp:attachment":[{"href":"https:\/\/honigbee.com\/en\/wp-json\/wp\/v2\/media?parent=13393"}],"wp:term":[{"taxonomy":"product_brand","embeddable":true,"href":"https:\/\/honigbee.com\/en\/wp-json\/wp\/v2\/product_brand?post=13393"},{"taxonomy":"product_cat","embeddable":true,"href":"https:\/\/honigbee.com\/en\/wp-json\/wp\/v2\/product_cat?post=13393"},{"taxonomy":"product_tag","embeddable":true,"href":"https:\/\/honigbee.com\/en\/wp-json\/wp\/v2\/product_tag?post=13393"}],"curies":[{"name":"wp","href":"https:\/\/api.w.org\/{rel}","templated":true}]}}