{"id":13720,"date":"2025-01-05T18:16:54","date_gmt":"2025-01-05T18:16:54","guid":{"rendered":"https:\/\/honigbee.com\/?post_type=product&#038;p=13720"},"modified":"2026-03-10T20:50:18","modified_gmt":"2026-03-10T20:50:18","slug":"180-multivitamin-kapseln-vegane-vitamin","status":"publish","type":"product","link":"https:\/\/honigbee.com\/en\/product\/180-multivitamin-kapseln-vegane-vitamin\/","title":{"rendered":"180 Multivitamin Kapseln Vegane Vitamin &#038; Mineralstoff Kapseln A\u2013Z"},"content":{"rendered":"<div id=\"ez-toc-container\" class=\"ez-toc-v2_0_82_2 counter-hierarchy ez-toc-counter ez-toc-grey ez-toc-container-direction\">\n<div class=\"ez-toc-title-container\">\n<p class=\"ez-toc-title\" style=\"cursor:inherit\">Table of Contents<\/p>\n<span class=\"ez-toc-title-toggle\"><a href=\"#\" class=\"ez-toc-pull-right ez-toc-btn ez-toc-btn-xs ez-toc-btn-default ez-toc-toggle\" aria-label=\"Toggle Table of Content\"><span class=\"ez-toc-js-icon-con\"><span class=\"\"><span class=\"eztoc-hide\" style=\"display:none;\">Toggle<\/span><span class=\"ez-toc-icon-toggle-span\"><svg style=\"fill: #999;color:#999\" xmlns=\"http:\/\/www.w3.org\/2000\/svg\" class=\"list-377408\" width=\"20px\" height=\"20px\" viewbox=\"0 0 24 24\" fill=\"none\"><path d=\"M6 6H4v2h2V6zm14 0H8v2h12V6zM4 11h2v2H4v-2zm16 0H8v2h12v-2zM4 16h2v2H4v-2zm16 0H8v2h12v-2z\" fill=\"currentColor\"><\/path><\/svg><svg style=\"fill: #999;color:#999\" class=\"arrow-unsorted-368013\" xmlns=\"http:\/\/www.w3.org\/2000\/svg\" width=\"10px\" height=\"10px\" viewbox=\"0 0 24 24\" version=\"1.2\" baseprofile=\"tiny\"><path d=\"M18.2 9.3l-6.2-6.3-6.2 6.3c-.2.2-.3.4-.3.7s.1.5.3.7c.2.2.4.3.7.3h11c.3 0 .5-.1.7-.3.2-.2.3-.5.3-.7s-.1-.5-.3-.7zM5.8 14.7l6.2 6.3 6.2-6.3c.2-.2.3-.5.3-.7s-.1-.5-.3-.7c-.2-.2-.4-.3-.7-.3h-11c-.3 0-.5.1-.7.3-.2.2-.3.5-.3.7s.1.5.3.7z\"\/><\/svg><\/span><\/span><\/span><\/a><\/span><\/div>\n<nav><ul class='ez-toc-list ez-toc-list-level-1' ><li class='ez-toc-page-1 ez-toc-heading-level-4'><a class=\"ez-toc-link ez-toc-heading-1\" href=\"https:\/\/honigbee.com\/en\/product\/180-multivitamin-kapseln-vegane-vitamin\/#Fur_wen_geeignet\" >Suitable for whom<\/a><\/li><li class='ez-toc-page-1 ez-toc-heading-level-4'><a class=\"ez-toc-link ez-toc-heading-2\" href=\"https:\/\/honigbee.com\/en\/product\/180-multivitamin-kapseln-vegane-vitamin\/#Inhaltsstoffe_%E2%80%93_Vitamin-_und_Mineralstoffkomplex\" >Inhaltsstoffe \u2013 Vitamin- und Mineralstoffkomplex<\/a><\/li><li class='ez-toc-page-1 ez-toc-heading-level-4'><a class=\"ez-toc-link ez-toc-heading-3\" href=\"https:\/\/honigbee.com\/en\/product\/180-multivitamin-kapseln-vegane-vitamin\/#Beitrag_der_enthaltenen_Nahrstoffe\" >Beitrag der enthaltenen N\u00e4hrstoffe<\/a><\/li><li class='ez-toc-page-1 ez-toc-heading-level-4'><a class=\"ez-toc-link ez-toc-heading-4\" href=\"https:\/\/honigbee.com\/en\/product\/180-multivitamin-kapseln-vegane-vitamin\/#Produktvorteile\" >product advantages<\/a><\/li><li class='ez-toc-page-1 ez-toc-heading-level-4'><a class=\"ez-toc-link ez-toc-heading-5\" href=\"https:\/\/honigbee.com\/en\/product\/180-multivitamin-kapseln-vegane-vitamin\/#Anwendung\" >Application<\/a><\/li><li class='ez-toc-page-1 ez-toc-heading-level-4'><a class=\"ez-toc-link ez-toc-heading-6\" href=\"https:\/\/honigbee.com\/en\/product\/180-multivitamin-kapseln-vegane-vitamin\/#Produktdetails\" >Product details<\/a><\/li><li class='ez-toc-page-1 ez-toc-heading-level-4'><a class=\"ez-toc-link ez-toc-heading-7\" href=\"https:\/\/honigbee.com\/en\/product\/180-multivitamin-kapseln-vegane-vitamin\/#Lagerung\" >storage<\/a><\/li><li class='ez-toc-page-1 ez-toc-heading-level-4'><a class=\"ez-toc-link ez-toc-heading-8\" href=\"https:\/\/honigbee.com\/en\/product\/180-multivitamin-kapseln-vegane-vitamin\/#Hinweis\" >Notice<\/a><\/li><li class='ez-toc-page-1 ez-toc-heading-level-4'><a class=\"ez-toc-link ez-toc-heading-9\" href=\"https:\/\/honigbee.com\/en\/product\/180-multivitamin-kapseln-vegane-vitamin\/#Weitere_Inspiration_entdecken\" >Weitere Inspiration entdecken<\/a><\/li><\/ul><\/nav><\/div>\n<p data-start=\"761\" data-end=\"980\">This <strong data-start=\"767\" data-end=\"791\">Multivitamin capsules<\/strong> enthalten eine Kombination aus verschiedenen Vitaminen und Mineralstoffen zur Erg\u00e4nzung der t\u00e4glichen Ern\u00e4hrung. Bereits eine Kapsel pro Tag liefert eine Auswahl wichtiger Mikron\u00e4hrstoffe.<\/p>\n<p data-start=\"982\" data-end=\"1135\">With <strong data-start=\"986\" data-end=\"1013\">180 Kapseln pro Packung<\/strong> eignet sich das Produkt f\u00fcr eine langfristige Anwendung und eine regelm\u00e4\u00dfige Versorgung mit Vitaminen und Mineralstoffen.<\/p>\n<hr data-start=\"1137\" data-end=\"1140\" \/>\n<h4 data-start=\"1142\" data-end=\"1163\"><span class=\"ez-toc-section\" id=\"Fur_wen_geeignet\"><\/span>Suitable for whom<span class=\"ez-toc-section-end\"><\/span><\/h4>\n<p data-start=\"1165\" data-end=\"1279\">Die Multivitamin Kapseln k\u00f6nnen eine sinnvolle Erg\u00e4nzung f\u00fcr verschiedene Ern\u00e4hrungsformen sein, zum Beispiel f\u00fcr:<\/p>\n<p data-start=\"1281\" data-end=\"1439\">\u2022 Menschen mit einem aktiven Lebensstil<br data-start=\"1320\" data-end=\"1323\" \/>\u2022 Personen mit erh\u00f6htem N\u00e4hrstoffbedarf<br data-start=\"1362\" data-end=\"1365\" \/>\u2022 Veganer und Vegetarier<br data-start=\"1389\" data-end=\"1392\" \/>\u2022 Berufst\u00e4tige oder sportlich aktive Personen<\/p>\n<hr data-start=\"1441\" data-end=\"1444\" \/>\n<h4 data-start=\"1446\" data-end=\"1499\"><span class=\"ez-toc-section\" id=\"Inhaltsstoffe_%E2%80%93_Vitamin-_und_Mineralstoffkomplex\"><\/span>Inhaltsstoffe \u2013 Vitamin- und Mineralstoffkomplex<span class=\"ez-toc-section-end\"><\/span><\/h4>\n<p data-start=\"1501\" data-end=\"1576\">Jede Kapsel enth\u00e4lt eine Kombination aus <strong data-start=\"1542\" data-end=\"1565\">25 Mikron\u00e4hrstoffen<\/strong>, including:<\/p>\n<p data-start=\"1578\" data-end=\"1590\"><strong data-start=\"1578\" data-end=\"1590\">vitamins<\/strong><\/p>\n<p data-start=\"1592\" data-end=\"1728\">Vitamin A, Vitamin C, Vitamin D3, Vitamin E und Vitamin K<br data-start=\"1649\" data-end=\"1652\" \/>B-Vitamine: B1, B2, B3, B5, B6, Biotin (B7), Fols\u00e4ure (B9) und Vitamin B12<\/p>\n<p data-start=\"1730\" data-end=\"1766\"><strong data-start=\"1730\" data-end=\"1766\">Mineralstoffe und Spurenelemente<\/strong><\/p>\n<p data-start=\"1768\" data-end=\"1826\">Eisen, Zink, Selen, Mangan, Kupfer, Chrom, Jod und Calcium<\/p>\n<p data-start=\"1828\" data-end=\"1888\">Diese N\u00e4hrstoffe erf\u00fcllen verschiedene Funktionen im K\u00f6rper.<\/p>\n<hr data-start=\"1890\" data-end=\"1893\" \/>\n<h4 data-start=\"1895\" data-end=\"1934\"><span class=\"ez-toc-section\" id=\"Beitrag_der_enthaltenen_Nahrstoffe\"><\/span>Beitrag der enthaltenen N\u00e4hrstoffe<span class=\"ez-toc-section-end\"><\/span><\/h4>\n<p data-start=\"1936\" data-end=\"2254\">\u2022 Vitamin C tr\u00e4gt zu einer normalen Funktion des Immunsystems bei<br data-start=\"2001\" data-end=\"2004\" \/>\u2022 Vitamin D tr\u00e4gt zum Erhalt normaler Knochen bei<br data-start=\"2053\" data-end=\"2056\" \/>\u2022 Vitamin B-Vitamine tragen zum normalen Energiestoffwechsel bei<br data-start=\"2120\" data-end=\"2123\" \/>\u2022 Vitamin E tr\u00e4gt zum Schutz der Zellen vor oxidativem Stress bei<br data-start=\"2188\" data-end=\"2191\" \/>\u2022 Zink tr\u00e4gt zur Erhaltung normaler Haut, Haare und N\u00e4gel bei<\/p>\n<hr data-start=\"2256\" data-end=\"2259\" \/>\n<h4 data-start=\"2261\" data-end=\"2281\"><span class=\"ez-toc-section\" id=\"Produktvorteile\"><\/span>product advantages<span class=\"ez-toc-section-end\"><\/span><\/h4>\n<p data-start=\"2283\" data-end=\"2498\">\u2022 180 vegane Multivitamin Kapseln<br data-start=\"2316\" data-end=\"2319\" \/>\u2022 Kombination aus 25 Vitaminen und Mineralstoffen<br data-start=\"2368\" data-end=\"2371\" \/>\u2022 Vorrat f\u00fcr mehrere Monate bei t\u00e4glicher Einnahme<br data-start=\"2421\" data-end=\"2424\" \/>\u2022 Vegan, glutenfrei und laktosefrei<br data-start=\"2459\" data-end=\"2462\" \/>\u2022 Frei von unn\u00f6tigen Zusatzstoffen<\/p>\n<hr data-start=\"2500\" data-end=\"2503\" \/>\n<h4 data-start=\"2505\" data-end=\"2519\"><span class=\"ez-toc-section\" id=\"Anwendung\"><\/span>Application<span class=\"ez-toc-section-end\"><\/span><\/h4>\n<p data-start=\"2521\" data-end=\"2626\">Recommended intake: <strong data-start=\"2540\" data-end=\"2560\">1 Kapsel t\u00e4glich<\/strong> mit ausreichend Wasser einnehmen, vorzugsweise zu einer Mahlzeit.<\/p>\n<p data-start=\"2628\" data-end=\"2699\">Die empfohlene t\u00e4gliche Verzehrmenge sollte nicht \u00fcberschritten werden.<\/p>\n<hr data-start=\"2701\" data-end=\"2704\" \/>\n<h4 data-start=\"2706\" data-end=\"2725\"><span class=\"ez-toc-section\" id=\"Produktdetails\"><\/span>Product details<span class=\"ez-toc-section-end\"><\/span><\/h4>\n<p data-start=\"2727\" data-end=\"2750\">Contents: <strong data-start=\"2735\" data-end=\"2750\">180 capsules<\/strong><\/p>\n<p data-start=\"2752\" data-end=\"2774\">Form: Vegan capsules<\/p>\n<p data-start=\"2776\" data-end=\"2948\">Mikron\u00e4hrstoffe:<br data-start=\"2792\" data-end=\"2795\" \/>Vitamin A, Vitamin C, Vitamin D3, Vitamin E, Vitamin K,<br data-start=\"2850\" data-end=\"2853\" \/>Vitamin B-Komplex, Eisen, Zink, Selen, Kupfer, Chrom, Jod, Calcium und weitere Spurenelemente<\/p>\n<p data-start=\"2950\" data-end=\"3001\">Characteristics:<br data-start=\"2964\" data-end=\"2967\" \/>Vegan, glutenfrei und laktosefrei.<\/p>\n<hr data-start=\"3003\" data-end=\"3006\" \/>\n<h4 data-start=\"3008\" data-end=\"3021\"><span class=\"ez-toc-section\" id=\"Lagerung\"><\/span>storage<span class=\"ez-toc-section-end\"><\/span><\/h4>\n<p data-start=\"3023\" data-end=\"3115\">Store in a cool, dry place protected from light.<br data-start=\"3063\" data-end=\"3066\" \/>Au\u00dferhalb der Reichweite von Kindern aufbewahren.<\/p>\n<hr data-start=\"3117\" data-end=\"3120\" \/>\n<h4 data-start=\"3122\" data-end=\"3134\"><span class=\"ez-toc-section\" id=\"Hinweis\"><\/span>Notice<span class=\"ez-toc-section-end\"><\/span><\/h4>\n<p data-start=\"3136\" data-end=\"3288\">Nahrungserg\u00e4nzungsmittel sollten nicht als Ersatz f\u00fcr eine abwechslungsreiche und ausgewogene Ern\u00e4hrung sowie eine gesunde Lebensweise verwendet werden.<\/p>\n<hr data-start=\"2237\" data-end=\"2240\" \/>\n<h4 data-start=\"413\" data-end=\"449\"><span class=\"ez-toc-section\" id=\"Weitere_Inspiration_entdecken\"><\/span>Weitere Inspiration entdecken<span class=\"ez-toc-section-end\"><\/span><\/h4>\n<p data-start=\"450\" data-end=\"582\">Du suchst weitere besondere Produkte? Entdecke zus\u00e4tzliche Highlights in unserem Sortiment oder st\u00f6bere in unseren Partnerprojekten:<\/p>\n<ul data-start=\"584\" data-end=\"920\">\n<li data-start=\"584\" data-end=\"656\"><a href=\"https:\/\/honigbee.com\/en\/shop\/\">Weitere Naturprodukte bei Honigbee entdecken<\/a><\/li>\n<li data-start=\"657\" data-end=\"783\">\n<p data-start=\"659\" data-end=\"783\"><a href=\"https:\/\/matvana.com\/shop\/\" target=\"_blank\" rel=\"noopener\">Stilvolle Wohnideen bei Matvana ansehen<\/a><\/p>\n<\/li>\n<li data-start=\"784\" data-end=\"920\">\n<p data-start=\"786\" data-end=\"920\"><a href=\"https:\/\/saphirsmaragd.com\/shop\/\" target=\"_blank\" rel=\"noopener\">Edelsteine &amp; Schmuck bei Saphir &amp; Smaragd ansehen<\/a><\/p>\n<\/li>\n<\/ul>\n<hr data-start=\"1931\" data-end=\"1934\" \/>\n<p>Produktbilder dienen der Veranschaulichung. Verpackungsdesign kann abweichen.<\/p>","protected":false},"excerpt":{"rendered":"<p data-start=\"481\" data-end=\"631\"><em>Multivitamin Kapseln mit 25 Vitaminen und Mineralstoffen. 180 vegane Kapseln zur t\u00e4glichen Erg\u00e4nzung der Ern\u00e4hrung mit wichtigen Mikron\u00e4hrstoffen.<\/em><\/p>\n<p>&nbsp;<\/p>","protected":false},"featured_media":43627,"comment_status":"open","ping_status":"closed","template":"","meta":{"_glsr_average":0,"_glsr_ranking":0,"_glsr_reviews":0},"product_brand":[],"product_cat":[405],"product_tag":[],"class_list":{"0":"post-13720","1":"product","2":"type-product","3":"status-publish","4":"has-post-thumbnail","6":"product_cat-multivitamine","8":"first","9":"instock","10":"shipping-taxable","11":"purchasable","12":"product-type-simple","13":"add-to-wishlist-before_image"},"jetpack_sharing_enabled":true,"_links":{"self":[{"href":"https:\/\/honigbee.com\/en\/wp-json\/wp\/v2\/product\/13720","targetHints":{"allow":["GET"]}}],"collection":[{"href":"https:\/\/honigbee.com\/en\/wp-json\/wp\/v2\/product"}],"about":[{"href":"https:\/\/honigbee.com\/en\/wp-json\/wp\/v2\/types\/product"}],"replies":[{"embeddable":true,"href":"https:\/\/honigbee.com\/en\/wp-json\/wp\/v2\/comments?post=13720"}],"version-history":[{"count":4,"href":"https:\/\/honigbee.com\/en\/wp-json\/wp\/v2\/product\/13720\/revisions"}],"predecessor-version":[{"id":43628,"href":"https:\/\/honigbee.com\/en\/wp-json\/wp\/v2\/product\/13720\/revisions\/43628"}],"wp:featuredmedia":[{"embeddable":true,"href":"https:\/\/honigbee.com\/en\/wp-json\/wp\/v2\/media\/43627"}],"wp:attachment":[{"href":"https:\/\/honigbee.com\/en\/wp-json\/wp\/v2\/media?parent=13720"}],"wp:term":[{"taxonomy":"product_brand","embeddable":true,"href":"https:\/\/honigbee.com\/en\/wp-json\/wp\/v2\/product_brand?post=13720"},{"taxonomy":"product_cat","embeddable":true,"href":"https:\/\/honigbee.com\/en\/wp-json\/wp\/v2\/product_cat?post=13720"},{"taxonomy":"product_tag","embeddable":true,"href":"https:\/\/honigbee.com\/en\/wp-json\/wp\/v2\/product_tag?post=13720"}],"curies":[{"name":"wp","href":"https:\/\/api.w.org\/{rel}","templated":true}]}}