{"id":13825,"date":"2025-01-05T18:18:37","date_gmt":"2025-01-05T18:18:37","guid":{"rendered":"https:\/\/honigbee.com\/?post_type=product&#038;p=13825"},"modified":"2026-03-10T20:28:07","modified_gmt":"2026-03-10T20:28:07","slug":"365-biotin-selen-zink-tabletten","status":"publish","type":"product","link":"https:\/\/honigbee.com\/en\/product\/365-biotin-selen-zink-tabletten\/","title":{"rendered":"365 Biotin Selen Zink Tabletten Vegan, hochdosiert &#038; laborgepr\u00fcft"},"content":{"rendered":"<div class=\"flex flex-col text-sm pb-25\">\n<article class=\"text-token-text-primary w-full focus:outline-none [--shadow-height:45px] has-data-writing-block:pointer-events-none has-data-writing-block:-mt-(--shadow-height) has-data-writing-block:pt-(--shadow-height) [&amp;:has([data-writing-block])&gt;*]:pointer-events-auto scroll-mt-[calc(var(--header-height)+min(200px,max(70px,20svh)))]\" dir=\"auto\" tabindex=\"-1\" data-turn-id=\"request-69a0b53c-ae9c-832e-8aed-cd8f865135d5-6\" data-testid=\"conversation-turn-318\" data-scroll-anchor=\"true\" data-turn=\"assistant\">\n<div class=\"text-base my-auto mx-auto pb-10 [--thread-content-margin:var(--thread-content-margin-xs,calc(var(--spacing)*4))] @w-sm\/main:[--thread-content-margin:var(--thread-content-margin-sm,calc(var(--spacing)*6))] @w-lg\/main:[--thread-content-margin:var(--thread-content-margin-lg,calc(var(--spacing)*16))] px-(--thread-content-margin)\">\n<div class=\"[--thread-content-max-width:40rem] @w-lg\/main:[--thread-content-max-width:48rem] mx-auto max-w-(--thread-content-max-width) flex-1 group\/turn-messages focus-visible:outline-hidden relative flex w-full min-w-0 flex-col agent-turn\" tabindex=\"-1\">\n<div class=\"flex max-w-full flex-col gap-4 grow\">\n<div class=\"min-h-8 text-message relative flex w-full flex-col items-end gap-2 text-start break-words whitespace-normal [.text-message+&amp;]:mt-1\" dir=\"auto\" data-message-author-role=\"assistant\" data-message-id=\"900829da-7adf-4790-98a5-ae23b457f310\" data-message-model-slug=\"gpt-5-3\">\n<div class=\"flex w-full flex-col gap-1 empty:hidden\">\n<div class=\"markdown prose dark:prose-invert w-full wrap-break-word light markdown-new-styling\">\n<p data-start=\"643\" data-end=\"836\">Die <strong data-start=\"647\" data-end=\"678\">Biotin Selen Zink Tabletten<\/strong> enthalten eine Kombination aus Biotin (Vitamin B7), Zink und Selen. Diese Mikron\u00e4hrstoffe werden h\u00e4ufig zur Erg\u00e4nzung einer ausgewogenen Ern\u00e4hrung verwendet.<\/p>\n<p data-start=\"838\" data-end=\"960\">Die Kombination dieser N\u00e4hrstoffe eignet sich f\u00fcr eine regelm\u00e4\u00dfige Versorgung mit wichtigen Vitaminen und Spurenelementen.<\/p>\n<hr data-start=\"962\" data-end=\"965\" \/>\n<div id=\"ez-toc-container\" class=\"ez-toc-v2_0_82_2 counter-flat ez-toc-counter ez-toc-grey ez-toc-container-direction\">\n<div class=\"ez-toc-title-container\">\n<p class=\"ez-toc-title\" style=\"cursor:inherit\">Table of Contents<\/p>\n<span class=\"ez-toc-title-toggle\"><a href=\"#\" class=\"ez-toc-pull-right ez-toc-btn ez-toc-btn-xs ez-toc-btn-default ez-toc-toggle\" aria-label=\"Toggle Table of Content\"><span class=\"ez-toc-js-icon-con\"><span class=\"\"><span class=\"eztoc-hide\" style=\"display:none;\">Toggle<\/span><span class=\"ez-toc-icon-toggle-span\"><svg style=\"fill: #999;color:#999\" xmlns=\"http:\/\/www.w3.org\/2000\/svg\" class=\"list-377408\" width=\"20px\" height=\"20px\" viewBox=\"0 0 24 24\" fill=\"none\"><path d=\"M6 6H4v2h2V6zm14 0H8v2h12V6zM4 11h2v2H4v-2zm16 0H8v2h12v-2zM4 16h2v2H4v-2zm16 0H8v2h12v-2z\" fill=\"currentColor\"><\/path><\/svg><svg style=\"fill: #999;color:#999\" class=\"arrow-unsorted-368013\" xmlns=\"http:\/\/www.w3.org\/2000\/svg\" width=\"10px\" height=\"10px\" viewBox=\"0 0 24 24\" version=\"1.2\" baseProfile=\"tiny\"><path d=\"M18.2 9.3l-6.2-6.3-6.2 6.3c-.2.2-.3.4-.3.7s.1.5.3.7c.2.2.4.3.7.3h11c.3 0 .5-.1.7-.3.2-.2.3-.5.3-.7s-.1-.5-.3-.7zM5.8 14.7l6.2 6.3 6.2-6.3c.2-.2.3-.5.3-.7s-.1-.5-.3-.7c-.2-.2-.4-.3-.7-.3h-11c-.3 0-.5.1-.7.3-.2.2-.3.5-.3.7s.1.5.3.7z\"\/><\/svg><\/span><\/span><\/span><\/a><\/span><\/div>\n<nav><ul class='ez-toc-list ez-toc-list-level-1 eztoc-toggle-hide-by-default' ><li class='ez-toc-page-1'><a class=\"ez-toc-link ez-toc-heading-1\" href=\"https:\/\/honigbee.com\/en\/product\/365-biotin-selen-zink-tabletten\/#Produktvorteile\" >Produktvorteile<\/a><\/li><li class='ez-toc-page-1'><a class=\"ez-toc-link ez-toc-heading-2\" href=\"https:\/\/honigbee.com\/en\/product\/365-biotin-selen-zink-tabletten\/#Eigenschaften_der_enthaltenen_Mikronahrstoffe\" >Eigenschaften der enthaltenen Mikron\u00e4hrstoffe<\/a><\/li><li class='ez-toc-page-1'><a class=\"ez-toc-link ez-toc-heading-3\" href=\"https:\/\/honigbee.com\/en\/product\/365-biotin-selen-zink-tabletten\/#Anwendung\" >Anwendung<\/a><\/li><li class='ez-toc-page-1'><a class=\"ez-toc-link ez-toc-heading-4\" href=\"https:\/\/honigbee.com\/en\/product\/365-biotin-selen-zink-tabletten\/#Produktdetails\" >Produktdetails<\/a><\/li><li class='ez-toc-page-1'><a class=\"ez-toc-link ez-toc-heading-5\" href=\"https:\/\/honigbee.com\/en\/product\/365-biotin-selen-zink-tabletten\/#Lagerung\" >Lagerung<\/a><\/li><li class='ez-toc-page-1'><a class=\"ez-toc-link ez-toc-heading-6\" href=\"https:\/\/honigbee.com\/en\/product\/365-biotin-selen-zink-tabletten\/#Hinweis\" >Hinweis<\/a><\/li><li class='ez-toc-page-1'><a class=\"ez-toc-link ez-toc-heading-7\" href=\"https:\/\/honigbee.com\/en\/product\/365-biotin-selen-zink-tabletten\/#Weitere_Inspiration_entdecken\" >Weitere Inspiration entdecken<\/a><\/li><\/ul><\/nav><\/div>\n<h4 data-start=\"967\" data-end=\"987\"><span class=\"ez-toc-section\" id=\"Produktvorteile\"><\/span>Produktvorteile<span class=\"ez-toc-section-end\"><\/span><\/h4>\n<p data-start=\"989\" data-end=\"1213\">\u2022 365 vegane Tabletten \u2013 Vorrat f\u00fcr ein Jahr<br data-start=\"1033\" data-end=\"1036\" \/>\u2022 Kombination aus Biotin, Selen und Zink<br data-start=\"1076\" data-end=\"1079\" \/>\u2022 Hochdosierte Mikron\u00e4hrstoffkombination<br data-start=\"1119\" data-end=\"1122\" \/>\u2022 Vegan und ohne unn\u00f6tige Zusatzstoffe<br data-start=\"1160\" data-end=\"1163\" \/>\u2022 Geeignet zur t\u00e4glichen Erg\u00e4nzung der Ern\u00e4hrung<\/p>\n<hr data-start=\"1215\" data-end=\"1218\" \/>\n<h4 data-start=\"1220\" data-end=\"1270\"><span class=\"ez-toc-section\" id=\"Eigenschaften_der_enthaltenen_Mikronahrstoffe\"><\/span>Eigenschaften der enthaltenen Mikron\u00e4hrstoffe<span class=\"ez-toc-section-end\"><\/span><\/h4>\n<p data-start=\"1272\" data-end=\"1309\">Biotin, Zink und Selen tragen bei zu:<\/p>\n<p data-start=\"1311\" data-end=\"1454\">\u2022 Erhalt normaler Haut und Haare<br data-start=\"1343\" data-end=\"1346\" \/>\u2022 Erhalt normaler N\u00e4gel<br data-start=\"1369\" data-end=\"1372\" \/>\u2022 normaler Funktion des Immunsystems<br data-start=\"1408\" data-end=\"1411\" \/>\u2022 Schutz der Zellen vor oxidativem Stress<\/p>\n<hr data-start=\"1456\" data-end=\"1459\" \/>\n<h4 data-start=\"1461\" data-end=\"1475\"><span class=\"ez-toc-section\" id=\"Anwendung\"><\/span>Anwendung<span class=\"ez-toc-section-end\"><\/span><\/h4>\n<p data-start=\"1477\" data-end=\"1533\">T\u00e4glich <strong data-start=\"1485\" data-end=\"1499\">1 Tablette<\/strong> mit ausreichend Wasser einnehmen.<\/p>\n<p data-start=\"1535\" data-end=\"1597\">Die empfohlene Verzehrmenge sollte nicht \u00fcberschritten werden.<\/p>\n<hr data-start=\"1599\" data-end=\"1602\" \/>\n<h4 data-start=\"1604\" data-end=\"1623\"><span class=\"ez-toc-section\" id=\"Produktdetails\"><\/span>Produktdetails<span class=\"ez-toc-section-end\"><\/span><\/h4>\n<p data-start=\"1625\" data-end=\"1650\">Inhalt: <strong data-start=\"1633\" data-end=\"1650\">365 Tabletten<\/strong><\/p>\n<p data-start=\"1652\" data-end=\"1676\">Form: Vegane Tabletten<\/p>\n<p data-start=\"1678\" data-end=\"1742\">Enthaltene Mikron\u00e4hrstoffe:<br data-start=\"1705\" data-end=\"1708\" \/>Biotin (Vitamin B7), Zink, Selen<\/p>\n<p data-start=\"1744\" data-end=\"1805\">Zutaten: Mikron\u00e4hrstoff-Komplex, pflanzliche Tablettenbasis<\/p>\n<p data-start=\"1807\" data-end=\"1856\">Vegan, glutenfrei und ohne unn\u00f6tige Zusatzstoffe.<\/p>\n<hr data-start=\"1858\" data-end=\"1861\" \/>\n<h4 data-start=\"1863\" data-end=\"1876\"><span class=\"ez-toc-section\" id=\"Lagerung\"><\/span>Lagerung<span class=\"ez-toc-section-end\"><\/span><\/h4>\n<p data-start=\"1878\" data-end=\"1970\">K\u00fchl, trocken und lichtgesch\u00fctzt lagern.<br data-start=\"1918\" data-end=\"1921\" \/>Au\u00dferhalb der Reichweite von Kindern aufbewahren.<\/p>\n<hr data-start=\"1972\" data-end=\"1975\" \/>\n<h4 data-start=\"1977\" data-end=\"1989\"><span class=\"ez-toc-section\" id=\"Hinweis\"><\/span>Hinweis<span class=\"ez-toc-section-end\"><\/span><\/h4>\n<p data-start=\"1991\" data-end=\"2143\" data-is-last-node=\"\" data-is-only-node=\"\">Nahrungserg\u00e4nzungsmittel sollten nicht als Ersatz f\u00fcr eine abwechslungsreiche und ausgewogene Ern\u00e4hrung sowie eine gesunde Lebensweise verwendet werden.<\/p>\n<hr data-start=\"1972\" data-end=\"1975\" \/>\n<h4 data-start=\"413\" data-end=\"449\"><span class=\"ez-toc-section\" id=\"Weitere_Inspiration_entdecken\"><\/span>Weitere Inspiration entdecken<span class=\"ez-toc-section-end\"><\/span><\/h4>\n<p data-start=\"450\" data-end=\"582\">Du suchst weitere besondere Produkte? Entdecke zus\u00e4tzliche Highlights in unserem Sortiment oder st\u00f6bere in unseren Partnerprojekten:<\/p>\n<ul data-start=\"584\" data-end=\"920\">\n<li data-start=\"584\" data-end=\"656\"><a href=\"https:\/\/honigbee.com\/shop\/\">Weitere Naturprodukte bei Honigbee entdecken<\/a><\/li>\n<li data-start=\"657\" data-end=\"783\">\n<p data-start=\"659\" data-end=\"783\"><a href=\"https:\/\/matvana.com\/shop\/\" target=\"_blank\" rel=\"noopener\">Stilvolle Wohnideen bei Matvana ansehen<\/a><\/p>\n<\/li>\n<li data-start=\"784\" data-end=\"920\">\n<p data-start=\"786\" data-end=\"920\"><a href=\"https:\/\/saphirsmaragd.com\/shop\/\" target=\"_blank\" rel=\"noopener\">Edelsteine &amp; Schmuck bei Saphir &amp; Smaragd ansehen<\/a><\/p>\n<\/li>\n<\/ul>\n<hr data-start=\"1931\" data-end=\"1934\" \/>\n<p>Produktbilder dienen der Veranschaulichung. Verpackungsdesign kann abweichen.<\/p>\n<\/div>\n<\/div>\n<\/div>\n<\/div>\n<\/div>\n<\/div>\n<\/article>\n<\/div>\n","protected":false},"excerpt":{"rendered":"<p data-start=\"383\" data-end=\"546\"><em>Biotin Selen Zink Tabletten mit wichtigen Spurenelementen und Vitamin B7. 365 vegane Tabletten zur t\u00e4glichen Erg\u00e4nzung der Ern\u00e4hrung f\u00fcr Haut, Haare und N\u00e4gel.<\/em><\/p>","protected":false},"featured_media":43617,"comment_status":"open","ping_status":"closed","template":"","meta":{"_glsr_average":0,"_glsr_ranking":0,"_glsr_reviews":0},"product_brand":[],"product_cat":[1012,1019,977],"product_tag":[],"class_list":{"0":"post-13825","1":"product","2":"type-product","3":"status-publish","4":"has-post-thumbnail","6":"product_cat-selen","7":"product_cat-vitamin-b7-biotin","8":"product_cat-zink","10":"first","11":"instock","12":"shipping-taxable","13":"purchasable","14":"product-type-simple","15":"add-to-wishlist-before_image"},"jetpack_sharing_enabled":true,"_links":{"self":[{"href":"https:\/\/honigbee.com\/en\/wp-json\/wp\/v2\/product\/13825","targetHints":{"allow":["GET"]}}],"collection":[{"href":"https:\/\/honigbee.com\/en\/wp-json\/wp\/v2\/product"}],"about":[{"href":"https:\/\/honigbee.com\/en\/wp-json\/wp\/v2\/types\/product"}],"replies":[{"embeddable":true,"href":"https:\/\/honigbee.com\/en\/wp-json\/wp\/v2\/comments?post=13825"}],"version-history":[{"count":3,"href":"https:\/\/honigbee.com\/en\/wp-json\/wp\/v2\/product\/13825\/revisions"}],"predecessor-version":[{"id":43618,"href":"https:\/\/honigbee.com\/en\/wp-json\/wp\/v2\/product\/13825\/revisions\/43618"}],"wp:featuredmedia":[{"embeddable":true,"href":"https:\/\/honigbee.com\/en\/wp-json\/wp\/v2\/media\/43617"}],"wp:attachment":[{"href":"https:\/\/honigbee.com\/en\/wp-json\/wp\/v2\/media?parent=13825"}],"wp:term":[{"taxonomy":"product_brand","embeddable":true,"href":"https:\/\/honigbee.com\/en\/wp-json\/wp\/v2\/product_brand?post=13825"},{"taxonomy":"product_cat","embeddable":true,"href":"https:\/\/honigbee.com\/en\/wp-json\/wp\/v2\/product_cat?post=13825"},{"taxonomy":"product_tag","embeddable":true,"href":"https:\/\/honigbee.com\/en\/wp-json\/wp\/v2\/product_tag?post=13825"}],"curies":[{"name":"wp","href":"https:\/\/api.w.org\/{rel}","templated":true}]}}