{"id":13852,"date":"2025-01-05T18:19:17","date_gmt":"2025-01-05T18:19:17","guid":{"rendered":"https:\/\/honigbee.com\/?post_type=product&#038;p=13852"},"modified":"2026-03-01T13:51:19","modified_gmt":"2026-03-01T13:51:19","slug":"bio-hanfsamen-geschaelt","status":"publish","type":"product","link":"https:\/\/honigbee.com\/en\/product\/bio-hanfsamen-geschaelt\/","title":{"rendered":"Bio Hanfsamen gesch\u00e4lt \u2013 proteinreiche Bio gesch\u00e4lte Hanfsamen naturbelassen"},"content":{"rendered":"<div id=\"ez-toc-container\" class=\"ez-toc-v2_0_82_2 counter-hierarchy ez-toc-counter ez-toc-grey ez-toc-container-direction\">\n<div class=\"ez-toc-title-container\">\n<p class=\"ez-toc-title\" style=\"cursor:inherit\">Table of Contents<\/p>\n<span class=\"ez-toc-title-toggle\"><a href=\"#\" class=\"ez-toc-pull-right ez-toc-btn ez-toc-btn-xs ez-toc-btn-default ez-toc-toggle\" aria-label=\"Toggle Table of Content\"><span class=\"ez-toc-js-icon-con\"><span class=\"\"><span class=\"eztoc-hide\" style=\"display:none;\">Toggle<\/span><span class=\"ez-toc-icon-toggle-span\"><svg style=\"fill: #999;color:#999\" xmlns=\"http:\/\/www.w3.org\/2000\/svg\" class=\"list-377408\" width=\"20px\" height=\"20px\" viewbox=\"0 0 24 24\" fill=\"none\"><path d=\"M6 6H4v2h2V6zm14 0H8v2h12V6zM4 11h2v2H4v-2zm16 0H8v2h12v-2zM4 16h2v2H4v-2zm16 0H8v2h12v-2z\" fill=\"currentColor\"><\/path><\/svg><svg style=\"fill: #999;color:#999\" class=\"arrow-unsorted-368013\" xmlns=\"http:\/\/www.w3.org\/2000\/svg\" width=\"10px\" height=\"10px\" viewbox=\"0 0 24 24\" version=\"1.2\" baseprofile=\"tiny\"><path d=\"M18.2 9.3l-6.2-6.3-6.2 6.3c-.2.2-.3.4-.3.7s.1.5.3.7c.2.2.4.3.7.3h11c.3 0 .5-.1.7-.3.2-.2.3-.5.3-.7s-.1-.5-.3-.7zM5.8 14.7l6.2 6.3 6.2-6.3c.2-.2.3-.5.3-.7s-.1-.5-.3-.7c-.2-.2-.4-.3-.7-.3h-11c-.3 0-.5.1-.7.3-.2.2-.3.5-.3.7s.1.5.3.7z\"\/><\/svg><\/span><\/span><\/span><\/a><\/span><\/div>\n<nav><ul class='ez-toc-list ez-toc-list-level-1' ><li class='ez-toc-page-1 ez-toc-heading-level-4'><a class=\"ez-toc-link ez-toc-heading-1\" href=\"https:\/\/honigbee.com\/en\/product\/bio-hanfsamen-geschaelt\/#Verwendung\" >use<\/a><\/li><li class='ez-toc-page-1 ez-toc-heading-level-4'><a class=\"ez-toc-link ez-toc-heading-2\" href=\"https:\/\/honigbee.com\/en\/product\/bio-hanfsamen-geschaelt\/#Produktdetails\" >Product details<\/a><\/li><li class='ez-toc-page-1 ez-toc-heading-level-4'><a class=\"ez-toc-link ez-toc-heading-3\" href=\"https:\/\/honigbee.com\/en\/product\/bio-hanfsamen-geschaelt\/#Zutaten\" >Ingredients<\/a><\/li><li class='ez-toc-page-1 ez-toc-heading-level-4'><a class=\"ez-toc-link ez-toc-heading-4\" href=\"https:\/\/honigbee.com\/en\/product\/bio-hanfsamen-geschaelt\/#Lagerung\" >storage<\/a><\/li><li class='ez-toc-page-1 ez-toc-heading-level-4'><a class=\"ez-toc-link ez-toc-heading-5\" href=\"https:\/\/honigbee.com\/en\/product\/bio-hanfsamen-geschaelt\/#Weitere_Inspiration_entdecken\" >Weitere Inspiration entdecken<\/a><\/li><\/ul><\/nav><\/div>\n<p data-start=\"1139\" data-end=\"1352\">Bio Hanfsamen gesch\u00e4lt sind naturbelassene Bio gesch\u00e4lte Hanfsamen mit mild-nussigem Geschmack. Sie sind besonders proteinreich und vielseitig einsetzbar \u2013 ideal f\u00fcr eine bewusste und abwechslungsreiche Ern\u00e4hrung.<\/p>\n<hr data-start=\"1354\" data-end=\"1357\" \/>\n<h4 data-start=\"1359\" data-end=\"1401\"><span class=\"ez-toc-section\" id=\"Verwendung\"><\/span>use<span class=\"ez-toc-section-end\"><\/span><\/h4>\n<ul data-start=\"1402\" data-end=\"1558\">\n<li data-start=\"1402\" data-end=\"1435\">\n<p data-start=\"1404\" data-end=\"1435\">F\u00fcr M\u00fcsli und Fr\u00fchst\u00fccksbowls<\/p>\n<\/li>\n<li data-start=\"1436\" data-end=\"1462\">\n<p data-start=\"1438\" data-end=\"1462\">Als Topping f\u00fcr Salate<\/p>\n<\/li>\n<li data-start=\"1463\" data-end=\"1479\">\n<p data-start=\"1465\" data-end=\"1479\">In smoothies<\/p>\n<\/li>\n<li data-start=\"1480\" data-end=\"1517\">\n<p data-start=\"1482\" data-end=\"1517\">Zum Backen von Brot oder Br\u00f6tchen<\/p>\n<\/li>\n<li data-start=\"1518\" data-end=\"1558\">\n<p data-start=\"1520\" data-end=\"1558\">F\u00fcr vegetarische und vegane Gerichte<\/p>\n<\/li>\n<\/ul>\n<hr data-start=\"1560\" data-end=\"1563\" \/>\n<h4 data-start=\"1565\" data-end=\"1584\"><span class=\"ez-toc-section\" id=\"Produktdetails\"><\/span>Product details<span class=\"ez-toc-section-end\"><\/span><\/h4>\n<ul data-start=\"1585\" data-end=\"1745\">\n<li data-start=\"1618\" data-end=\"1659\">\n<p data-start=\"1620\" data-end=\"1659\">Proteinreiche Bio gesch\u00e4lte Hanfsamen<\/p>\n<\/li>\n<li data-start=\"1660\" data-end=\"1687\">\n<p data-start=\"1662\" data-end=\"1687\">Mild nutty taste<\/p>\n<\/li>\n<li data-start=\"1688\" data-end=\"1705\">\n<p data-start=\"1690\" data-end=\"1705\">Natural<\/p>\n<\/li>\n<li data-start=\"1706\" data-end=\"1745\">\n<p data-start=\"1708\" data-end=\"1745\">From controlled organic farming<\/p>\n<\/li>\n<\/ul>\n<hr data-start=\"1747\" data-end=\"1750\" \/>\n<h4 data-start=\"1752\" data-end=\"1764\"><span class=\"ez-toc-section\" id=\"Zutaten\"><\/span>Ingredients<span class=\"ez-toc-section-end\"><\/span><\/h4>\n<p data-start=\"1765\" data-end=\"1819\">100 % Bio Hanfsamen gesch\u00e4lt (Bio gesch\u00e4lte Hanfsamen)<\/p>\n<hr data-start=\"1821\" data-end=\"1824\" \/>\n<h4 data-start=\"1826\" data-end=\"1839\"><span class=\"ez-toc-section\" id=\"Lagerung\"><\/span>storage<span class=\"ez-toc-section-end\"><\/span><\/h4>\n<p data-start=\"1840\" data-end=\"1914\">Store in a cool, dry place away from light. Close tightly after opening.<\/p>\n<hr data-start=\"1916\" data-end=\"1919\" \/>\n<h4 data-start=\"413\" data-end=\"449\"><span class=\"ez-toc-section\" id=\"Weitere_Inspiration_entdecken\"><\/span>Weitere Inspiration entdecken<span class=\"ez-toc-section-end\"><\/span><\/h4>\n<p data-start=\"450\" data-end=\"582\">Du suchst weitere besondere Produkte? Entdecke zus\u00e4tzliche Highlights in unserem Sortiment oder st\u00f6bere in unseren Partnerprojekten:<\/p>\n<ul data-start=\"584\" data-end=\"920\">\n<li data-start=\"584\" data-end=\"656\"><a href=\"https:\/\/honigbee.com\/en\/shop\/\">Weitere Naturprodukte bei Honigbee entdecken<\/a><\/li>\n<li data-start=\"657\" data-end=\"783\">\n<p data-start=\"659\" data-end=\"783\"><a href=\"https:\/\/matvana.com\/shop\/\" target=\"_blank\" rel=\"noopener\">Stilvolle Wohnideen bei Matvana ansehen<\/a><\/p>\n<\/li>\n<li data-start=\"784\" data-end=\"920\">\n<p data-start=\"786\" data-end=\"920\"><a href=\"https:\/\/saphirsmaragd.com\/shop\/\" target=\"_blank\" rel=\"noopener\">Edelsteine &amp; Schmuck bei Saphir &amp; Smaragd ansehen<\/a><\/p>\n<\/li>\n<\/ul>\n<hr data-start=\"1931\" data-end=\"1934\" \/>\n<p>Produktbilder dienen der Veranschaulichung. Verpackungsdesign kann abweichen.<\/p>","protected":false},"excerpt":{"rendered":"<p data-start=\"731\" data-end=\"893\"><em>Bio Hanfsamen gesch\u00e4lt in hochwertiger Qualit\u00e4t. Proteinreiche Bio gesch\u00e4lte Hanfsamen mit mildem Geschmack \u2013 perfekt f\u00fcr M\u00fcsli, Bowls, Smoothies und Backrezepte.<\/em><\/p>\n<p>&nbsp;<\/p>","protected":false},"featured_media":43356,"comment_status":"open","ping_status":"closed","template":"","meta":{"_glsr_average":0,"_glsr_ranking":0,"_glsr_reviews":0},"product_brand":[],"product_cat":[730],"product_tag":[],"class_list":{"0":"post-13852","1":"product","2":"type-product","3":"status-publish","4":"has-post-thumbnail","6":"product_cat-hanfsamen","8":"first","9":"instock","10":"shipping-taxable","11":"purchasable","12":"product-type-variable","13":"add-to-wishlist-before_image"},"jetpack_sharing_enabled":true,"_links":{"self":[{"href":"https:\/\/honigbee.com\/en\/wp-json\/wp\/v2\/product\/13852","targetHints":{"allow":["GET"]}}],"collection":[{"href":"https:\/\/honigbee.com\/en\/wp-json\/wp\/v2\/product"}],"about":[{"href":"https:\/\/honigbee.com\/en\/wp-json\/wp\/v2\/types\/product"}],"replies":[{"embeddable":true,"href":"https:\/\/honigbee.com\/en\/wp-json\/wp\/v2\/comments?post=13852"}],"version-history":[{"count":4,"href":"https:\/\/honigbee.com\/en\/wp-json\/wp\/v2\/product\/13852\/revisions"}],"predecessor-version":[{"id":43363,"href":"https:\/\/honigbee.com\/en\/wp-json\/wp\/v2\/product\/13852\/revisions\/43363"}],"wp:featuredmedia":[{"embeddable":true,"href":"https:\/\/honigbee.com\/en\/wp-json\/wp\/v2\/media\/43356"}],"wp:attachment":[{"href":"https:\/\/honigbee.com\/en\/wp-json\/wp\/v2\/media?parent=13852"}],"wp:term":[{"taxonomy":"product_brand","embeddable":true,"href":"https:\/\/honigbee.com\/en\/wp-json\/wp\/v2\/product_brand?post=13852"},{"taxonomy":"product_cat","embeddable":true,"href":"https:\/\/honigbee.com\/en\/wp-json\/wp\/v2\/product_cat?post=13852"},{"taxonomy":"product_tag","embeddable":true,"href":"https:\/\/honigbee.com\/en\/wp-json\/wp\/v2\/product_tag?post=13852"}],"curies":[{"name":"wp","href":"https:\/\/api.w.org\/{rel}","templated":true}]}}