{"id":16070,"date":"2025-02-05T14:15:41","date_gmt":"2025-02-05T14:15:41","guid":{"rendered":"https:\/\/honigbee.com\/?post_type=product&#038;p=16070"},"modified":"2026-03-16T18:55:53","modified_gmt":"2026-03-16T18:55:53","slug":"himalaya-sidr-honig-aus-nepal","status":"publish","type":"product","link":"https:\/\/honigbee.com\/en\/product\/himalaya-sidr-honig-aus-nepal\/","title":{"rendered":"Himalaya Sidr Honig aus Nepal 400g &#038; 1kg \u2013 100\u202f% Roh &#038; Naturbelassen"},"content":{"rendered":"<div id=\"ez-toc-container\" class=\"ez-toc-v2_0_82_2 counter-hierarchy ez-toc-counter ez-toc-grey ez-toc-container-direction\">\n<div class=\"ez-toc-title-container\">\n<p class=\"ez-toc-title\" style=\"cursor:inherit\">Table of Contents<\/p>\n<span class=\"ez-toc-title-toggle\"><a href=\"#\" class=\"ez-toc-pull-right ez-toc-btn ez-toc-btn-xs ez-toc-btn-default ez-toc-toggle\" aria-label=\"Toggle Table of Content\"><span class=\"ez-toc-js-icon-con\"><span class=\"\"><span class=\"eztoc-hide\" style=\"display:none;\">Toggle<\/span><span class=\"ez-toc-icon-toggle-span\"><svg style=\"fill: #999;color:#999\" xmlns=\"http:\/\/www.w3.org\/2000\/svg\" class=\"list-377408\" width=\"20px\" height=\"20px\" viewBox=\"0 0 24 24\" fill=\"none\"><path d=\"M6 6H4v2h2V6zm14 0H8v2h12V6zM4 11h2v2H4v-2zm16 0H8v2h12v-2zM4 16h2v2H4v-2zm16 0H8v2h12v-2z\" fill=\"currentColor\"><\/path><\/svg><svg style=\"fill: #999;color:#999\" class=\"arrow-unsorted-368013\" xmlns=\"http:\/\/www.w3.org\/2000\/svg\" width=\"10px\" height=\"10px\" viewBox=\"0 0 24 24\" version=\"1.2\" baseProfile=\"tiny\"><path d=\"M18.2 9.3l-6.2-6.3-6.2 6.3c-.2.2-.3.4-.3.7s.1.5.3.7c.2.2.4.3.7.3h11c.3 0 .5-.1.7-.3.2-.2.3-.5.3-.7s-.1-.5-.3-.7zM5.8 14.7l6.2 6.3 6.2-6.3c.2-.2.3-.5.3-.7s-.1-.5-.3-.7c-.2-.2-.4-.3-.7-.3h-11c-.3 0-.5.1-.7.3-.2.2-.3.5-.3.7s.1.5.3.7z\"\/><\/svg><\/span><\/span><\/span><\/a><\/span><\/div>\n<nav><ul class='ez-toc-list ez-toc-list-level-1 ' ><li class='ez-toc-page-1 ez-toc-heading-level-4'><a class=\"ez-toc-link ez-toc-heading-1\" href=\"https:\/\/honigbee.com\/en\/product\/himalaya-sidr-honig-aus-nepal\/#Merkmale_Herkunft\" >Merkmale &amp; Herkunft<\/a><\/li><li class='ez-toc-page-1 ez-toc-heading-level-4'><a class=\"ez-toc-link ez-toc-heading-2\" href=\"https:\/\/honigbee.com\/en\/product\/himalaya-sidr-honig-aus-nepal\/#Herstellung\" >Herstellung<\/a><\/li><li class='ez-toc-page-1 ez-toc-heading-level-4'><a class=\"ez-toc-link ez-toc-heading-3\" href=\"https:\/\/honigbee.com\/en\/product\/himalaya-sidr-honig-aus-nepal\/#Verwendung\" >Verwendung<\/a><\/li><li class='ez-toc-page-1 ez-toc-heading-level-4'><a class=\"ez-toc-link ez-toc-heading-4\" href=\"https:\/\/honigbee.com\/en\/product\/himalaya-sidr-honig-aus-nepal\/#Botanischer_Hintergrund\" >Botanischer Hintergrund<\/a><\/li><li class='ez-toc-page-1 ez-toc-heading-level-4'><a class=\"ez-toc-link ez-toc-heading-5\" href=\"https:\/\/honigbee.com\/en\/product\/himalaya-sidr-honig-aus-nepal\/#Weitere_Inspiration_entdecken\" >Weitere Inspiration entdecken<\/a><\/li><\/ul><\/nav><\/div>\n<div class=\"flex flex-col text-sm pb-25\">\n<article class=\"text-token-text-primary w-full focus:outline-none [--shadow-height:45px] has-data-writing-block:pointer-events-none has-data-writing-block:-mt-(--shadow-height) has-data-writing-block:pt-(--shadow-height) [&amp;:has([data-writing-block])&gt;*]:pointer-events-auto scroll-mt-[calc(var(--header-height)+min(200px,max(70px,20svh)))]\" dir=\"auto\" tabindex=\"-1\" data-turn-id=\"request-WEB:9e7bc32a-68e9-4f20-8d99-b25fca8ff6cc-8\" data-testid=\"conversation-turn-18\" data-scroll-anchor=\"true\" data-turn=\"assistant\">\n<div class=\"text-base my-auto mx-auto pb-10 [--thread-content-margin:--spacing(4)] @w-sm\/main:[--thread-content-margin:--spacing(6)] @w-lg\/main:[--thread-content-margin:--spacing(16)] px-(--thread-content-margin)\">\n<div class=\"[--thread-content-max-width:40rem] @w-lg\/main:[--thread-content-max-width:48rem] mx-auto max-w-(--thread-content-max-width) flex-1 group\/turn-messages focus-visible:outline-hidden relative flex w-full min-w-0 flex-col agent-turn\" tabindex=\"-1\">\n<div class=\"flex max-w-full flex-col grow\">\n<div class=\"min-h-8 text-message relative flex w-full flex-col items-end gap-2 text-start break-words whitespace-normal [.text-message+&amp;]:mt-1\" dir=\"auto\" data-message-author-role=\"assistant\" data-message-id=\"4ad60938-4d17-469c-baec-5953512690a3\" data-message-model-slug=\"gpt-5-2\">\n<div class=\"flex w-full flex-col gap-1 empty:hidden first:pt-[1px]\">\n<div class=\"markdown prose dark:prose-invert w-full wrap-break-word light markdown-new-styling\">\n<p data-start=\"352\" data-end=\"568\">Dieser Himalaya Sidr Honig aus Nepal naturbelassene Rohhonig stammt aus den Hochlagen des nepalesischen Himalayas. Dort sammeln Bienen den Nektar des Sidr-Baumes (<em data-start=\"485\" data-end=\"509\">Ziziphus spina-christi<\/em>), wodurch ein Honig mit charakteristischem Aroma entsteht.<\/p>\n<p data-start=\"570\" data-end=\"739\">Der Geschmack ist karamellig mit floralen Nuancen und einer leicht erdigen Note. Die Konsistenz ist dickfl\u00fcssig und cremig. Die Farbe reicht von Bernstein bis Goldbraun.<\/p>\n<hr data-start=\"741\" data-end=\"744\" \/>\n<h4 data-start=\"746\" data-end=\"770\"><span class=\"ez-toc-section\" id=\"Merkmale_Herkunft\"><\/span>Merkmale &amp; Herkunft<span class=\"ez-toc-section-end\"><\/span><\/h4>\n<p data-start=\"772\" data-end=\"1121\">Produktname: Himalaya Sidr Honig aus Nepal <br data-start=\"804\" data-end=\"807\" \/>Inhalt: 400g oder 1kg<br data-start=\"828\" data-end=\"831\" \/>Herkunft: Himalaya, Nepal<br data-start=\"856\" data-end=\"859\" \/>Botanische Quelle: Sidr-Baum (<em data-start=\"889\" data-end=\"913\">Ziziphus spina-christi<\/em>)<br data-start=\"914\" data-end=\"917\" \/>Farbe: Bernsteinfarben bis goldbraun<br data-start=\"953\" data-end=\"956\" \/>Geschmack: Karamellig, floral, leicht erdig<br data-start=\"999\" data-end=\"1002\" \/>Konsistenz: Dickfl\u00fcssig, cremig<br data-start=\"1033\" data-end=\"1036\" \/>Verarbeitung: Roh, ungefiltert, nicht erhitzt<br data-start=\"1081\" data-end=\"1084\" \/>Zutaten: 100 % Honig<\/p>\n<hr data-start=\"1123\" data-end=\"1126\" \/>\n<h4 data-start=\"1128\" data-end=\"1144\"><span class=\"ez-toc-section\" id=\"Herstellung\"><\/span>Herstellung<span class=\"ez-toc-section-end\"><\/span><\/h4>\n<p data-start=\"1146\" data-end=\"1338\">Die Gewinnung erfolgt saisonal in Hochlagen Nepals durch traditionelle Imkerei. Nach der Ernte wird der Honig nicht erhitzt und nicht gefiltert, um seine nat\u00fcrliche Beschaffenheit zu bewahren.<\/p>\n<hr data-start=\"1340\" data-end=\"1343\" \/>\n<h4 data-start=\"1345\" data-end=\"1360\"><span class=\"ez-toc-section\" id=\"Verwendung\"><\/span>Verwendung<span class=\"ez-toc-section-end\"><\/span><\/h4>\n<p data-start=\"1362\" data-end=\"1489\">\u2022 Pur vom L\u00f6ffel<br data-start=\"1378\" data-end=\"1381\" \/>\u2022 Als S\u00fc\u00dfungsmittel f\u00fcr Tee, Joghurt oder Desserts<br data-start=\"1431\" data-end=\"1434\" \/>\u2022 F\u00fcr Dressings oder Backrezepte<br data-start=\"1466\" data-end=\"1469\" \/>\u2022 Als Geschenkidee<\/p>\n<p data-start=\"1491\" data-end=\"1543\">Hinweis: Nicht geeignet f\u00fcr Kinder unter 12 Monaten.<\/p>\n<hr data-start=\"1545\" data-end=\"1548\" \/>\n<h4 data-start=\"1550\" data-end=\"1578\"><span class=\"ez-toc-section\" id=\"Botanischer_Hintergrund\"><\/span>Botanischer Hintergrund<span class=\"ez-toc-section-end\"><\/span><\/h4>\n<p data-start=\"1580\" data-end=\"1759\" data-is-last-node=\"\" data-is-only-node=\"\">Der Sidr-Baum (<em data-start=\"1595\" data-end=\"1619\">Ziziphus spina-christi<\/em>) ist in verschiedenen Regionen Asiens verbreitet. Seine Bl\u00fcten liefern den Nektar f\u00fcr diesen sortentypischen Honig mit aromatischem Profil.<\/p>\n<\/div>\n<\/div>\n<\/div>\n<\/div>\n<\/div>\n<\/div>\n<\/article>\n<\/div>\n<div class=\"pointer-events-none h-px w-px absolute bottom-0\" aria-hidden=\"true\" data-edge=\"true\">\n<hr data-start=\"1683\" data-end=\"1686\" \/>\n<h4 data-start=\"413\" data-end=\"449\"><span class=\"ez-toc-section\" id=\"Weitere_Inspiration_entdecken\"><\/span>Weitere Inspiration entdecken<span class=\"ez-toc-section-end\"><\/span><\/h4>\n<p data-start=\"450\" data-end=\"582\">Du suchst weitere besondere Produkte? Entdecke zus\u00e4tzliche Highlights in unserem Sortiment oder st\u00f6bere in unseren Partnerprojekten:<\/p>\n<ul data-start=\"584\" data-end=\"920\">\n<li data-start=\"584\" data-end=\"656\"><a href=\"https:\/\/honigbee.com\/shop\/\">Weitere Naturprodukte bei Honigbee entdecken<\/a><\/li>\n<li data-start=\"657\" data-end=\"783\">\n<p data-start=\"659\" data-end=\"783\"><a href=\"https:\/\/matvana.com\/shop\/\" target=\"_blank\" rel=\"noopener\">Stilvolle Wohnideen bei Matvana ansehen<\/a><\/p>\n<\/li>\n<li data-start=\"784\" data-end=\"920\">\n<p data-start=\"786\" data-end=\"920\"><a href=\"https:\/\/saphirsmaragd.com\/shop\/\" target=\"_blank\" rel=\"noopener\">Edelsteine &amp; Schmuck bei Saphir &amp; Smaragd ansehen<\/a><\/p>\n<\/li>\n<\/ul>\n<hr data-start=\"1931\" data-end=\"1934\" \/>\n<p>Produktbilder dienen der Veranschaulichung. Verpackungsdesign kann abweichen.<\/p>\n<\/div>\n","protected":false},"excerpt":{"rendered":"<p data-start=\"332\" data-end=\"484\"><em>Himalaya Sidr Honig aus Nepal. Roh, ungefiltert und nicht erhitzt. Dickfl\u00fcssig, cremig und aromatisch mit karamelliger Note. Erh\u00e4ltlich in 400g und 1kg.<\/em><\/p>","protected":false},"featured_media":43015,"comment_status":"open","ping_status":"closed","template":"","meta":{"_glsr_average":0,"_glsr_ranking":0,"_glsr_reviews":0},"product_brand":[],"product_cat":[1525,69],"product_tag":[],"class_list":{"0":"post-16070","1":"product","2":"type-product","3":"status-publish","4":"has-post-thumbnail","6":"product_cat-himalaya-nepal-honig","7":"product_cat-sidr-honig","9":"first","10":"instock","11":"featured","12":"shipping-taxable","13":"purchasable","14":"product-type-variable","15":"add-to-wishlist-before_image"},"jetpack_sharing_enabled":true,"_links":{"self":[{"href":"https:\/\/honigbee.com\/en\/wp-json\/wp\/v2\/product\/16070","targetHints":{"allow":["GET"]}}],"collection":[{"href":"https:\/\/honigbee.com\/en\/wp-json\/wp\/v2\/product"}],"about":[{"href":"https:\/\/honigbee.com\/en\/wp-json\/wp\/v2\/types\/product"}],"replies":[{"embeddable":true,"href":"https:\/\/honigbee.com\/en\/wp-json\/wp\/v2\/comments?post=16070"}],"version-history":[{"count":8,"href":"https:\/\/honigbee.com\/en\/wp-json\/wp\/v2\/product\/16070\/revisions"}],"predecessor-version":[{"id":43016,"href":"https:\/\/honigbee.com\/en\/wp-json\/wp\/v2\/product\/16070\/revisions\/43016"}],"wp:featuredmedia":[{"embeddable":true,"href":"https:\/\/honigbee.com\/en\/wp-json\/wp\/v2\/media\/43015"}],"wp:attachment":[{"href":"https:\/\/honigbee.com\/en\/wp-json\/wp\/v2\/media?parent=16070"}],"wp:term":[{"taxonomy":"product_brand","embeddable":true,"href":"https:\/\/honigbee.com\/en\/wp-json\/wp\/v2\/product_brand?post=16070"},{"taxonomy":"product_cat","embeddable":true,"href":"https:\/\/honigbee.com\/en\/wp-json\/wp\/v2\/product_cat?post=16070"},{"taxonomy":"product_tag","embeddable":true,"href":"https:\/\/honigbee.com\/en\/wp-json\/wp\/v2\/product_tag?post=16070"}],"curies":[{"name":"wp","href":"https:\/\/api.w.org\/{rel}","templated":true}]}}