{"id":16813,"date":"2025-04-04T09:47:07","date_gmt":"2025-04-04T09:47:07","guid":{"rendered":"https:\/\/honigbee.com\/?post_type=product&#038;p=16813"},"modified":"2026-02-27T15:34:21","modified_gmt":"2026-02-27T15:34:21","slug":"palm-geschenkset-mit-bio-datteln-864g","status":"publish","type":"product","link":"https:\/\/honigbee.com\/en\/product\/palm-geschenkset-mit-bio-datteln-864g\/","title":{"rendered":"Palm Geschenkset mit Bio Datteln \u2013 Elegante Dattel Geschenkbox in Gr\u00fcn und Gold"},"content":{"rendered":"<p data-start=\"837\" data-end=\"1114\">Dieses Palm Geschenkset vereint ausgew\u00e4hlte Bio-Datteln mit einer naturinspirierten Geschenkverpackung in gr\u00fcner Seidenoptik und goldfarbener Basis. Das Design greift die Farben und Texturen von Dattelpalmenbl\u00e4ttern auf und verleiht dem Set eine elegante, moderne Ausstrahlung.<\/p>\n<p data-start=\"1116\" data-end=\"1272\">Die Geschenkbox enth\u00e4lt eine Auswahl hochwertiger Datteln \u2013 naturbelassen oder gef\u00fcllt \u2013 und eignet sich ideal als stilvolles Pr\u00e4sent f\u00fcr besondere Anl\u00e4sse. <em>Palm Geschenkset mit Bio Datteln.<\/em><\/p>\n<hr data-start=\"1274\" data-end=\"1277\" \/>\n<div id=\"ez-toc-container\" class=\"ez-toc-v2_0_82_2 counter-flat ez-toc-counter ez-toc-grey ez-toc-container-direction\">\n<div class=\"ez-toc-title-container\">\n<p class=\"ez-toc-title\" style=\"cursor:inherit\">Table of Contents<\/p>\n<span class=\"ez-toc-title-toggle\"><a href=\"#\" class=\"ez-toc-pull-right ez-toc-btn ez-toc-btn-xs ez-toc-btn-default ez-toc-toggle\" aria-label=\"Toggle Table of Content\"><span class=\"ez-toc-js-icon-con\"><span class=\"\"><span class=\"eztoc-hide\" style=\"display:none;\">Toggle<\/span><span class=\"ez-toc-icon-toggle-span\"><svg style=\"fill: #999;color:#999\" xmlns=\"http:\/\/www.w3.org\/2000\/svg\" class=\"list-377408\" width=\"20px\" height=\"20px\" viewbox=\"0 0 24 24\" fill=\"none\"><path d=\"M6 6H4v2h2V6zm14 0H8v2h12V6zM4 11h2v2H4v-2zm16 0H8v2h12v-2zM4 16h2v2H4v-2zm16 0H8v2h12v-2z\" fill=\"currentColor\"><\/path><\/svg><svg style=\"fill: #999;color:#999\" class=\"arrow-unsorted-368013\" xmlns=\"http:\/\/www.w3.org\/2000\/svg\" width=\"10px\" height=\"10px\" viewbox=\"0 0 24 24\" version=\"1.2\" baseprofile=\"tiny\"><path d=\"M18.2 9.3l-6.2-6.3-6.2 6.3c-.2.2-.3.4-.3.7s.1.5.3.7c.2.2.4.3.7.3h11c.3 0 .5-.1.7-.3.2-.2.3-.5.3-.7s-.1-.5-.3-.7zM5.8 14.7l6.2 6.3 6.2-6.3c.2-.2.3-.5.3-.7s-.1-.5-.3-.7c-.2-.2-.4-.3-.7-.3h-11c-.3 0-.5.1-.7.3-.2.2-.3.5-.3.7s.1.5.3.7z\"\/><\/svg><\/span><\/span><\/span><\/a><\/span><\/div>\n<nav><ul class='ez-toc-list ez-toc-list-level-1 eztoc-toggle-hide-by-default' ><li class='ez-toc-page-1'><a class=\"ez-toc-link ez-toc-heading-1\" href=\"https:\/\/honigbee.com\/en\/product\/palm-geschenkset-mit-bio-datteln-864g\/#Produktvorteile\" >product advantages<\/a><\/li><li class='ez-toc-page-1'><a class=\"ez-toc-link ez-toc-heading-2\" href=\"https:\/\/honigbee.com\/en\/product\/palm-geschenkset-mit-bio-datteln-864g\/#Verwendung\" >use<\/a><\/li><li class='ez-toc-page-1'><a class=\"ez-toc-link ez-toc-heading-3\" href=\"https:\/\/honigbee.com\/en\/product\/palm-geschenkset-mit-bio-datteln-864g\/#Produktdetails\" >Product details<\/a><\/li><li class='ez-toc-page-1'><a class=\"ez-toc-link ez-toc-heading-4\" href=\"https:\/\/honigbee.com\/en\/product\/palm-geschenkset-mit-bio-datteln-864g\/#Nachhaltigkeit\" >sustainability<\/a><\/li><li class='ez-toc-page-1'><a class=\"ez-toc-link ez-toc-heading-5\" href=\"https:\/\/honigbee.com\/en\/product\/palm-geschenkset-mit-bio-datteln-864g\/#Weitere_Inspiration_entdecken\" >Weitere Inspiration entdecken<\/a><\/li><\/ul><\/nav><\/div>\n<h4 data-start=\"1279\" data-end=\"1299\"><span class=\"ez-toc-section\" id=\"Produktvorteile\"><\/span>product advantages<span class=\"ez-toc-section-end\"><\/span><\/h4>\n<p data-start=\"1301\" data-end=\"1520\">Gr\u00fcne Geschenkbox in gewebter Seidenoptik mit goldfarbener Basis<br data-start=\"1365\" data-end=\"1368\" \/>Auswahl hochwertiger Bio-Datteln<br data-start=\"1400\" data-end=\"1403\" \/>No artificial additives<br data-start=\"1431\" data-end=\"1434\" \/>Vegan-friendly options available<br data-start=\"1469\" data-end=\"1472\" \/>Hochwertige Pr\u00e4sentation f\u00fcr festliche Anl\u00e4sse<\/p>\n<hr data-start=\"1522\" data-end=\"1525\" \/>\n<h4 data-start=\"1527\" data-end=\"1542\"><span class=\"ez-toc-section\" id=\"Verwendung\"><\/span>use<span class=\"ez-toc-section-end\"><\/span><\/h4>\n<p data-start=\"1544\" data-end=\"1765\">\u2022 Als Geschenk zu Ramadan, Eid, Geburtstagen oder Jubil\u00e4en<br data-start=\"1602\" data-end=\"1605\" \/>\u2022 Als Firmengeschenk oder Aufmerksamkeit f\u00fcr Gesch\u00e4ftspartner<br data-start=\"1666\" data-end=\"1669\" \/>\u2022 F\u00fcr elegante Dinnerpartys oder exklusive Events<br data-start=\"1718\" data-end=\"1721\" \/>\u2022 Als hochwertige Pr\u00e4sentation auf Buffets<\/p>\n<hr data-start=\"1767\" data-end=\"1770\" \/>\n<h4 data-start=\"1772\" data-end=\"1791\"><span class=\"ez-toc-section\" id=\"Produktdetails\"><\/span>Product details<span class=\"ez-toc-section-end\"><\/span><\/h4>\n<p data-start=\"1793\" data-end=\"2069\">Ungef\u00e4hres Gewicht der Datteln: 864 g<br data-start=\"1830\" data-end=\"1833\" \/>Abmessungen der Geschenkverpackung (L \u00d7 B \u00d7 H): 26 \u00d7 26 \u00d7 4 cm<br data-start=\"1895\" data-end=\"1898\" \/>Verpackung: Gr\u00fcne Geschenkbox mit goldfarbener Basis<br data-start=\"1950\" data-end=\"1953\" \/>Zutaten: Bio-Datteln (je nach Variante mit N\u00fcssen oder weiteren Zutaten)<br data-start=\"2025\" data-end=\"2028\" \/>Herkunft: Anbaugebiete in Saudi-Arabien<\/p>\n<hr data-start=\"2071\" data-end=\"2074\" \/>\n<h4 data-start=\"2076\" data-end=\"2095\"><span class=\"ez-toc-section\" id=\"Nachhaltigkeit\"><\/span>sustainability<span class=\"ez-toc-section-end\"><\/span><\/h4>\n<p data-start=\"2097\" data-end=\"2248\">Die Datteln stammen aus biologischem Anbau. Die stabile Geschenkbox besteht aus recycelbarem Material und kann nach dem Verzehr weiterverwendet werden.<\/p>\n<hr data-start=\"2329\" data-end=\"2332\" \/>\n<h4 data-start=\"413\" data-end=\"449\"><span class=\"ez-toc-section\" id=\"Weitere_Inspiration_entdecken\"><\/span>Weitere Inspiration entdecken<span class=\"ez-toc-section-end\"><\/span><\/h4>\n<p data-start=\"450\" data-end=\"582\">Du suchst weitere besondere Produkte? Entdecke zus\u00e4tzliche Highlights in unserem Sortiment oder st\u00f6bere in unseren Partnerprojekten:<\/p>\n<ul data-start=\"584\" data-end=\"920\">\n<li data-start=\"584\" data-end=\"656\"><a href=\"https:\/\/honigbee.com\/en\/shop\/\">Weitere Naturprodukte bei Honigbee entdecken<\/a><\/li>\n<li data-start=\"657\" data-end=\"783\">\n<p data-start=\"659\" data-end=\"783\"><a href=\"https:\/\/matvana.com\/shop\/\" target=\"_blank\" rel=\"noopener\">Stilvolle Wohnideen bei Matvana ansehen<\/a><\/p>\n<\/li>\n<li data-start=\"784\" data-end=\"920\">\n<p data-start=\"786\" data-end=\"920\"><a href=\"https:\/\/saphirsmaragd.com\/shop\/\" target=\"_blank\" rel=\"noopener\">Edelsteine &amp; Schmuck bei Saphir &amp; Smaragd ansehen<\/a><\/p>\n<\/li>\n<\/ul>\n<hr data-start=\"1931\" data-end=\"1934\" \/>\n<p>Produktbilder dienen der Veranschaulichung. Verpackungsdesign kann abweichen.<\/p>","protected":false},"excerpt":{"rendered":"<div class=\"product attribute overview\">\n<div class=\"value\">\n<p data-start=\"597\" data-end=\"742\"><em>Palm Geschenkset mit Bio Datteln 864g in gr\u00fcner Geschenkbox mit goldfarbener Basis. Elegante Pr\u00e4sentation f\u00fcr Ramadan, Eid und besondere Anl\u00e4sse.<\/em><\/p>\n<\/div>\n<\/div>\n<div class=\"price-info-custom-box\">\n<div class=\"product-info-price\"><\/div>\n<\/div>","protected":false},"featured_media":42990,"comment_status":"open","ping_status":"closed","template":"","meta":{"_glsr_average":0,"_glsr_ranking":0,"_glsr_reviews":0},"product_brand":[],"product_cat":[795],"product_tag":[],"class_list":{"0":"post-16813","1":"product","2":"type-product","3":"status-publish","4":"has-post-thumbnail","6":"product_cat-luxusgeschenke","8":"first","9":"instock","10":"shipping-taxable","11":"purchasable","12":"product-type-simple","13":"add-to-wishlist-before_image"},"jetpack_sharing_enabled":true,"_links":{"self":[{"href":"https:\/\/honigbee.com\/en\/wp-json\/wp\/v2\/product\/16813","targetHints":{"allow":["GET"]}}],"collection":[{"href":"https:\/\/honigbee.com\/en\/wp-json\/wp\/v2\/product"}],"about":[{"href":"https:\/\/honigbee.com\/en\/wp-json\/wp\/v2\/types\/product"}],"replies":[{"embeddable":true,"href":"https:\/\/honigbee.com\/en\/wp-json\/wp\/v2\/comments?post=16813"}],"version-history":[{"count":5,"href":"https:\/\/honigbee.com\/en\/wp-json\/wp\/v2\/product\/16813\/revisions"}],"predecessor-version":[{"id":43002,"href":"https:\/\/honigbee.com\/en\/wp-json\/wp\/v2\/product\/16813\/revisions\/43002"}],"wp:featuredmedia":[{"embeddable":true,"href":"https:\/\/honigbee.com\/en\/wp-json\/wp\/v2\/media\/42990"}],"wp:attachment":[{"href":"https:\/\/honigbee.com\/en\/wp-json\/wp\/v2\/media?parent=16813"}],"wp:term":[{"taxonomy":"product_brand","embeddable":true,"href":"https:\/\/honigbee.com\/en\/wp-json\/wp\/v2\/product_brand?post=16813"},{"taxonomy":"product_cat","embeddable":true,"href":"https:\/\/honigbee.com\/en\/wp-json\/wp\/v2\/product_cat?post=16813"},{"taxonomy":"product_tag","embeddable":true,"href":"https:\/\/honigbee.com\/en\/wp-json\/wp\/v2\/product_tag?post=16813"}],"curies":[{"name":"wp","href":"https:\/\/api.w.org\/{rel}","templated":true}]}}