{"id":16822,"date":"2025-04-04T09:47:19","date_gmt":"2025-04-04T09:47:19","guid":{"rendered":"https:\/\/honigbee.com\/?post_type=product&#038;p=16822"},"modified":"2026-02-27T15:39:28","modified_gmt":"2026-02-27T15:39:28","slug":"weltkarten-geschenkset-mit-gefuellten-datteln","status":"publish","type":"product","link":"https:\/\/honigbee.com\/en\/product\/weltkarten-geschenkset-mit-gefuellten-datteln\/","title":{"rendered":"Weltkarten Geschenkset mit gef\u00fcllten Datteln \u2013 Dattel Geschenkbox im antiken Weltkarten Design"},"content":{"rendered":"<div id=\"ez-toc-container\" class=\"ez-toc-v2_0_82_2 counter-hierarchy ez-toc-counter ez-toc-grey ez-toc-container-direction\">\n<div class=\"ez-toc-title-container\">\n<p class=\"ez-toc-title\" style=\"cursor:inherit\">Table of Contents<\/p>\n<span class=\"ez-toc-title-toggle\"><a href=\"#\" class=\"ez-toc-pull-right ez-toc-btn ez-toc-btn-xs ez-toc-btn-default ez-toc-toggle\" aria-label=\"Toggle Table of Content\"><span class=\"ez-toc-js-icon-con\"><span class=\"\"><span class=\"eztoc-hide\" style=\"display:none;\">Toggle<\/span><span class=\"ez-toc-icon-toggle-span\"><svg style=\"fill: #999;color:#999\" xmlns=\"http:\/\/www.w3.org\/2000\/svg\" class=\"list-377408\" width=\"20px\" height=\"20px\" viewbox=\"0 0 24 24\" fill=\"none\"><path d=\"M6 6H4v2h2V6zm14 0H8v2h12V6zM4 11h2v2H4v-2zm16 0H8v2h12v-2zM4 16h2v2H4v-2zm16 0H8v2h12v-2z\" fill=\"currentColor\"><\/path><\/svg><svg style=\"fill: #999;color:#999\" class=\"arrow-unsorted-368013\" xmlns=\"http:\/\/www.w3.org\/2000\/svg\" width=\"10px\" height=\"10px\" viewbox=\"0 0 24 24\" version=\"1.2\" baseprofile=\"tiny\"><path d=\"M18.2 9.3l-6.2-6.3-6.2 6.3c-.2.2-.3.4-.3.7s.1.5.3.7c.2.2.4.3.7.3h11c.3 0 .5-.1.7-.3.2-.2.3-.5.3-.7s-.1-.5-.3-.7zM5.8 14.7l6.2 6.3 6.2-6.3c.2-.2.3-.5.3-.7s-.1-.5-.3-.7c-.2-.2-.4-.3-.7-.3h-11c-.3 0-.5.1-.7.3-.2.2-.3.5-.3.7s.1.5.3.7z\"\/><\/svg><\/span><\/span><\/span><\/a><\/span><\/div>\n<nav><ul class='ez-toc-list ez-toc-list-level-1' ><li class='ez-toc-page-1 ez-toc-heading-level-4'><a class=\"ez-toc-link ez-toc-heading-1\" href=\"https:\/\/honigbee.com\/en\/product\/weltkarten-geschenkset-mit-gefuellten-datteln\/#Produktvorteile\" >product advantages<\/a><\/li><li class='ez-toc-page-1 ez-toc-heading-level-4'><a class=\"ez-toc-link ez-toc-heading-2\" href=\"https:\/\/honigbee.com\/en\/product\/weltkarten-geschenkset-mit-gefuellten-datteln\/#Verwendung\" >use<\/a><\/li><li class='ez-toc-page-1 ez-toc-heading-level-4'><a class=\"ez-toc-link ez-toc-heading-3\" href=\"https:\/\/honigbee.com\/en\/product\/weltkarten-geschenkset-mit-gefuellten-datteln\/#Produktdetails\" >Product details<\/a><\/li><li class='ez-toc-page-1 ez-toc-heading-level-4'><a class=\"ez-toc-link ez-toc-heading-4\" href=\"https:\/\/honigbee.com\/en\/product\/weltkarten-geschenkset-mit-gefuellten-datteln\/#Nachhaltigkeit\" >sustainability<\/a><\/li><li class='ez-toc-page-1 ez-toc-heading-level-4'><a class=\"ez-toc-link ez-toc-heading-5\" href=\"https:\/\/honigbee.com\/en\/product\/weltkarten-geschenkset-mit-gefuellten-datteln\/#Weitere_Inspiration_entdecken\" >Weitere Inspiration entdecken<\/a><\/li><\/ul><\/nav><\/div>\n<p data-start=\"723\" data-end=\"982\">Dieses Weltkarten Geschenkset kombiniert ausgew\u00e4hlte Bio-Datteln mit einer kunstvoll gestalteten Geschenkbox im antiken Weltkarten-Design. Die dekorative Verpackung verleiht dem Set eine besondere Ausstrahlung und eignet sich ideal als stilvolle Geschenkidee.<\/p>\n<p data-start=\"984\" data-end=\"1165\">Die Box enth\u00e4lt eine Auswahl naturbelassener oder gef\u00fcllter Datteln. Die Kombination aus hochwertigen Zutaten und eleganter Pr\u00e4sentation sorgt f\u00fcr einen harmonischen Gesamteindruck.<\/p>\n<hr data-start=\"1167\" data-end=\"1170\" \/>\n<h4 data-start=\"1172\" data-end=\"1192\"><span class=\"ez-toc-section\" id=\"Produktvorteile\"><\/span>product advantages<span class=\"ez-toc-section-end\"><\/span><\/h4>\n<p data-start=\"1194\" data-end=\"1413\">Weltkarten Geschenkset mit gef\u00fcllten Datteln<br data-start=\"1234\" data-end=\"1237\" \/>Auswahl aus naturbelassenen oder gef\u00fcllten Bio-Datteln<br data-start=\"1291\" data-end=\"1294\" \/>No artificial additives<br data-start=\"1322\" data-end=\"1325\" \/>Vegan-friendly options available<br data-start=\"1360\" data-end=\"1363\" \/>Geeignet f\u00fcr festliche und gesch\u00e4ftliche Anl\u00e4sse<\/p>\n<hr data-start=\"1415\" data-end=\"1418\" \/>\n<h4 data-start=\"1420\" data-end=\"1435\"><span class=\"ez-toc-section\" id=\"Verwendung\"><\/span>use<span class=\"ez-toc-section-end\"><\/span><\/h4>\n<p data-start=\"1437\" data-end=\"1617\">\u2022 Als Geschenk zu Ramadan, Eid, Geburtstagen oder Jubil\u00e4en<br data-start=\"1495\" data-end=\"1498\" \/>\u2022 Als stilvolles Firmengeschenk<br data-start=\"1529\" data-end=\"1532\" \/>\u2022 F\u00fcr besondere Dinnerabende oder Buffets<br data-start=\"1573\" data-end=\"1576\" \/>\u2022 Als dekorative Pr\u00e4sentation f\u00fcr G\u00e4ste<\/p>\n<hr data-start=\"1619\" data-end=\"1622\" \/>\n<h4 data-start=\"1624\" data-end=\"1643\"><span class=\"ez-toc-section\" id=\"Produktdetails\"><\/span>Product details<span class=\"ez-toc-section-end\"><\/span><\/h4>\n<p data-start=\"1645\" data-end=\"1907\">Ungef\u00e4hres Gewicht der Datteln: 570 g<br data-start=\"1682\" data-end=\"1685\" \/>Abmessungen der Geschenkverpackung (L \u00d7 B \u00d7 H): 21 \u00d7 21 \u00d7 4 cm<br data-start=\"1747\" data-end=\"1750\" \/>Verpackung: Geschenkbox im Weltkarten-Design<br data-start=\"1794\" data-end=\"1797\" \/>Zutaten: Bio-Datteln (je nach Variante mit N\u00fcssen oder Schokolade)<br data-start=\"1863\" data-end=\"1866\" \/>Herkunft: Anbaugebiete in Saudi-Arabien<\/p>\n<hr data-start=\"1909\" data-end=\"1912\" \/>\n<h4 data-start=\"1914\" data-end=\"1933\"><span class=\"ez-toc-section\" id=\"Nachhaltigkeit\"><\/span>sustainability<span class=\"ez-toc-section-end\"><\/span><\/h4>\n<p data-start=\"1935\" data-end=\"2048\">Die Datteln stammen aus biologischem Anbau. Die stabile Geschenkbox kann nach dem Verzehr weiterverwendet werden.<\/p>\n<hr data-start=\"2288\" data-end=\"2291\" \/>\n<h4 data-start=\"413\" data-end=\"449\"><span class=\"ez-toc-section\" id=\"Weitere_Inspiration_entdecken\"><\/span>Weitere Inspiration entdecken<span class=\"ez-toc-section-end\"><\/span><\/h4>\n<p data-start=\"450\" data-end=\"582\">Du suchst weitere besondere Produkte? Entdecke zus\u00e4tzliche Highlights in unserem Sortiment oder st\u00f6bere in unseren Partnerprojekten:<\/p>\n<ul data-start=\"584\" data-end=\"920\">\n<li data-start=\"584\" data-end=\"656\"><a href=\"https:\/\/honigbee.com\/en\/shop\/\">Weitere Naturprodukte bei Honigbee entdecken<\/a><\/li>\n<li data-start=\"657\" data-end=\"783\">\n<p data-start=\"659\" data-end=\"783\"><a href=\"https:\/\/matvana.com\/shop\/\" target=\"_blank\" rel=\"noopener\">Stilvolle Wohnideen bei Matvana ansehen<\/a><\/p>\n<\/li>\n<li data-start=\"784\" data-end=\"920\">\n<p data-start=\"786\" data-end=\"920\"><a href=\"https:\/\/saphirsmaragd.com\/shop\/\" target=\"_blank\" rel=\"noopener\">Edelsteine &amp; Schmuck bei Saphir &amp; Smaragd ansehen<\/a><\/p>\n<\/li>\n<\/ul>\n<hr data-start=\"1931\" data-end=\"1934\" \/>\n<p>Produktbilder dienen der Veranschaulichung. Verpackungsdesign kann abweichen.<\/p>","protected":false},"excerpt":{"rendered":"<div class=\"product attribute overview\">\n<div class=\"value\">\n<div class=\"product attribute overview\">\n<div class=\"value\">\n<div class=\"product attribute overview\">\n<div class=\"value\">\n<div class=\"product attribute overview\">\n<div class=\"value\">\n<div class=\"product attribute overview\">\n<div class=\"value\">\n<p data-start=\"701\" data-end=\"863\"><em>Weltkarten Geschenkset mit gef\u00fcllten Datteln in handgefertigter Weltkartenbox. Naturbelassene und gef\u00fcllte Datteln in eleganter Geschenkverpackung f\u00fcr besondere Anl\u00e4sse.<\/em><\/p>\n<p data-start=\"865\" data-end=\"902\">\n<\/div>\n<\/div>\n<\/div>\n<\/div>\n<\/div>\n<\/div>\n<\/div>\n<\/div>\n<\/div>\n<\/div>\n<div class=\"price-info-custom-box\">\n<div class=\"product-info-price\"><\/div>\n<\/div>","protected":false},"featured_media":43005,"comment_status":"open","ping_status":"closed","template":"","meta":{"_glsr_average":0,"_glsr_ranking":0,"_glsr_reviews":0},"product_brand":[],"product_cat":[795],"product_tag":[],"class_list":{"0":"post-16822","1":"product","2":"type-product","3":"status-publish","4":"has-post-thumbnail","6":"product_cat-luxusgeschenke","8":"first","9":"instock","10":"shipping-taxable","11":"purchasable","12":"product-type-simple","13":"add-to-wishlist-before_image"},"jetpack_sharing_enabled":true,"_links":{"self":[{"href":"https:\/\/honigbee.com\/en\/wp-json\/wp\/v2\/product\/16822","targetHints":{"allow":["GET"]}}],"collection":[{"href":"https:\/\/honigbee.com\/en\/wp-json\/wp\/v2\/product"}],"about":[{"href":"https:\/\/honigbee.com\/en\/wp-json\/wp\/v2\/types\/product"}],"replies":[{"embeddable":true,"href":"https:\/\/honigbee.com\/en\/wp-json\/wp\/v2\/comments?post=16822"}],"version-history":[{"count":4,"href":"https:\/\/honigbee.com\/en\/wp-json\/wp\/v2\/product\/16822\/revisions"}],"predecessor-version":[{"id":43006,"href":"https:\/\/honigbee.com\/en\/wp-json\/wp\/v2\/product\/16822\/revisions\/43006"}],"wp:featuredmedia":[{"embeddable":true,"href":"https:\/\/honigbee.com\/en\/wp-json\/wp\/v2\/media\/43005"}],"wp:attachment":[{"href":"https:\/\/honigbee.com\/en\/wp-json\/wp\/v2\/media?parent=16822"}],"wp:term":[{"taxonomy":"product_brand","embeddable":true,"href":"https:\/\/honigbee.com\/en\/wp-json\/wp\/v2\/product_brand?post=16822"},{"taxonomy":"product_cat","embeddable":true,"href":"https:\/\/honigbee.com\/en\/wp-json\/wp\/v2\/product_cat?post=16822"},{"taxonomy":"product_tag","embeddable":true,"href":"https:\/\/honigbee.com\/en\/wp-json\/wp\/v2\/product_tag?post=16822"}],"curies":[{"name":"wp","href":"https:\/\/api.w.org\/{rel}","templated":true}]}}