{"id":23424,"date":"2025-05-29T14:11:23","date_gmt":"2025-05-29T14:11:23","guid":{"rendered":"https:\/\/honigbee.com\/?post_type=product&#038;p=23424"},"modified":"2026-02-28T18:44:02","modified_gmt":"2026-02-28T18:44:02","slug":"haselnussmehl-1kg","status":"publish","type":"product","link":"https:\/\/honigbee.com\/en\/product\/haselnussmehl-1kg\/","title":{"rendered":"1 kg Haselnussmehl \u2013 Glutenfreies Premium Mehl mit nat\u00fcrlichem Haselnussgeschmack"},"content":{"rendered":"<div id=\"ez-toc-container\" class=\"ez-toc-v2_0_83 counter-hierarchy ez-toc-counter ez-toc-grey ez-toc-container-direction\">\n<div class=\"ez-toc-title-container\">\n<p class=\"ez-toc-title\" style=\"cursor:inherit\">Table of Contents<\/p>\n<span class=\"ez-toc-title-toggle\"><a href=\"#\" class=\"ez-toc-pull-right ez-toc-btn ez-toc-btn-xs ez-toc-btn-default ez-toc-toggle\" aria-label=\"Toggle Table of Content\"><span class=\"ez-toc-js-icon-con\"><span class=\"\"><span class=\"eztoc-hide\" style=\"display:none;\">Toggle<\/span><span class=\"ez-toc-icon-toggle-span\"><svg style=\"fill: #999;color:#999\" xmlns=\"http:\/\/www.w3.org\/2000\/svg\" class=\"list-377408\" width=\"20px\" height=\"20px\" viewbox=\"0 0 24 24\" fill=\"none\"><path d=\"M6 6H4v2h2V6zm14 0H8v2h12V6zM4 11h2v2H4v-2zm16 0H8v2h12v-2zM4 16h2v2H4v-2zm16 0H8v2h12v-2z\" fill=\"currentColor\"><\/path><\/svg><svg style=\"fill: #999;color:#999\" class=\"arrow-unsorted-368013\" xmlns=\"http:\/\/www.w3.org\/2000\/svg\" width=\"10px\" height=\"10px\" viewbox=\"0 0 24 24\" version=\"1.2\" baseprofile=\"tiny\"><path d=\"M18.2 9.3l-6.2-6.3-6.2 6.3c-.2.2-.3.4-.3.7s.1.5.3.7c.2.2.4.3.7.3h11c.3 0 .5-.1.7-.3.2-.2.3-.5.3-.7s-.1-.5-.3-.7zM5.8 14.7l6.2 6.3 6.2-6.3c.2-.2.3-.5.3-.7s-.1-.5-.3-.7c-.2-.2-.4-.3-.7-.3h-11c-.3 0-.5.1-.7.3-.2.2-.3.5-.3.7s.1.5.3.7z\"\/><\/svg><\/span><\/span><\/span><\/a><\/span><\/div>\n<nav><ul class='ez-toc-list ez-toc-list-level-1' ><li class='ez-toc-page-1 ez-toc-heading-level-4'><a class=\"ez-toc-link ez-toc-heading-1\" href=\"https:\/\/honigbee.com\/en\/product\/haselnussmehl-1kg\/#Herkunft_Qualitat\" >Origin &amp; Quality<\/a><\/li><li class='ez-toc-page-1 ez-toc-heading-level-4'><a class=\"ez-toc-link ez-toc-heading-2\" href=\"https:\/\/honigbee.com\/en\/product\/haselnussmehl-1kg\/#Geschmack_Textur\" >Taste &amp; Texture<\/a><\/li><li class='ez-toc-page-1 ez-toc-heading-level-4'><a class=\"ez-toc-link ez-toc-heading-3\" href=\"https:\/\/honigbee.com\/en\/product\/haselnussmehl-1kg\/#Nahrwerte_Vorteile\" >N\u00e4hrwerte &amp; Vorteile<\/a><\/li><li class='ez-toc-page-1 ez-toc-heading-level-4'><a class=\"ez-toc-link ez-toc-heading-4\" href=\"https:\/\/honigbee.com\/en\/product\/haselnussmehl-1kg\/#Vielseitige_Verwendung\" >Versatile use<\/a><\/li><li class='ez-toc-page-1 ez-toc-heading-level-4'><a class=\"ez-toc-link ez-toc-heading-5\" href=\"https:\/\/honigbee.com\/en\/product\/haselnussmehl-1kg\/#Nahrwerte_pro_100g\" >Nutritional values per 100g<\/a><\/li><li class='ez-toc-page-1 ez-toc-heading-level-4'><a class=\"ez-toc-link ez-toc-heading-6\" href=\"https:\/\/honigbee.com\/en\/product\/haselnussmehl-1kg\/#Lagerung_Frische\" >Lagerung &amp; Frische<\/a><\/li><li class='ez-toc-page-1 ez-toc-heading-level-4'><a class=\"ez-toc-link ez-toc-heading-7\" href=\"https:\/\/honigbee.com\/en\/product\/haselnussmehl-1kg\/#Weitere_Inspiration_entdecken\" >Weitere Inspiration entdecken<\/a><\/li><\/ul><\/nav><\/div>\n<p data-start=\"773\" data-end=\"1094\">Haselnussmehl 1kg ist eine hochwertige und nat\u00fcrliche Alternative zu herk\u00f6mmlichem Mehl. Mit seinem intensiven, nussigen Geschmack eignet es sich ideal f\u00fcr gesundheitsbewusste Genie\u00dfer und kreative Anwendungen in der K\u00fcche. Durch sorgf\u00e4ltige Verarbeitung bleiben Aroma, Qualit\u00e4t und wertvolle N\u00e4hrstoffe optimal erhalten.<\/p>\n<hr data-start=\"1096\" data-end=\"1099\" \/>\n<h4 data-start=\"1101\" data-end=\"1127\"><span class=\"ez-toc-section\" id=\"Herkunft_Qualitat\"><\/span>Origin &amp; Quality<span class=\"ez-toc-section-end\"><\/span><\/h4>\n<p data-start=\"1129\" data-end=\"1312\">Haselnussmehl 1kg wird aus sorgf\u00e4ltig ausgew\u00e4hlten Haseln\u00fcssen hergestellt und schonend verarbeitet. Dies garantiert eine feine Konsistenz, nat\u00fcrlichen Geschmack und h\u00f6chste Qualit\u00e4t.<\/p>\n<hr data-start=\"1314\" data-end=\"1317\" \/>\n<h4 data-start=\"1319\" data-end=\"1344\"><span class=\"ez-toc-section\" id=\"Geschmack_Textur\"><\/span>Taste &amp; Texture<span class=\"ez-toc-section-end\"><\/span><\/h4>\n<p data-start=\"1346\" data-end=\"1531\">Haselnussmehl 1kg zeichnet sich durch seinen intensiven, nat\u00fcrlichen Haselnussgeschmack und seine feine, gleichm\u00e4\u00dfige Textur aus. Es verleiht Backwaren und Speisen ein besonderes Aroma.<\/p>\n<hr data-start=\"1533\" data-end=\"1536\" \/>\n<h4 data-start=\"1538\" data-end=\"1565\"><span class=\"ez-toc-section\" id=\"Nahrwerte_Vorteile\"><\/span>N\u00e4hrwerte &amp; Vorteile<span class=\"ez-toc-section-end\"><\/span><\/h4>\n<p data-start=\"1567\" data-end=\"1637\">Haselnussmehl 1kg bietet zahlreiche ern\u00e4hrungsphysiologische Vorteile:<\/p>\n<ul data-start=\"1639\" data-end=\"1821\">\n<li data-start=\"1639\" data-end=\"1688\">\n<p data-start=\"1641\" data-end=\"1688\">Glutenfreie Alternative zu herk\u00f6mmlichem Mehl<\/p>\n<\/li>\n<li data-start=\"1689\" data-end=\"1721\">\n<p data-start=\"1691\" data-end=\"1721\">Rich in healthy fatty acids<\/p>\n<\/li>\n<li data-start=\"1722\" data-end=\"1753\">\n<p data-start=\"1724\" data-end=\"1753\">Enth\u00e4lt pflanzliches Eiwei\u00df<\/p>\n<\/li>\n<li data-start=\"1754\" data-end=\"1788\">\n<p data-start=\"1756\" data-end=\"1788\">Quelle wichtiger Mineralstoffe<\/p>\n<\/li>\n<li data-start=\"1789\" data-end=\"1821\">\n<p data-start=\"1791\" data-end=\"1821\">Ideal f\u00fcr bewusste Ern\u00e4hrung<\/p>\n<\/li>\n<\/ul>\n<hr data-start=\"1823\" data-end=\"1826\" \/>\n<h4 data-start=\"1828\" data-end=\"1857\"><span class=\"ez-toc-section\" id=\"Vielseitige_Verwendung\"><\/span>Versatile use<span class=\"ez-toc-section-end\"><\/span><\/h4>\n<p data-start=\"1859\" data-end=\"1924\">Haselnussmehl 1kg eignet sich ideal f\u00fcr verschiedene Anwendungen:<\/p>\n<ul data-start=\"1926\" data-end=\"2058\">\n<li data-start=\"1926\" data-end=\"1964\">\n<p data-start=\"1928\" data-end=\"1964\">Zum Backen von Kuchen und Desserts<\/p>\n<\/li>\n<li data-start=\"1965\" data-end=\"1992\">\n<p data-start=\"1967\" data-end=\"1992\">F\u00fcr glutenfreie Rezepte<\/p>\n<\/li>\n<li data-start=\"1993\" data-end=\"2023\">\n<p data-start=\"1995\" data-end=\"2023\">Zum Verfeinern von Speisen<\/p>\n<\/li>\n<li data-start=\"2024\" data-end=\"2058\">\n<p data-start=\"2026\" data-end=\"2058\">F\u00fcr kreative und gesunde K\u00fcche<\/p>\n<\/li>\n<\/ul>\n<hr data-start=\"2060\" data-end=\"2063\" \/>\n<h4 data-start=\"2065\" data-end=\"2090\"><span class=\"ez-toc-section\" id=\"Nahrwerte_pro_100g\"><\/span>Nutritional values per 100g<span class=\"ez-toc-section-end\"><\/span><\/h4>\n<ul data-start=\"2092\" data-end=\"2249\">\n<li data-start=\"2092\" data-end=\"2113\">\n<p data-start=\"2094\" data-end=\"2113\">Energie: 628 kcal<\/p>\n<\/li>\n<li data-start=\"2114\" data-end=\"2128\">\n<p data-start=\"2116\" data-end=\"2128\">Fett: 61 g<\/p>\n<\/li>\n<li data-start=\"2129\" data-end=\"2167\">\n<p data-start=\"2131\" data-end=\"2167\">davon ges\u00e4ttigte Fetts\u00e4uren: 4.5 g<\/p>\n<\/li>\n<li data-start=\"2168\" data-end=\"2191\">\n<p data-start=\"2170\" data-end=\"2191\">Kohlenhydrate: 17 g<\/p>\n<\/li>\n<li data-start=\"2192\" data-end=\"2215\">\n<p data-start=\"2194\" data-end=\"2215\">davon Zucker: 4.3 g<\/p>\n<\/li>\n<li data-start=\"2216\" data-end=\"2232\">\n<p data-start=\"2218\" data-end=\"2232\">Eiwei\u00df: 15 g<\/p>\n<\/li>\n<li data-start=\"2233\" data-end=\"2249\">\n<p data-start=\"2235\" data-end=\"2249\">Salt: 0.01 g<\/p>\n<\/li>\n<\/ul>\n<hr data-start=\"2251\" data-end=\"2254\" \/>\n<h4 data-start=\"2256\" data-end=\"2281\"><span class=\"ez-toc-section\" id=\"Lagerung_Frische\"><\/span>Lagerung &amp; Frische<span class=\"ez-toc-section-end\"><\/span><\/h4>\n<p data-start=\"2283\" data-end=\"2405\">Lagern Sie Haselnussmehl 1kg k\u00fchl, trocken und lichtgesch\u00fctzt, um Frische, Geschmack und Qualit\u00e4t langfristig zu erhalten.<\/p>\n<hr data-start=\"1683\" data-end=\"1686\" \/>\n<h4 data-start=\"413\" data-end=\"449\"><span class=\"ez-toc-section\" id=\"Weitere_Inspiration_entdecken\"><\/span>Weitere Inspiration entdecken<span class=\"ez-toc-section-end\"><\/span><\/h4>\n<p data-start=\"450\" data-end=\"582\">Du suchst weitere besondere Produkte? Entdecke zus\u00e4tzliche Highlights in unserem Sortiment oder st\u00f6bere in unseren Partnerprojekten:<\/p>\n<ul data-start=\"584\" data-end=\"920\">\n<li data-start=\"584\" data-end=\"656\"><a href=\"https:\/\/honigbee.com\/en\/shop\/\">Weitere Naturprodukte bei Honigbee entdecken<\/a><\/li>\n<li data-start=\"657\" data-end=\"783\">\n<p data-start=\"659\" data-end=\"783\"><a href=\"https:\/\/matvana.com\/shop\/\" target=\"_blank\" rel=\"noopener\">Stilvolle Wohnideen bei Matvana ansehen<\/a><\/p>\n<\/li>\n<li data-start=\"784\" data-end=\"920\">\n<p data-start=\"786\" data-end=\"920\"><a href=\"https:\/\/saphirsmaragd.com\/shop\/\" target=\"_blank\" rel=\"noopener\">Edelsteine &amp; Schmuck bei Saphir &amp; Smaragd ansehen<\/a><\/p>\n<\/li>\n<\/ul>\n<hr data-start=\"1931\" data-end=\"1934\" \/>\n<p>Produktbilder dienen der Veranschaulichung. Verpackungsdesign kann abweichen.<\/p>","protected":false},"excerpt":{"rendered":"<p data-start=\"375\" data-end=\"525\"><em>Haselnussmehl 1kg in Premium Qualit\u00e4t, glutenfrei und reich an N\u00e4hrstoffen. Ideal zum Backen, Kochen und f\u00fcr eine bewusste, ausgewogene Ern\u00e4hrung.<\/em><\/p>","protected":false},"featured_media":42401,"comment_status":"open","ping_status":"closed","template":"","meta":{"_glsr_average":0,"_glsr_ranking":0,"_glsr_reviews":0},"product_brand":[],"product_cat":[671],"product_tag":[],"class_list":{"0":"post-23424","1":"product","2":"type-product","3":"status-publish","4":"has-post-thumbnail","6":"product_cat-haselnussmehl","8":"first","9":"instock","10":"shipping-taxable","11":"purchasable","12":"product-type-simple","13":"add-to-wishlist-before_image"},"jetpack_sharing_enabled":true,"_links":{"self":[{"href":"https:\/\/honigbee.com\/en\/wp-json\/wp\/v2\/product\/23424","targetHints":{"allow":["GET"]}}],"collection":[{"href":"https:\/\/honigbee.com\/en\/wp-json\/wp\/v2\/product"}],"about":[{"href":"https:\/\/honigbee.com\/en\/wp-json\/wp\/v2\/types\/product"}],"replies":[{"embeddable":true,"href":"https:\/\/honigbee.com\/en\/wp-json\/wp\/v2\/comments?post=23424"}],"version-history":[{"count":5,"href":"https:\/\/honigbee.com\/en\/wp-json\/wp\/v2\/product\/23424\/revisions"}],"predecessor-version":[{"id":43218,"href":"https:\/\/honigbee.com\/en\/wp-json\/wp\/v2\/product\/23424\/revisions\/43218"}],"wp:featuredmedia":[{"embeddable":true,"href":"https:\/\/honigbee.com\/en\/wp-json\/wp\/v2\/media\/42401"}],"wp:attachment":[{"href":"https:\/\/honigbee.com\/en\/wp-json\/wp\/v2\/media?parent=23424"}],"wp:term":[{"taxonomy":"product_brand","embeddable":true,"href":"https:\/\/honigbee.com\/en\/wp-json\/wp\/v2\/product_brand?post=23424"},{"taxonomy":"product_cat","embeddable":true,"href":"https:\/\/honigbee.com\/en\/wp-json\/wp\/v2\/product_cat?post=23424"},{"taxonomy":"product_tag","embeddable":true,"href":"https:\/\/honigbee.com\/en\/wp-json\/wp\/v2\/product_tag?post=23424"}],"curies":[{"name":"wp","href":"https:\/\/api.w.org\/{rel}","templated":true}]}}