{"id":24352,"date":"2025-06-07T12:30:18","date_gmt":"2025-06-07T12:30:18","guid":{"rendered":"https:\/\/honigbee.com\/?post_type=product&#038;p=24352"},"modified":"2026-03-10T19:57:51","modified_gmt":"2026-03-10T19:57:51","slug":"calcium-komplex-mit-magnesium-360","status":"publish","type":"product","link":"https:\/\/honigbee.com\/en\/product\/calcium-komplex-mit-magnesium-360\/","title":{"rendered":"360 Calcium Komplex mit Vegane Tabletten mit Magnesium, Zink, D3 &#038; K2"},"content":{"rendered":"<div class=\"flex flex-col text-sm pb-25\">\n<article class=\"text-token-text-primary w-full focus:outline-none [--shadow-height:45px] has-data-writing-block:pointer-events-none has-data-writing-block:-mt-(--shadow-height) has-data-writing-block:pt-(--shadow-height) [&amp;:has([data-writing-block])&gt;*]:pointer-events-auto scroll-mt-[calc(var(--header-height)+min(200px,max(70px,20svh)))]\" dir=\"auto\" tabindex=\"-1\" data-turn-id=\"request-69a0b53c-ae9c-832e-8aed-cd8f865135d5-2\" data-testid=\"conversation-turn-310\" data-scroll-anchor=\"true\" data-turn=\"assistant\">\n<div class=\"text-base my-auto mx-auto pb-10 [--thread-content-margin:var(--thread-content-margin-xs,calc(var(--spacing)*4))] @w-sm\/main:[--thread-content-margin:var(--thread-content-margin-sm,calc(var(--spacing)*6))] @w-lg\/main:[--thread-content-margin:var(--thread-content-margin-lg,calc(var(--spacing)*16))] px-(--thread-content-margin)\">\n<div class=\"[--thread-content-max-width:40rem] @w-lg\/main:[--thread-content-max-width:48rem] mx-auto max-w-(--thread-content-max-width) flex-1 group\/turn-messages focus-visible:outline-hidden relative flex w-full min-w-0 flex-col agent-turn\" tabindex=\"-1\">\n<div class=\"flex max-w-full flex-col gap-4 grow\">\n<div class=\"min-h-8 text-message relative flex w-full flex-col items-end gap-2 text-start break-words whitespace-normal [.text-message+&amp;]:mt-1\" dir=\"auto\" data-message-author-role=\"assistant\" data-message-id=\"f81557e8-731c-494e-9a02-8a2fe06a5003\" data-message-model-slug=\"gpt-5-3\">\n<div class=\"flex w-full flex-col gap-1 empty:hidden\">\n<div class=\"markdown prose dark:prose-invert w-full wrap-break-word light markdown-new-styling\">\n<p data-start=\"722\" data-end=\"949\">Die <strong data-start=\"726\" data-end=\"755\">Calcium Komplex Tabletten<\/strong> enthalten eine Kombination aus Calcium, Magnesium, Zink sowie den Vitaminen D3 und K2. Diese Kombination von Mineralstoffen und Vitaminen eignet sich zur Erg\u00e4nzung einer ausgewogenen Ern\u00e4hrung.<\/p>\n<p data-start=\"951\" data-end=\"1055\">Calcium, Magnesium, Zink sowie Vitamin D und Vitamin K tragen zu verschiedenen Funktionen im K\u00f6rper bei.<\/p>\n<hr data-start=\"1057\" data-end=\"1060\" \/>\n<div id=\"ez-toc-container\" class=\"ez-toc-v2_0_82_2 counter-flat ez-toc-counter ez-toc-grey ez-toc-container-direction\">\n<div class=\"ez-toc-title-container\">\n<p class=\"ez-toc-title\" style=\"cursor:inherit\">Table of Contents<\/p>\n<span class=\"ez-toc-title-toggle\"><a href=\"#\" class=\"ez-toc-pull-right ez-toc-btn ez-toc-btn-xs ez-toc-btn-default ez-toc-toggle\" aria-label=\"Toggle Table of Content\"><span class=\"ez-toc-js-icon-con\"><span class=\"\"><span class=\"eztoc-hide\" style=\"display:none;\">Toggle<\/span><span class=\"ez-toc-icon-toggle-span\"><svg style=\"fill: #999;color:#999\" xmlns=\"http:\/\/www.w3.org\/2000\/svg\" class=\"list-377408\" width=\"20px\" height=\"20px\" viewBox=\"0 0 24 24\" fill=\"none\"><path d=\"M6 6H4v2h2V6zm14 0H8v2h12V6zM4 11h2v2H4v-2zm16 0H8v2h12v-2zM4 16h2v2H4v-2zm16 0H8v2h12v-2z\" fill=\"currentColor\"><\/path><\/svg><svg style=\"fill: #999;color:#999\" class=\"arrow-unsorted-368013\" xmlns=\"http:\/\/www.w3.org\/2000\/svg\" width=\"10px\" height=\"10px\" viewBox=\"0 0 24 24\" version=\"1.2\" baseProfile=\"tiny\"><path d=\"M18.2 9.3l-6.2-6.3-6.2 6.3c-.2.2-.3.4-.3.7s.1.5.3.7c.2.2.4.3.7.3h11c.3 0 .5-.1.7-.3.2-.2.3-.5.3-.7s-.1-.5-.3-.7zM5.8 14.7l6.2 6.3 6.2-6.3c.2-.2.3-.5.3-.7s-.1-.5-.3-.7c-.2-.2-.4-.3-.7-.3h-11c-.3 0-.5.1-.7.3-.2.2-.3.5-.3.7s.1.5.3.7z\"\/><\/svg><\/span><\/span><\/span><\/a><\/span><\/div>\n<nav><ul class='ez-toc-list ez-toc-list-level-1 eztoc-toggle-hide-by-default' ><li class='ez-toc-page-1'><a class=\"ez-toc-link ez-toc-heading-1\" href=\"https:\/\/honigbee.com\/en\/product\/calcium-komplex-mit-magnesium-360\/#Produktvorteile\" >Produktvorteile<\/a><\/li><li class='ez-toc-page-1'><a class=\"ez-toc-link ez-toc-heading-2\" href=\"https:\/\/honigbee.com\/en\/product\/calcium-komplex-mit-magnesium-360\/#Anwendung\" >Anwendung<\/a><\/li><li class='ez-toc-page-1'><a class=\"ez-toc-link ez-toc-heading-3\" href=\"https:\/\/honigbee.com\/en\/product\/calcium-komplex-mit-magnesium-360\/#Eigenschaften_der_enthaltenen_Mineralstoffe_und_Vitamine\" >Eigenschaften der enthaltenen Mineralstoffe und Vitamine<\/a><\/li><li class='ez-toc-page-1'><a class=\"ez-toc-link ez-toc-heading-4\" href=\"https:\/\/honigbee.com\/en\/product\/calcium-komplex-mit-magnesium-360\/#Produktdetails\" >Produktdetails<\/a><\/li><li class='ez-toc-page-1'><a class=\"ez-toc-link ez-toc-heading-5\" href=\"https:\/\/honigbee.com\/en\/product\/calcium-komplex-mit-magnesium-360\/#Lagerung\" >Lagerung<\/a><\/li><li class='ez-toc-page-1'><a class=\"ez-toc-link ez-toc-heading-6\" href=\"https:\/\/honigbee.com\/en\/product\/calcium-komplex-mit-magnesium-360\/#Hinweis\" >Hinweis<\/a><\/li><li class='ez-toc-page-1'><a class=\"ez-toc-link ez-toc-heading-7\" href=\"https:\/\/honigbee.com\/en\/product\/calcium-komplex-mit-magnesium-360\/#Weitere_Inspiration_entdecken\" >Weitere Inspiration entdecken<\/a><\/li><\/ul><\/nav><\/div>\n<h4 data-start=\"1062\" data-end=\"1082\"><span class=\"ez-toc-section\" id=\"Produktvorteile\"><\/span>Produktvorteile<span class=\"ez-toc-section-end\"><\/span><\/h4>\n<p data-start=\"1084\" data-end=\"1306\">\u2022 360 vegane Calcium Komplex Tabletten<br data-start=\"1122\" data-end=\"1125\" \/>\u2022 Kombination aus Calcium, Magnesium und Zink<br data-start=\"1170\" data-end=\"1173\" \/>\u2022 Erg\u00e4nzt mit Vitamin D3 und Vitamin K2<br data-start=\"1212\" data-end=\"1215\" \/>\u2022 Vegan und ohne unn\u00f6tige Zusatzstoffe<br data-start=\"1253\" data-end=\"1256\" \/>\u2022 Geeignet zur t\u00e4glichen Erg\u00e4nzung der Ern\u00e4hrung<\/p>\n<hr data-start=\"1308\" data-end=\"1311\" \/>\n<h4 data-start=\"1313\" data-end=\"1327\"><span class=\"ez-toc-section\" id=\"Anwendung\"><\/span>Anwendung<span class=\"ez-toc-section-end\"><\/span><\/h4>\n<p data-start=\"1329\" data-end=\"1474\">Die Tabletten k\u00f6nnen t\u00e4glich entsprechend der empfohlenen Verzehrmenge mit ausreichend Wasser eingenommen werden, vorzugsweise zu einer Mahlzeit.<\/p>\n<hr data-start=\"1476\" data-end=\"1479\" \/>\n<h4 data-start=\"1481\" data-end=\"1542\"><span class=\"ez-toc-section\" id=\"Eigenschaften_der_enthaltenen_Mineralstoffe_und_Vitamine\"><\/span>Eigenschaften der enthaltenen Mineralstoffe und Vitamine<span class=\"ez-toc-section-end\"><\/span><\/h4>\n<p data-start=\"1544\" data-end=\"1608\">Calcium, Magnesium, Zink, Vitamin D und Vitamin K tragen bei zu:<\/p>\n<p data-start=\"1610\" data-end=\"1737\">\u2022 Erhalt normaler Knochen<br data-start=\"1635\" data-end=\"1638\" \/>\u2022 normaler Muskelfunktion<br data-start=\"1663\" data-end=\"1666\" \/>\u2022 normalem Energiestoffwechsel<br data-start=\"1696\" data-end=\"1699\" \/>\u2022 normaler Funktion des Immunsystems<\/p>\n<hr data-start=\"1739\" data-end=\"1742\" \/>\n<h4 data-start=\"1744\" data-end=\"1763\"><span class=\"ez-toc-section\" id=\"Produktdetails\"><\/span>Produktdetails<span class=\"ez-toc-section-end\"><\/span><\/h4>\n<p data-start=\"1765\" data-end=\"1790\">Inhalt: <strong data-start=\"1773\" data-end=\"1790\">360 Tabletten<\/strong><\/p>\n<p data-start=\"1792\" data-end=\"1816\">Form: Vegane Tabletten<\/p>\n<p data-start=\"1818\" data-end=\"1898\">Mineralstoffe und Vitamine:<br data-start=\"1845\" data-end=\"1848\" \/>Calcium, Magnesium, Zink, Vitamin D3, Vitamin K2<\/p>\n<p data-start=\"1900\" data-end=\"1972\">Zutaten: Mineralstoff- und Vitamin-Komplex, pflanzliche Tablettenbasis<\/p>\n<p data-start=\"1974\" data-end=\"2011\">Vegan und ohne unn\u00f6tige Zusatzstoffe.<\/p>\n<hr data-start=\"2013\" data-end=\"2016\" \/>\n<h4 data-start=\"2018\" data-end=\"2031\"><span class=\"ez-toc-section\" id=\"Lagerung\"><\/span>Lagerung<span class=\"ez-toc-section-end\"><\/span><\/h4>\n<p data-start=\"2033\" data-end=\"2125\">K\u00fchl, trocken und lichtgesch\u00fctzt lagern.<br data-start=\"2073\" data-end=\"2076\" \/>Au\u00dferhalb der Reichweite von Kindern aufbewahren.<\/p>\n<hr data-start=\"2127\" data-end=\"2130\" \/>\n<h4 data-start=\"2132\" data-end=\"2144\"><span class=\"ez-toc-section\" id=\"Hinweis\"><\/span>Hinweis<span class=\"ez-toc-section-end\"><\/span><\/h4>\n<p data-start=\"2146\" data-end=\"2298\" data-is-last-node=\"\" data-is-only-node=\"\">Nahrungserg\u00e4nzungsmittel sollten nicht als Ersatz f\u00fcr eine abwechslungsreiche und ausgewogene Ern\u00e4hrung sowie eine gesunde Lebensweise verwendet werden.<\/p>\n<\/div>\n<\/div>\n<\/div>\n<\/div>\n<div class=\"z-0 flex min-h-[46px] justify-start\">\n<hr data-start=\"2237\" data-end=\"2240\" \/>\n<h4 data-start=\"413\" data-end=\"449\"><span class=\"ez-toc-section\" id=\"Weitere_Inspiration_entdecken\"><\/span>Weitere Inspiration entdecken<span class=\"ez-toc-section-end\"><\/span><\/h4>\n<p data-start=\"450\" data-end=\"582\">Du suchst weitere besondere Produkte? Entdecke zus\u00e4tzliche Highlights in unserem Sortiment oder st\u00f6bere in unseren Partnerprojekten:<\/p>\n<ul data-start=\"584\" data-end=\"920\">\n<li data-start=\"584\" data-end=\"656\"><a href=\"https:\/\/honigbee.com\/shop\/\">Weitere Naturprodukte bei Honigbee entdecken<\/a><\/li>\n<li data-start=\"657\" data-end=\"783\">\n<p data-start=\"659\" data-end=\"783\"><a href=\"https:\/\/matvana.com\/shop\/\" target=\"_blank\" rel=\"noopener\">Stilvolle Wohnideen bei Matvana ansehen<\/a><\/p>\n<\/li>\n<li data-start=\"784\" data-end=\"920\">\n<p data-start=\"786\" data-end=\"920\"><a href=\"https:\/\/saphirsmaragd.com\/shop\/\" target=\"_blank\" rel=\"noopener\">Edelsteine &amp; Schmuck bei Saphir &amp; Smaragd ansehen<\/a><\/p>\n<\/li>\n<\/ul>\n<hr data-start=\"1931\" data-end=\"1934\" \/>\n<p>Produktbilder dienen der Veranschaulichung. Verpackungsdesign kann abweichen.<\/p>\n<\/div>\n<\/div>\n<\/div>\n<\/article>\n<\/div>\n","protected":false},"excerpt":{"rendered":"<p data-start=\"421\" data-end=\"590\"><em>Calcium Komplex Tabletten mit Calcium, Magnesium, Zink sowie Vitamin D3 und K2. 360 vegane Tabletten zur Erg\u00e4nzung der t\u00e4glichen Mineralstoff- und Vitaminversorgung.<\/em><\/p>","protected":false},"featured_media":43605,"comment_status":"open","ping_status":"closed","template":"","meta":{"_glsr_average":0,"_glsr_ranking":0,"_glsr_reviews":0},"product_brand":[],"product_cat":[979],"product_tag":[],"class_list":{"0":"post-24352","1":"product","2":"type-product","3":"status-publish","4":"has-post-thumbnail","6":"product_cat-calcium","8":"first","9":"instock","10":"shipping-taxable","11":"purchasable","12":"product-type-simple","13":"add-to-wishlist-before_image"},"jetpack_sharing_enabled":true,"_links":{"self":[{"href":"https:\/\/honigbee.com\/en\/wp-json\/wp\/v2\/product\/24352","targetHints":{"allow":["GET"]}}],"collection":[{"href":"https:\/\/honigbee.com\/en\/wp-json\/wp\/v2\/product"}],"about":[{"href":"https:\/\/honigbee.com\/en\/wp-json\/wp\/v2\/types\/product"}],"replies":[{"embeddable":true,"href":"https:\/\/honigbee.com\/en\/wp-json\/wp\/v2\/comments?post=24352"}],"version-history":[{"count":3,"href":"https:\/\/honigbee.com\/en\/wp-json\/wp\/v2\/product\/24352\/revisions"}],"predecessor-version":[{"id":43606,"href":"https:\/\/honigbee.com\/en\/wp-json\/wp\/v2\/product\/24352\/revisions\/43606"}],"wp:featuredmedia":[{"embeddable":true,"href":"https:\/\/honigbee.com\/en\/wp-json\/wp\/v2\/media\/43605"}],"wp:attachment":[{"href":"https:\/\/honigbee.com\/en\/wp-json\/wp\/v2\/media?parent=24352"}],"wp:term":[{"taxonomy":"product_brand","embeddable":true,"href":"https:\/\/honigbee.com\/en\/wp-json\/wp\/v2\/product_brand?post=24352"},{"taxonomy":"product_cat","embeddable":true,"href":"https:\/\/honigbee.com\/en\/wp-json\/wp\/v2\/product_cat?post=24352"},{"taxonomy":"product_tag","embeddable":true,"href":"https:\/\/honigbee.com\/en\/wp-json\/wp\/v2\/product_tag?post=24352"}],"curies":[{"name":"wp","href":"https:\/\/api.w.org\/{rel}","templated":true}]}}