{"id":25203,"date":"2025-06-09T12:15:49","date_gmt":"2025-06-09T12:15:49","guid":{"rendered":"https:\/\/honigbee.com\/?post_type=product&#038;p=25203"},"modified":"2026-03-09T21:07:06","modified_gmt":"2026-03-09T21:07:06","slug":"multivitamin-kapseln-180","status":"publish","type":"product","link":"https:\/\/honigbee.com\/en\/product\/multivitamin-kapseln-180\/","title":{"rendered":"180 Kapseln Multivitamin Kapseln Veganer Vitamin Komplex A\u2013Z Hochdosiert"},"content":{"rendered":"<div id=\"ez-toc-container\" class=\"ez-toc-v2_0_82_2 counter-hierarchy ez-toc-counter ez-toc-grey ez-toc-container-direction\">\n<div class=\"ez-toc-title-container\">\n<p class=\"ez-toc-title\" style=\"cursor:inherit\">Table of Contents<\/p>\n<span class=\"ez-toc-title-toggle\"><a href=\"#\" class=\"ez-toc-pull-right ez-toc-btn ez-toc-btn-xs ez-toc-btn-default ez-toc-toggle\" aria-label=\"Toggle Table of Content\"><span class=\"ez-toc-js-icon-con\"><span class=\"\"><span class=\"eztoc-hide\" style=\"display:none;\">Toggle<\/span><span class=\"ez-toc-icon-toggle-span\"><svg style=\"fill: #999;color:#999\" xmlns=\"http:\/\/www.w3.org\/2000\/svg\" class=\"list-377408\" width=\"20px\" height=\"20px\" viewbox=\"0 0 24 24\" fill=\"none\"><path d=\"M6 6H4v2h2V6zm14 0H8v2h12V6zM4 11h2v2H4v-2zm16 0H8v2h12v-2zM4 16h2v2H4v-2zm16 0H8v2h12v-2z\" fill=\"currentColor\"><\/path><\/svg><svg style=\"fill: #999;color:#999\" class=\"arrow-unsorted-368013\" xmlns=\"http:\/\/www.w3.org\/2000\/svg\" width=\"10px\" height=\"10px\" viewbox=\"0 0 24 24\" version=\"1.2\" baseprofile=\"tiny\"><path d=\"M18.2 9.3l-6.2-6.3-6.2 6.3c-.2.2-.3.4-.3.7s.1.5.3.7c.2.2.4.3.7.3h11c.3 0 .5-.1.7-.3.2-.2.3-.5.3-.7s-.1-.5-.3-.7zM5.8 14.7l6.2 6.3 6.2-6.3c.2-.2.3-.5.3-.7s-.1-.5-.3-.7c-.2-.2-.4-.3-.7-.3h-11c-.3 0-.5.1-.7.3-.2.2-.3.5-.3.7s.1.5.3.7z\"\/><\/svg><\/span><\/span><\/span><\/a><\/span><\/div>\n<nav><ul class='ez-toc-list ez-toc-list-level-1' ><li class='ez-toc-page-1 ez-toc-heading-level-4'><a class=\"ez-toc-link ez-toc-heading-1\" href=\"https:\/\/honigbee.com\/en\/product\/multivitamin-kapseln-180\/#Produktvorteile\" >product advantages<\/a><\/li><li class='ez-toc-page-1 ez-toc-heading-level-4'><a class=\"ez-toc-link ez-toc-heading-2\" href=\"https:\/\/honigbee.com\/en\/product\/multivitamin-kapseln-180\/#Anwendung\" >Application<\/a><\/li><li class='ez-toc-page-1 ez-toc-heading-level-4'><a class=\"ez-toc-link ez-toc-heading-3\" href=\"https:\/\/honigbee.com\/en\/product\/multivitamin-kapseln-180\/#Eigenschaften_der_enthaltenen_Vitamine\" >Eigenschaften der enthaltenen Vitamine<\/a><\/li><li class='ez-toc-page-1 ez-toc-heading-level-4'><a class=\"ez-toc-link ez-toc-heading-4\" href=\"https:\/\/honigbee.com\/en\/product\/multivitamin-kapseln-180\/#Produktdetails\" >Product details<\/a><\/li><li class='ez-toc-page-1 ez-toc-heading-level-4'><a class=\"ez-toc-link ez-toc-heading-5\" href=\"https:\/\/honigbee.com\/en\/product\/multivitamin-kapseln-180\/#Lagerung\" >storage<\/a><\/li><li class='ez-toc-page-1 ez-toc-heading-level-4'><a class=\"ez-toc-link ez-toc-heading-6\" href=\"https:\/\/honigbee.com\/en\/product\/multivitamin-kapseln-180\/#Hinweis\" >Notice<\/a><\/li><li class='ez-toc-page-1 ez-toc-heading-level-4'><a class=\"ez-toc-link ez-toc-heading-7\" href=\"https:\/\/honigbee.com\/en\/product\/multivitamin-kapseln-180\/#Weitere_Inspiration_entdecken\" >Weitere Inspiration entdecken<\/a><\/li><\/ul><\/nav><\/div>\n<p data-start=\"591\" data-end=\"830\">The <strong data-start=\"595\" data-end=\"619\">Multivitamin capsules<\/strong> enthalten einen umfassenden Vitamin-Komplex mit verschiedenen Vitaminen von A bis Z. Die Kombination verschiedener Mikron\u00e4hrstoffe unterst\u00fctzt eine ausgewogene Ern\u00e4hrung und eignet sich zur t\u00e4glichen Erg\u00e4nzung.<\/p>\n<p data-start=\"832\" data-end=\"930\">Die Kapseln enthalten ausgew\u00e4hlte Vitaminformen und werden ohne unn\u00f6tige Zusatzstoffe hergestellt.<\/p>\n<hr data-start=\"932\" data-end=\"935\" \/>\n<h4 data-start=\"937\" data-end=\"957\"><span class=\"ez-toc-section\" id=\"Produktvorteile\"><\/span>product advantages<span class=\"ez-toc-section-end\"><\/span><\/h4>\n<p data-start=\"959\" data-end=\"1161\">\u2022 180 vegane Multivitamin Kapseln<br data-start=\"992\" data-end=\"995\" \/>\u2022 Vitamin-Komplex mit Vitaminen von A bis Z<br data-start=\"1038\" data-end=\"1041\" \/>\u2022 Hochdosierte Rezeptur<br data-start=\"1064\" data-end=\"1067\" \/>\u2022 Vegan und ohne unn\u00f6tige Zusatzstoffe<br data-start=\"1105\" data-end=\"1108\" \/>\u2022 F\u00fcr die t\u00e4gliche Erg\u00e4nzung der Ern\u00e4hrung geeignet<\/p>\n<hr data-start=\"1163\" data-end=\"1166\" \/>\n<h4 data-start=\"1168\" data-end=\"1182\"><span class=\"ez-toc-section\" id=\"Anwendung\"><\/span>Application<span class=\"ez-toc-section-end\"><\/span><\/h4>\n<p data-start=\"1184\" data-end=\"1290\">T\u00e4glich die empfohlene Menge der Kapseln mit ausreichend Wasser einnehmen, vorzugsweise zu einer Mahlzeit.<\/p>\n<hr data-start=\"1292\" data-end=\"1295\" \/>\n<h4 data-start=\"1297\" data-end=\"1340\"><span class=\"ez-toc-section\" id=\"Eigenschaften_der_enthaltenen_Vitamine\"><\/span>Eigenschaften der enthaltenen Vitamine<span class=\"ez-toc-section-end\"><\/span><\/h4>\n<p data-start=\"1342\" data-end=\"1410\">Vitamine tragen zu verschiedenen Funktionen im K\u00f6rper bei, darunter:<\/p>\n<p data-start=\"1412\" data-end=\"1577\">\u2022 normale Funktion des Immunsystems<br data-start=\"1447\" data-end=\"1450\" \/>\u2022 Verringerung von M\u00fcdigkeit und Ersch\u00f6pfung<br data-start=\"1494\" data-end=\"1497\" \/>\u2022 Erhalt normaler Haut und Sehkraft<br data-start=\"1532\" data-end=\"1535\" \/>\u2022 Unterst\u00fctzung des Energiestoffwechsels<\/p>\n<hr data-start=\"1579\" data-end=\"1582\" \/>\n<h4 data-start=\"1584\" data-end=\"1603\"><span class=\"ez-toc-section\" id=\"Produktdetails\"><\/span>Product details<span class=\"ez-toc-section-end\"><\/span><\/h4>\n<p data-start=\"1605\" data-end=\"1628\">Contents: <strong data-start=\"1613\" data-end=\"1628\">180 capsules<\/strong><\/p>\n<p data-start=\"1630\" data-end=\"1650\">Form: Vegan capsules<\/p>\n<p data-start=\"1652\" data-end=\"1702\">Vitamin-Komplex: verschiedene Vitamine von A bis Z<\/p>\n<p data-start=\"1704\" data-end=\"1741\">Vegan und ohne unn\u00f6tige Zusatzstoffe.<\/p>\n<hr data-start=\"1743\" data-end=\"1746\" \/>\n<h4 data-start=\"1748\" data-end=\"1761\"><span class=\"ez-toc-section\" id=\"Lagerung\"><\/span>storage<span class=\"ez-toc-section-end\"><\/span><\/h4>\n<p data-start=\"1763\" data-end=\"1855\">Store in a cool, dry place protected from light.<br data-start=\"1803\" data-end=\"1806\" \/>Au\u00dferhalb der Reichweite von Kindern aufbewahren.<\/p>\n<hr data-start=\"1857\" data-end=\"1860\" \/>\n<h4 data-start=\"1862\" data-end=\"1874\"><span class=\"ez-toc-section\" id=\"Hinweis\"><\/span>Notice<span class=\"ez-toc-section-end\"><\/span><\/h4>\n<p data-start=\"1876\" data-end=\"2028\">Nahrungserg\u00e4nzungsmittel sollten nicht als Ersatz f\u00fcr eine abwechslungsreiche und ausgewogene Ern\u00e4hrung sowie eine gesunde Lebensweise verwendet werden.<\/p>\n<hr data-start=\"1683\" data-end=\"1686\" \/>\n<h4 data-start=\"413\" data-end=\"449\"><span class=\"ez-toc-section\" id=\"Weitere_Inspiration_entdecken\"><\/span>Weitere Inspiration entdecken<span class=\"ez-toc-section-end\"><\/span><\/h4>\n<p data-start=\"450\" data-end=\"582\">Du suchst weitere besondere Produkte? Entdecke zus\u00e4tzliche Highlights in unserem Sortiment oder st\u00f6bere in unseren Partnerprojekten:<\/p>\n<ul data-start=\"584\" data-end=\"920\">\n<li data-start=\"584\" data-end=\"656\"><a href=\"https:\/\/honigbee.com\/en\/shop\/\">Weitere Naturprodukte bei Honigbee entdecken<\/a><\/li>\n<li data-start=\"657\" data-end=\"783\">\n<p data-start=\"659\" data-end=\"783\"><a href=\"https:\/\/matvana.com\/shop\/\" target=\"_blank\" rel=\"noopener\">Stilvolle Wohnideen bei Matvana ansehen<\/a><\/p>\n<\/li>\n<li data-start=\"784\" data-end=\"920\">\n<p data-start=\"786\" data-end=\"920\"><a href=\"https:\/\/saphirsmaragd.com\/shop\/\" target=\"_blank\" rel=\"noopener\">Edelsteine &amp; Schmuck bei Saphir &amp; Smaragd ansehen<\/a><\/p>\n<\/li>\n<\/ul>\n<hr data-start=\"1931\" data-end=\"1934\" \/>\n<p>Produktbilder dienen der Veranschaulichung. Verpackungsdesign kann abweichen.<\/p>","protected":false},"excerpt":{"rendered":"<p data-start=\"338\" data-end=\"482\"><em>Multivitamin Kapseln mit Vitamin-Komplex von A\u2013Z. 180 vegane Kapseln hochdosiert, ohne Zusatzstoffe \u2013 ideal zur t\u00e4glichen Vitaminversorgung.<\/em><\/p>\n<p data-start=\"487\" data-end=\"523\">","protected":false},"featured_media":43579,"comment_status":"open","ping_status":"closed","template":"","meta":{"_glsr_average":0,"_glsr_ranking":0,"_glsr_reviews":0},"product_brand":[],"product_cat":[405],"product_tag":[],"class_list":{"0":"post-25203","1":"product","2":"type-product","3":"status-publish","4":"has-post-thumbnail","6":"product_cat-multivitamine","8":"first","9":"instock","10":"shipping-taxable","11":"purchasable","12":"product-type-simple","13":"add-to-wishlist-before_image"},"jetpack_sharing_enabled":true,"_links":{"self":[{"href":"https:\/\/honigbee.com\/en\/wp-json\/wp\/v2\/product\/25203","targetHints":{"allow":["GET"]}}],"collection":[{"href":"https:\/\/honigbee.com\/en\/wp-json\/wp\/v2\/product"}],"about":[{"href":"https:\/\/honigbee.com\/en\/wp-json\/wp\/v2\/types\/product"}],"replies":[{"embeddable":true,"href":"https:\/\/honigbee.com\/en\/wp-json\/wp\/v2\/comments?post=25203"}],"version-history":[{"count":3,"href":"https:\/\/honigbee.com\/en\/wp-json\/wp\/v2\/product\/25203\/revisions"}],"predecessor-version":[{"id":43580,"href":"https:\/\/honigbee.com\/en\/wp-json\/wp\/v2\/product\/25203\/revisions\/43580"}],"wp:featuredmedia":[{"embeddable":true,"href":"https:\/\/honigbee.com\/en\/wp-json\/wp\/v2\/media\/43579"}],"wp:attachment":[{"href":"https:\/\/honigbee.com\/en\/wp-json\/wp\/v2\/media?parent=25203"}],"wp:term":[{"taxonomy":"product_brand","embeddable":true,"href":"https:\/\/honigbee.com\/en\/wp-json\/wp\/v2\/product_brand?post=25203"},{"taxonomy":"product_cat","embeddable":true,"href":"https:\/\/honigbee.com\/en\/wp-json\/wp\/v2\/product_cat?post=25203"},{"taxonomy":"product_tag","embeddable":true,"href":"https:\/\/honigbee.com\/en\/wp-json\/wp\/v2\/product_tag?post=25203"}],"curies":[{"name":"wp","href":"https:\/\/api.w.org\/{rel}","templated":true}]}}