{"id":9384,"date":"2024-10-19T15:38:21","date_gmt":"2024-10-19T15:38:21","guid":{"rendered":"https:\/\/honigbee.com\/?post_type=product&#038;p=9384"},"modified":"2026-03-11T21:32:13","modified_gmt":"2026-03-11T21:32:13","slug":"600-g-ballaststoff-mix-pulver","status":"publish","type":"product","link":"https:\/\/honigbee.com\/en\/product\/600-g-ballaststoff-mix-pulver\/","title":{"rendered":"600\u202fg Ballaststoff Mix Pulver \u2013 Pflanzlicher Ballaststoffkomplex"},"content":{"rendered":"<div id=\"ez-toc-container\" class=\"ez-toc-v2_0_82_2 counter-hierarchy ez-toc-counter ez-toc-grey ez-toc-container-direction\">\n<div class=\"ez-toc-title-container\">\n<p class=\"ez-toc-title\" style=\"cursor:inherit\">Table of Contents<\/p>\n<span class=\"ez-toc-title-toggle\"><a href=\"#\" class=\"ez-toc-pull-right ez-toc-btn ez-toc-btn-xs ez-toc-btn-default ez-toc-toggle\" aria-label=\"Toggle Table of Content\"><span class=\"ez-toc-js-icon-con\"><span class=\"\"><span class=\"eztoc-hide\" style=\"display:none;\">Toggle<\/span><span class=\"ez-toc-icon-toggle-span\"><svg style=\"fill: #999;color:#999\" xmlns=\"http:\/\/www.w3.org\/2000\/svg\" class=\"list-377408\" width=\"20px\" height=\"20px\" viewbox=\"0 0 24 24\" fill=\"none\"><path d=\"M6 6H4v2h2V6zm14 0H8v2h12V6zM4 11h2v2H4v-2zm16 0H8v2h12v-2zM4 16h2v2H4v-2zm16 0H8v2h12v-2z\" fill=\"currentColor\"><\/path><\/svg><svg style=\"fill: #999;color:#999\" class=\"arrow-unsorted-368013\" xmlns=\"http:\/\/www.w3.org\/2000\/svg\" width=\"10px\" height=\"10px\" viewbox=\"0 0 24 24\" version=\"1.2\" baseprofile=\"tiny\"><path d=\"M18.2 9.3l-6.2-6.3-6.2 6.3c-.2.2-.3.4-.3.7s.1.5.3.7c.2.2.4.3.7.3h11c.3 0 .5-.1.7-.3.2-.2.3-.5.3-.7s-.1-.5-.3-.7zM5.8 14.7l6.2 6.3 6.2-6.3c.2-.2.3-.5.3-.7s-.1-.5-.3-.7c-.2-.2-.4-.3-.7-.3h-11c-.3 0-.5.1-.7.3-.2.2-.3.5-.3.7s.1.5.3.7z\"\/><\/svg><\/span><\/span><\/span><\/a><\/span><\/div>\n<nav><ul class='ez-toc-list ez-toc-list-level-1' ><li class='ez-toc-page-1 ez-toc-heading-level-4'><a class=\"ez-toc-link ez-toc-heading-1\" href=\"https:\/\/honigbee.com\/en\/product\/600-g-ballaststoff-mix-pulver\/#Produktvorteile\" >product advantages<\/a><\/li><li class='ez-toc-page-1 ez-toc-heading-level-4'><a class=\"ez-toc-link ez-toc-heading-2\" href=\"https:\/\/honigbee.com\/en\/product\/600-g-ballaststoff-mix-pulver\/#Enthaltene_Ballaststoffquellen\" >Enthaltene Ballaststoffquellen<\/a><\/li><li class='ez-toc-page-1 ez-toc-heading-level-4'><a class=\"ez-toc-link ez-toc-heading-3\" href=\"https:\/\/honigbee.com\/en\/product\/600-g-ballaststoff-mix-pulver\/#Anwendung\" >Application<\/a><\/li><li class='ez-toc-page-1 ez-toc-heading-level-4'><a class=\"ez-toc-link ez-toc-heading-4\" href=\"https:\/\/honigbee.com\/en\/product\/600-g-ballaststoff-mix-pulver\/#Produktdetails\" >Product details<\/a><\/li><li class='ez-toc-page-1 ez-toc-heading-level-4'><a class=\"ez-toc-link ez-toc-heading-5\" href=\"https:\/\/honigbee.com\/en\/product\/600-g-ballaststoff-mix-pulver\/#Lagerung\" >storage<\/a><\/li><li class='ez-toc-page-1 ez-toc-heading-level-4'><a class=\"ez-toc-link ez-toc-heading-6\" href=\"https:\/\/honigbee.com\/en\/product\/600-g-ballaststoff-mix-pulver\/#Hinweis\" >Notice<\/a><\/li><li class='ez-toc-page-1 ez-toc-heading-level-4'><a class=\"ez-toc-link ez-toc-heading-7\" href=\"https:\/\/honigbee.com\/en\/product\/600-g-ballaststoff-mix-pulver\/#Weitere_Inspiration_entdecken\" >Weitere Inspiration entdecken<\/a><\/li><\/ul><\/nav><\/div>\n<p data-start=\"573\" data-end=\"789\">The <strong data-start=\"577\" data-end=\"597\">Fiber Mix<\/strong> ist ein Pulver aus verschiedenen pflanzlichen Zutaten mit nat\u00fcrlichem Ballaststoffgehalt. Die Mischung enth\u00e4lt unter anderem Inulin aus Chicor\u00e9e, Akazienfaser, Flohsamenschalen und Leinsamen.<\/p>\n<p data-start=\"791\" data-end=\"912\">Das Pulver eignet sich zur Erg\u00e4nzung der t\u00e4glichen Ern\u00e4hrung und kann einfach in Getr\u00e4nke oder Speisen einger\u00fchrt werden.<\/p>\n<hr data-start=\"914\" data-end=\"917\" \/>\n<h4 data-start=\"919\" data-end=\"939\"><span class=\"ez-toc-section\" id=\"Produktvorteile\"><\/span>product advantages<span class=\"ez-toc-section-end\"><\/span><\/h4>\n<p data-start=\"941\" data-end=\"1167\">\u2022 600 g Ballaststoff Mix Pulver<br data-start=\"972\" data-end=\"975\" \/>\u2022 Kombination aus mehreren pflanzlichen Ballaststoffquellen<br data-start=\"1034\" data-end=\"1037\" \/>\u2022 Enth\u00e4lt Inulin, Akazienfaser, Flohsamenschalen und Leinsamen<br data-start=\"1099\" data-end=\"1102\" \/>\u2022 Vegan, glutenfrei und laktosefrei<br data-start=\"1137\" data-end=\"1140\" \/>\u2022 Ohne zugesetzten Zucker<\/p>\n<hr data-start=\"1169\" data-end=\"1172\" \/>\n<h4 data-start=\"1174\" data-end=\"1209\"><span class=\"ez-toc-section\" id=\"Enthaltene_Ballaststoffquellen\"><\/span>Enthaltene Ballaststoffquellen<span class=\"ez-toc-section-end\"><\/span><\/h4>\n<p data-start=\"1211\" data-end=\"1275\">Die Mischung enth\u00e4lt verschiedene pflanzliche Zutaten, darunter:<\/p>\n<p data-start=\"1277\" data-end=\"1371\">Inulin aus Chicor\u00e9e<br data-start=\"1296\" data-end=\"1299\" \/>Acacia fiber<br data-start=\"1311\" data-end=\"1314\" \/>psyllium husks<br data-start=\"1330\" data-end=\"1333\" \/>linseed<br data-start=\"1342\" data-end=\"1345\" \/>Apple fiber<br data-start=\"1355\" data-end=\"1358\" \/>Erbsenfaser<\/p>\n<p data-start=\"1373\" data-end=\"1428\">Diese Zutaten enthalten nat\u00fcrlicherweise Ballaststoffe.<\/p>\n<hr data-start=\"1430\" data-end=\"1433\" \/>\n<h4 data-start=\"1435\" data-end=\"1449\"><span class=\"ez-toc-section\" id=\"Anwendung\"><\/span>Application<span class=\"ez-toc-section-end\"><\/span><\/h4>\n<p data-start=\"1451\" data-end=\"1569\">Recommended intake:<br data-start=\"1469\" data-end=\"1472\" \/>Daily <strong data-start=\"1480\" data-end=\"1498\">10\u201320 g Pulver<\/strong> (ca. 1\u20132 Essl\u00f6ffel) in Wasser, Saft, Joghurt oder Smoothies einr\u00fchren.<\/p>\n<p data-start=\"1571\" data-end=\"1656\">W\u00e4hrend der Einnahme sollte auf eine ausreichende Fl\u00fcssigkeitszufuhr geachtet werden.<\/p>\n<hr data-start=\"1658\" data-end=\"1661\" \/>\n<h4 data-start=\"1663\" data-end=\"1682\"><span class=\"ez-toc-section\" id=\"Produktdetails\"><\/span>Product details<span class=\"ez-toc-section-end\"><\/span><\/h4>\n<p data-start=\"1684\" data-end=\"1701\">Contents: <strong data-start=\"1692\" data-end=\"1701\">600 g<\/strong><\/p>\n<p data-start=\"1703\" data-end=\"1717\">Form: Powder<\/p>\n<p data-start=\"1719\" data-end=\"1850\">Ballaststoffquellen:<br data-start=\"1739\" data-end=\"1742\" \/>Inulin, Akazienfaser, Flohsamenschalen, Leinsamen, Apfelfaser, Erbsenfaser und weitere pflanzliche Zutaten<\/p>\n<p data-start=\"1852\" data-end=\"1928\">Characteristics:<br data-start=\"1866\" data-end=\"1869\" \/>Vegan, glutenfrei, laktosefrei und ohne zugesetzten Zucker.<\/p>\n<hr data-start=\"1930\" data-end=\"1933\" \/>\n<h4 data-start=\"1935\" data-end=\"1948\"><span class=\"ez-toc-section\" id=\"Lagerung\"><\/span>storage<span class=\"ez-toc-section-end\"><\/span><\/h4>\n<p data-start=\"1950\" data-end=\"2026\">Store in a cool, dry place protected from light.<br data-start=\"1990\" data-end=\"1993\" \/>Nach dem \u00d6ffnen gut verschlie\u00dfen.<\/p>\n<hr data-start=\"2028\" data-end=\"2031\" \/>\n<h4 data-start=\"2033\" data-end=\"2045\"><span class=\"ez-toc-section\" id=\"Hinweis\"><\/span>Notice<span class=\"ez-toc-section-end\"><\/span><\/h4>\n<p data-start=\"2047\" data-end=\"2199\" data-is-last-node=\"\" data-is-only-node=\"\">Nahrungserg\u00e4nzungsmittel sollten nicht als Ersatz f\u00fcr eine abwechslungsreiche und ausgewogene Ern\u00e4hrung sowie eine gesunde Lebensweise verwendet werden.<\/p>\n<hr data-start=\"2028\" data-end=\"2031\" \/>\n<h4 data-start=\"413\" data-end=\"449\"><span class=\"ez-toc-section\" id=\"Weitere_Inspiration_entdecken\"><\/span>Weitere Inspiration entdecken<span class=\"ez-toc-section-end\"><\/span><\/h4>\n<p data-start=\"450\" data-end=\"582\">Du suchst weitere besondere Produkte? Entdecke zus\u00e4tzliche Highlights in unserem Sortiment oder st\u00f6bere in unseren Partnerprojekten:<\/p>\n<ul data-start=\"584\" data-end=\"920\">\n<li data-start=\"584\" data-end=\"656\"><a href=\"https:\/\/honigbee.com\/en\/shop\/\">Weitere Naturprodukte bei Honigbee entdecken<\/a><\/li>\n<li data-start=\"657\" data-end=\"783\">\n<p data-start=\"659\" data-end=\"783\"><a href=\"https:\/\/matvana.com\/shop\/\" target=\"_blank\" rel=\"noopener\">Stilvolle Wohnideen bei Matvana ansehen<\/a><\/p>\n<\/li>\n<li data-start=\"784\" data-end=\"920\">\n<p data-start=\"786\" data-end=\"920\"><a href=\"https:\/\/saphirsmaragd.com\/shop\/\" target=\"_blank\" rel=\"noopener\">Edelsteine &amp; Schmuck bei Saphir &amp; Smaragd ansehen<\/a><\/p>\n<\/li>\n<\/ul>\n<hr data-start=\"1931\" data-end=\"1934\" \/>\n<p>Produktbilder dienen der Veranschaulichung. Verpackungsdesign kann abweichen.<\/p>","protected":false},"excerpt":{"rendered":"<p data-start=\"295\" data-end=\"446\"><em>Ballaststoff Mix Pulver mit Inulin, Akazienfaser und weiteren pflanzlichen Ballaststoffquellen. 600 g Pulver zur Erg\u00e4nzung der t\u00e4glichen Ern\u00e4hrung.<\/em><\/p>","protected":false},"featured_media":43663,"comment_status":"open","ping_status":"closed","template":"","meta":{"_glsr_average":0,"_glsr_ranking":0,"_glsr_reviews":0},"product_brand":[],"product_cat":[378],"product_tag":[],"class_list":{"0":"post-9384","1":"product","2":"type-product","3":"status-publish","4":"has-post-thumbnail","6":"product_cat-inulin","8":"first","9":"instock","10":"shipping-taxable","11":"purchasable","12":"product-type-simple","13":"add-to-wishlist-before_image"},"jetpack_sharing_enabled":true,"_links":{"self":[{"href":"https:\/\/honigbee.com\/en\/wp-json\/wp\/v2\/product\/9384","targetHints":{"allow":["GET"]}}],"collection":[{"href":"https:\/\/honigbee.com\/en\/wp-json\/wp\/v2\/product"}],"about":[{"href":"https:\/\/honigbee.com\/en\/wp-json\/wp\/v2\/types\/product"}],"replies":[{"embeddable":true,"href":"https:\/\/honigbee.com\/en\/wp-json\/wp\/v2\/comments?post=9384"}],"version-history":[{"count":3,"href":"https:\/\/honigbee.com\/en\/wp-json\/wp\/v2\/product\/9384\/revisions"}],"predecessor-version":[{"id":43665,"href":"https:\/\/honigbee.com\/en\/wp-json\/wp\/v2\/product\/9384\/revisions\/43665"}],"wp:featuredmedia":[{"embeddable":true,"href":"https:\/\/honigbee.com\/en\/wp-json\/wp\/v2\/media\/43663"}],"wp:attachment":[{"href":"https:\/\/honigbee.com\/en\/wp-json\/wp\/v2\/media?parent=9384"}],"wp:term":[{"taxonomy":"product_brand","embeddable":true,"href":"https:\/\/honigbee.com\/en\/wp-json\/wp\/v2\/product_brand?post=9384"},{"taxonomy":"product_cat","embeddable":true,"href":"https:\/\/honigbee.com\/en\/wp-json\/wp\/v2\/product_cat?post=9384"},{"taxonomy":"product_tag","embeddable":true,"href":"https:\/\/honigbee.com\/en\/wp-json\/wp\/v2\/product_tag?post=9384"}],"curies":[{"name":"wp","href":"https:\/\/api.w.org\/{rel}","templated":true}]}}