{"id":9895,"date":"2024-10-21T11:13:20","date_gmt":"2024-10-21T11:13:20","guid":{"rendered":"https:\/\/honigbee.com\/?post_type=product&#038;p=9895"},"modified":"2026-03-11T21:04:51","modified_gmt":"2026-03-11T21:04:51","slug":"180-eisen-kapseln-20-mg","status":"publish","type":"product","link":"https:\/\/honigbee.com\/en\/product\/180-eisen-kapseln-20-mg\/","title":{"rendered":"180 Eisen Kapseln 20 mg Vegane Eisenbisglycinat Kapseln mit Vitamin C"},"content":{"rendered":"<div id=\"ez-toc-container\" class=\"ez-toc-v2_0_82_2 counter-hierarchy ez-toc-counter ez-toc-grey ez-toc-container-direction\">\n<div class=\"ez-toc-title-container\">\n<p class=\"ez-toc-title\" style=\"cursor:inherit\">Table of Contents<\/p>\n<span class=\"ez-toc-title-toggle\"><a href=\"#\" class=\"ez-toc-pull-right ez-toc-btn ez-toc-btn-xs ez-toc-btn-default ez-toc-toggle\" aria-label=\"Toggle Table of Content\"><span class=\"ez-toc-js-icon-con\"><span class=\"\"><span class=\"eztoc-hide\" style=\"display:none;\">Toggle<\/span><span class=\"ez-toc-icon-toggle-span\"><svg style=\"fill: #999;color:#999\" xmlns=\"http:\/\/www.w3.org\/2000\/svg\" class=\"list-377408\" width=\"20px\" height=\"20px\" viewbox=\"0 0 24 24\" fill=\"none\"><path d=\"M6 6H4v2h2V6zm14 0H8v2h12V6zM4 11h2v2H4v-2zm16 0H8v2h12v-2zM4 16h2v2H4v-2zm16 0H8v2h12v-2z\" fill=\"currentColor\"><\/path><\/svg><svg style=\"fill: #999;color:#999\" class=\"arrow-unsorted-368013\" xmlns=\"http:\/\/www.w3.org\/2000\/svg\" width=\"10px\" height=\"10px\" viewbox=\"0 0 24 24\" version=\"1.2\" baseprofile=\"tiny\"><path d=\"M18.2 9.3l-6.2-6.3-6.2 6.3c-.2.2-.3.4-.3.7s.1.5.3.7c.2.2.4.3.7.3h11c.3 0 .5-.1.7-.3.2-.2.3-.5.3-.7s-.1-.5-.3-.7zM5.8 14.7l6.2 6.3 6.2-6.3c.2-.2.3-.5.3-.7s-.1-.5-.3-.7c-.2-.2-.4-.3-.7-.3h-11c-.3 0-.5.1-.7.3-.2.2-.3.5-.3.7s.1.5.3.7z\"\/><\/svg><\/span><\/span><\/span><\/a><\/span><\/div>\n<nav><ul class='ez-toc-list ez-toc-list-level-1' ><li class='ez-toc-page-1 ez-toc-heading-level-4'><a class=\"ez-toc-link ez-toc-heading-1\" href=\"https:\/\/honigbee.com\/en\/product\/180-eisen-kapseln-20-mg\/#Produktvorteile\" >product advantages<\/a><\/li><li class='ez-toc-page-1 ez-toc-heading-level-4'><a class=\"ez-toc-link ez-toc-heading-2\" href=\"https:\/\/honigbee.com\/en\/product\/180-eisen-kapseln-20-mg\/#Eigenschaften_der_enthaltenen_Nahrstoffe\" >Eigenschaften der enthaltenen N\u00e4hrstoffe<\/a><\/li><li class='ez-toc-page-1 ez-toc-heading-level-4'><a class=\"ez-toc-link ez-toc-heading-3\" href=\"https:\/\/honigbee.com\/en\/product\/180-eisen-kapseln-20-mg\/#Anwendung\" >Application<\/a><\/li><li class='ez-toc-page-1 ez-toc-heading-level-4'><a class=\"ez-toc-link ez-toc-heading-4\" href=\"https:\/\/honigbee.com\/en\/product\/180-eisen-kapseln-20-mg\/#Produktdetails\" >Product details<\/a><\/li><li class='ez-toc-page-1 ez-toc-heading-level-4'><a class=\"ez-toc-link ez-toc-heading-5\" href=\"https:\/\/honigbee.com\/en\/product\/180-eisen-kapseln-20-mg\/#Lagerung\" >storage<\/a><\/li><li class='ez-toc-page-1 ez-toc-heading-level-4'><a class=\"ez-toc-link ez-toc-heading-6\" href=\"https:\/\/honigbee.com\/en\/product\/180-eisen-kapseln-20-mg\/#Hinweis\" >Notice<\/a><\/li><li class='ez-toc-page-1 ez-toc-heading-level-4'><a class=\"ez-toc-link ez-toc-heading-7\" href=\"https:\/\/honigbee.com\/en\/product\/180-eisen-kapseln-20-mg\/#Weitere_Inspiration_entdecken\" >Weitere Inspiration entdecken<\/a><\/li><\/ul><\/nav><\/div>\n<p data-start=\"595\" data-end=\"799\">The <strong data-start=\"599\" data-end=\"616\">Eisen Kapseln<\/strong> enthalten 20 mg Eisen pro Kapsel in Form von Eisenbisglycinat. Diese Form wird h\u00e4ufig in Nahrungserg\u00e4nzungsmitteln verwendet und ist mit nat\u00fcrlichem Vitamin C aus Acerola kombiniert.<\/p>\n<p data-start=\"801\" data-end=\"898\">Die magensaftresistente Kapselh\u00fclle sorgt daf\u00fcr, dass sich die Kapseln erst im D\u00fcnndarm aufl\u00f6sen.<\/p>\n<hr data-start=\"900\" data-end=\"903\" \/>\n<h4 data-start=\"905\" data-end=\"925\"><span class=\"ez-toc-section\" id=\"Produktvorteile\"><\/span>product advantages<span class=\"ez-toc-section-end\"><\/span><\/h4>\n<p data-start=\"927\" data-end=\"1115\">\u2022 180 Eisen Kapseln<br data-start=\"946\" data-end=\"949\" \/>\u2022 20 mg Eisen pro Kapsel als Eisenbisglycinat<br data-start=\"994\" data-end=\"997\" \/>\u2022 Mit nat\u00fcrlichem Vitamin C aus Acerola<br data-start=\"1036\" data-end=\"1039\" \/>\u2022 Magensaftresistente, vegane Kapseln<br data-start=\"1076\" data-end=\"1079\" \/>\u2022 Frei von unn\u00f6tigen Zusatzstoffen<\/p>\n<hr data-start=\"1117\" data-end=\"1120\" \/>\n<h4 data-start=\"1122\" data-end=\"1167\"><span class=\"ez-toc-section\" id=\"Eigenschaften_der_enthaltenen_Nahrstoffe\"><\/span>Eigenschaften der enthaltenen N\u00e4hrstoffe<span class=\"ez-toc-section-end\"><\/span><\/h4>\n<p data-start=\"1169\" data-end=\"1232\">Eisen und Vitamin C erf\u00fcllen verschiedene Funktionen im K\u00f6rper.<\/p>\n<p data-start=\"1234\" data-end=\"1485\">\u2022 Eisen tr\u00e4gt zur normalen Bildung von roten Blutk\u00f6rperchen und H\u00e4moglobin bei<br data-start=\"1312\" data-end=\"1315\" \/>\u2022 Eisen tr\u00e4gt zu einem normalen Sauerstofftransport im K\u00f6rper bei<br data-start=\"1380\" data-end=\"1383\" \/>\u2022 Eisen tr\u00e4gt zur Verringerung von M\u00fcdigkeit und Erm\u00fcdung bei<br data-start=\"1444\" data-end=\"1447\" \/>\u2022 Vitamin C erh\u00f6ht die Eisenaufnahme<\/p>\n<hr data-start=\"1487\" data-end=\"1490\" \/>\n<h4 data-start=\"1492\" data-end=\"1506\"><span class=\"ez-toc-section\" id=\"Anwendung\"><\/span>Application<span class=\"ez-toc-section-end\"><\/span><\/h4>\n<p data-start=\"1508\" data-end=\"1615\">Recommended intake:<br data-start=\"1526\" data-end=\"1529\" \/><strong data-start=\"1529\" data-end=\"1549\">1 Kapsel t\u00e4glich<\/strong> mit ausreichend Wasser einnehmen, vorzugsweise zu einer Mahlzeit.<\/p>\n<p data-start=\"1617\" data-end=\"1688\">Die empfohlene t\u00e4gliche Verzehrmenge sollte nicht \u00fcberschritten werden.<\/p>\n<hr data-start=\"1690\" data-end=\"1693\" \/>\n<h4 data-start=\"1695\" data-end=\"1714\"><span class=\"ez-toc-section\" id=\"Produktdetails\"><\/span>Product details<span class=\"ez-toc-section-end\"><\/span><\/h4>\n<p data-start=\"1716\" data-end=\"1739\">Contents: <strong data-start=\"1724\" data-end=\"1739\">180 capsules<\/strong><\/p>\n<p data-start=\"1741\" data-end=\"1784\">Form: Magensaftresistente, vegane Kapseln<\/p>\n<p data-start=\"1786\" data-end=\"1873\">Wirkstoffe pro Kapsel:<br data-start=\"1808\" data-end=\"1811\" \/>20 mg Eisen (Eisenbisglycinat)<br data-start=\"1841\" data-end=\"1844\" \/>42 mg Vitamin C aus Acerola<\/p>\n<p data-start=\"1875\" data-end=\"1941\">Characteristics:<br data-start=\"1889\" data-end=\"1892\" \/>Vegan, glutenfrei und ohne unn\u00f6tige Zusatzstoffe.<\/p>\n<hr data-start=\"1943\" data-end=\"1946\" \/>\n<h4 data-start=\"1948\" data-end=\"1961\"><span class=\"ez-toc-section\" id=\"Lagerung\"><\/span>storage<span class=\"ez-toc-section-end\"><\/span><\/h4>\n<p data-start=\"1963\" data-end=\"2055\">Store in a dry, cool place away from light.<br data-start=\"2003\" data-end=\"2006\" \/>Au\u00dferhalb der Reichweite von Kindern aufbewahren.<\/p>\n<hr data-start=\"2057\" data-end=\"2060\" \/>\n<h4 data-start=\"2062\" data-end=\"2074\"><span class=\"ez-toc-section\" id=\"Hinweis\"><\/span>Notice<span class=\"ez-toc-section-end\"><\/span><\/h4>\n<p data-start=\"2076\" data-end=\"2228\">Nahrungserg\u00e4nzungsmittel sollten nicht als Ersatz f\u00fcr eine abwechslungsreiche und ausgewogene Ern\u00e4hrung sowie eine gesunde Lebensweise verwendet werden.<\/p>\n<hr data-start=\"2237\" data-end=\"2240\" \/>\n<h4 data-start=\"413\" data-end=\"449\"><span class=\"ez-toc-section\" id=\"Weitere_Inspiration_entdecken\"><\/span>Weitere Inspiration entdecken<span class=\"ez-toc-section-end\"><\/span><\/h4>\n<p data-start=\"450\" data-end=\"582\">Du suchst weitere besondere Produkte? Entdecke zus\u00e4tzliche Highlights in unserem Sortiment oder st\u00f6bere in unseren Partnerprojekten:<\/p>\n<ul data-start=\"584\" data-end=\"920\">\n<li data-start=\"584\" data-end=\"656\"><a href=\"https:\/\/honigbee.com\/en\/shop\/\">Weitere Naturprodukte bei Honigbee entdecken<\/a><\/li>\n<li data-start=\"657\" data-end=\"783\">\n<p data-start=\"659\" data-end=\"783\"><a href=\"https:\/\/matvana.com\/shop\/\" target=\"_blank\" rel=\"noopener\">Stilvolle Wohnideen bei Matvana ansehen<\/a><\/p>\n<\/li>\n<li data-start=\"784\" data-end=\"920\">\n<p data-start=\"786\" data-end=\"920\"><a href=\"https:\/\/saphirsmaragd.com\/shop\/\" target=\"_blank\" rel=\"noopener\">Edelsteine &amp; Schmuck bei Saphir &amp; Smaragd ansehen<\/a><\/p>\n<\/li>\n<\/ul>\n<hr data-start=\"1931\" data-end=\"1934\" \/>\n<p>Produktbilder dienen der Veranschaulichung. Verpackungsdesign kann abweichen.<\/p>","protected":false},"excerpt":{"rendered":"<p data-start=\"311\" data-end=\"473\"><em>Eisen Kapseln mit 20 mg Eisenbisglycinat und nat\u00fcrlichem Vitamin C aus Acerola. 180 vegane, magensaftresistente Kapseln zur Erg\u00e4nzung der t\u00e4glichen Ern\u00e4hrung.<\/em><\/p>","protected":false},"featured_media":43647,"comment_status":"open","ping_status":"closed","template":"","meta":{"_glsr_average":0,"_glsr_ranking":0,"_glsr_reviews":0},"product_brand":[],"product_cat":[1001,973],"product_tag":[],"class_list":{"0":"post-9895","1":"product","2":"type-product","3":"status-publish","4":"has-post-thumbnail","6":"product_cat-eisen","7":"product_cat-vitamin-c","9":"first","10":"instock","11":"shipping-taxable","12":"purchasable","13":"product-type-simple","14":"add-to-wishlist-before_image"},"jetpack_sharing_enabled":true,"_links":{"self":[{"href":"https:\/\/honigbee.com\/en\/wp-json\/wp\/v2\/product\/9895","targetHints":{"allow":["GET"]}}],"collection":[{"href":"https:\/\/honigbee.com\/en\/wp-json\/wp\/v2\/product"}],"about":[{"href":"https:\/\/honigbee.com\/en\/wp-json\/wp\/v2\/types\/product"}],"replies":[{"embeddable":true,"href":"https:\/\/honigbee.com\/en\/wp-json\/wp\/v2\/comments?post=9895"}],"version-history":[{"count":3,"href":"https:\/\/honigbee.com\/en\/wp-json\/wp\/v2\/product\/9895\/revisions"}],"predecessor-version":[{"id":43648,"href":"https:\/\/honigbee.com\/en\/wp-json\/wp\/v2\/product\/9895\/revisions\/43648"}],"wp:featuredmedia":[{"embeddable":true,"href":"https:\/\/honigbee.com\/en\/wp-json\/wp\/v2\/media\/43647"}],"wp:attachment":[{"href":"https:\/\/honigbee.com\/en\/wp-json\/wp\/v2\/media?parent=9895"}],"wp:term":[{"taxonomy":"product_brand","embeddable":true,"href":"https:\/\/honigbee.com\/en\/wp-json\/wp\/v2\/product_brand?post=9895"},{"taxonomy":"product_cat","embeddable":true,"href":"https:\/\/honigbee.com\/en\/wp-json\/wp\/v2\/product_cat?post=9895"},{"taxonomy":"product_tag","embeddable":true,"href":"https:\/\/honigbee.com\/en\/wp-json\/wp\/v2\/product_tag?post=9895"}],"curies":[{"name":"wp","href":"https:\/\/api.w.org\/{rel}","templated":true}]}}