{"id":9896,"date":"2024-10-21T11:13:20","date_gmt":"2024-10-21T11:13:20","guid":{"rendered":"https:\/\/honigbee.com\/?post_type=product&#038;p=9896"},"modified":"2026-03-11T21:10:06","modified_gmt":"2026-03-11T21:10:06","slug":"180-multivitamin-kapseln-a-z","status":"publish","type":"product","link":"https:\/\/honigbee.com\/en\/product\/180-multivitamin-kapseln-a-z\/","title":{"rendered":"180 Multivitamin Kapseln A\u2013Z Vegane Kapseln mit Vitaminen &#038; Mineralstoffen"},"content":{"rendered":"<div id=\"ez-toc-container\" class=\"ez-toc-v2_0_82_2 counter-hierarchy ez-toc-counter ez-toc-grey ez-toc-container-direction\">\n<div class=\"ez-toc-title-container\">\n<p class=\"ez-toc-title\" style=\"cursor:inherit\">Table of Contents<\/p>\n<span class=\"ez-toc-title-toggle\"><a href=\"#\" class=\"ez-toc-pull-right ez-toc-btn ez-toc-btn-xs ez-toc-btn-default ez-toc-toggle\" aria-label=\"Toggle Table of Content\"><span class=\"ez-toc-js-icon-con\"><span class=\"\"><span class=\"eztoc-hide\" style=\"display:none;\">Toggle<\/span><span class=\"ez-toc-icon-toggle-span\"><svg style=\"fill: #999;color:#999\" xmlns=\"http:\/\/www.w3.org\/2000\/svg\" class=\"list-377408\" width=\"20px\" height=\"20px\" viewBox=\"0 0 24 24\" fill=\"none\"><path d=\"M6 6H4v2h2V6zm14 0H8v2h12V6zM4 11h2v2H4v-2zm16 0H8v2h12v-2zM4 16h2v2H4v-2zm16 0H8v2h12v-2z\" fill=\"currentColor\"><\/path><\/svg><svg style=\"fill: #999;color:#999\" class=\"arrow-unsorted-368013\" xmlns=\"http:\/\/www.w3.org\/2000\/svg\" width=\"10px\" height=\"10px\" viewBox=\"0 0 24 24\" version=\"1.2\" baseProfile=\"tiny\"><path d=\"M18.2 9.3l-6.2-6.3-6.2 6.3c-.2.2-.3.4-.3.7s.1.5.3.7c.2.2.4.3.7.3h11c.3 0 .5-.1.7-.3.2-.2.3-.5.3-.7s-.1-.5-.3-.7zM5.8 14.7l6.2 6.3 6.2-6.3c.2-.2.3-.5.3-.7s-.1-.5-.3-.7c-.2-.2-.4-.3-.7-.3h-11c-.3 0-.5.1-.7.3-.2.2-.3.5-.3.7s.1.5.3.7z\"\/><\/svg><\/span><\/span><\/span><\/a><\/span><\/div>\n<nav><ul class='ez-toc-list ez-toc-list-level-1 ' ><li class='ez-toc-page-1 ez-toc-heading-level-4'><a class=\"ez-toc-link ez-toc-heading-1\" href=\"https:\/\/honigbee.com\/en\/product\/180-multivitamin-kapseln-a-z\/#Produktvorteile\" >Produktvorteile<\/a><\/li><li class='ez-toc-page-1 ez-toc-heading-level-4'><a class=\"ez-toc-link ez-toc-heading-2\" href=\"https:\/\/honigbee.com\/en\/product\/180-multivitamin-kapseln-a-z\/#Enthaltene_Nahrstoffe\" >Enthaltene N\u00e4hrstoffe<\/a><\/li><li class='ez-toc-page-1 ez-toc-heading-level-4'><a class=\"ez-toc-link ez-toc-heading-3\" href=\"https:\/\/honigbee.com\/en\/product\/180-multivitamin-kapseln-a-z\/#Beitrag_der_enthaltenen_Nahrstoffe\" >Beitrag der enthaltenen N\u00e4hrstoffe<\/a><\/li><li class='ez-toc-page-1 ez-toc-heading-level-4'><a class=\"ez-toc-link ez-toc-heading-4\" href=\"https:\/\/honigbee.com\/en\/product\/180-multivitamin-kapseln-a-z\/#Anwendung\" >Anwendung<\/a><\/li><li class='ez-toc-page-1 ez-toc-heading-level-4'><a class=\"ez-toc-link ez-toc-heading-5\" href=\"https:\/\/honigbee.com\/en\/product\/180-multivitamin-kapseln-a-z\/#Produktdetails\" >Produktdetails<\/a><\/li><li class='ez-toc-page-1 ez-toc-heading-level-4'><a class=\"ez-toc-link ez-toc-heading-6\" href=\"https:\/\/honigbee.com\/en\/product\/180-multivitamin-kapseln-a-z\/#Lagerung\" >Lagerung<\/a><\/li><li class='ez-toc-page-1 ez-toc-heading-level-4'><a class=\"ez-toc-link ez-toc-heading-7\" href=\"https:\/\/honigbee.com\/en\/product\/180-multivitamin-kapseln-a-z\/#Hinweis\" >Hinweis<\/a><\/li><li class='ez-toc-page-1 ez-toc-heading-level-4'><a class=\"ez-toc-link ez-toc-heading-8\" href=\"https:\/\/honigbee.com\/en\/product\/180-multivitamin-kapseln-a-z\/#Weitere_Inspiration_entdecken\" >Weitere Inspiration entdecken<\/a><\/li><\/ul><\/nav><\/div>\n<div class=\"flex flex-col text-sm pb-25\">\n<article class=\"text-token-text-primary w-full focus:outline-none [--shadow-height:45px] has-data-writing-block:pointer-events-none has-data-writing-block:-mt-(--shadow-height) has-data-writing-block:pt-(--shadow-height) [&amp;:has([data-writing-block])&gt;*]:pointer-events-auto scroll-mt-[calc(var(--header-height)+min(200px,max(70px,20svh)))]\" dir=\"auto\" tabindex=\"-1\" data-turn-id=\"request-69a0b53c-ae9c-832e-8aed-cd8f865135d5-2\" data-testid=\"conversation-turn-338\" data-scroll-anchor=\"true\" data-turn=\"assistant\">\n<div class=\"text-base my-auto mx-auto pb-10 [--thread-content-margin:var(--thread-content-margin-xs,calc(var(--spacing)*4))] @w-sm\/main:[--thread-content-margin:var(--thread-content-margin-sm,calc(var(--spacing)*6))] @w-lg\/main:[--thread-content-margin:var(--thread-content-margin-lg,calc(var(--spacing)*16))] px-(--thread-content-margin)\">\n<div class=\"[--thread-content-max-width:40rem] @w-lg\/main:[--thread-content-max-width:48rem] mx-auto max-w-(--thread-content-max-width) flex-1 group\/turn-messages focus-visible:outline-hidden relative flex w-full min-w-0 flex-col agent-turn\" tabindex=\"-1\">\n<div class=\"flex max-w-full flex-col gap-4 grow\">\n<div class=\"min-h-8 text-message relative flex w-full flex-col items-end gap-2 text-start break-words whitespace-normal [.text-message+&amp;]:mt-1\" dir=\"auto\" data-message-author-role=\"assistant\" data-message-id=\"a1304c3f-24f1-462d-8d09-fb1c37b82a59\" data-message-model-slug=\"gpt-5-3\">\n<div class=\"flex w-full flex-col gap-1 empty:hidden\">\n<div class=\"markdown prose dark:prose-invert w-full wrap-break-word light markdown-new-styling\">\n<p data-start=\"650\" data-end=\"885\">Die <strong data-start=\"654\" data-end=\"678\">Multivitamin Kapseln<\/strong> enthalten eine Kombination aus verschiedenen Vitaminen, Mineralstoffen und Spurenelementen. Die Rezeptur umfasst insgesamt <strong data-start=\"802\" data-end=\"824\">25 Mikron\u00e4hrstoffe<\/strong>, die zur Erg\u00e4nzung der t\u00e4glichen Ern\u00e4hrung beitragen k\u00f6nnen.<\/p>\n<p data-start=\"887\" data-end=\"974\">Die Kapseln sind vegan und enthalten ausgew\u00e4hlte Vitamin- und Mineralstoffverbindungen.<\/p>\n<hr data-start=\"976\" data-end=\"979\" \/>\n<h4 data-start=\"981\" data-end=\"1001\"><span class=\"ez-toc-section\" id=\"Produktvorteile\"><\/span>Produktvorteile<span class=\"ez-toc-section-end\"><\/span><\/h4>\n<p data-start=\"1003\" data-end=\"1216\">\u2022 180 Multivitamin Kapseln<br data-start=\"1029\" data-end=\"1032\" \/>\u2022 Kombination aus 25 Vitaminen und Mineralstoffen<br data-start=\"1081\" data-end=\"1084\" \/>\u2022 A\u2013Z Vitamin- und Mineralstoffkomplex<br data-start=\"1122\" data-end=\"1125\" \/>\u2022 Vegan und ohne unn\u00f6tige Zusatzstoffe<br data-start=\"1163\" data-end=\"1166\" \/>\u2022 Geeignet zur Erg\u00e4nzung der t\u00e4glichen Ern\u00e4hrung<\/p>\n<hr data-start=\"1218\" data-end=\"1221\" \/>\n<h4 data-start=\"1223\" data-end=\"1249\"><span class=\"ez-toc-section\" id=\"Enthaltene_Nahrstoffe\"><\/span>Enthaltene N\u00e4hrstoffe<span class=\"ez-toc-section-end\"><\/span><\/h4>\n<p data-start=\"1251\" data-end=\"1333\">Die Kapseln enthalten eine Kombination aus Vitaminen und Mineralstoffen, darunter:<\/p>\n<p data-start=\"1335\" data-end=\"1347\"><strong data-start=\"1335\" data-end=\"1347\">Vitamine<\/strong><\/p>\n<p data-start=\"1349\" data-end=\"1482\">Vitamin A, Vitamin C, Vitamin D, Vitamin E und Vitamin K<br data-start=\"1405\" data-end=\"1408\" \/>B-Vitamine: B1, B2, B3, B5, B6, Biotin (B7), Fols\u00e4ure (B9) und Vitamin B12<\/p>\n<p data-start=\"1484\" data-end=\"1520\"><strong data-start=\"1484\" data-end=\"1520\">Mineralstoffe und Spurenelemente<\/strong><\/p>\n<p data-start=\"1522\" data-end=\"1592\">Zink, Selen, Eisen, Jod, Magnesium, Calcium und weitere Spurenelemente<\/p>\n<hr data-start=\"1594\" data-end=\"1597\" \/>\n<h4 data-start=\"1599\" data-end=\"1638\"><span class=\"ez-toc-section\" id=\"Beitrag_der_enthaltenen_Nahrstoffe\"><\/span>Beitrag der enthaltenen N\u00e4hrstoffe<span class=\"ez-toc-section-end\"><\/span><\/h4>\n<p data-start=\"1640\" data-end=\"1976\">\u2022 Vitamin C und Vitamin D tragen zu einer normalen Funktion des Immunsystems bei<br data-start=\"1720\" data-end=\"1723\" \/>\u2022 Vitamin B-Vitamine tragen zu einem normalen Energiestoffwechsel bei<br data-start=\"1792\" data-end=\"1795\" \/>\u2022 Vitamin E tr\u00e4gt zum Schutz der Zellen vor oxidativem Stress bei<br data-start=\"1860\" data-end=\"1863\" \/>\u2022 Zink tr\u00e4gt zur Erhaltung normaler Haut, Haare und N\u00e4gel bei<br data-start=\"1924\" data-end=\"1927\" \/>\u2022 Calcium tr\u00e4gt zum Erhalt normaler Knochen bei<\/p>\n<hr data-start=\"1978\" data-end=\"1981\" \/>\n<h4 data-start=\"1983\" data-end=\"1997\"><span class=\"ez-toc-section\" id=\"Anwendung\"><\/span>Anwendung<span class=\"ez-toc-section-end\"><\/span><\/h4>\n<p data-start=\"1999\" data-end=\"2107\">Verzehrempfehlung:<br data-start=\"2017\" data-end=\"2020\" \/><strong data-start=\"2020\" data-end=\"2041\">2 Kapseln t\u00e4glich<\/strong> mit ausreichend Wasser einnehmen, vorzugsweise zu einer Mahlzeit.<\/p>\n<p data-start=\"2109\" data-end=\"2180\">Die empfohlene t\u00e4gliche Verzehrmenge sollte nicht \u00fcberschritten werden.<\/p>\n<hr data-start=\"2182\" data-end=\"2185\" \/>\n<h4 data-start=\"2187\" data-end=\"2206\"><span class=\"ez-toc-section\" id=\"Produktdetails\"><\/span>Produktdetails<span class=\"ez-toc-section-end\"><\/span><\/h4>\n<p data-start=\"2208\" data-end=\"2231\">Inhalt: <strong data-start=\"2216\" data-end=\"2231\">180 Kapseln<\/strong><\/p>\n<p data-start=\"2233\" data-end=\"2255\">Form: Vegane Kapseln<\/p>\n<p data-start=\"2257\" data-end=\"2422\">Mikron\u00e4hrstoffe:<br data-start=\"2273\" data-end=\"2276\" \/>Vitamin A, Vitamin C, Vitamin D, Vitamin E, Vitamin K,<br data-start=\"2330\" data-end=\"2333\" \/>Vitamin B-Komplex, Zink, Selen, Eisen, Calcium, Magnesium, Jod und weitere Spurenelemente<\/p>\n<p data-start=\"2424\" data-end=\"2490\">Eigenschaften:<br data-start=\"2438\" data-end=\"2441\" \/>Vegan, glutenfrei und ohne unn\u00f6tige Zusatzstoffe.<\/p>\n<hr data-start=\"2492\" data-end=\"2495\" \/>\n<h4 data-start=\"2497\" data-end=\"2510\"><span class=\"ez-toc-section\" id=\"Lagerung\"><\/span>Lagerung<span class=\"ez-toc-section-end\"><\/span><\/h4>\n<p data-start=\"2512\" data-end=\"2604\">K\u00fchl, trocken und lichtgesch\u00fctzt lagern.<br data-start=\"2552\" data-end=\"2555\" \/>Au\u00dferhalb der Reichweite von Kindern aufbewahren.<\/p>\n<hr data-start=\"2606\" data-end=\"2609\" \/>\n<h4 data-start=\"2611\" data-end=\"2623\"><span class=\"ez-toc-section\" id=\"Hinweis\"><\/span>Hinweis<span class=\"ez-toc-section-end\"><\/span><\/h4>\n<p data-start=\"2625\" data-end=\"2777\" data-is-last-node=\"\" data-is-only-node=\"\">Nahrungserg\u00e4nzungsmittel sollten nicht als Ersatz f\u00fcr eine abwechslungsreiche und ausgewogene Ern\u00e4hrung sowie eine gesunde Lebensweise verwendet werden.<\/p>\n<\/div>\n<\/div>\n<\/div>\n<\/div>\n<div class=\"z-0 flex min-h-[46px] justify-start\">\n<hr data-start=\"2237\" data-end=\"2240\" \/>\n<h4 data-start=\"413\" data-end=\"449\"><span class=\"ez-toc-section\" id=\"Weitere_Inspiration_entdecken\"><\/span>Weitere Inspiration entdecken<span class=\"ez-toc-section-end\"><\/span><\/h4>\n<p data-start=\"450\" data-end=\"582\">Du suchst weitere besondere Produkte? Entdecke zus\u00e4tzliche Highlights in unserem Sortiment oder st\u00f6bere in unseren Partnerprojekten:<\/p>\n<ul data-start=\"584\" data-end=\"920\">\n<li data-start=\"584\" data-end=\"656\"><a href=\"https:\/\/honigbee.com\/shop\/\">Weitere Naturprodukte bei Honigbee entdecken<\/a><\/li>\n<li data-start=\"657\" data-end=\"783\">\n<p data-start=\"659\" data-end=\"783\"><a href=\"https:\/\/matvana.com\/shop\/\" target=\"_blank\" rel=\"noopener\">Stilvolle Wohnideen bei Matvana ansehen<\/a><\/p>\n<\/li>\n<li data-start=\"784\" data-end=\"920\">\n<p data-start=\"786\" data-end=\"920\"><a href=\"https:\/\/saphirsmaragd.com\/shop\/\" target=\"_blank\" rel=\"noopener\">Edelsteine &amp; Schmuck bei Saphir &amp; Smaragd ansehen<\/a><\/p>\n<\/li>\n<\/ul>\n<hr data-start=\"1931\" data-end=\"1934\" \/>\n<p>Produktbilder dienen der Veranschaulichung. Verpackungsdesign kann abweichen.<\/p>\n<\/div>\n<\/div>\n<\/div>\n<\/article>\n<\/div>\n","protected":false},"excerpt":{"rendered":"<p data-start=\"354\" data-end=\"504\"><em>Multivitamin Kapseln mit 25 Vitaminen und Mineralstoffen. 180 vegane Kapseln zur Erg\u00e4nzung der t\u00e4glichen Ern\u00e4hrung mit wichtigen Mikron\u00e4hrstoffen.<\/em><\/p>","protected":false},"featured_media":43649,"comment_status":"open","ping_status":"closed","template":"","meta":{"_glsr_average":0,"_glsr_ranking":0,"_glsr_reviews":0},"product_brand":[],"product_cat":[405],"product_tag":[],"class_list":{"0":"post-9896","1":"product","2":"type-product","3":"status-publish","4":"has-post-thumbnail","6":"product_cat-multivitamine","8":"first","9":"instock","10":"shipping-taxable","11":"purchasable","12":"product-type-simple","13":"add-to-wishlist-before_image"},"jetpack_sharing_enabled":true,"_links":{"self":[{"href":"https:\/\/honigbee.com\/en\/wp-json\/wp\/v2\/product\/9896","targetHints":{"allow":["GET"]}}],"collection":[{"href":"https:\/\/honigbee.com\/en\/wp-json\/wp\/v2\/product"}],"about":[{"href":"https:\/\/honigbee.com\/en\/wp-json\/wp\/v2\/types\/product"}],"replies":[{"embeddable":true,"href":"https:\/\/honigbee.com\/en\/wp-json\/wp\/v2\/comments?post=9896"}],"version-history":[{"count":3,"href":"https:\/\/honigbee.com\/en\/wp-json\/wp\/v2\/product\/9896\/revisions"}],"predecessor-version":[{"id":43650,"href":"https:\/\/honigbee.com\/en\/wp-json\/wp\/v2\/product\/9896\/revisions\/43650"}],"wp:featuredmedia":[{"embeddable":true,"href":"https:\/\/honigbee.com\/en\/wp-json\/wp\/v2\/media\/43649"}],"wp:attachment":[{"href":"https:\/\/honigbee.com\/en\/wp-json\/wp\/v2\/media?parent=9896"}],"wp:term":[{"taxonomy":"product_brand","embeddable":true,"href":"https:\/\/honigbee.com\/en\/wp-json\/wp\/v2\/product_brand?post=9896"},{"taxonomy":"product_cat","embeddable":true,"href":"https:\/\/honigbee.com\/en\/wp-json\/wp\/v2\/product_cat?post=9896"},{"taxonomy":"product_tag","embeddable":true,"href":"https:\/\/honigbee.com\/en\/wp-json\/wp\/v2\/product_tag?post=9896"}],"curies":[{"name":"wp","href":"https:\/\/api.w.org\/{rel}","templated":true}]}}