{"id":13797,"date":"2025-01-05T18:18:11","date_gmt":"2025-01-05T18:18:11","guid":{"rendered":"https:\/\/honigbee.com\/?post_type=product&#038;p=13797"},"modified":"2026-03-01T12:35:08","modified_gmt":"2026-03-01T12:35:08","slug":"bio-blaumohn-speisemohn","status":"publish","type":"product","link":"https:\/\/honigbee.com\/es\/producto\/bio-blaumohn-speisemohn\/","title":{"rendered":"Bio Blaumohn Speisemohn \u2013 naturbelassene Bio Mohnsamen f\u00fcr Backen, Kuchen &#038; Mohnf\u00fcllung"},"content":{"rendered":"<div id=\"ez-toc-container\" class=\"ez-toc-v2_0_83 counter-hierarchy ez-toc-counter ez-toc-grey ez-toc-container-direction\">\n<div class=\"ez-toc-title-container\">\n<p class=\"ez-toc-title\" style=\"cursor:inherit\">Tabla de contenido<\/p>\n<span class=\"ez-toc-title-toggle\"><a href=\"#\" class=\"ez-toc-pull-right ez-toc-btn ez-toc-btn-xs ez-toc-btn-default ez-toc-toggle\" aria-label=\"Alternar tabla de contenidos\"><span class=\"ez-toc-js-icon-con\"><span class=\"\"><span class=\"eztoc-hide\" style=\"display:none;\">Palanca<\/span><span class=\"ez-toc-icon-toggle-span\"><svg style=\"fill: #999;color:#999\" xmlns=\"http:\/\/www.w3.org\/2000\/svg\" class=\"list-377408\" width=\"20px\" height=\"20px\" viewbox=\"0 0 24 24\" fill=\"none\"><path d=\"M6 6H4v2h2V6zm14 0H8v2h12V6zM4 11h2v2H4v-2zm16 0H8v2h12v-2zM4 16h2v2H4v-2zm16 0H8v2h12v-2z\" fill=\"currentColor\"><\/path><\/svg><svg style=\"fill: #999;color:#999\" class=\"arrow-unsorted-368013\" xmlns=\"http:\/\/www.w3.org\/2000\/svg\" width=\"10px\" height=\"10px\" viewbox=\"0 0 24 24\" version=\"1.2\" baseprofile=\"tiny\"><path d=\"M18.2 9.3l-6.2-6.3-6.2 6.3c-.2.2-.3.4-.3.7s.1.5.3.7c.2.2.4.3.7.3h11c.3 0 .5-.1.7-.3.2-.2.3-.5.3-.7s-.1-.5-.3-.7zM5.8 14.7l6.2 6.3 6.2-6.3c.2-.2.3-.5.3-.7s-.1-.5-.3-.7c-.2-.2-.4-.3-.7-.3h-11c-.3 0-.5.1-.7.3-.2.2-.3.5-.3.7s.1.5.3.7z\"\/><\/svg><\/span><\/span><\/span><\/a><\/span><\/div>\n<nav><ul class='ez-toc-list ez-toc-list-level-1' ><li class='ez-toc-page-1 ez-toc-heading-level-4'><a class=\"ez-toc-link ez-toc-heading-1\" href=\"https:\/\/honigbee.com\/es\/producto\/bio-blaumohn-speisemohn\/#Verwendung_von_Bio_Blaumohn_Speisemohn\" >Verwendung von Bio Blaumohn Speisemohn<\/a><\/li><li class='ez-toc-page-1 ez-toc-heading-level-4'><a class=\"ez-toc-link ez-toc-heading-2\" href=\"https:\/\/honigbee.com\/es\/producto\/bio-blaumohn-speisemohn\/#Produktdetails\" >Detalles del producto<\/a><\/li><li class='ez-toc-page-1 ez-toc-heading-level-4'><a class=\"ez-toc-link ez-toc-heading-3\" href=\"https:\/\/honigbee.com\/es\/producto\/bio-blaumohn-speisemohn\/#Zutaten\" >Ingredientes<\/a><\/li><li class='ez-toc-page-1 ez-toc-heading-level-4'><a class=\"ez-toc-link ez-toc-heading-4\" href=\"https:\/\/honigbee.com\/es\/producto\/bio-blaumohn-speisemohn\/#Lagerung\" >almacenamiento<\/a><\/li><li class='ez-toc-page-1 ez-toc-heading-level-4'><a class=\"ez-toc-link ez-toc-heading-5\" href=\"https:\/\/honigbee.com\/es\/producto\/bio-blaumohn-speisemohn\/#Hinweis\" >Aviso<\/a><\/li><li class='ez-toc-page-1 ez-toc-heading-level-4'><a class=\"ez-toc-link ez-toc-heading-6\" href=\"https:\/\/honigbee.com\/es\/producto\/bio-blaumohn-speisemohn\/#Weitere_Inspiration_entdecken\" >Weitere Inspiration entdecken<\/a><\/li><\/ul><\/nav><\/div>\n<p data-start=\"1201\" data-end=\"1470\">Bio Blaumohn Speisemohn sind naturbelassene Bio Mohnsamen mit fein-nussigem Aroma. Sie eignen sich ideal f\u00fcr traditionelle Backrezepte, s\u00fc\u00dfe Desserts und herzhafte Gerichte. Ob f\u00fcr Mohnkuchen, Strudel oder Mohnf\u00fcllungen \u2013 diese Bio Mohnsamen sind vielseitig einsetzbar.<\/p>\n<hr data-start=\"1472\" data-end=\"1475\" \/>\n<h4 data-start=\"1477\" data-end=\"1520\"><span class=\"ez-toc-section\" id=\"Verwendung_von_Bio_Blaumohn_Speisemohn\"><\/span>Verwendung von Bio Blaumohn Speisemohn<span class=\"ez-toc-section-end\"><\/span><\/h4>\n<ul data-start=\"1521\" data-end=\"1676\">\n<li data-start=\"1521\" data-end=\"1551\">\n<p data-start=\"1523\" data-end=\"1551\">F\u00fcr Mohnkuchen und Strudel<\/p>\n<\/li>\n<li data-start=\"1552\" data-end=\"1585\">\n<p data-start=\"1554\" data-end=\"1585\">F\u00fcr aromatische Mohnf\u00fcllungen<\/p>\n<\/li>\n<li data-start=\"1586\" data-end=\"1624\">\n<p data-start=\"1588\" data-end=\"1624\">Zum Backen von Br\u00f6tchen und Geb\u00e4ck<\/p>\n<\/li>\n<li data-start=\"1625\" data-end=\"1650\">\n<p data-start=\"1627\" data-end=\"1650\">Als Zutat in Desserts<\/p>\n<\/li>\n<li data-start=\"1651\" data-end=\"1676\">\n<p data-start=\"1653\" data-end=\"1676\">F\u00fcr herzhafte Speisen<\/p>\n<\/li>\n<\/ul>\n<hr data-start=\"1678\" data-end=\"1681\" \/>\n<h4 data-start=\"1683\" data-end=\"1702\"><span class=\"ez-toc-section\" id=\"Produktdetails\"><\/span>Detalles del producto<span class=\"ez-toc-section-end\"><\/span><\/h4>\n<ul data-start=\"1703\" data-end=\"1869\">\n<li data-start=\"1737\" data-end=\"1769\">\n<p data-start=\"1739\" data-end=\"1769\">Naturbelassene Bio Mohnsamen<\/p>\n<\/li>\n<li data-start=\"1770\" data-end=\"1797\">\n<p data-start=\"1772\" data-end=\"1797\">Fino sabor a nuez<\/p>\n<\/li>\n<li data-start=\"1798\" data-end=\"1829\">\n<p data-start=\"1800\" data-end=\"1829\">Ideal f\u00fcr Backen und Kochen<\/p>\n<\/li>\n<li data-start=\"1830\" data-end=\"1869\">\n<p data-start=\"1832\" data-end=\"1869\">De agricultura ecol\u00f3gica controlada<\/p>\n<\/li>\n<\/ul>\n<hr data-start=\"1871\" data-end=\"1874\" \/>\n<h4 data-start=\"1876\" data-end=\"1888\"><span class=\"ez-toc-section\" id=\"Zutaten\"><\/span>Ingredientes<span class=\"ez-toc-section-end\"><\/span><\/h4>\n<p data-start=\"1889\" data-end=\"1934\">100 % Bio Blaumohn Speisemohn (Bio Mohnsamen)<\/p>\n<hr data-start=\"1936\" data-end=\"1939\" \/>\n<h4 data-start=\"1941\" data-end=\"1954\"><span class=\"ez-toc-section\" id=\"Lagerung\"><\/span>almacenamiento<span class=\"ez-toc-section-end\"><\/span><\/h4>\n<p data-start=\"1955\" data-end=\"2029\">Conservar en un lugar fresco y seco, alejado de la luz. Cerrar bien despu\u00e9s de abrir.<\/p>\n<hr data-start=\"2031\" data-end=\"2034\" \/>\n<h4 data-start=\"2036\" data-end=\"2048\"><span class=\"ez-toc-section\" id=\"Hinweis\"><\/span>Aviso<span class=\"ez-toc-section-end\"><\/span><\/h4>\n<p data-start=\"2049\" data-end=\"2138\">Naturprodukt \u2013 Farbe und K\u00f6rnung der Bio Mohnsamen k\u00f6nnen je nach Ernte leicht variieren.<\/p>\n<hr data-start=\"2031\" data-end=\"2034\" \/>\n<h4 data-start=\"413\" data-end=\"449\"><span class=\"ez-toc-section\" id=\"Weitere_Inspiration_entdecken\"><\/span>Weitere Inspiration entdecken<span class=\"ez-toc-section-end\"><\/span><\/h4>\n<p data-start=\"450\" data-end=\"582\">Du suchst weitere besondere Produkte? Entdecke zus\u00e4tzliche Highlights in unserem Sortiment oder st\u00f6bere in unseren Partnerprojekten:<\/p>\n<ul data-start=\"584\" data-end=\"920\">\n<li data-start=\"584\" data-end=\"656\"><a href=\"https:\/\/honigbee.com\/es\/shop\/\">Weitere Naturprodukte bei Honigbee entdecken<\/a><\/li>\n<li data-start=\"657\" data-end=\"783\">\n<p data-start=\"659\" data-end=\"783\"><a href=\"https:\/\/matvana.com\/shop\/\" target=\"_blank\" rel=\"noopener\">Stilvolle Wohnideen bei Matvana ansehen<\/a><\/p>\n<\/li>\n<li data-start=\"784\" data-end=\"920\">\n<p data-start=\"786\" data-end=\"920\"><a href=\"https:\/\/saphirsmaragd.com\/shop\/\" target=\"_blank\" rel=\"noopener\">Edelsteine &amp; Schmuck bei Saphir &amp; Smaragd ansehen<\/a><\/p>\n<\/li>\n<\/ul>\n<hr data-start=\"1931\" data-end=\"1934\" \/>\n<p>Produktbilder dienen der Veranschaulichung. Verpackungsdesign kann abweichen.<\/p>","protected":false},"excerpt":{"rendered":"<p data-start=\"792\" data-end=\"971\"><em>Bio Blaumohn Speisemohn in hochwertiger Qualit\u00e4t. Naturbelassene Bio Mohnsamen f\u00fcr Kuchen, Geb\u00e4ck, Mohnf\u00fcllung und traditionelle Backrezepte. Aromatisch und vielseitig verwendbar.<\/em><\/p>","protected":false},"featured_media":43334,"comment_status":"open","ping_status":"closed","template":"","meta":{"_glsr_average":0,"_glsr_ranking":0,"_glsr_reviews":0},"product_brand":[],"product_cat":[735],"product_tag":[],"class_list":{"0":"post-13797","1":"product","2":"type-product","3":"status-publish","4":"has-post-thumbnail","6":"product_cat-blaumohn","8":"first","9":"instock","10":"shipping-taxable","11":"purchasable","12":"product-type-variable","13":"add-to-wishlist-before_image"},"jetpack_sharing_enabled":true,"_links":{"self":[{"href":"https:\/\/honigbee.com\/es\/wp-json\/wp\/v2\/product\/13797","targetHints":{"allow":["GET"]}}],"collection":[{"href":"https:\/\/honigbee.com\/es\/wp-json\/wp\/v2\/product"}],"about":[{"href":"https:\/\/honigbee.com\/es\/wp-json\/wp\/v2\/types\/product"}],"replies":[{"embeddable":true,"href":"https:\/\/honigbee.com\/es\/wp-json\/wp\/v2\/comments?post=13797"}],"version-history":[{"count":3,"href":"https:\/\/honigbee.com\/es\/wp-json\/wp\/v2\/product\/13797\/revisions"}],"predecessor-version":[{"id":43339,"href":"https:\/\/honigbee.com\/es\/wp-json\/wp\/v2\/product\/13797\/revisions\/43339"}],"wp:featuredmedia":[{"embeddable":true,"href":"https:\/\/honigbee.com\/es\/wp-json\/wp\/v2\/media\/43334"}],"wp:attachment":[{"href":"https:\/\/honigbee.com\/es\/wp-json\/wp\/v2\/media?parent=13797"}],"wp:term":[{"taxonomy":"product_brand","embeddable":true,"href":"https:\/\/honigbee.com\/es\/wp-json\/wp\/v2\/product_brand?post=13797"},{"taxonomy":"product_cat","embeddable":true,"href":"https:\/\/honigbee.com\/es\/wp-json\/wp\/v2\/product_cat?post=13797"},{"taxonomy":"product_tag","embeddable":true,"href":"https:\/\/honigbee.com\/es\/wp-json\/wp\/v2\/product_tag?post=13797"}],"curies":[{"name":"wp","href":"https:\/\/api.w.org\/{rel}","templated":true}]}}