{"id":16821,"date":"2025-04-04T09:47:18","date_gmt":"2025-04-04T09:47:18","guid":{"rendered":"https:\/\/honigbee.com\/?post_type=product&#038;p=16821"},"modified":"2026-02-27T15:35:41","modified_gmt":"2026-02-27T15:35:41","slug":"noor-geschenkset-mit-bio-datteln","status":"publish","type":"product","link":"https:\/\/honigbee.com\/es\/producto\/noor-geschenkset-mit-bio-datteln\/","title":{"rendered":"Noor Geschenkset mit Bio Datteln \u2013 Farbenfrohe Dattel Geschenkbox mit Goldakzent"},"content":{"rendered":"<div id=\"ez-toc-container\" class=\"ez-toc-v2_0_83 counter-hierarchy ez-toc-counter ez-toc-grey ez-toc-container-direction\">\n<div class=\"ez-toc-title-container\">\n<p class=\"ez-toc-title\" style=\"cursor:inherit\">Tabla de contenido<\/p>\n<span class=\"ez-toc-title-toggle\"><a href=\"#\" class=\"ez-toc-pull-right ez-toc-btn ez-toc-btn-xs ez-toc-btn-default ez-toc-toggle\" aria-label=\"Alternar tabla de contenidos\"><span class=\"ez-toc-js-icon-con\"><span class=\"\"><span class=\"eztoc-hide\" style=\"display:none;\">Palanca<\/span><span class=\"ez-toc-icon-toggle-span\"><svg style=\"fill: #999;color:#999\" xmlns=\"http:\/\/www.w3.org\/2000\/svg\" class=\"list-377408\" width=\"20px\" height=\"20px\" viewbox=\"0 0 24 24\" fill=\"none\"><path d=\"M6 6H4v2h2V6zm14 0H8v2h12V6zM4 11h2v2H4v-2zm16 0H8v2h12v-2zM4 16h2v2H4v-2zm16 0H8v2h12v-2z\" fill=\"currentColor\"><\/path><\/svg><svg style=\"fill: #999;color:#999\" class=\"arrow-unsorted-368013\" xmlns=\"http:\/\/www.w3.org\/2000\/svg\" width=\"10px\" height=\"10px\" viewbox=\"0 0 24 24\" version=\"1.2\" baseprofile=\"tiny\"><path d=\"M18.2 9.3l-6.2-6.3-6.2 6.3c-.2.2-.3.4-.3.7s.1.5.3.7c.2.2.4.3.7.3h11c.3 0 .5-.1.7-.3.2-.2.3-.5.3-.7s-.1-.5-.3-.7zM5.8 14.7l6.2 6.3 6.2-6.3c.2-.2.3-.5.3-.7s-.1-.5-.3-.7c-.2-.2-.4-.3-.7-.3h-11c-.3 0-.5.1-.7.3-.2.2-.3.5-.3.7s.1.5.3.7z\"\/><\/svg><\/span><\/span><\/span><\/a><\/span><\/div>\n<nav><ul class='ez-toc-list ez-toc-list-level-1' ><li class='ez-toc-page-1 ez-toc-heading-level-4'><a class=\"ez-toc-link ez-toc-heading-1\" href=\"https:\/\/honigbee.com\/es\/producto\/noor-geschenkset-mit-bio-datteln\/#Produktvorteile\" >Ventajas del producto<\/a><\/li><li class='ez-toc-page-1 ez-toc-heading-level-4'><a class=\"ez-toc-link ez-toc-heading-2\" href=\"https:\/\/honigbee.com\/es\/producto\/noor-geschenkset-mit-bio-datteln\/#Verwendung\" >usar<\/a><\/li><li class='ez-toc-page-1 ez-toc-heading-level-4'><a class=\"ez-toc-link ez-toc-heading-3\" href=\"https:\/\/honigbee.com\/es\/producto\/noor-geschenkset-mit-bio-datteln\/#Produktdetails\" >Detalles del producto<\/a><\/li><li class='ez-toc-page-1 ez-toc-heading-level-4'><a class=\"ez-toc-link ez-toc-heading-4\" href=\"https:\/\/honigbee.com\/es\/producto\/noor-geschenkset-mit-bio-datteln\/#Nachhaltigkeit\" >sostenibilidad<\/a><\/li><li class='ez-toc-page-1 ez-toc-heading-level-4'><a class=\"ez-toc-link ez-toc-heading-5\" href=\"https:\/\/honigbee.com\/es\/producto\/noor-geschenkset-mit-bio-datteln\/#Weitere_Inspiration_entdecken\" >Weitere Inspiration entdecken<\/a><\/li><\/ul><\/nav><\/div>\n<p data-start=\"678\" data-end=\"948\">Dieses Noor Geschenkset vereint ausgew\u00e4hlte Bio-Datteln mit einer kunstvoll gestalteten, farbenfrohen Geschenkbox. Das moderne Design mit goldfarbenem Detail verleiht dem Set eine elegante Ausstrahlung und macht es zu einer stilvollen Geschenkidee f\u00fcr besondere Anl\u00e4sse.<\/p>\n<p data-start=\"950\" data-end=\"1120\">Die Box enth\u00e4lt eine Auswahl hochwertiger Datteln \u2013 naturbelassen oder gef\u00fcllt. Die sorgf\u00e4ltige Pr\u00e4sentation sorgt f\u00fcr einen harmonischen und hochwertigen Gesamteindruck.<\/p>\n<hr data-start=\"1122\" data-end=\"1125\" \/>\n<h4 data-start=\"1127\" data-end=\"1147\"><span class=\"ez-toc-section\" id=\"Produktvorteile\"><\/span>Ventajas del producto<span class=\"ez-toc-section-end\"><\/span><\/h4>\n<p data-start=\"1149\" data-end=\"1380\">Farbenfrohe Geschenkbox mit goldfarbenem Designelement<br data-start=\"1203\" data-end=\"1206\" \/>Auswahl aus naturbelassenen oder gef\u00fcllten Bio-Datteln<br data-start=\"1260\" data-end=\"1263\" \/>Sin aditivos artificiales<br data-start=\"1291\" data-end=\"1294\" \/>Vegan-freundliche Varianten m\u00f6glich<br data-start=\"1329\" data-end=\"1332\" \/>Hochwertige Pr\u00e4sentation f\u00fcr festliche Anl\u00e4sse<\/p>\n<hr data-start=\"1382\" data-end=\"1385\" \/>\n<h4 data-start=\"1387\" data-end=\"1402\"><span class=\"ez-toc-section\" id=\"Verwendung\"><\/span>usar<span class=\"ez-toc-section-end\"><\/span><\/h4>\n<p data-start=\"1404\" data-end=\"1625\">\u2022 Als Geschenk zu Ramadan, Eid, Geburtstagen oder Jubil\u00e4en<br data-start=\"1462\" data-end=\"1465\" \/>\u2022 Als Firmengeschenk oder Aufmerksamkeit f\u00fcr Gesch\u00e4ftspartner<br data-start=\"1526\" data-end=\"1529\" \/>\u2022 F\u00fcr festliche Dinnerpartys oder besondere Anl\u00e4sse<br data-start=\"1580\" data-end=\"1583\" \/>\u2022 Als stilvolle Pr\u00e4sentation auf Buffets<\/p>\n<hr data-start=\"1627\" data-end=\"1630\" \/>\n<h4 data-start=\"1632\" data-end=\"1651\"><span class=\"ez-toc-section\" id=\"Produktdetails\"><\/span>Detalles del producto<span class=\"ez-toc-section-end\"><\/span><\/h4>\n<p data-start=\"1653\" data-end=\"1936\">Ungef\u00e4hres Gewicht der Datteln: 860 g<br data-start=\"1690\" data-end=\"1693\" \/>Abmessungen der Geschenkverpackung (L \u00d7 B \u00d7 H): 26 \u00d7 26 \u00d7 4 cm<br data-start=\"1755\" data-end=\"1758\" \/>Verpackung: Farbenfrohe Geschenkbox mit goldfarbenem Detail<br data-start=\"1817\" data-end=\"1820\" \/>Zutaten: Bio-Datteln (je nach Variante mit N\u00fcssen oder weiteren Zutaten)<br data-start=\"1892\" data-end=\"1895\" \/>Herkunft: Anbaugebiete in Saudi-Arabien<\/p>\n<hr data-start=\"1938\" data-end=\"1941\" \/>\n<h4 data-start=\"1943\" data-end=\"1962\"><span class=\"ez-toc-section\" id=\"Nachhaltigkeit\"><\/span>sostenibilidad<span class=\"ez-toc-section-end\"><\/span><\/h4>\n<p data-start=\"1964\" data-end=\"2077\">Die Datteln stammen aus biologischem Anbau. Die stabile Geschenkbox kann nach dem Verzehr weiterverwendet werden.<\/p>\n<hr data-start=\"2162\" data-end=\"2165\" \/>\n<h4 data-start=\"413\" data-end=\"449\"><span class=\"ez-toc-section\" id=\"Weitere_Inspiration_entdecken\"><\/span>Weitere Inspiration entdecken<span class=\"ez-toc-section-end\"><\/span><\/h4>\n<p data-start=\"450\" data-end=\"582\">Du suchst weitere besondere Produkte? Entdecke zus\u00e4tzliche Highlights in unserem Sortiment oder st\u00f6bere in unseren Partnerprojekten:<\/p>\n<ul data-start=\"584\" data-end=\"920\">\n<li data-start=\"584\" data-end=\"656\"><a href=\"https:\/\/honigbee.com\/es\/shop\/\">Weitere Naturprodukte bei Honigbee entdecken<\/a><\/li>\n<li data-start=\"657\" data-end=\"783\">\n<p data-start=\"659\" data-end=\"783\"><a href=\"https:\/\/matvana.com\/shop\/\" target=\"_blank\" rel=\"noopener\">Stilvolle Wohnideen bei Matvana ansehen<\/a><\/p>\n<\/li>\n<li data-start=\"784\" data-end=\"920\">\n<p data-start=\"786\" data-end=\"920\"><a href=\"https:\/\/saphirsmaragd.com\/shop\/\" target=\"_blank\" rel=\"noopener\">Edelsteine &amp; Schmuck bei Saphir &amp; Smaragd ansehen<\/a><\/p>\n<\/li>\n<\/ul>\n<hr data-start=\"1931\" data-end=\"1934\" \/>\n<p>Produktbilder dienen der Veranschaulichung. Verpackungsdesign kann abweichen.<\/p>","protected":false},"excerpt":{"rendered":"<div class=\"product attribute overview\">\n<div class=\"value\">\n<div class=\"product attribute overview\">\n<div class=\"value\">\n<div class=\"product attribute overview\">\n<div class=\"value\">\n<div class=\"product attribute overview\">\n<div class=\"value\">\n<p data-start=\"556\" data-end=\"718\"><em>Noor Geschenkset mit Bio Datteln 860g in farbenfroher Geschenkbox. Naturbelassene oder gef\u00fcllte Datteln in eleganter Verpackung f\u00fcr Ramadan, Eid und besondere Anl\u00e4sse.<\/em><\/p>\n<p data-start=\"720\" data-end=\"768\">\n<\/div>\n<\/div>\n<\/div>\n<\/div>\n<\/div>\n<\/div>\n<\/div>\n<\/div>","protected":false},"featured_media":43003,"comment_status":"open","ping_status":"closed","template":"","meta":{"_glsr_average":0,"_glsr_ranking":0,"_glsr_reviews":0},"product_brand":[],"product_cat":[795],"product_tag":[],"class_list":{"0":"post-16821","1":"product","2":"type-product","3":"status-publish","4":"has-post-thumbnail","6":"product_cat-luxusgeschenke","8":"first","9":"instock","10":"shipping-taxable","11":"purchasable","12":"product-type-simple","13":"add-to-wishlist-before_image"},"jetpack_sharing_enabled":true,"_links":{"self":[{"href":"https:\/\/honigbee.com\/es\/wp-json\/wp\/v2\/product\/16821","targetHints":{"allow":["GET"]}}],"collection":[{"href":"https:\/\/honigbee.com\/es\/wp-json\/wp\/v2\/product"}],"about":[{"href":"https:\/\/honigbee.com\/es\/wp-json\/wp\/v2\/types\/product"}],"replies":[{"embeddable":true,"href":"https:\/\/honigbee.com\/es\/wp-json\/wp\/v2\/comments?post=16821"}],"version-history":[{"count":5,"href":"https:\/\/honigbee.com\/es\/wp-json\/wp\/v2\/product\/16821\/revisions"}],"predecessor-version":[{"id":42979,"href":"https:\/\/honigbee.com\/es\/wp-json\/wp\/v2\/product\/16821\/revisions\/42979"}],"wp:featuredmedia":[{"embeddable":true,"href":"https:\/\/honigbee.com\/es\/wp-json\/wp\/v2\/media\/43003"}],"wp:attachment":[{"href":"https:\/\/honigbee.com\/es\/wp-json\/wp\/v2\/media?parent=16821"}],"wp:term":[{"taxonomy":"product_brand","embeddable":true,"href":"https:\/\/honigbee.com\/es\/wp-json\/wp\/v2\/product_brand?post=16821"},{"taxonomy":"product_cat","embeddable":true,"href":"https:\/\/honigbee.com\/es\/wp-json\/wp\/v2\/product_cat?post=16821"},{"taxonomy":"product_tag","embeddable":true,"href":"https:\/\/honigbee.com\/es\/wp-json\/wp\/v2\/product_tag?post=16821"}],"curies":[{"name":"wp","href":"https:\/\/api.w.org\/{rel}","templated":true}]}}