{"id":16833,"date":"2025-04-04T09:47:33","date_gmt":"2025-04-04T09:47:33","guid":{"rendered":"https:\/\/honigbee.com\/?post_type=product&#038;p=16833"},"modified":"2026-02-27T14:13:50","modified_gmt":"2026-02-27T14:13:50","slug":"jemenitische-rohhonig-geschenkbox-2x250g","status":"publish","type":"product","link":"https:\/\/honigbee.com\/es\/producto\/jemenitische-rohhonig-geschenkbox-2x250g\/","title":{"rendered":"Caja de regalo de miel cruda yemen\u00ed (2 x 250 g) \u2013 Miel premium con cuchara de madera de olivo"},"content":{"rendered":"<div id=\"ez-toc-container\" class=\"ez-toc-v2_0_83 counter-hierarchy ez-toc-counter ez-toc-grey ez-toc-container-direction\">\n<div class=\"ez-toc-title-container\">\n<p class=\"ez-toc-title\" style=\"cursor:inherit\">Tabla de contenido<\/p>\n<span class=\"ez-toc-title-toggle\"><a href=\"#\" class=\"ez-toc-pull-right ez-toc-btn ez-toc-btn-xs ez-toc-btn-default ez-toc-toggle\" aria-label=\"Alternar tabla de contenidos\"><span class=\"ez-toc-js-icon-con\"><span class=\"\"><span class=\"eztoc-hide\" style=\"display:none;\">Palanca<\/span><span class=\"ez-toc-icon-toggle-span\"><svg style=\"fill: #999;color:#999\" xmlns=\"http:\/\/www.w3.org\/2000\/svg\" class=\"list-377408\" width=\"20px\" height=\"20px\" viewbox=\"0 0 24 24\" fill=\"none\"><path d=\"M6 6H4v2h2V6zm14 0H8v2h12V6zM4 11h2v2H4v-2zm16 0H8v2h12v-2zM4 16h2v2H4v-2zm16 0H8v2h12v-2z\" fill=\"currentColor\"><\/path><\/svg><svg style=\"fill: #999;color:#999\" class=\"arrow-unsorted-368013\" xmlns=\"http:\/\/www.w3.org\/2000\/svg\" width=\"10px\" height=\"10px\" viewbox=\"0 0 24 24\" version=\"1.2\" baseprofile=\"tiny\"><path d=\"M18.2 9.3l-6.2-6.3-6.2 6.3c-.2.2-.3.4-.3.7s.1.5.3.7c.2.2.4.3.7.3h11c.3 0 .5-.1.7-.3.2-.2.3-.5.3-.7s-.1-.5-.3-.7zM5.8 14.7l6.2 6.3 6.2-6.3c.2-.2.3-.5.3-.7s-.1-.5-.3-.7c-.2-.2-.4-.3-.7-.3h-11c-.3 0-.5.1-.7.3-.2.2-.3.5-.3.7s.1.5.3.7z\"\/><\/svg><\/span><\/span><\/span><\/a><\/span><\/div>\n<nav><ul class='ez-toc-list ez-toc-list-level-1' ><li class='ez-toc-page-1 ez-toc-heading-level-4'><a class=\"ez-toc-link ez-toc-heading-1\" href=\"https:\/\/honigbee.com\/es\/producto\/jemenitische-rohhonig-geschenkbox-2x250g\/#Jemenitische_Rohhonig_Geschenkbox_2x250g_%E2%80%93_Premium-Honigduett_mit_Olivenholzloffel\" >Caja de regalo de miel cruda yemen\u00ed (2 x 250 g) \u2013 D\u00fao de miel premium con cuchara de madera de olivo<\/a><\/li><li class='ez-toc-page-1 ez-toc-heading-level-4'><a class=\"ez-toc-link ez-toc-heading-2\" href=\"https:\/\/honigbee.com\/es\/producto\/jemenitische-rohhonig-geschenkbox-2x250g\/#Merkmale_Herkunft\" >Caracter\u00edsticas y origen<\/a><\/li><li class='ez-toc-page-1 ez-toc-heading-level-4'><a class=\"ez-toc-link ez-toc-heading-3\" href=\"https:\/\/honigbee.com\/es\/producto\/jemenitische-rohhonig-geschenkbox-2x250g\/#100%E2%80%AF_Natur_%E2%80%93_0%E2%80%AF_Kompromiss\" >100 % Naturaleza \u2013 0 % Compromiso<\/a><\/li><li class='ez-toc-page-1 ez-toc-heading-level-4'><a class=\"ez-toc-link ez-toc-heading-4\" href=\"https:\/\/honigbee.com\/es\/producto\/jemenitische-rohhonig-geschenkbox-2x250g\/#Wahle_deine_Sorten_%E2%80%93_Fur_Vielfalt_im_Glas\" >Elige tus variedades \u2013 Para variedad en tu copa<\/a><\/li><li class='ez-toc-page-1 ez-toc-heading-level-4'><a class=\"ez-toc-link ez-toc-heading-5\" href=\"https:\/\/honigbee.com\/es\/producto\/jemenitische-rohhonig-geschenkbox-2x250g\/#Kulinarische_Anwendung_Inspiration\" >Uso culinario e inspiraci\u00f3n<\/a><\/li><li class='ez-toc-page-1 ez-toc-heading-level-4'><a class=\"ez-toc-link ez-toc-heading-6\" href=\"https:\/\/honigbee.com\/es\/producto\/jemenitische-rohhonig-geschenkbox-2x250g\/#Weitere_Inspiration_entdecken\" >Weitere Inspiration entdecken<\/a><\/li><\/ul><\/nav><\/div>\n<h4 data-start=\"864\" data-end=\"951\"><span class=\"ez-toc-section\" id=\"Jemenitische_Rohhonig_Geschenkbox_2x250g_%E2%80%93_Premium-Honigduett_mit_Olivenholzloffel\"><\/span>Caja de regalo de miel cruda yemen\u00ed (2 x 250 g) \u2013 D\u00fao de miel premium con cuchara de madera de olivo<span class=\"ez-toc-section-end\"><\/span><\/h4>\n<p data-start=\"953\" data-end=\"1370\">Experimente el sabor original de la miel cosechada tradicionalmente con el <strong data-start=\"1028\" data-end=\"1073\">Caja de regalo de miel cruda yemen\u00ed (2 unidades de 250 g)<\/strong>. Dos variedades de miel cruda de las tierras altas de Yemen se combinan con la m\u00e1s exquisita artesan\u00eda, complementadas con un cuchar\u00f3n de miel de madera de olivo grabado y un elegante empaque de regalo. Ya sea para regalar o para uso personal, este set representa autenticidad, pureza y artesan\u00eda.<\/p>\n<hr data-start=\"1372\" data-end=\"1375\" \/>\n<h4 data-start=\"1377\" data-end=\"1401\"><span class=\"ez-toc-section\" id=\"Merkmale_Herkunft\"><\/span>Caracter\u00edsticas y origen<span class=\"ez-toc-section-end\"><\/span><\/h4>\n<p data-start=\"1403\" data-end=\"1784\">Nombre del producto: Caja de regalo de miel cruda yemen\u00ed (2 unidades de 250 g)<br data-start=\"1456\" data-end=\"1459\" \/>Contenido: 2 x 250 g de miel cruda (variedades a elegir)<br data-start=\"1508\" data-end=\"1511\" \/>Accesorios: 1 cuchara de miel de madera de olivo hecha a mano<br data-start=\"1564\" data-end=\"1567\" \/>Embalaje: Caja de regalo resistente (reutilizable)<br data-start=\"1617\" data-end=\"1620\" \/>Origen: Yemen \u2013 apicultura tradicional en las tierras altas<br data-start=\"1673\" data-end=\"1676\" \/>Procesamiento: Crudo, filtrado en fr\u00edo, sin residuos.<br data-start=\"1724\" data-end=\"1727\" \/>Condici\u00f3n: Nuevo<br data-start=\"1739\" data-end=\"1742\" \/>Almacenamiento: Fresco, seco y protegido de la luz.<\/p>\n<hr data-start=\"1786\" data-end=\"1789\" \/>\n<h4 data-start=\"1791\" data-end=\"1824\"><span class=\"ez-toc-section\" id=\"100%E2%80%AF_Natur_%E2%80%93_0%E2%80%AF_Kompromiss\"><\/span>100 % Naturaleza \u2013 0 % Compromiso<span class=\"ez-toc-section-end\"><\/span><\/h4>\n<ul data-start=\"1826\" data-end=\"2068\">\n<li data-start=\"1826\" data-end=\"1879\">\n<p data-start=\"1828\" data-end=\"1879\">Cruda y sin filtrar: miel en su forma m\u00e1s pura<\/p>\n<\/li>\n<li data-start=\"1880\" data-end=\"1943\">\n<p data-start=\"1882\" data-end=\"1943\">Sin az\u00facar a\u00f1adido, sin saborizantes, sin conservantes.<\/p>\n<\/li>\n<li data-start=\"1944\" data-end=\"2009\">\n<p data-start=\"1946\" data-end=\"2009\">Cosecha tradicional: ahorra recursos y es respetuosa con las abejas<\/p>\n<\/li>\n<li data-start=\"2010\" data-end=\"2068\">\n<p data-start=\"2012\" data-end=\"2068\">Alto contenido de enzimas naturales y minerales.<\/p>\n<\/li>\n<\/ul>\n<hr data-start=\"2070\" data-end=\"2073\" \/>\n<h4 data-start=\"2075\" data-end=\"2121\"><span class=\"ez-toc-section\" id=\"Wahle_deine_Sorten_%E2%80%93_Fur_Vielfalt_im_Glas\"><\/span>Elige tus variedades \u2013 Para variedad en tu copa<span class=\"ez-toc-section-end\"><\/span><\/h4>\n<p data-start=\"2123\" data-end=\"2207\">La caja de regalo se puede configurar individualmente con dos de las siguientes fusiones de miel:<\/p>\n<ul data-start=\"2209\" data-end=\"2493\">\n<li data-start=\"2209\" data-end=\"2275\">\n<p data-start=\"2211\" data-end=\"2275\"><strong data-start=\"2211\" data-end=\"2225\">Miel de sidr<\/strong> \u2013 Cremoso, profundamente arom\u00e1tico con una nota de caramelo.<\/p>\n<\/li>\n<li data-start=\"2276\" data-end=\"2327\">\n<p data-start=\"2278\" data-end=\"2327\"><strong data-start=\"2278\" data-end=\"2293\">Miel de Sumur<\/strong> \u2013 Oscuro, picante y con cuerpo.<\/p>\n<\/li>\n<li data-start=\"2328\" data-end=\"2377\">\n<p data-start=\"2330\" data-end=\"2377\"><strong data-start=\"2330\" data-end=\"2345\">miel de flores<\/strong> \u2013 Ligero, floral y afrutado.<\/p>\n<\/li>\n<li data-start=\"2378\" data-end=\"2434\">\n<p data-start=\"2380\" data-end=\"2434\"><strong data-start=\"2380\" data-end=\"2403\">Miel de comino negro<\/strong> \u2013 Con aut\u00e9ntico aceite de comino negro<\/p>\n<\/li>\n<li data-start=\"2435\" data-end=\"2493\">\n<p data-start=\"2437\" data-end=\"2493\"><strong data-start=\"2437\" data-end=\"2453\">Miel de jengibre<\/strong> \u2013 Fresco, vigorizante y con un toque picante suave.<\/p>\n<\/li>\n<\/ul>\n<hr data-start=\"2495\" data-end=\"2498\" \/>\n<h4 data-start=\"2500\" data-end=\"2541\"><span class=\"ez-toc-section\" id=\"Kulinarische_Anwendung_Inspiration\"><\/span>Uso culinario e inspiraci\u00f3n<span class=\"ez-toc-section-end\"><\/span><\/h4>\n<ul data-start=\"2543\" data-end=\"2727\">\n<li data-start=\"2543\" data-end=\"2581\">\n<p data-start=\"2545\" data-end=\"2581\">En pan, panqueques o croissants<\/p>\n<\/li>\n<li data-start=\"2582\" data-end=\"2636\">\n<p data-start=\"2584\" data-end=\"2636\">Como edulcorante en t\u00e9, leche dorada o batidos.<\/p>\n<\/li>\n<li data-start=\"2637\" data-end=\"2677\">\n<p data-start=\"2639\" data-end=\"2677\">En yogur, muesli o como ingrediente para hornear.<\/p>\n<\/li>\n<li data-start=\"2678\" data-end=\"2727\">\n<p data-start=\"2680\" data-end=\"2727\">Como regalo \u2013 para gourmets y conocedores<\/p>\n<\/li>\n<\/ul>\n<hr data-start=\"2729\" data-end=\"2732\" \/>\n<h4 data-start=\"413\" data-end=\"449\"><span class=\"ez-toc-section\" id=\"Weitere_Inspiration_entdecken\"><\/span>Weitere Inspiration entdecken<span class=\"ez-toc-section-end\"><\/span><\/h4>\n<p data-start=\"450\" data-end=\"582\">Du suchst weitere besondere Produkte? Entdecke zus\u00e4tzliche Highlights in unserem Sortiment oder st\u00f6bere in unseren Partnerprojekten:<\/p>\n<ul data-start=\"584\" data-end=\"920\">\n<li data-start=\"584\" data-end=\"656\"><a href=\"https:\/\/honigbee.com\/es\/shop\/\">Weitere Naturprodukte bei Honigbee entdecken<\/a><\/li>\n<li data-start=\"657\" data-end=\"783\">\n<p data-start=\"659\" data-end=\"783\"><a href=\"https:\/\/matvana.com\/shop\/\" target=\"_blank\" rel=\"noopener\">Stilvolle Wohnideen bei Matvana ansehen<\/a><\/p>\n<\/li>\n<li data-start=\"784\" data-end=\"920\">\n<p data-start=\"786\" data-end=\"920\"><a href=\"https:\/\/saphirsmaragd.com\/shop\/\" target=\"_blank\" rel=\"noopener\">Edelsteine &amp; Schmuck bei Saphir &amp; Smaragd ansehen<\/a><\/p>\n<\/li>\n<\/ul>\n<hr data-start=\"1931\" data-end=\"1934\" \/>\n<p>Produktbilder dienen der Veranschaulichung. Verpackungsdesign kann abweichen.<\/p>","protected":false},"excerpt":{"rendered":"<p data-start=\"246\" data-end=\"470\"><em>Descubre la caja de regalo de miel cruda yemen\u00ed con 2 x 250 g: natural y sin adulterar. Incluye un cuchar\u00f3n de miel de madera de olivo. \u00a1Ahora en exclusiva!<\/em><\/p>","protected":false},"featured_media":42959,"comment_status":"open","ping_status":"closed","template":"","meta":{"_glsr_average":0,"_glsr_ranking":0,"_glsr_reviews":0},"product_brand":[],"product_cat":[795],"product_tag":[],"class_list":{"0":"post-16833","1":"product","2":"type-product","3":"status-publish","4":"has-post-thumbnail","6":"product_cat-luxusgeschenke","8":"first","9":"instock","10":"shipping-taxable","11":"purchasable","12":"product-type-variable","13":"add-to-wishlist-before_image"},"jetpack_sharing_enabled":true,"_links":{"self":[{"href":"https:\/\/honigbee.com\/es\/wp-json\/wp\/v2\/product\/16833","targetHints":{"allow":["GET"]}}],"collection":[{"href":"https:\/\/honigbee.com\/es\/wp-json\/wp\/v2\/product"}],"about":[{"href":"https:\/\/honigbee.com\/es\/wp-json\/wp\/v2\/types\/product"}],"replies":[{"embeddable":true,"href":"https:\/\/honigbee.com\/es\/wp-json\/wp\/v2\/comments?post=16833"}],"version-history":[{"count":4,"href":"https:\/\/honigbee.com\/es\/wp-json\/wp\/v2\/product\/16833\/revisions"}],"predecessor-version":[{"id":42973,"href":"https:\/\/honigbee.com\/es\/wp-json\/wp\/v2\/product\/16833\/revisions\/42973"}],"wp:featuredmedia":[{"embeddable":true,"href":"https:\/\/honigbee.com\/es\/wp-json\/wp\/v2\/media\/42959"}],"wp:attachment":[{"href":"https:\/\/honigbee.com\/es\/wp-json\/wp\/v2\/media?parent=16833"}],"wp:term":[{"taxonomy":"product_brand","embeddable":true,"href":"https:\/\/honigbee.com\/es\/wp-json\/wp\/v2\/product_brand?post=16833"},{"taxonomy":"product_cat","embeddable":true,"href":"https:\/\/honigbee.com\/es\/wp-json\/wp\/v2\/product_cat?post=16833"},{"taxonomy":"product_tag","embeddable":true,"href":"https:\/\/honigbee.com\/es\/wp-json\/wp\/v2\/product_tag?post=16833"}],"curies":[{"name":"wp","href":"https:\/\/api.w.org\/{rel}","templated":true}]}}