{"id":23523,"date":"2025-05-30T11:24:04","date_gmt":"2025-05-30T11:24:04","guid":{"rendered":"https:\/\/honigbee.com\/?post_type=product&#038;p=23523"},"modified":"2026-02-28T18:26:39","modified_gmt":"2026-02-28T18:26:39","slug":"haselnusskerne-13-15mm-1kg","status":"publish","type":"product","link":"https:\/\/honigbee.com\/es\/producto\/haselnusskerne-13-15mm-1kg\/","title":{"rendered":"1 kg Haselnusskerne 13-15mm \u2013 Nat\u00fcrlich, Knackig und Vielseitig Verwendbar"},"content":{"rendered":"<div id=\"ez-toc-container\" class=\"ez-toc-v2_0_83 counter-hierarchy ez-toc-counter ez-toc-grey ez-toc-container-direction\">\n<div class=\"ez-toc-title-container\">\n<p class=\"ez-toc-title\" style=\"cursor:inherit\">Tabla de contenido<\/p>\n<span class=\"ez-toc-title-toggle\"><a href=\"#\" class=\"ez-toc-pull-right ez-toc-btn ez-toc-btn-xs ez-toc-btn-default ez-toc-toggle\" aria-label=\"Alternar tabla de contenidos\"><span class=\"ez-toc-js-icon-con\"><span class=\"\"><span class=\"eztoc-hide\" style=\"display:none;\">Palanca<\/span><span class=\"ez-toc-icon-toggle-span\"><svg style=\"fill: #999;color:#999\" xmlns=\"http:\/\/www.w3.org\/2000\/svg\" class=\"list-377408\" width=\"20px\" height=\"20px\" viewbox=\"0 0 24 24\" fill=\"none\"><path d=\"M6 6H4v2h2V6zm14 0H8v2h12V6zM4 11h2v2H4v-2zm16 0H8v2h12v-2zM4 16h2v2H4v-2zm16 0H8v2h12v-2z\" fill=\"currentColor\"><\/path><\/svg><svg style=\"fill: #999;color:#999\" class=\"arrow-unsorted-368013\" xmlns=\"http:\/\/www.w3.org\/2000\/svg\" width=\"10px\" height=\"10px\" viewbox=\"0 0 24 24\" version=\"1.2\" baseprofile=\"tiny\"><path d=\"M18.2 9.3l-6.2-6.3-6.2 6.3c-.2.2-.3.4-.3.7s.1.5.3.7c.2.2.4.3.7.3h11c.3 0 .5-.1.7-.3.2-.2.3-.5.3-.7s-.1-.5-.3-.7zM5.8 14.7l6.2 6.3 6.2-6.3c.2-.2.3-.5.3-.7s-.1-.5-.3-.7c-.2-.2-.4-.3-.7-.3h-11c-.3 0-.5.1-.7.3-.2.2-.3.5-.3.7s.1.5.3.7z\"\/><\/svg><\/span><\/span><\/span><\/a><\/span><\/div>\n<nav><ul class='ez-toc-list ez-toc-list-level-1' ><li class='ez-toc-page-1 ez-toc-heading-level-4'><a class=\"ez-toc-link ez-toc-heading-1\" href=\"https:\/\/honigbee.com\/es\/producto\/haselnusskerne-13-15mm-1kg\/#1_kg_Haselnusskerne_13-15mm_%E2%80%93_Naturlicher_Genuss_mit_wertvollen_Nahrstoffen\" >1 kg Haselnusskerne 13-15mm \u2013 Nat\u00fcrlicher Genuss mit wertvollen N\u00e4hrstoffen<\/a><\/li><li class='ez-toc-page-1 ez-toc-heading-level-4'><a class=\"ez-toc-link ez-toc-heading-2\" href=\"https:\/\/honigbee.com\/es\/producto\/haselnusskerne-13-15mm-1kg\/#Produktvorteile\" >Ventajas del producto<\/a><\/li><li class='ez-toc-page-1 ez-toc-heading-level-4'><a class=\"ez-toc-link ez-toc-heading-3\" href=\"https:\/\/honigbee.com\/es\/producto\/haselnusskerne-13-15mm-1kg\/#Verwendung\" >usar<\/a><\/li><li class='ez-toc-page-1 ez-toc-heading-level-4'><a class=\"ez-toc-link ez-toc-heading-4\" href=\"https:\/\/honigbee.com\/es\/producto\/haselnusskerne-13-15mm-1kg\/#Qualitat_und_Frische\" >Qualit\u00e4t und Frische<\/a><\/li><li class='ez-toc-page-1 ez-toc-heading-level-4'><a class=\"ez-toc-link ez-toc-heading-5\" href=\"https:\/\/honigbee.com\/es\/producto\/haselnusskerne-13-15mm-1kg\/#Weitere_Inspiration_entdecken\" >Weitere Inspiration entdecken<\/a><\/li><\/ul><\/nav><\/div>\n<h4 data-start=\"695\" data-end=\"775\"><span class=\"ez-toc-section\" id=\"1_kg_Haselnusskerne_13-15mm_%E2%80%93_Naturlicher_Genuss_mit_wertvollen_Nahrstoffen\"><\/span>1 kg Haselnusskerne 13-15mm \u2013 Nat\u00fcrlicher Genuss mit wertvollen N\u00e4hrstoffen<span class=\"ez-toc-section-end\"><\/span><\/h4>\n<p data-start=\"777\" data-end=\"1017\">Diese hochwertigen Haselnusskerne \u00fcberzeugen durch ihren intensiven, nat\u00fcrlichen Geschmack und ihre knackige Textur. Mit einer Gr\u00f6\u00dfe von 13-15 mm eignen sie sich ideal f\u00fcr den direkten Verzehr sowie f\u00fcr vielf\u00e4ltige Anwendungen in der K\u00fcche.<\/p>\n<p data-start=\"1019\" data-end=\"1213\">Haseln\u00fcsse sind eine wertvolle Quelle f\u00fcr gesunde Fette, Ballaststoffe und wichtige Vitamine. Sie liefern nat\u00fcrliche Energie und sind eine hervorragende Erg\u00e4nzung f\u00fcr eine ausgewogene Ern\u00e4hrung.<\/p>\n<hr data-start=\"1215\" data-end=\"1218\" \/>\n<h4 data-start=\"1220\" data-end=\"1240\"><span class=\"ez-toc-section\" id=\"Produktvorteile\"><\/span>Ventajas del producto<span class=\"ez-toc-section-end\"><\/span><\/h4>\n<p data-start=\"1242\" data-end=\"1315\">Diese Haselnusskerne bieten zahlreiche ern\u00e4hrungsphysiologische Vorteile:<\/p>\n<p data-start=\"1317\" data-end=\"1589\">\u2022 Reich an Vitamin E und Antioxidantien<br data-start=\"1356\" data-end=\"1359\" \/>\u2022 Enthalten gesunde unges\u00e4ttigte Fetts\u00e4uren<br data-start=\"1402\" data-end=\"1405\" \/>\u2022 Nat\u00fcrliche Quelle f\u00fcr Ballaststoffe und Mineralstoffe<br data-start=\"1460\" data-end=\"1463\" \/>\u2022 Knackige, frische und nat\u00fcrliche Qualit\u00e4t<br data-start=\"1506\" data-end=\"1509\" \/>\u2022 Ohne k\u00fcnstliche Zusatzstoffe<br data-start=\"1539\" data-end=\"1542\" \/>\u2022 Ideal f\u00fcr bewusste und nat\u00fcrliche Ern\u00e4hrung<\/p>\n<p data-start=\"1591\" data-end=\"1691\">Sie unterst\u00fctzen eine gesunde Lebensweise und liefern wertvolle N\u00e4hrstoffe f\u00fcr den t\u00e4glichen Bedarf.<\/p>\n<hr data-start=\"1693\" data-end=\"1696\" \/>\n<h4 data-start=\"1698\" data-end=\"1713\"><span class=\"ez-toc-section\" id=\"Verwendung\"><\/span>usar<span class=\"ez-toc-section-end\"><\/span><\/h4>\n<p data-start=\"1715\" data-end=\"1761\">Die Haselnusskerne sind vielseitig einsetzbar:<\/p>\n<p data-start=\"1763\" data-end=\"2005\">\u2022 Als gesunder Snack f\u00fcr zwischendurch<br data-start=\"1801\" data-end=\"1804\" \/>\u2022 Ideal f\u00fcr M\u00fcsli, Joghurt und Smoothies<br data-start=\"1844\" data-end=\"1847\" \/>\u2022 Perfekt zum Backen von Kuchen, Keksen und Desserts<br data-start=\"1899\" data-end=\"1902\" \/>\u2022 Geeignet f\u00fcr Nussmischungen und Snacks<br data-start=\"1942\" data-end=\"1945\" \/>\u2022 Als Zutat f\u00fcr pflanzliche Ern\u00e4hrung und kreative Rezepte<\/p>\n<p data-start=\"2007\" data-end=\"2106\">Durch ihre Gr\u00f6\u00dfe und Qualit\u00e4t eignen sie sich hervorragend f\u00fcr zahlreiche kulinarische Anwendungen.<\/p>\n<hr data-start=\"2108\" data-end=\"2111\" \/>\n<h4 data-start=\"2113\" data-end=\"2138\"><span class=\"ez-toc-section\" id=\"Qualitat_und_Frische\"><\/span>Qualit\u00e4t und Frische<span class=\"ez-toc-section-end\"><\/span><\/h4>\n<p data-start=\"2140\" data-end=\"2355\">Die Haselnusskerne werden sorgf\u00e4ltig ausgew\u00e4hlt und schonend verarbeitet, um Geschmack, Frische und N\u00e4hrstoffe optimal zu erhalten. Die Verpackung sch\u00fctzt die Kerne zuverl\u00e4ssig und sorgt f\u00fcr langanhaltende Qualit\u00e4t.<\/p>\n<p data-start=\"2357\" data-end=\"2416\">Nat\u00fcrlich, vielseitig und ideal f\u00fcr eine gesunde Ern\u00e4hrung.<\/p>\n<hr data-start=\"1683\" data-end=\"1686\" \/>\n<h4 data-start=\"413\" data-end=\"449\"><span class=\"ez-toc-section\" id=\"Weitere_Inspiration_entdecken\"><\/span>Weitere Inspiration entdecken<span class=\"ez-toc-section-end\"><\/span><\/h4>\n<p data-start=\"450\" data-end=\"582\">Du suchst weitere besondere Produkte? Entdecke zus\u00e4tzliche Highlights in unserem Sortiment oder st\u00f6bere in unseren Partnerprojekten:<\/p>\n<ul data-start=\"584\" data-end=\"920\">\n<li data-start=\"584\" data-end=\"656\"><a href=\"https:\/\/honigbee.com\/es\/shop\/\">Weitere Naturprodukte bei Honigbee entdecken<\/a><\/li>\n<li data-start=\"657\" data-end=\"783\">\n<p data-start=\"659\" data-end=\"783\"><a href=\"https:\/\/matvana.com\/shop\/\" target=\"_blank\" rel=\"noopener\">Stilvolle Wohnideen bei Matvana ansehen<\/a><\/p>\n<\/li>\n<li data-start=\"784\" data-end=\"920\">\n<p data-start=\"786\" data-end=\"920\"><a href=\"https:\/\/saphirsmaragd.com\/shop\/\" target=\"_blank\" rel=\"noopener\">Edelsteine &amp; Schmuck bei Saphir &amp; Smaragd ansehen<\/a><\/p>\n<\/li>\n<\/ul>\n<hr data-start=\"1931\" data-end=\"1934\" \/>\n<p>Produktbilder dienen der Veranschaulichung. Verpackungsdesign kann abweichen.<\/p>","protected":false},"excerpt":{"rendered":"<p data-start=\"398\" data-end=\"561\"><em>1 kg Haselnusskerne 13-15mm \u2013 nat\u00fcrliche, knackige Haseln\u00fcsse reich an Vitamin E, gesunden Fetten und Ballaststoffen. Ideal f\u00fcr Snacks, Backen, M\u00fcsli und Desserts.<\/em><\/p>","protected":false},"featured_media":42345,"comment_status":"open","ping_status":"closed","template":"","meta":{"_glsr_average":0,"_glsr_ranking":0,"_glsr_reviews":0},"product_brand":[],"product_cat":[637],"product_tag":[],"class_list":{"0":"post-23523","1":"product","2":"type-product","3":"status-publish","4":"has-post-thumbnail","6":"product_cat-haselnuesse","8":"first","9":"instock","10":"shipping-taxable","11":"purchasable","12":"product-type-simple","13":"add-to-wishlist-before_image"},"jetpack_sharing_enabled":true,"_links":{"self":[{"href":"https:\/\/honigbee.com\/es\/wp-json\/wp\/v2\/product\/23523","targetHints":{"allow":["GET"]}}],"collection":[{"href":"https:\/\/honigbee.com\/es\/wp-json\/wp\/v2\/product"}],"about":[{"href":"https:\/\/honigbee.com\/es\/wp-json\/wp\/v2\/types\/product"}],"replies":[{"embeddable":true,"href":"https:\/\/honigbee.com\/es\/wp-json\/wp\/v2\/comments?post=23523"}],"version-history":[{"count":4,"href":"https:\/\/honigbee.com\/es\/wp-json\/wp\/v2\/product\/23523\/revisions"}],"predecessor-version":[{"id":42344,"href":"https:\/\/honigbee.com\/es\/wp-json\/wp\/v2\/product\/23523\/revisions\/42344"}],"wp:featuredmedia":[{"embeddable":true,"href":"https:\/\/honigbee.com\/es\/wp-json\/wp\/v2\/media\/42345"}],"wp:attachment":[{"href":"https:\/\/honigbee.com\/es\/wp-json\/wp\/v2\/media?parent=23523"}],"wp:term":[{"taxonomy":"product_brand","embeddable":true,"href":"https:\/\/honigbee.com\/es\/wp-json\/wp\/v2\/product_brand?post=23523"},{"taxonomy":"product_cat","embeddable":true,"href":"https:\/\/honigbee.com\/es\/wp-json\/wp\/v2\/product_cat?post=23523"},{"taxonomy":"product_tag","embeddable":true,"href":"https:\/\/honigbee.com\/es\/wp-json\/wp\/v2\/product_tag?post=23523"}],"curies":[{"name":"wp","href":"https:\/\/api.w.org\/{rel}","templated":true}]}}