{"id":23530,"date":"2025-05-30T11:43:56","date_gmt":"2025-05-30T11:43:56","guid":{"rendered":"https:\/\/honigbee.com\/?post_type=product&#038;p=23530"},"modified":"2026-03-09T18:00:32","modified_gmt":"2026-03-09T18:00:32","slug":"kokosnuss-scheiben-natural-500g","status":"publish","type":"product","link":"https:\/\/honigbee.com\/es\/producto\/kokosnuss-scheiben-natural-500g\/","title":{"rendered":"500g Kokosnuss Scheiben Natural \u2013 Gesunder Snack aus Sri Lanka"},"content":{"rendered":"<div id=\"ez-toc-container\" class=\"ez-toc-v2_0_83 counter-hierarchy ez-toc-counter ez-toc-grey ez-toc-container-direction\">\n<div class=\"ez-toc-title-container\">\n<p class=\"ez-toc-title\" style=\"cursor:inherit\">Table of Contents<\/p>\n<span class=\"ez-toc-title-toggle\"><a href=\"#\" class=\"ez-toc-pull-right ez-toc-btn ez-toc-btn-xs ez-toc-btn-default ez-toc-toggle\" aria-label=\"Alternar tabla de contenidos\"><span class=\"ez-toc-js-icon-con\"><span class=\"\"><span class=\"eztoc-hide\" style=\"display:none;\">Toggle<\/span><span class=\"ez-toc-icon-toggle-span\"><svg style=\"fill: #999;color:#999\" xmlns=\"http:\/\/www.w3.org\/2000\/svg\" class=\"list-377408\" width=\"20px\" height=\"20px\" viewBox=\"0 0 24 24\" fill=\"none\"><path d=\"M6 6H4v2h2V6zm14 0H8v2h12V6zM4 11h2v2H4v-2zm16 0H8v2h12v-2zM4 16h2v2H4v-2zm16 0H8v2h12v-2z\" fill=\"currentColor\"><\/path><\/svg><svg style=\"fill: #999;color:#999\" class=\"arrow-unsorted-368013\" xmlns=\"http:\/\/www.w3.org\/2000\/svg\" width=\"10px\" height=\"10px\" viewBox=\"0 0 24 24\" version=\"1.2\" baseProfile=\"tiny\"><path d=\"M18.2 9.3l-6.2-6.3-6.2 6.3c-.2.2-.3.4-.3.7s.1.5.3.7c.2.2.4.3.7.3h11c.3 0 .5-.1.7-.3.2-.2.3-.5.3-.7s-.1-.5-.3-.7zM5.8 14.7l6.2 6.3 6.2-6.3c.2-.2.3-.5.3-.7s-.1-.5-.3-.7c-.2-.2-.4-.3-.7-.3h-11c-.3 0-.5.1-.7.3-.2.2-.3.5-.3.7s.1.5.3.7z\"\/><\/svg><\/span><\/span><\/span><\/a><\/span><\/div>\n<nav><ul class='ez-toc-list ez-toc-list-level-1 ' ><li class='ez-toc-page-1 ez-toc-heading-level-4'><a class=\"ez-toc-link ez-toc-heading-1\" href=\"https:\/\/honigbee.com\/es\/producto\/kokosnuss-scheiben-natural-500g\/#Produktmerkmale\" >Produktmerkmale<\/a><\/li><li class='ez-toc-page-1 ez-toc-heading-level-4'><a class=\"ez-toc-link ez-toc-heading-2\" href=\"https:\/\/honigbee.com\/es\/producto\/kokosnuss-scheiben-natural-500g\/#Geschmack_Konsistenz\" >Geschmack &amp; Konsistenz<\/a><\/li><li class='ez-toc-page-1 ez-toc-heading-level-4'><a class=\"ez-toc-link ez-toc-heading-3\" href=\"https:\/\/honigbee.com\/es\/producto\/kokosnuss-scheiben-natural-500g\/#Verwendung\" >Verwendung<\/a><\/li><li class='ez-toc-page-1 ez-toc-heading-level-4'><a class=\"ez-toc-link ez-toc-heading-4\" href=\"https:\/\/honigbee.com\/es\/producto\/kokosnuss-scheiben-natural-500g\/#Nahrwerte_pro_100_g\" >N\u00e4hrwerte (pro 100 g)<\/a><\/li><li class='ez-toc-page-1 ez-toc-heading-level-4'><a class=\"ez-toc-link ez-toc-heading-5\" href=\"https:\/\/honigbee.com\/es\/producto\/kokosnuss-scheiben-natural-500g\/#Produktdetails\" >Produktdetails<\/a><\/li><li class='ez-toc-page-1 ez-toc-heading-level-4'><a class=\"ez-toc-link ez-toc-heading-6\" href=\"https:\/\/honigbee.com\/es\/producto\/kokosnuss-scheiben-natural-500g\/#Lagerung\" >Lagerung<\/a><\/li><li class='ez-toc-page-1 ez-toc-heading-level-4'><a class=\"ez-toc-link ez-toc-heading-7\" href=\"https:\/\/honigbee.com\/es\/producto\/kokosnuss-scheiben-natural-500g\/#Weitere_Inspiration_entdecken\" >Weitere Inspiration entdecken<\/a><\/li><\/ul><\/nav><\/div>\n<div class=\"flex flex-col text-sm pb-25\">\n<article class=\"text-token-text-primary w-full focus:outline-none [--shadow-height:45px] has-data-writing-block:pointer-events-none has-data-writing-block:-mt-(--shadow-height) has-data-writing-block:pt-(--shadow-height) [&amp;:has([data-writing-block])&gt;*]:pointer-events-auto scroll-mt-[calc(var(--header-height)+min(200px,max(70px,20svh)))]\" dir=\"auto\" tabindex=\"-1\" data-turn-id=\"request-69a0b53c-ae9c-832e-8aed-cd8f865135d5-3\" data-testid=\"conversation-turn-240\" data-scroll-anchor=\"true\" data-turn=\"assistant\">\n<div class=\"text-base my-auto mx-auto pb-10 [--thread-content-margin:var(--thread-content-margin-xs,calc(var(--spacing)*4))] @w-sm\/main:[--thread-content-margin:var(--thread-content-margin-sm,calc(var(--spacing)*6))] @w-lg\/main:[--thread-content-margin:var(--thread-content-margin-lg,calc(var(--spacing)*16))] px-(--thread-content-margin)\">\n<div class=\"[--thread-content-max-width:40rem] @w-lg\/main:[--thread-content-max-width:48rem] mx-auto max-w-(--thread-content-max-width) flex-1 group\/turn-messages focus-visible:outline-hidden relative flex w-full min-w-0 flex-col agent-turn\" tabindex=\"-1\">\n<div class=\"flex max-w-full flex-col gap-4 grow\">\n<div class=\"min-h-8 text-message relative flex w-full flex-col items-end gap-2 text-start break-words whitespace-normal [.text-message+&amp;]:mt-1\" dir=\"auto\" data-message-author-role=\"assistant\" data-message-id=\"5b5ea229-d78d-4186-8690-b27ce9113632\" data-message-model-slug=\"gpt-5-3\">\n<div class=\"flex w-full flex-col gap-1 empty:hidden\">\n<div class=\"markdown prose dark:prose-invert w-full wrap-break-word light markdown-new-styling\">\n<p data-start=\"589\" data-end=\"760\">Die <strong data-start=\"593\" data-end=\"620\">500g Kokosnuss Scheiben<\/strong> bestehen aus d\u00fcnn geschnittenem Fruchtfleisch der Kokosnuss, das schonend getrocknet wird. Dadurch bleibt das typische Kokosaroma erhalten.<\/p>\n<p data-start=\"762\" data-end=\"856\">Getrocknete Kokosnuss-Scheiben eignen sich als Snack sowie als Zutat f\u00fcr verschiedene Rezepte.<\/p>\n<hr data-start=\"858\" data-end=\"861\" \/>\n<h4 data-start=\"863\" data-end=\"883\"><span class=\"ez-toc-section\" id=\"Produktmerkmale\"><\/span>Produktmerkmale<span class=\"ez-toc-section-end\"><\/span><\/h4>\n<p data-start=\"885\" data-end=\"1064\">500g Kokosnuss Scheiben<br data-start=\"908\" data-end=\"911\" \/>Getrocknete Kokoschips<br data-start=\"933\" data-end=\"936\" \/>Herkunft: Sri Lanka<br data-start=\"955\" data-end=\"958\" \/>Vegan und glutenfrei<br data-start=\"978\" data-end=\"981\" \/>Ohne Zuckerzusatz und ohne Konservierungsstoffe<br data-start=\"1028\" data-end=\"1031\" \/>Wiederverschlie\u00dfbare Verpackung<\/p>\n<hr data-start=\"1066\" data-end=\"1069\" \/>\n<h4 data-start=\"1071\" data-end=\"1098\"><span class=\"ez-toc-section\" id=\"Geschmack_Konsistenz\"><\/span>Geschmack &amp; Konsistenz<span class=\"ez-toc-section-end\"><\/span><\/h4>\n<p data-start=\"1100\" data-end=\"1174\">Typisches Kokosaroma<br data-start=\"1120\" data-end=\"1123\" \/>Leicht s\u00fc\u00dflicher Geschmack<br data-start=\"1149\" data-end=\"1152\" \/>Knusprige Kokoschips<\/p>\n<hr data-start=\"1176\" data-end=\"1179\" \/>\n<h4 data-start=\"1181\" data-end=\"1196\"><span class=\"ez-toc-section\" id=\"Verwendung\"><\/span>Verwendung<span class=\"ez-toc-section-end\"><\/span><\/h4>\n<p data-start=\"1198\" data-end=\"1246\">Die <strong data-start=\"1202\" data-end=\"1229\">500g Kokosnuss Scheiben<\/strong> eignen sich f\u00fcr:<\/p>\n<p data-start=\"1248\" data-end=\"1372\">\u2022 Snack f\u00fcr unterwegs<br data-start=\"1269\" data-end=\"1272\" \/>\u2022 M\u00fcsli oder Porridge<br data-start=\"1293\" data-end=\"1296\" \/>\u2022 Desserts<br data-start=\"1306\" data-end=\"1309\" \/>\u2022 Backrezepte<br data-start=\"1322\" data-end=\"1325\" \/>\u2022 Kombination mit N\u00fcssen oder Trockenfr\u00fcchten<\/p>\n<hr data-start=\"1374\" data-end=\"1377\" \/>\n<h4 data-start=\"1379\" data-end=\"1405\"><span class=\"ez-toc-section\" id=\"Nahrwerte_pro_100_g\"><\/span>N\u00e4hrwerte (pro 100 g)<span class=\"ez-toc-section-end\"><\/span><\/h4>\n<p data-start=\"1407\" data-end=\"1583\">Energie: 660 kJ \/ 157,7 kcal<br data-start=\"1435\" data-end=\"1438\" \/>Fett: 64 g<br data-start=\"1448\" data-end=\"1451\" \/>davon ges\u00e4ttigte Fetts\u00e4uren: 57 g<br data-start=\"1484\" data-end=\"1487\" \/>Kohlenhydrate: 23 g<br data-start=\"1506\" data-end=\"1509\" \/>davon Zucker: 7,4 g<br data-start=\"1528\" data-end=\"1531\" \/>Eiwei\u00df: 6,9 g<br data-start=\"1544\" data-end=\"1547\" \/>Ballaststoffe: 14 g<br data-start=\"1566\" data-end=\"1569\" \/>Salz: 0,98 g<\/p>\n<hr data-start=\"1585\" data-end=\"1588\" \/>\n<h4 data-start=\"1590\" data-end=\"1609\"><span class=\"ez-toc-section\" id=\"Produktdetails\"><\/span>Produktdetails<span class=\"ez-toc-section-end\"><\/span><\/h4>\n<p data-start=\"1611\" data-end=\"1735\">Produktname: 500g Kokosnuss Scheiben<br data-start=\"1647\" data-end=\"1650\" \/>Inhalt: 500 g<br data-start=\"1663\" data-end=\"1666\" \/>Herkunft: Sri Lanka<br data-start=\"1685\" data-end=\"1688\" \/>Verarbeitung: Getrocknet<br data-start=\"1712\" data-end=\"1715\" \/>Zutaten: Kokosnuss<\/p>\n<hr data-start=\"1737\" data-end=\"1740\" \/>\n<h4 data-start=\"1742\" data-end=\"1755\"><span class=\"ez-toc-section\" id=\"Lagerung\"><\/span>Lagerung<span class=\"ez-toc-section-end\"><\/span><\/h4>\n<p data-start=\"1757\" data-end=\"1831\" data-is-last-node=\"\" data-is-only-node=\"\">Trocken, k\u00fchl und lichtgesch\u00fctzt lagern. Nach dem \u00d6ffnen gut verschlie\u00dfen.<\/p>\n<hr data-start=\"1737\" data-end=\"1740\" \/>\n<\/div>\n<\/div>\n<\/div>\n<\/div>\n<\/div>\n<div class=\"z-0 flex min-h-[46px] justify-start\">\n<h4 data-start=\"413\" data-end=\"449\"><span class=\"ez-toc-section\" id=\"Weitere_Inspiration_entdecken\"><\/span>Weitere Inspiration entdecken<span class=\"ez-toc-section-end\"><\/span><\/h4>\n<p data-start=\"450\" data-end=\"582\">Du suchst weitere besondere Produkte? Entdecke zus\u00e4tzliche Highlights in unserem Sortiment oder st\u00f6bere in unseren Partnerprojekten:<\/p>\n<ul data-start=\"584\" data-end=\"920\">\n<li data-start=\"584\" data-end=\"656\"><a href=\"https:\/\/honigbee.com\/shop\/\">Weitere Naturprodukte bei Honigbee entdecken<\/a><\/li>\n<li data-start=\"657\" data-end=\"783\">\n<p data-start=\"659\" data-end=\"783\"><a href=\"https:\/\/matvana.com\/shop\/\" target=\"_blank\" rel=\"noopener\">Stilvolle Wohnideen bei Matvana ansehen<\/a><\/p>\n<\/li>\n<li data-start=\"784\" data-end=\"920\">\n<p data-start=\"786\" data-end=\"920\"><a href=\"https:\/\/saphirsmaragd.com\/shop\/\" target=\"_blank\" rel=\"noopener\">Edelsteine &amp; Schmuck bei Saphir &amp; Smaragd ansehen<\/a><\/p>\n<\/li>\n<\/ul>\n<hr data-start=\"1931\" data-end=\"1934\" \/>\n<p>Produktbilder dienen der Veranschaulichung. Verpackungsdesign kann abweichen.<\/p>\n<\/div>\n<\/div>\n<\/article>\n<\/div>\n","protected":false},"excerpt":{"rendered":"<p data-start=\"369\" data-end=\"516\"><em>500g Kokosnuss Scheiben aus Sri Lanka. Getrocknete Kokoschips mit nat\u00fcrlichem Kokosgeschmack, ideal als Snack, f\u00fcr M\u00fcsli, Desserts und Backrezepte.<\/em><\/p>\n<p data-start=\"2800\" data-end=\"2891\">","protected":false},"featured_media":43474,"comment_status":"open","ping_status":"closed","template":"","meta":{"_glsr_average":0,"_glsr_ranking":0,"_glsr_reviews":0},"product_brand":[],"product_cat":[695],"product_tag":[],"class_list":{"0":"post-23530","1":"product","2":"type-product","3":"status-publish","4":"has-post-thumbnail","6":"product_cat-getrocknete-kokosnuss","8":"first","9":"instock","10":"shipping-taxable","11":"purchasable","12":"product-type-simple","13":"add-to-wishlist-before_image"},"jetpack_sharing_enabled":true,"_links":{"self":[{"href":"https:\/\/honigbee.com\/es\/wp-json\/wp\/v2\/product\/23530","targetHints":{"allow":["GET"]}}],"collection":[{"href":"https:\/\/honigbee.com\/es\/wp-json\/wp\/v2\/product"}],"about":[{"href":"https:\/\/honigbee.com\/es\/wp-json\/wp\/v2\/types\/product"}],"replies":[{"embeddable":true,"href":"https:\/\/honigbee.com\/es\/wp-json\/wp\/v2\/comments?post=23530"}],"version-history":[{"count":3,"href":"https:\/\/honigbee.com\/es\/wp-json\/wp\/v2\/product\/23530\/revisions"}],"predecessor-version":[{"id":43476,"href":"https:\/\/honigbee.com\/es\/wp-json\/wp\/v2\/product\/23530\/revisions\/43476"}],"wp:featuredmedia":[{"embeddable":true,"href":"https:\/\/honigbee.com\/es\/wp-json\/wp\/v2\/media\/43474"}],"wp:attachment":[{"href":"https:\/\/honigbee.com\/es\/wp-json\/wp\/v2\/media?parent=23530"}],"wp:term":[{"taxonomy":"product_brand","embeddable":true,"href":"https:\/\/honigbee.com\/es\/wp-json\/wp\/v2\/product_brand?post=23530"},{"taxonomy":"product_cat","embeddable":true,"href":"https:\/\/honigbee.com\/es\/wp-json\/wp\/v2\/product_cat?post=23530"},{"taxonomy":"product_tag","embeddable":true,"href":"https:\/\/honigbee.com\/es\/wp-json\/wp\/v2\/product_tag?post=23530"}],"curies":[{"name":"wp","href":"https:\/\/api.w.org\/{rel}","templated":true}]}}