{"id":27419,"date":"2025-07-06T13:48:47","date_gmt":"2025-07-06T13:48:47","guid":{"rendered":"https:\/\/honigbee.com\/?post_type=product&#038;p=27419"},"modified":"2026-02-28T20:04:17","modified_gmt":"2026-02-28T20:04:17","slug":"panettone-klassisch-750g","status":"publish","type":"product","link":"https:\/\/honigbee.com\/es\/producto\/panettone-klassisch-750g\/","title":{"rendered":"750g Panettone klassisch \u2013 Italienischer Hefekuchen mit Rosinen und kandierten Fr\u00fcchten"},"content":{"rendered":"<div id=\"ez-toc-container\" class=\"ez-toc-v2_0_83 counter-hierarchy ez-toc-counter ez-toc-grey ez-toc-container-direction\">\n<div class=\"ez-toc-title-container\">\n<p class=\"ez-toc-title\" style=\"cursor:inherit\">Tabla de contenido<\/p>\n<span class=\"ez-toc-title-toggle\"><a href=\"#\" class=\"ez-toc-pull-right ez-toc-btn ez-toc-btn-xs ez-toc-btn-default ez-toc-toggle\" aria-label=\"Alternar tabla de contenidos\"><span class=\"ez-toc-js-icon-con\"><span class=\"\"><span class=\"eztoc-hide\" style=\"display:none;\">Palanca<\/span><span class=\"ez-toc-icon-toggle-span\"><svg style=\"fill: #999;color:#999\" xmlns=\"http:\/\/www.w3.org\/2000\/svg\" class=\"list-377408\" width=\"20px\" height=\"20px\" viewbox=\"0 0 24 24\" fill=\"none\"><path d=\"M6 6H4v2h2V6zm14 0H8v2h12V6zM4 11h2v2H4v-2zm16 0H8v2h12v-2zM4 16h2v2H4v-2zm16 0H8v2h12v-2z\" fill=\"currentColor\"><\/path><\/svg><svg style=\"fill: #999;color:#999\" class=\"arrow-unsorted-368013\" xmlns=\"http:\/\/www.w3.org\/2000\/svg\" width=\"10px\" height=\"10px\" viewbox=\"0 0 24 24\" version=\"1.2\" baseprofile=\"tiny\"><path d=\"M18.2 9.3l-6.2-6.3-6.2 6.3c-.2.2-.3.4-.3.7s.1.5.3.7c.2.2.4.3.7.3h11c.3 0 .5-.1.7-.3.2-.2.3-.5.3-.7s-.1-.5-.3-.7zM5.8 14.7l6.2 6.3 6.2-6.3c.2-.2.3-.5.3-.7s-.1-.5-.3-.7c-.2-.2-.4-.3-.7-.3h-11c-.3 0-.5.1-.7.3-.2.2-.3.5-.3.7s.1.5.3.7z\"\/><\/svg><\/span><\/span><\/span><\/a><\/span><\/div>\n<nav><ul class='ez-toc-list ez-toc-list-level-1' ><li class='ez-toc-page-1 ez-toc-heading-level-4'><a class=\"ez-toc-link ez-toc-heading-1\" href=\"https:\/\/honigbee.com\/es\/producto\/panettone-klassisch-750g\/#Produktmerkmale\" >Caracter\u00edsticas del producto<\/a><\/li><li class='ez-toc-page-1 ez-toc-heading-level-4'><a class=\"ez-toc-link ez-toc-heading-2\" href=\"https:\/\/honigbee.com\/es\/producto\/panettone-klassisch-750g\/#Geschmack_Konsistenz\" >Sabor y consistencia<\/a><\/li><li class='ez-toc-page-1 ez-toc-heading-level-4'><a class=\"ez-toc-link ez-toc-heading-3\" href=\"https:\/\/honigbee.com\/es\/producto\/panettone-klassisch-750g\/#Verwendung\" >usar<\/a><\/li><li class='ez-toc-page-1 ez-toc-heading-level-4'><a class=\"ez-toc-link ez-toc-heading-4\" href=\"https:\/\/honigbee.com\/es\/producto\/panettone-klassisch-750g\/#Produktdetails\" >Detalles del producto<\/a><\/li><li class='ez-toc-page-1 ez-toc-heading-level-4'><a class=\"ez-toc-link ez-toc-heading-5\" href=\"https:\/\/honigbee.com\/es\/producto\/panettone-klassisch-750g\/#Lagerung\" >almacenamiento<\/a><\/li><li class='ez-toc-page-1 ez-toc-heading-level-4'><a class=\"ez-toc-link ez-toc-heading-6\" href=\"https:\/\/honigbee.com\/es\/producto\/panettone-klassisch-750g\/#Weitere_Inspiration_entdecken\" >Weitere Inspiration entdecken<\/a><\/li><\/ul><\/nav><\/div>\n<p data-start=\"793\" data-end=\"982\">El <strong data-start=\"797\" data-end=\"825\">750g Panettone klassisch<\/strong> ist ein traditioneller italienischer Hefekuchen mit lockerer Teigstruktur. Der Teig enth\u00e4lt Rosinen sowie kandierte Zitrusfr\u00fcchte wie Orangeat und Zitronat.<\/p>\n<p data-start=\"984\" data-end=\"1087\">Die Kombination aus s\u00fc\u00dfem Hefeteig und fruchtigen Einlagen sorgt f\u00fcr ein ausgewogenes Geschmacksprofil.<\/p>\n<hr data-start=\"1089\" data-end=\"1092\" \/>\n<h4 data-start=\"1094\" data-end=\"1114\"><span class=\"ez-toc-section\" id=\"Produktmerkmale\"><\/span>Caracter\u00edsticas del producto<span class=\"ez-toc-section-end\"><\/span><\/h4>\n<p data-start=\"1116\" data-end=\"1265\">750g Panettone klassisch<br data-start=\"1140\" data-end=\"1143\" \/>Luftiger Hefeteig<br data-start=\"1160\" data-end=\"1163\" \/>Mit Rosinen<br data-start=\"1174\" data-end=\"1177\" \/>Mit kandierten Zitrusfr\u00fcchten<br data-start=\"1206\" data-end=\"1209\" \/>Italienisches Traditionsgeb\u00e4ck<br data-start=\"1239\" data-end=\"1242\" \/>Dekorative Verpackung<\/p>\n<hr data-start=\"1267\" data-end=\"1270\" \/>\n<h4 data-start=\"1272\" data-end=\"1299\"><span class=\"ez-toc-section\" id=\"Geschmack_Konsistenz\"><\/span>Sabor y consistencia<span class=\"ez-toc-section-end\"><\/span><\/h4>\n<p data-start=\"1301\" data-end=\"1380\">Locker und weich<br data-start=\"1317\" data-end=\"1320\" \/>S\u00fc\u00dfe Rosinennote<br data-start=\"1336\" data-end=\"1339\" \/>Fruchtige Zitrusaromen<br data-start=\"1361\" data-end=\"1364\" \/>Saftige Textur<\/p>\n<hr data-start=\"1382\" data-end=\"1385\" \/>\n<h4 data-start=\"1387\" data-end=\"1402\"><span class=\"ez-toc-section\" id=\"Verwendung\"><\/span>usar<span class=\"ez-toc-section-end\"><\/span><\/h4>\n<p data-start=\"1455\" data-end=\"1530\">\u2022 Weihnachtszeit<br data-start=\"1471\" data-end=\"1474\" \/>\u2022 Als Dessert<br data-start=\"1487\" data-end=\"1490\" \/>\u2022 Zum Kaffee oder Tee<br data-start=\"1511\" data-end=\"1514\" \/>\u2022 Als Geschenk<\/p>\n<p data-start=\"1532\" data-end=\"1580\">Servierfertig \u2013 direkt anschneiden und genie\u00dfen.<\/p>\n<hr data-start=\"1582\" data-end=\"1585\" \/>\n<h4 data-start=\"1587\" data-end=\"1606\"><span class=\"ez-toc-section\" id=\"Produktdetails\"><\/span>Detalles del producto<span class=\"ez-toc-section-end\"><\/span><\/h4>\n<p data-start=\"1608\" data-end=\"1789\">Produktname: 750g Panettone klassisch<br data-start=\"1645\" data-end=\"1648\" \/>Inhalt: 750 g<br data-start=\"1661\" data-end=\"1664\" \/>Geb\u00e4ckart: Hefekuchen<br data-start=\"1685\" data-end=\"1688\" \/>Bestandteile: Rosinen, kandierte Zitrusfr\u00fcchte<br data-start=\"1734\" data-end=\"1737\" \/>Origen: Italia<br data-start=\"1754\" data-end=\"1757\" \/>Verpackung: Geschenkverpackung<\/p>\n<hr data-start=\"1791\" data-end=\"1794\" \/>\n<h4 data-start=\"1796\" data-end=\"1809\"><span class=\"ez-toc-section\" id=\"Lagerung\"><\/span>almacenamiento<span class=\"ez-toc-section-end\"><\/span><\/h4>\n<p data-start=\"1811\" data-end=\"1913\">Trocken, k\u00fchl und lichtgesch\u00fctzt lagern. Nach dem \u00d6ffnen luftdicht verschlie\u00dfen und zeitnah verzehren.<\/p>\n<hr data-start=\"1683\" data-end=\"1686\" \/>\n<h4 data-start=\"413\" data-end=\"449\"><span class=\"ez-toc-section\" id=\"Weitere_Inspiration_entdecken\"><\/span>Weitere Inspiration entdecken<span class=\"ez-toc-section-end\"><\/span><\/h4>\n<p data-start=\"450\" data-end=\"582\">Du suchst weitere besondere Produkte? Entdecke zus\u00e4tzliche Highlights in unserem Sortiment oder st\u00f6bere in unseren Partnerprojekten:<\/p>\n<ul data-start=\"584\" data-end=\"920\">\n<li data-start=\"584\" data-end=\"656\"><a href=\"https:\/\/honigbee.com\/es\/shop\/\">Weitere Naturprodukte bei Honigbee entdecken<\/a><\/li>\n<li data-start=\"657\" data-end=\"783\">\n<p data-start=\"659\" data-end=\"783\"><a href=\"https:\/\/matvana.com\/shop\/\" target=\"_blank\" rel=\"noopener\">Stilvolle Wohnideen bei Matvana ansehen<\/a><\/p>\n<\/li>\n<li data-start=\"784\" data-end=\"920\">\n<p data-start=\"786\" data-end=\"920\"><a href=\"https:\/\/saphirsmaragd.com\/shop\/\" target=\"_blank\" rel=\"noopener\">Edelsteine &amp; Schmuck bei Saphir &amp; Smaragd ansehen<\/a><\/p>\n<\/li>\n<\/ul>\n<hr data-start=\"1931\" data-end=\"1934\" \/>\n<p>Produktbilder dienen der Veranschaulichung. Verpackungsdesign kann abweichen.<\/p>","protected":false},"excerpt":{"rendered":"<p data-start=\"545\" data-end=\"695\"><em>750g Panettone klassisch mit Rosinen und kandierten Zitrusfr\u00fcchten. Traditioneller italienischer Hefekuchen f\u00fcr Weihnachtszeit oder besondere Anl\u00e4sse.<\/em><\/p>","protected":false},"featured_media":43291,"comment_status":"open","ping_status":"closed","template":"","meta":{"_glsr_average":0,"_glsr_ranking":0,"_glsr_reviews":0},"product_brand":[],"product_cat":[1303],"product_tag":[],"class_list":{"0":"post-27419","1":"product","2":"type-product","3":"status-publish","4":"has-post-thumbnail","6":"product_cat-gebaeck-und-kuchen","8":"first","9":"instock","10":"featured","11":"shipping-taxable","12":"purchasable","13":"product-type-simple","14":"add-to-wishlist-before_image"},"jetpack_sharing_enabled":true,"_links":{"self":[{"href":"https:\/\/honigbee.com\/es\/wp-json\/wp\/v2\/product\/27419","targetHints":{"allow":["GET"]}}],"collection":[{"href":"https:\/\/honigbee.com\/es\/wp-json\/wp\/v2\/product"}],"about":[{"href":"https:\/\/honigbee.com\/es\/wp-json\/wp\/v2\/types\/product"}],"replies":[{"embeddable":true,"href":"https:\/\/honigbee.com\/es\/wp-json\/wp\/v2\/comments?post=27419"}],"version-history":[{"count":3,"href":"https:\/\/honigbee.com\/es\/wp-json\/wp\/v2\/product\/27419\/revisions"}],"predecessor-version":[{"id":43294,"href":"https:\/\/honigbee.com\/es\/wp-json\/wp\/v2\/product\/27419\/revisions\/43294"}],"wp:featuredmedia":[{"embeddable":true,"href":"https:\/\/honigbee.com\/es\/wp-json\/wp\/v2\/media\/43291"}],"wp:attachment":[{"href":"https:\/\/honigbee.com\/es\/wp-json\/wp\/v2\/media?parent=27419"}],"wp:term":[{"taxonomy":"product_brand","embeddable":true,"href":"https:\/\/honigbee.com\/es\/wp-json\/wp\/v2\/product_brand?post=27419"},{"taxonomy":"product_cat","embeddable":true,"href":"https:\/\/honigbee.com\/es\/wp-json\/wp\/v2\/product_cat?post=27419"},{"taxonomy":"product_tag","embeddable":true,"href":"https:\/\/honigbee.com\/es\/wp-json\/wp\/v2\/product_tag?post=27419"}],"curies":[{"name":"wp","href":"https:\/\/api.w.org\/{rel}","templated":true}]}}