{"id":23429,"date":"2025-05-29T14:15:15","date_gmt":"2025-05-29T14:15:15","guid":{"rendered":"https:\/\/honigbee.com\/?post_type=product&#038;p=23429"},"modified":"2026-02-28T18:30:44","modified_gmt":"2026-02-28T18:30:44","slug":"500g-mandeln-in-vollmilchschokolade-und-zimt","status":"publish","type":"product","link":"https:\/\/honigbee.com\/et\/toode\/500g-mandeln-in-vollmilchschokolade-und-zimt\/","title":{"rendered":"500g Mandeln in Vollmilchschokolade und Zimt \u2013 K\u00f6stlicher Snack mit W\u00fcrze"},"content":{"rendered":"<div id=\"ez-toc-container\" class=\"ez-toc-v2_0_83 counter-hierarchy ez-toc-counter ez-toc-grey ez-toc-container-direction\">\n<div class=\"ez-toc-title-container\">\n<p class=\"ez-toc-title\" style=\"cursor:inherit\">Sisukord<\/p>\n<span class=\"ez-toc-title-toggle\"><a href=\"#\" class=\"ez-toc-pull-right ez-toc-btn ez-toc-btn-xs ez-toc-btn-default ez-toc-toggle\" aria-label=\"Sisukorra kuvamine\/peitmine\"><span class=\"ez-toc-js-icon-con\"><span class=\"\"><span class=\"eztoc-hide\" style=\"display:none;\">L\u00fclitage sisse\/v\u00e4lja<\/span><span class=\"ez-toc-icon-toggle-span\"><svg style=\"fill: #999;color:#999\" xmlns=\"http:\/\/www.w3.org\/2000\/svg\" class=\"list-377408\" width=\"20px\" height=\"20px\" viewbox=\"0 0 24 24\" fill=\"none\"><path d=\"M6 6H4v2h2V6zm14 0H8v2h12V6zM4 11h2v2H4v-2zm16 0H8v2h12v-2zM4 16h2v2H4v-2zm16 0H8v2h12v-2z\" fill=\"currentColor\"><\/path><\/svg><svg style=\"fill: #999;color:#999\" class=\"arrow-unsorted-368013\" xmlns=\"http:\/\/www.w3.org\/2000\/svg\" width=\"10px\" height=\"10px\" viewbox=\"0 0 24 24\" version=\"1.2\" baseprofile=\"tiny\"><path d=\"M18.2 9.3l-6.2-6.3-6.2 6.3c-.2.2-.3.4-.3.7s.1.5.3.7c.2.2.4.3.7.3h11c.3 0 .5-.1.7-.3.2-.2.3-.5.3-.7s-.1-.5-.3-.7zM5.8 14.7l6.2 6.3 6.2-6.3c.2-.2.3-.5.3-.7s-.1-.5-.3-.7c-.2-.2-.4-.3-.7-.3h-11c-.3 0-.5.1-.7.3-.2.2-.3.5-.3.7s.1.5.3.7z\"\/><\/svg><\/span><\/span><\/span><\/a><\/span><\/div>\n<nav><ul class='ez-toc-list ez-toc-list-level-1' ><li class='ez-toc-page-1 ez-toc-heading-level-4'><a class=\"ez-toc-link ez-toc-heading-1\" href=\"https:\/\/honigbee.com\/et\/toode\/500g-mandeln-in-vollmilchschokolade-und-zimt\/#Herkunft_Qualitat\" >P\u00e4ritolu ja kvaliteet<\/a><\/li><li class='ez-toc-page-1 ez-toc-heading-level-4'><a class=\"ez-toc-link ez-toc-heading-2\" href=\"https:\/\/honigbee.com\/et\/toode\/500g-mandeln-in-vollmilchschokolade-und-zimt\/#Geschmack_Textur\" >Maitse ja tekstuur<\/a><\/li><li class='ez-toc-page-1 ez-toc-heading-level-4'><a class=\"ez-toc-link ez-toc-heading-3\" href=\"https:\/\/honigbee.com\/et\/toode\/500g-mandeln-in-vollmilchschokolade-und-zimt\/#Nahrwerte_Vorteile\" >N\u00e4hrwerte &amp; Vorteile<\/a><\/li><li class='ez-toc-page-1 ez-toc-heading-level-4'><a class=\"ez-toc-link ez-toc-heading-4\" href=\"https:\/\/honigbee.com\/et\/toode\/500g-mandeln-in-vollmilchschokolade-und-zimt\/#Vielseitige_Verwendung\" >Vielseitige Verwendung<\/a><\/li><li class='ez-toc-page-1 ez-toc-heading-level-4'><a class=\"ez-toc-link ez-toc-heading-5\" href=\"https:\/\/honigbee.com\/et\/toode\/500g-mandeln-in-vollmilchschokolade-und-zimt\/#Nahrwerte_pro_100g\" >N\u00e4hrwerte pro 100g<\/a><\/li><li class='ez-toc-page-1 ez-toc-heading-level-4'><a class=\"ez-toc-link ez-toc-heading-6\" href=\"https:\/\/honigbee.com\/et\/toode\/500g-mandeln-in-vollmilchschokolade-und-zimt\/#Lagerung_Frische\" >Lagerung &amp; Frische<\/a><\/li><li class='ez-toc-page-1 ez-toc-heading-level-4'><a class=\"ez-toc-link ez-toc-heading-7\" href=\"https:\/\/honigbee.com\/et\/toode\/500g-mandeln-in-vollmilchschokolade-und-zimt\/#Weitere_Inspiration_entdecken\" >Weitere Inspiration entdecken<\/a><\/li><\/ul><\/nav><\/div>\n<p data-start=\"842\" data-end=\"1135\">Mandeln in Vollmilchschokolade und Zimt 500g sind ein hochwertiger Snack mit perfekter Kombination aus knusprigen Mandeln, cremiger Vollmilchschokolade und aromatischem Zimt. Diese ausgewogene Mischung bietet ein intensives Geschmackserlebnis und eignet sich ideal f\u00fcr besondere Genussmomente.<\/p>\n<hr data-start=\"1137\" data-end=\"1140\" \/>\n<h4 data-start=\"1142\" data-end=\"1168\"><span class=\"ez-toc-section\" id=\"Herkunft_Qualitat\"><\/span>P\u00e4ritolu ja kvaliteet<span class=\"ez-toc-section-end\"><\/span><\/h4>\n<p data-start=\"1170\" data-end=\"1419\">Mandeln in Vollmilchschokolade und Zimt 500g werden aus sorgf\u00e4ltig ausgew\u00e4hlten Mandeln hergestellt und mit hochwertiger Vollmilchschokolade sowie feinem Zimt veredelt. Die schonende Verarbeitung sorgt f\u00fcr optimale Qualit\u00e4t und intensiven Geschmack.<\/p>\n<hr data-start=\"1421\" data-end=\"1424\" \/>\n<h4 data-start=\"1426\" data-end=\"1451\"><span class=\"ez-toc-section\" id=\"Geschmack_Textur\"><\/span>Maitse ja tekstuur<span class=\"ez-toc-section-end\"><\/span><\/h4>\n<p data-start=\"1453\" data-end=\"1721\">Mandeln in Vollmilchschokolade und Zimt 500g zeichnen sich durch ihre knusprige Konsistenz und ihren s\u00fc\u00dfen, cremigen Geschmack mit feiner, aromatischer Zimtnote aus. Die Kombination aus knackigem Kern und zarter Ummantelung sorgt f\u00fcr ein besonderes Geschmackserlebnis.<\/p>\n<hr data-start=\"1723\" data-end=\"1726\" \/>\n<h4 data-start=\"1728\" data-end=\"1755\"><span class=\"ez-toc-section\" id=\"Nahrwerte_Vorteile\"><\/span>N\u00e4hrwerte &amp; Vorteile<span class=\"ez-toc-section-end\"><\/span><\/h4>\n<p data-start=\"1757\" data-end=\"1861\">Mandeln in Vollmilchschokolade und Zimt 500g bieten verschiedene ern\u00e4hrungsphysiologische Eigenschaften:<\/p>\n<ul data-start=\"1863\" data-end=\"2047\">\n<li data-start=\"1863\" data-end=\"1896\">\n<p data-start=\"1865\" data-end=\"1896\">Enthalten pflanzliches Eiwei\u00df<\/p>\n<\/li>\n<li data-start=\"1897\" data-end=\"1925\">\n<p data-start=\"1899\" data-end=\"1925\">Liefert schnelle Energie<\/p>\n<\/li>\n<li data-start=\"1926\" data-end=\"1981\">\n<p data-start=\"1928\" data-end=\"1981\">Kombination aus gesunden Fetten und s\u00fc\u00dfem Geschmack<\/p>\n<\/li>\n<li data-start=\"1982\" data-end=\"2007\">\n<p data-start=\"1984\" data-end=\"2007\">Ideal als s\u00fc\u00dfer Snack<\/p>\n<\/li>\n<li data-start=\"2008\" data-end=\"2047\">\n<p data-start=\"2010\" data-end=\"2047\">Perfekt f\u00fcr besondere Genussmomente<\/p>\n<\/li>\n<\/ul>\n<hr data-start=\"2049\" data-end=\"2052\" \/>\n<h4 data-start=\"2054\" data-end=\"2083\"><span class=\"ez-toc-section\" id=\"Vielseitige_Verwendung\"><\/span>Vielseitige Verwendung<span class=\"ez-toc-section-end\"><\/span><\/h4>\n<p data-start=\"2085\" data-end=\"2177\">Mandeln in Vollmilchschokolade und Zimt 500g eignen sich ideal f\u00fcr verschiedene Anwendungen:<\/p>\n<ul data-start=\"2179\" data-end=\"2323\">\n<li data-start=\"2179\" data-end=\"2216\">\n<p data-start=\"2181\" data-end=\"2216\">Als s\u00fc\u00dfer Snack f\u00fcr zwischendurch<\/p>\n<\/li>\n<li data-start=\"2217\" data-end=\"2246\">\n<p data-start=\"2219\" data-end=\"2246\">Als Erg\u00e4nzung zu Desserts<\/p>\n<\/li>\n<li data-start=\"2247\" data-end=\"2288\">\n<p data-start=\"2249\" data-end=\"2288\">Zum Servieren bei besonderen Anl\u00e4ssen<\/p>\n<\/li>\n<li data-start=\"2289\" data-end=\"2323\">\n<p data-start=\"2291\" data-end=\"2323\">Als Genuss zum Kaffee oder Tee<\/p>\n<\/li>\n<\/ul>\n<hr data-start=\"2325\" data-end=\"2328\" \/>\n<h4 data-start=\"2330\" data-end=\"2355\"><span class=\"ez-toc-section\" id=\"Nahrwerte_pro_100g\"><\/span>N\u00e4hrwerte pro 100g<span class=\"ez-toc-section-end\"><\/span><\/h4>\n<ul data-start=\"2357\" data-end=\"2511\">\n<li data-start=\"2357\" data-end=\"2378\">\n<p data-start=\"2359\" data-end=\"2378\">Energie: 575 kcal<\/p>\n<\/li>\n<li data-start=\"2379\" data-end=\"2393\">\n<p data-start=\"2381\" data-end=\"2393\">Fett: 39 g<\/p>\n<\/li>\n<li data-start=\"2394\" data-end=\"2431\">\n<p data-start=\"2396\" data-end=\"2431\">davon ges\u00e4ttigte Fetts\u00e4uren: 17 g<\/p>\n<\/li>\n<li data-start=\"2432\" data-end=\"2455\">\n<p data-start=\"2434\" data-end=\"2455\">Kohlenhydrate: 44 g<\/p>\n<\/li>\n<li data-start=\"2456\" data-end=\"2478\">\n<p data-start=\"2458\" data-end=\"2478\">davon Zucker: 40 g<\/p>\n<\/li>\n<li data-start=\"2479\" data-end=\"2495\">\n<p data-start=\"2481\" data-end=\"2495\">Eiwei\u00df: 11 g<\/p>\n<\/li>\n<li data-start=\"2496\" data-end=\"2511\">\n<p data-start=\"2498\" data-end=\"2511\">Salz: 0.2 g<\/p>\n<\/li>\n<\/ul>\n<hr data-start=\"2513\" data-end=\"2516\" \/>\n<h4 data-start=\"2518\" data-end=\"2543\"><span class=\"ez-toc-section\" id=\"Lagerung_Frische\"><\/span>Lagerung &amp; Frische<span class=\"ez-toc-section-end\"><\/span><\/h4>\n<p data-start=\"2545\" data-end=\"2683\">Lagern Sie Mandeln in Vollmilchschokolade und Zimt 500g k\u00fchl, trocken und lichtgesch\u00fctzt, um Frische und Qualit\u00e4t langfristig zu erhalten.<\/p>\n<hr data-start=\"1683\" data-end=\"1686\" \/>\n<h4 data-start=\"413\" data-end=\"449\"><span class=\"ez-toc-section\" id=\"Weitere_Inspiration_entdecken\"><\/span>Weitere Inspiration entdecken<span class=\"ez-toc-section-end\"><\/span><\/h4>\n<p data-start=\"450\" data-end=\"582\">Du suchst weitere besondere Produkte? Entdecke zus\u00e4tzliche Highlights in unserem Sortiment oder st\u00f6bere in unseren Partnerprojekten:<\/p>\n<ul data-start=\"584\" data-end=\"920\">\n<li data-start=\"584\" data-end=\"656\"><a href=\"https:\/\/honigbee.com\/et\/shop\/\">Weitere Naturprodukte bei Honigbee entdecken<\/a><\/li>\n<li data-start=\"657\" data-end=\"783\">\n<p data-start=\"659\" data-end=\"783\"><a href=\"https:\/\/matvana.com\/shop\/\" target=\"_blank\" rel=\"noopener\">Stilvolle Wohnideen bei Matvana ansehen<\/a><\/p>\n<\/li>\n<li data-start=\"784\" data-end=\"920\">\n<p data-start=\"786\" data-end=\"920\"><a href=\"https:\/\/saphirsmaragd.com\/shop\/\" target=\"_blank\" rel=\"noopener\">Edelsteine &amp; Schmuck bei Saphir &amp; Smaragd ansehen<\/a><\/p>\n<\/li>\n<\/ul>\n<hr data-start=\"1931\" data-end=\"1934\" \/>\n<p>Produktbilder dienen der Veranschaulichung. Verpackungsdesign kann abweichen.<\/p>","protected":false},"excerpt":{"rendered":"<p data-start=\"418\" data-end=\"574\"><em>Mandeln in Vollmilchschokolade und Zimt 500g bieten knusprige Mandeln, cremige Schokolade und feine Zimtnote. Premium Snack f\u00fcr besondere Genussmomente.<\/em><\/p>","protected":false},"featured_media":42404,"comment_status":"open","ping_status":"closed","template":"","meta":{"_glsr_average":0,"_glsr_ranking":0,"_glsr_reviews":0},"product_brand":[],"product_cat":[633],"product_tag":[],"class_list":{"0":"post-23429","1":"product","2":"type-product","3":"status-publish","4":"has-post-thumbnail","6":"product_cat-mandeln","8":"first","9":"instock","10":"shipping-taxable","11":"purchasable","12":"product-type-simple","13":"add-to-wishlist-before_image"},"jetpack_sharing_enabled":true,"_links":{"self":[{"href":"https:\/\/honigbee.com\/et\/wp-json\/wp\/v2\/product\/23429","targetHints":{"allow":["GET"]}}],"collection":[{"href":"https:\/\/honigbee.com\/et\/wp-json\/wp\/v2\/product"}],"about":[{"href":"https:\/\/honigbee.com\/et\/wp-json\/wp\/v2\/types\/product"}],"replies":[{"embeddable":true,"href":"https:\/\/honigbee.com\/et\/wp-json\/wp\/v2\/comments?post=23429"}],"version-history":[{"count":4,"href":"https:\/\/honigbee.com\/et\/wp-json\/wp\/v2\/product\/23429\/revisions"}],"predecessor-version":[{"id":43178,"href":"https:\/\/honigbee.com\/et\/wp-json\/wp\/v2\/product\/23429\/revisions\/43178"}],"wp:featuredmedia":[{"embeddable":true,"href":"https:\/\/honigbee.com\/et\/wp-json\/wp\/v2\/media\/42404"}],"wp:attachment":[{"href":"https:\/\/honigbee.com\/et\/wp-json\/wp\/v2\/media?parent=23429"}],"wp:term":[{"taxonomy":"product_brand","embeddable":true,"href":"https:\/\/honigbee.com\/et\/wp-json\/wp\/v2\/product_brand?post=23429"},{"taxonomy":"product_cat","embeddable":true,"href":"https:\/\/honigbee.com\/et\/wp-json\/wp\/v2\/product_cat?post=23429"},{"taxonomy":"product_tag","embeddable":true,"href":"https:\/\/honigbee.com\/et\/wp-json\/wp\/v2\/product_tag?post=23429"}],"curies":[{"name":"t\u00f6\u00f6leht","href":"https:\/\/api.w.org\/{rel}","templated":true}]}}