{"id":30372,"date":"2025-09-07T09:59:09","date_gmt":"2025-09-07T09:59:09","guid":{"rendered":"https:\/\/honigbee.com\/?post_type=product&#038;p=30372"},"modified":"2026-03-16T19:39:49","modified_gmt":"2026-03-16T19:39:49","slug":"rosa-honig-aus-russland-500g","status":"publish","type":"product","link":"https:\/\/honigbee.com\/et\/toode\/rosa-honig-aus-russland-500g\/","title":{"rendered":"500 g roosat mett Venemaalt \u2013 haruldane delikatess maheda aroomiga"},"content":{"rendered":"<div id=\"ez-toc-container\" class=\"ez-toc-v2_0_83 counter-hierarchy ez-toc-counter ez-toc-grey ez-toc-container-direction\">\n<div class=\"ez-toc-title-container\">\n<p class=\"ez-toc-title\" style=\"cursor:inherit\">Sisukord<\/p>\n<span class=\"ez-toc-title-toggle\"><a href=\"#\" class=\"ez-toc-pull-right ez-toc-btn ez-toc-btn-xs ez-toc-btn-default ez-toc-toggle\" aria-label=\"Sisukorra kuvamine\/peitmine\"><span class=\"ez-toc-js-icon-con\"><span class=\"\"><span class=\"eztoc-hide\" style=\"display:none;\">L\u00fclitage sisse\/v\u00e4lja<\/span><span class=\"ez-toc-icon-toggle-span\"><svg style=\"fill: #999;color:#999\" xmlns=\"http:\/\/www.w3.org\/2000\/svg\" class=\"list-377408\" width=\"20px\" height=\"20px\" viewbox=\"0 0 24 24\" fill=\"none\"><path d=\"M6 6H4v2h2V6zm14 0H8v2h12V6zM4 11h2v2H4v-2zm16 0H8v2h12v-2zM4 16h2v2H4v-2zm16 0H8v2h12v-2z\" fill=\"currentColor\"><\/path><\/svg><svg style=\"fill: #999;color:#999\" class=\"arrow-unsorted-368013\" xmlns=\"http:\/\/www.w3.org\/2000\/svg\" width=\"10px\" height=\"10px\" viewbox=\"0 0 24 24\" version=\"1.2\" baseprofile=\"tiny\"><path d=\"M18.2 9.3l-6.2-6.3-6.2 6.3c-.2.2-.3.4-.3.7s.1.5.3.7c.2.2.4.3.7.3h11c.3 0 .5-.1.7-.3.2-.2.3-.5.3-.7s-.1-.5-.3-.7zM5.8 14.7l6.2 6.3 6.2-6.3c.2-.2.3-.5.3-.7s-.1-.5-.3-.7c-.2-.2-.4-.3-.7-.3h-11c-.3 0-.5.1-.7.3-.2.2-.3.5-.3.7s.1.5.3.7z\"\/><\/svg><\/span><\/span><\/span><\/a><\/span><\/div>\n<nav><ul class='ez-toc-list ez-toc-list-level-1' ><li class='ez-toc-page-1 ez-toc-heading-level-4'><a class=\"ez-toc-link ez-toc-heading-1\" href=\"https:\/\/honigbee.com\/et\/toode\/rosa-honig-aus-russland-500g\/#500_g_Rosa_Honig_aus_Russland_%E2%80%93_ausergewohnlich_und_edel\" >500 g Rosa Honig aus Russland \u2013 au\u00dfergew\u00f6hnlich und edel<\/a><\/li><li class='ez-toc-page-1 ez-toc-heading-level-4'><a class=\"ez-toc-link ez-toc-heading-2\" href=\"https:\/\/honigbee.com\/et\/toode\/rosa-honig-aus-russland-500g\/#Merkmale_Herkunft\" >Omadused ja p\u00e4ritolu<\/a><\/li><li class='ez-toc-page-1 ez-toc-heading-level-4'><a class=\"ez-toc-link ez-toc-heading-3\" href=\"https:\/\/honigbee.com\/et\/toode\/rosa-honig-aus-russland-500g\/#Besonderheiten\" >Erifunktsioonid<\/a><\/li><li class='ez-toc-page-1 ez-toc-heading-level-4'><a class=\"ez-toc-link ez-toc-heading-4\" href=\"https:\/\/honigbee.com\/et\/toode\/rosa-honig-aus-russland-500g\/#Weitere_Inspiration_entdecken\" >Weitere Inspiration entdecken<\/a><\/li><\/ul><\/nav><\/div>\n<h4 data-start=\"839\" data-end=\"902\"><span class=\"ez-toc-section\" id=\"500_g_Rosa_Honig_aus_Russland_%E2%80%93_ausergewohnlich_und_edel\"><\/span>500 g Rosa Honig aus Russland \u2013 au\u00dfergew\u00f6hnlich und edel<span class=\"ez-toc-section-end\"><\/span><\/h4>\n<p data-start=\"903\" data-end=\"1219\">Dieser Honig beeindruckt durch seine seltene rosa F\u00e4rbung und sein mildes Aroma. Er stammt aus speziellen Bl\u00fcten der russischen Natur und gilt als Rarit\u00e4t unter den Honigen. Neben seinem feinen Geschmack ist er reich an wertvollen N\u00e4hrstoffen und wird traditionell wegen seiner wohltuenden Eigenschaften gesch\u00e4tzt.<\/p>\n<hr data-start=\"1221\" data-end=\"1224\" \/>\n<h4 data-start=\"1226\" data-end=\"1252\"><span class=\"ez-toc-section\" id=\"Merkmale_Herkunft\"><\/span>Omadused ja p\u00e4ritolu<span class=\"ez-toc-section-end\"><\/span><\/h4>\n<ul data-start=\"1253\" data-end=\"1432\">\n<li data-start=\"1253\" data-end=\"1276\">\n<p data-start=\"1255\" data-end=\"1276\">Produkt: Rosa Honig<\/p>\n<\/li>\n<li data-start=\"1277\" data-end=\"1299\">\n<p data-start=\"1279\" data-end=\"1299\">Herkunft: Russland<\/p>\n<\/li>\n<li data-start=\"1300\" data-end=\"1345\">\n<p data-start=\"1302\" data-end=\"1345\">Besonderheit: Seltene rosa Farbe, Rarit\u00e4t<\/p>\n<\/li>\n<li data-start=\"1346\" data-end=\"1387\">\n<p data-start=\"1348\" data-end=\"1387\">Geschmack: Mild, s\u00fc\u00df, zart aromatisch<\/p>\n<\/li>\n<li data-start=\"1388\" data-end=\"1415\">\n<p data-start=\"1390\" data-end=\"1415\">Pakendi suurus: 500 g<\/p>\n<\/li>\n<\/ul>\n<hr data-start=\"1434\" data-end=\"1437\" \/>\n<h4 data-start=\"1439\" data-end=\"1460\"><span class=\"ez-toc-section\" id=\"Besonderheiten\"><\/span>Erifunktsioonid<span class=\"ez-toc-section-end\"><\/span><\/h4>\n<p data-start=\"1461\" data-end=\"1678\">See <strong data-start=\"1465\" data-end=\"1498\">500 g Rosa Honig aus Russland<\/strong> vereint au\u00dfergew\u00f6hnliches Aussehen mit einem feinen Geschmack. Er eignet sich ideal als Geschenk, f\u00fcr besondere Anl\u00e4sse oder als luxuri\u00f6se Erg\u00e4nzung der eigenen Honigkollektion.<\/p>\n<hr data-start=\"1683\" data-end=\"1686\" \/>\n<h4 data-start=\"413\" data-end=\"449\"><span class=\"ez-toc-section\" id=\"Weitere_Inspiration_entdecken\"><\/span>Weitere Inspiration entdecken<span class=\"ez-toc-section-end\"><\/span><\/h4>\n<p data-start=\"450\" data-end=\"582\">Du suchst weitere besondere Produkte? Entdecke zus\u00e4tzliche Highlights in unserem Sortiment oder st\u00f6bere in unseren Partnerprojekten:<\/p>\n<ul data-start=\"584\" data-end=\"920\">\n<li data-start=\"584\" data-end=\"656\"><a href=\"https:\/\/honigbee.com\/et\/shop\/\">Weitere Naturprodukte bei Honigbee entdecken<\/a><\/li>\n<li data-start=\"657\" data-end=\"783\">\n<p data-start=\"659\" data-end=\"783\"><a href=\"https:\/\/matvana.com\/shop\/\" target=\"_blank\" rel=\"noopener\">Stilvolle Wohnideen bei Matvana ansehen<\/a><\/p>\n<\/li>\n<li data-start=\"784\" data-end=\"920\">\n<p data-start=\"786\" data-end=\"920\"><a href=\"https:\/\/saphirsmaragd.com\/shop\/\" target=\"_blank\" rel=\"noopener\">Edelsteine &amp; Schmuck bei Saphir &amp; Smaragd ansehen<\/a><\/p>\n<\/li>\n<\/ul>\n<hr data-start=\"1931\" data-end=\"1934\" \/>\n<p>Produktbilder dienen der Veranschaulichung. Verpackungsdesign kann abweichen.<\/p>","protected":false},"excerpt":{"rendered":"<p data-start=\"465\" data-end=\"721\"><em>Der 500 g Rosa Honig aus Russland ist ein echtes Juwel der Imkerei. Mit seiner einzigartigen Farbe, seinem milden Aroma und seinen wohltuenden Eigenschaften gilt er als seltene Spezialit\u00e4t f\u00fcr Kenner und Genie\u00dfer.<\/em><\/p>\n<p data-start=\"723\" data-end=\"808\">","protected":false},"featured_media":43835,"comment_status":"open","ping_status":"closed","template":"","meta":{"_glsr_average":0,"_glsr_ranking":0,"_glsr_reviews":0},"product_brand":[],"product_cat":[1415],"product_tag":[],"class_list":{"0":"post-30372","1":"product","2":"type-product","3":"status-publish","4":"has-post-thumbnail","6":"product_cat-rosa-honig","8":"first","9":"instock","10":"shipping-taxable","11":"purchasable","12":"product-type-simple","13":"add-to-wishlist-before_image"},"jetpack_sharing_enabled":true,"_links":{"self":[{"href":"https:\/\/honigbee.com\/et\/wp-json\/wp\/v2\/product\/30372","targetHints":{"allow":["GET"]}}],"collection":[{"href":"https:\/\/honigbee.com\/et\/wp-json\/wp\/v2\/product"}],"about":[{"href":"https:\/\/honigbee.com\/et\/wp-json\/wp\/v2\/types\/product"}],"replies":[{"embeddable":true,"href":"https:\/\/honigbee.com\/et\/wp-json\/wp\/v2\/comments?post=30372"}],"version-history":[{"count":4,"href":"https:\/\/honigbee.com\/et\/wp-json\/wp\/v2\/product\/30372\/revisions"}],"predecessor-version":[{"id":43858,"href":"https:\/\/honigbee.com\/et\/wp-json\/wp\/v2\/product\/30372\/revisions\/43858"}],"wp:featuredmedia":[{"embeddable":true,"href":"https:\/\/honigbee.com\/et\/wp-json\/wp\/v2\/media\/43835"}],"wp:attachment":[{"href":"https:\/\/honigbee.com\/et\/wp-json\/wp\/v2\/media?parent=30372"}],"wp:term":[{"taxonomy":"product_brand","embeddable":true,"href":"https:\/\/honigbee.com\/et\/wp-json\/wp\/v2\/product_brand?post=30372"},{"taxonomy":"product_cat","embeddable":true,"href":"https:\/\/honigbee.com\/et\/wp-json\/wp\/v2\/product_cat?post=30372"},{"taxonomy":"product_tag","embeddable":true,"href":"https:\/\/honigbee.com\/et\/wp-json\/wp\/v2\/product_tag?post=30372"}],"curies":[{"name":"t\u00f6\u00f6leht","href":"https:\/\/api.w.org\/{rel}","templated":true}]}}