{"id":35075,"date":"2026-01-18T14:49:15","date_gmt":"2026-01-18T14:49:15","guid":{"rendered":"https:\/\/honigbee.com\/?post_type=product&#038;p=35075"},"modified":"2026-03-12T21:21:12","modified_gmt":"2026-03-12T21:21:12","slug":"120-haar-kapseln-mit-keratin","status":"publish","type":"product","link":"https:\/\/honigbee.com\/et\/toode\/120-haar-kapseln-mit-keratin\/","title":{"rendered":"120 Haar Kapseln mit Keratin, Biotin &#038; Zink \u2013 Nahrungserg\u00e4nzung f\u00fcr Haare"},"content":{"rendered":"<div id=\"ez-toc-container\" class=\"ez-toc-v2_0_83 counter-hierarchy ez-toc-counter ez-toc-grey ez-toc-container-direction\">\n<div class=\"ez-toc-title-container\">\n<p class=\"ez-toc-title\" style=\"cursor:inherit\">Sisukord<\/p>\n<span class=\"ez-toc-title-toggle\"><a href=\"#\" class=\"ez-toc-pull-right ez-toc-btn ez-toc-btn-xs ez-toc-btn-default ez-toc-toggle\" aria-label=\"Sisukorra kuvamine\/peitmine\"><span class=\"ez-toc-js-icon-con\"><span class=\"\"><span class=\"eztoc-hide\" style=\"display:none;\">L\u00fclitage sisse\/v\u00e4lja<\/span><span class=\"ez-toc-icon-toggle-span\"><svg style=\"fill: #999;color:#999\" xmlns=\"http:\/\/www.w3.org\/2000\/svg\" class=\"list-377408\" width=\"20px\" height=\"20px\" viewbox=\"0 0 24 24\" fill=\"none\"><path d=\"M6 6H4v2h2V6zm14 0H8v2h12V6zM4 11h2v2H4v-2zm16 0H8v2h12v-2zM4 16h2v2H4v-2zm16 0H8v2h12v-2z\" fill=\"currentColor\"><\/path><\/svg><svg style=\"fill: #999;color:#999\" class=\"arrow-unsorted-368013\" xmlns=\"http:\/\/www.w3.org\/2000\/svg\" width=\"10px\" height=\"10px\" viewbox=\"0 0 24 24\" version=\"1.2\" baseprofile=\"tiny\"><path d=\"M18.2 9.3l-6.2-6.3-6.2 6.3c-.2.2-.3.4-.3.7s.1.5.3.7c.2.2.4.3.7.3h11c.3 0 .5-.1.7-.3.2-.2.3-.5.3-.7s-.1-.5-.3-.7zM5.8 14.7l6.2 6.3 6.2-6.3c.2-.2.3-.5.3-.7s-.1-.5-.3-.7c-.2-.2-.4-.3-.7-.3h-11c-.3 0-.5.1-.7.3-.2.2-.3.5-.3.7s.1.5.3.7z\"\/><\/svg><\/span><\/span><\/span><\/a><\/span><\/div>\n<nav><ul class='ez-toc-list ez-toc-list-level-1' ><li class='ez-toc-page-1 ez-toc-heading-level-4'><a class=\"ez-toc-link ez-toc-heading-1\" href=\"https:\/\/honigbee.com\/et\/toode\/120-haar-kapseln-mit-keratin\/#Produktvorteile\" >Toote eelised<\/a><\/li><li class='ez-toc-page-1 ez-toc-heading-level-4'><a class=\"ez-toc-link ez-toc-heading-2\" href=\"https:\/\/honigbee.com\/et\/toode\/120-haar-kapseln-mit-keratin\/#Enthaltene_Inhaltsstoffe\" >Enthaltene Inhaltsstoffe<\/a><\/li><li class='ez-toc-page-1 ez-toc-heading-level-4'><a class=\"ez-toc-link ez-toc-heading-3\" href=\"https:\/\/honigbee.com\/et\/toode\/120-haar-kapseln-mit-keratin\/#Anwendung\" >Taotlus<\/a><\/li><li class='ez-toc-page-1 ez-toc-heading-level-4'><a class=\"ez-toc-link ez-toc-heading-4\" href=\"https:\/\/honigbee.com\/et\/toode\/120-haar-kapseln-mit-keratin\/#Produktdetails\" >Toote \u00fcksikasjad<\/a><\/li><li class='ez-toc-page-1 ez-toc-heading-level-4'><a class=\"ez-toc-link ez-toc-heading-5\" href=\"https:\/\/honigbee.com\/et\/toode\/120-haar-kapseln-mit-keratin\/#Lagerung\" >hoiustamine<\/a><\/li><li class='ez-toc-page-1 ez-toc-heading-level-4'><a class=\"ez-toc-link ez-toc-heading-6\" href=\"https:\/\/honigbee.com\/et\/toode\/120-haar-kapseln-mit-keratin\/#Hinweis\" >Teade<\/a><\/li><\/ul><\/nav><\/div>\n<p data-start=\"593\" data-end=\"811\">See <strong data-start=\"597\" data-end=\"613\">Haar Kapseln<\/strong> enthalten eine Kombination aus Keratin, Biotin, Zink, Bambusextrakt sowie ausgew\u00e4hlten Vitaminen. Die Rezeptur wurde entwickelt, um die t\u00e4gliche Ern\u00e4hrung mit verschiedenen N\u00e4hrstoffen zu erg\u00e4nzen.<\/p>\n<p data-start=\"813\" data-end=\"925\">Die Kapseln werden ohne unn\u00f6tige Zusatzstoffe hergestellt und enthalten ausgew\u00e4hlte Inhaltsstoffe in Kapselform.<\/p>\n<hr data-start=\"927\" data-end=\"930\" \/>\n<h4 data-start=\"932\" data-end=\"952\"><span class=\"ez-toc-section\" id=\"Produktvorteile\"><\/span>Toote eelised<span class=\"ez-toc-section-end\"><\/span><\/h4>\n<p data-start=\"954\" data-end=\"1153\">\u2022 120 Haar Kapseln<br data-start=\"972\" data-end=\"975\" \/>\u2022 Enth\u00e4lt Keratin, Biotin und Zink<br data-start=\"1009\" data-end=\"1012\" \/>\u2022 Mit Bambusextrakt und pflanzlichen Inhaltsstoffen<br data-start=\"1063\" data-end=\"1066\" \/>\u2022 Frei von unn\u00f6tigen Zusatzstoffen<br data-start=\"1100\" data-end=\"1103\" \/>\u2022 Geeignet zur Erg\u00e4nzung der t\u00e4glichen Ern\u00e4hrung<\/p>\n<hr data-start=\"1155\" data-end=\"1158\" \/>\n<h4 data-start=\"1160\" data-end=\"1189\"><span class=\"ez-toc-section\" id=\"Enthaltene_Inhaltsstoffe\"><\/span>Enthaltene Inhaltsstoffe<span class=\"ez-toc-section-end\"><\/span><\/h4>\n<p data-start=\"1191\" data-end=\"1260\">Die Kapseln enthalten eine Kombination aus verschiedenen N\u00e4hrstoffen:<\/p>\n<p data-start=\"1262\" data-end=\"1340\"><strong data-start=\"1262\" data-end=\"1273\">Keratin<\/strong><br data-start=\"1273\" data-end=\"1276\" \/>Ein Proteinbestandteil, der nat\u00fcrlicherweise in Haaren vorkommt.<\/p>\n<p data-start=\"1342\" data-end=\"1401\"><strong data-start=\"1342\" data-end=\"1352\">Biotin<\/strong><br data-start=\"1352\" data-end=\"1355\" \/>Biotin tr\u00e4gt zur Erhaltung normaler Haare bei.<\/p>\n<p data-start=\"1403\" data-end=\"1467\"><strong data-start=\"1403\" data-end=\"1411\">tsink<\/strong><br data-start=\"1411\" data-end=\"1414\" \/>Zink tr\u00e4gt zur Erhaltung normaler Haare und Haut bei.<\/p>\n<p data-start=\"1469\" data-end=\"1559\"><strong data-start=\"1469\" data-end=\"1486\">Bambusextrakt<\/strong><br data-start=\"1486\" data-end=\"1489\" \/>Pflanzlicher Extrakt, der in Nahrungserg\u00e4nzungsmitteln verwendet wird.<\/p>\n<p data-start=\"1561\" data-end=\"1639\"><strong data-start=\"1561\" data-end=\"1592\">Vitamine und Pflanzenstoffe<\/strong><br data-start=\"1592\" data-end=\"1595\" \/>Weitere Inhaltsstoffe erg\u00e4nzen die Rezeptur.<\/p>\n<hr data-start=\"1641\" data-end=\"1644\" \/>\n<h4 data-start=\"1646\" data-end=\"1660\"><span class=\"ez-toc-section\" id=\"Anwendung\"><\/span>Taotlus<span class=\"ez-toc-section-end\"><\/span><\/h4>\n<p data-start=\"1662\" data-end=\"1770\">Soovitatav p\u00e4evane kogus:<br data-start=\"1680\" data-end=\"1683\" \/><strong data-start=\"1683\" data-end=\"1704\">2 Kapseln t\u00e4glich<\/strong> mit ausreichend Wasser einnehmen, vorzugsweise zu einer Mahlzeit.<\/p>\n<p data-start=\"1772\" data-end=\"1843\">Die empfohlene t\u00e4gliche Verzehrmenge sollte nicht \u00fcberschritten werden.<\/p>\n<hr data-start=\"1845\" data-end=\"1848\" \/>\n<h4 data-start=\"1850\" data-end=\"1869\"><span class=\"ez-toc-section\" id=\"Produktdetails\"><\/span>Toote \u00fcksikasjad<span class=\"ez-toc-section-end\"><\/span><\/h4>\n<p data-start=\"1871\" data-end=\"1894\">Sisu: <strong data-start=\"1879\" data-end=\"1894\">120 Kapseln<\/strong><\/p>\n<p data-start=\"1896\" data-end=\"1911\">Form: Kapseln<\/p>\n<p data-start=\"1913\" data-end=\"1996\">Hauptbestandteile:<br data-start=\"1931\" data-end=\"1934\" \/>Keratin, Biotin, Zink, Bambusextrakt und weitere Inhaltsstoffe<\/p>\n<p data-start=\"1998\" data-end=\"2070\">Omadused:<br data-start=\"2012\" data-end=\"2015\" \/>Ohne unn\u00f6tige Zusatzstoffe, glutenfrei und laktosefrei.<\/p>\n<hr data-start=\"2072\" data-end=\"2075\" \/>\n<h4 data-start=\"2077\" data-end=\"2090\"><span class=\"ez-toc-section\" id=\"Lagerung\"><\/span>hoiustamine<span class=\"ez-toc-section-end\"><\/span><\/h4>\n<p data-start=\"2092\" data-end=\"2168\">K\u00fchl, trocken und lichtgesch\u00fctzt lagern.<br data-start=\"2132\" data-end=\"2135\" \/>Nach dem \u00d6ffnen gut verschlie\u00dfen.<\/p>\n<hr data-start=\"2170\" data-end=\"2173\" \/>\n<h4 data-start=\"2175\" data-end=\"2187\"><span class=\"ez-toc-section\" id=\"Hinweis\"><\/span>Teade<span class=\"ez-toc-section-end\"><\/span><\/h4>\n<p data-start=\"2189\" data-end=\"2341\">Nahrungserg\u00e4nzungsmittel sollten nicht als Ersatz f\u00fcr eine abwechslungsreiche und ausgewogene Ern\u00e4hrung sowie eine gesunde Lebensweise verwendet werden.<\/p>\n<p data-start=\"2189\" data-end=\"2341\">","protected":false},"excerpt":{"rendered":"<p data-start=\"348\" data-end=\"479\"><em>Haar Kapseln mit Keratin, Biotin, Zink und Vitaminen. 120 Kapseln zur Erg\u00e4nzung der t\u00e4glichen Ern\u00e4hrung f\u00fcr Haare und Kopfhaut.<\/em><\/p>","protected":false},"featured_media":43676,"comment_status":"open","ping_status":"closed","template":"","meta":{"_glsr_average":0,"_glsr_ranking":0,"_glsr_reviews":0},"product_brand":[],"product_cat":[977],"product_tag":[],"class_list":{"0":"post-35075","1":"product","2":"type-product","3":"status-publish","4":"has-post-thumbnail","6":"product_cat-zink","8":"first","9":"instock","10":"shipping-taxable","11":"purchasable","12":"product-type-simple","13":"add-to-wishlist-before_image"},"jetpack_sharing_enabled":true,"_links":{"self":[{"href":"https:\/\/honigbee.com\/et\/wp-json\/wp\/v2\/product\/35075","targetHints":{"allow":["GET"]}}],"collection":[{"href":"https:\/\/honigbee.com\/et\/wp-json\/wp\/v2\/product"}],"about":[{"href":"https:\/\/honigbee.com\/et\/wp-json\/wp\/v2\/types\/product"}],"replies":[{"embeddable":true,"href":"https:\/\/honigbee.com\/et\/wp-json\/wp\/v2\/comments?post=35075"}],"version-history":[{"count":3,"href":"https:\/\/honigbee.com\/et\/wp-json\/wp\/v2\/product\/35075\/revisions"}],"predecessor-version":[{"id":43678,"href":"https:\/\/honigbee.com\/et\/wp-json\/wp\/v2\/product\/35075\/revisions\/43678"}],"wp:featuredmedia":[{"embeddable":true,"href":"https:\/\/honigbee.com\/et\/wp-json\/wp\/v2\/media\/43676"}],"wp:attachment":[{"href":"https:\/\/honigbee.com\/et\/wp-json\/wp\/v2\/media?parent=35075"}],"wp:term":[{"taxonomy":"product_brand","embeddable":true,"href":"https:\/\/honigbee.com\/et\/wp-json\/wp\/v2\/product_brand?post=35075"},{"taxonomy":"product_cat","embeddable":true,"href":"https:\/\/honigbee.com\/et\/wp-json\/wp\/v2\/product_cat?post=35075"},{"taxonomy":"product_tag","embeddable":true,"href":"https:\/\/honigbee.com\/et\/wp-json\/wp\/v2\/product_tag?post=35075"}],"curies":[{"name":"t\u00f6\u00f6leht","href":"https:\/\/api.w.org\/{rel}","templated":true}]}}