{"id":6886,"date":"2024-09-11T16:25:12","date_gmt":"2024-09-11T16:25:12","guid":{"rendered":"https:\/\/honigbee.com\/ts-shipment-tracking\/"},"modified":"2025-02-06T16:06:36","modified_gmt":"2025-02-06T16:06:36","slug":"ts-shipment-tracking","status":"publish","type":"page","link":"https:\/\/honigbee.com\/fr\/ts-shipment-tracking\/","title":{"rendered":"Suivi des exp\u00e9ditions"},"content":{"rendered":"<style>\n\tform.order_track_form {\n\t\tborder-radius: 5px;\n\t}\n\t.order_track_form div.search_order_form button {\n\t\tbackground: #3c4858;\n\t}\n\t.order_track_form div.search_order_form button {\n\t\tcolor: #fff;\n\t}\n.order_track_form input.ts_from_input:checked + label {\n\tcolor:  !important;\n\tborder-bottom: 3px solid ;\n\tmargin-bottom: -2px;\n}\n.order_track_form {\n\tmax-width: 800px;\n\tmargin: 0 auto 20px;\n\tborder: 1px solid #e0e0e0;\n\tmin-height: 330px;\n}\n.track_fail_msg {\n\tcolor: red;\n\tpadding: 0 20px 15px;\n}\n<\/style>\n<div class=\"track-order-section\">\n\t<form method=\"post\" class=\"order_track_form\" action=\"\">\n\t\t<div class=\"search_order_form\">\n\t\t\t\t\t\t\t<style>\n\t\t\t\t\t.search_order_form .order_id_email.tracking_form { display:block; }\n\t\t\t\t\t.by_tracking_number {display:none;}\n\t\t\t\t\tform.order_track_form {min-height:auto;}\n\t\t\t\t\t<\/style>\n\t\t\t\t\t\t<div class=\"tracking_form_tabs\">\n\t\t\t\t<input id=\"for_order_number\" type=\"radio\" name=\"ts_tracking_form\" class=\"ts_from_input\" data-name=\"order_id_email\" checked>\n\t\t\t\t<label for=\"for_order_number\" class=\"ts_from_label for_order_number\">d\u00e9tails de la commande<\/label>\n\t\t\t\t<input id=\"for_tracking_number\" type=\"radio\" name=\"ts_tracking_form\" class=\"ts_from_input\" data-name=\"by_tracking_number\">\n\t\t\t\t<label for=\"for_tracking_number\" class=\"ts_from_label for_tracking_number\">Num\u00e9ro de suivi<\/label>\n\t\t\t<\/div>\n\t\t\t<div class=\"order_id_email tracking_form\">\n\t\t\t\t<p>Pour suivre votre commande, saisissez votre num\u00e9ro de commande et votre adresse e-mail\u00a0:<\/p>\n\t\t\t\t<p class=\"form-row\"><label for=\"order_id\">num\u00e9ro de commande<\/label> <input class=\"input-text\" type=\"text\" name=\"order_id\" id=\"order_id\" value=\"\" placeholder=\"Num\u00e9ro de commande\"><\/p>\n\t\t\t\t<p class=\"form-row\"><label for=\"order_email\">E-mail de commande<\/label> <input class=\"input-text\" type=\"text\" name=\"order_email\" id=\"order_email\" value=\"\" placeholder=\"Adresse e-mail\"><\/p>\n\t\t\t\t<p class=\"form-row\" style=\"margin-bottom:0;\"><button type=\"submit\" class=\"button btn btn-secondary\" name=\"track\" value=\"Track\">Suivre la commande<\/button><\/p>\n\t\t\t<\/div>\n\t\t\t<div class=\"by_tracking_number tracking_form\">\n\t\t\t\t<p>Pour suivre votre commande, veuillez entrer le num\u00e9ro de suivi que vous avez re\u00e7u dans l&#039;e-mail de confirmation d&#039;exp\u00e9dition<\/p>\n\t\t\t\t<p class=\"form-row\"><label for=\"order_tracking_number\">Num\u00e9ro de suivi<\/label><input class=\"input-text\" type=\"text\" name=\"order_tracking_number\" id=\"order_tracking_number\" value=\"\" placeholder=\"Num\u00e9ro de suivi de la commande.\"><\/p>\n\t\t\t\t<p class=\"form-row\" style=\"margin-bottom:0;\"><button type=\"submit\" class=\"button btn btn-secondary\" name=\"track\" value=\"Track\">Suivre la commande<\/button><\/p>\n\t\t\t<\/div>\n\t\t\t<div class=\"track_fail_msg\" style=\"display:none;\"><\/div>\n\t\t<\/div>\n\t\t<div class=\"clear\"><\/div>\n\t\t<input type=\"hidden\" name=\"action\" value=\"get_tracking_info\">\n\t\t<input type=\"hidden\" name=\"fronted\" value=\"yes\">\n\t\t<input type=\"hidden\" id=\"_wpnonce\" name=\"_wpnonce\" value=\"83987db629\" \/><input type=\"hidden\" name=\"_wp_http_referer\" value=\"\/fr\/wp-json\/wp\/v2\/pages\/6886\" \/>\t<input type=\"hidden\" name=\"trp-form-language\" value=\"fr\"\/><\/form>\n\t<div class=\"trackship_branding\">\n\t\t<p><span>Aliment\u00e9 par<\/span><img decoding=\"async\" src=\"https:\/\/honigbee.com\/wp-content\/plugins\/trackship-for-woocommerce\/assets\/images\/trackship-logo.png\" alt=\"\" title=\"\u2013 Abeille\"><\/p>\n\t<\/div>\n\t\t\t<style> .trackship_branding{display:block !important;} <\/style>\n\t<\/div>","protected":false},"excerpt":{"rendered":"","protected":false},"author":123,"featured_media":0,"parent":0,"menu_order":0,"comment_status":"closed","ping_status":"closed","template":"","meta":{"_glsr_average":0,"_glsr_ranking":0,"_glsr_reviews":0,"footnotes":""},"class_list":["post-6886","page","type-page","status-publish","hentry"],"jetpack_sharing_enabled":true,"_links":{"self":[{"href":"https:\/\/honigbee.com\/fr\/wp-json\/wp\/v2\/pages\/6886","targetHints":{"allow":["GET"]}}],"collection":[{"href":"https:\/\/honigbee.com\/fr\/wp-json\/wp\/v2\/pages"}],"about":[{"href":"https:\/\/honigbee.com\/fr\/wp-json\/wp\/v2\/types\/page"}],"author":[{"embeddable":true,"href":"https:\/\/honigbee.com\/fr\/wp-json\/wp\/v2\/users\/123"}],"replies":[{"embeddable":true,"href":"https:\/\/honigbee.com\/fr\/wp-json\/wp\/v2\/comments?post=6886"}],"version-history":[{"count":0,"href":"https:\/\/honigbee.com\/fr\/wp-json\/wp\/v2\/pages\/6886\/revisions"}],"wp:attachment":[{"href":"https:\/\/honigbee.com\/fr\/wp-json\/wp\/v2\/media?parent=6886"}],"curies":[{"name":"wp","href":"https:\/\/api.w.org\/{rel}","templated":true}]}}