{"id":10037,"date":"2024-10-21T11:19:29","date_gmt":"2024-10-21T11:19:29","guid":{"rendered":"https:\/\/honigbee.com\/?post_type=product&#038;p=10037"},"modified":"2026-03-10T21:05:19","modified_gmt":"2026-03-10T21:05:19","slug":"240-opc-traubenkernextrakt-kapseln","status":"publish","type":"product","link":"https:\/\/honigbee.com\/fr\/produit\/240-opc-traubenkernextrakt-kapseln\/","title":{"rendered":"240 OPC Traubenkernextrakt Kapseln Vegane Kapseln mit 350 mg OPC"},"content":{"rendered":"<div id=\"ez-toc-container\" class=\"ez-toc-v2_0_83 counter-hierarchy ez-toc-counter ez-toc-grey ez-toc-container-direction\">\n<div class=\"ez-toc-title-container\">\n<p class=\"ez-toc-title\" style=\"cursor:inherit\">Table des mati\u00e8res<\/p>\n<span class=\"ez-toc-title-toggle\"><a href=\"#\" class=\"ez-toc-pull-right ez-toc-btn ez-toc-btn-xs ez-toc-btn-default ez-toc-toggle\" aria-label=\"Basculer la table des mati\u00e8res\"><span class=\"ez-toc-js-icon-con\"><span class=\"\"><span class=\"eztoc-hide\" style=\"display:none;\">Basculer<\/span><span class=\"ez-toc-icon-toggle-span\"><svg style=\"fill: #999;color:#999\" xmlns=\"http:\/\/www.w3.org\/2000\/svg\" class=\"list-377408\" width=\"20px\" height=\"20px\" viewbox=\"0 0 24 24\" fill=\"none\"><path d=\"M6 6H4v2h2V6zm14 0H8v2h12V6zM4 11h2v2H4v-2zm16 0H8v2h12v-2zM4 16h2v2H4v-2zm16 0H8v2h12v-2z\" fill=\"currentColor\"><\/path><\/svg><svg style=\"fill: #999;color:#999\" class=\"arrow-unsorted-368013\" xmlns=\"http:\/\/www.w3.org\/2000\/svg\" width=\"10px\" height=\"10px\" viewbox=\"0 0 24 24\" version=\"1.2\" baseprofile=\"tiny\"><path d=\"M18.2 9.3l-6.2-6.3-6.2 6.3c-.2.2-.3.4-.3.7s.1.5.3.7c.2.2.4.3.7.3h11c.3 0 .5-.1.7-.3.2-.2.3-.5.3-.7s-.1-.5-.3-.7zM5.8 14.7l6.2 6.3 6.2-6.3c.2-.2.3-.5.3-.7s-.1-.5-.3-.7c-.2-.2-.4-.3-.7-.3h-11c-.3 0-.5.1-.7.3-.2.2-.3.5-.3.7s.1.5.3.7z\"\/><\/svg><\/span><\/span><\/span><\/a><\/span><\/div>\n<nav><ul class='ez-toc-list ez-toc-list-level-1' ><li class='ez-toc-page-1 ez-toc-heading-level-4'><a class=\"ez-toc-link ez-toc-heading-1\" href=\"https:\/\/honigbee.com\/fr\/produit\/240-opc-traubenkernextrakt-kapseln\/#Produktvorteile\" >Avantages du produit<\/a><\/li><li class='ez-toc-page-1 ez-toc-heading-level-4'><a class=\"ez-toc-link ez-toc-heading-2\" href=\"https:\/\/honigbee.com\/fr\/produit\/240-opc-traubenkernextrakt-kapseln\/#Eigenschaften_des_Traubenkernextrakts\" >Eigenschaften des Traubenkernextrakts<\/a><\/li><li class='ez-toc-page-1 ez-toc-heading-level-4'><a class=\"ez-toc-link ez-toc-heading-3\" href=\"https:\/\/honigbee.com\/fr\/produit\/240-opc-traubenkernextrakt-kapseln\/#Anwendung\" >Application<\/a><\/li><li class='ez-toc-page-1 ez-toc-heading-level-4'><a class=\"ez-toc-link ez-toc-heading-4\" href=\"https:\/\/honigbee.com\/fr\/produit\/240-opc-traubenkernextrakt-kapseln\/#Produktdetails\" >D\u00e9tails du produit<\/a><\/li><li class='ez-toc-page-1 ez-toc-heading-level-4'><a class=\"ez-toc-link ez-toc-heading-5\" href=\"https:\/\/honigbee.com\/fr\/produit\/240-opc-traubenkernextrakt-kapseln\/#Lagerung\" >stockage<\/a><\/li><li class='ez-toc-page-1 ez-toc-heading-level-4'><a class=\"ez-toc-link ez-toc-heading-6\" href=\"https:\/\/honigbee.com\/fr\/produit\/240-opc-traubenkernextrakt-kapseln\/#Hinweis\" >Avis<\/a><\/li><li class='ez-toc-page-1 ez-toc-heading-level-4'><a class=\"ez-toc-link ez-toc-heading-7\" href=\"https:\/\/honigbee.com\/fr\/produit\/240-opc-traubenkernextrakt-kapseln\/#Weitere_Inspiration_entdecken\" >Weitere Inspiration entdecken<\/a><\/li><\/ul><\/nav><\/div>\n<p data-start=\"568\" data-end=\"802\">Le <strong data-start=\"572\" data-end=\"606\">OPC Traubenkernextrakt Kapseln<\/strong> enthalten einen pflanzlichen Extrakt aus Traubenkernen der Rebsorte <em data-start=\"675\" data-end=\"691\">Vitis vinifera<\/em>. Traubenkerne enthalten nat\u00fcrlicherweise Polyphenole, zu denen auch Oligomere Proanthocyanidine (OPC) geh\u00f6ren.<\/p>\n<p data-start=\"804\" data-end=\"940\">Avec <strong data-start=\"808\" data-end=\"833\">350 mg OPC pro Kapsel<\/strong> bietet das Produkt eine hochdosierte Quelle dieses Pflanzenextrakts zur Erg\u00e4nzung der t\u00e4glichen Ern\u00e4hrung.<\/p>\n<hr data-start=\"942\" data-end=\"945\" \/>\n<h4 data-start=\"947\" data-end=\"967\"><span class=\"ez-toc-section\" id=\"Produktvorteile\"><\/span>Avantages du produit<span class=\"ez-toc-section-end\"><\/span><\/h4>\n<p data-start=\"969\" data-end=\"1172\">\u2022 240 OPC Traubenkernextrakt Kapseln<br data-start=\"1005\" data-end=\"1008\" \/>\u2022 350 mg OPC pro Kapsel<br data-start=\"1031\" data-end=\"1034\" \/>\u2022 Extrakt aus Traubenkernen (Vitis vinifera)<br data-start=\"1078\" data-end=\"1081\" \/>\u2022 Vegan und ohne unn\u00f6tige Zusatzstoffe<br data-start=\"1119\" data-end=\"1122\" \/>\u2022 Geeignet zur Erg\u00e4nzung der t\u00e4glichen Ern\u00e4hrung<\/p>\n<hr data-start=\"1174\" data-end=\"1177\" \/>\n<h4 data-start=\"1179\" data-end=\"1221\"><span class=\"ez-toc-section\" id=\"Eigenschaften_des_Traubenkernextrakts\"><\/span>Eigenschaften des Traubenkernextrakts<span class=\"ez-toc-section-end\"><\/span><\/h4>\n<p data-start=\"1223\" data-end=\"1409\">Traubenkerne enthalten nat\u00fcrlicherweise verschiedene sekund\u00e4re Pflanzenstoffe, darunter Polyphenole. Diese Pflanzenstoffe kommen auch in anderen Lebensmitteln wie \u00c4pfeln oder Beeren vor.<\/p>\n<p data-start=\"1411\" data-end=\"1495\">Der Extrakt wird aus Traubenkernen gewonnen und anschlie\u00dfend zu Kapseln verarbeitet.<\/p>\n<hr data-start=\"1497\" data-end=\"1500\" \/>\n<h4 data-start=\"1502\" data-end=\"1516\"><span class=\"ez-toc-section\" id=\"Anwendung\"><\/span>Application<span class=\"ez-toc-section-end\"><\/span><\/h4>\n<p data-start=\"1518\" data-end=\"1625\">Apports recommand\u00e9s :<br data-start=\"1536\" data-end=\"1539\" \/><strong data-start=\"1539\" data-end=\"1559\">1 Kapsel t\u00e4glich<\/strong> mit ausreichend Wasser einnehmen, vorzugsweise zu einer Mahlzeit.<\/p>\n<p data-start=\"1627\" data-end=\"1698\">Die empfohlene t\u00e4gliche Verzehrmenge sollte nicht \u00fcberschritten werden.<\/p>\n<hr data-start=\"1700\" data-end=\"1703\" \/>\n<h4 data-start=\"1705\" data-end=\"1724\"><span class=\"ez-toc-section\" id=\"Produktdetails\"><\/span>D\u00e9tails du produit<span class=\"ez-toc-section-end\"><\/span><\/h4>\n<p data-start=\"1726\" data-end=\"1749\">Contenu: <strong data-start=\"1734\" data-end=\"1749\">240 Kapseln<\/strong><\/p>\n<p data-start=\"1751\" data-end=\"1773\">Forme : Capsules v\u00e9g\u00e9taliennes<\/p>\n<p data-start=\"1775\" data-end=\"1836\">Principe actif :<br data-start=\"1785\" data-end=\"1788\" \/>Traubenkernextrakt mit <strong data-start=\"1811\" data-end=\"1836\">350 mg OPC pro Kapsel<\/strong><\/p>\n<p data-start=\"1838\" data-end=\"1904\">Caract\u00e9ristiques:<br data-start=\"1852\" data-end=\"1855\" \/>Vegan, glutenfrei und ohne unn\u00f6tige Zusatzstoffe.<\/p>\n<hr data-start=\"1906\" data-end=\"1909\" \/>\n<h4 data-start=\"1911\" data-end=\"1924\"><span class=\"ez-toc-section\" id=\"Lagerung\"><\/span>stockage<span class=\"ez-toc-section-end\"><\/span><\/h4>\n<p data-start=\"1926\" data-end=\"2018\">A conserver dans un endroit frais et sec, \u00e0 l&#039;abri de la lumi\u00e8re.<br data-start=\"1966\" data-end=\"1969\" \/>Au\u00dferhalb der Reichweite von Kindern aufbewahren.<\/p>\n<hr data-start=\"2020\" data-end=\"2023\" \/>\n<h4 data-start=\"2025\" data-end=\"2037\"><span class=\"ez-toc-section\" id=\"Hinweis\"><\/span>Avis<span class=\"ez-toc-section-end\"><\/span><\/h4>\n<p data-start=\"2039\" data-end=\"2191\">Nahrungserg\u00e4nzungsmittel sollten nicht als Ersatz f\u00fcr eine abwechslungsreiche und ausgewogene Ern\u00e4hrung sowie eine gesunde Lebensweise verwendet werden.<\/p>\n<hr data-start=\"2237\" data-end=\"2240\" \/>\n<h4 data-start=\"413\" data-end=\"449\"><span class=\"ez-toc-section\" id=\"Weitere_Inspiration_entdecken\"><\/span>Weitere Inspiration entdecken<span class=\"ez-toc-section-end\"><\/span><\/h4>\n<p data-start=\"450\" data-end=\"582\">Du suchst weitere besondere Produkte? Entdecke zus\u00e4tzliche Highlights in unserem Sortiment oder st\u00f6bere in unseren Partnerprojekten:<\/p>\n<ul data-start=\"584\" data-end=\"920\">\n<li data-start=\"584\" data-end=\"656\"><a href=\"https:\/\/honigbee.com\/fr\/shop\/\">Weitere Naturprodukte bei Honigbee entdecken<\/a><\/li>\n<li data-start=\"657\" data-end=\"783\">\n<p data-start=\"659\" data-end=\"783\"><a href=\"https:\/\/matvana.com\/shop\/\" target=\"_blank\" rel=\"noopener\">Stilvolle Wohnideen bei Matvana ansehen<\/a><\/p>\n<\/li>\n<li data-start=\"784\" data-end=\"920\">\n<p data-start=\"786\" data-end=\"920\"><a href=\"https:\/\/saphirsmaragd.com\/shop\/\" target=\"_blank\" rel=\"noopener\">Edelsteine &amp; Schmuck bei Saphir &amp; Smaragd ansehen<\/a><\/p>\n<\/li>\n<\/ul>\n<hr data-start=\"1931\" data-end=\"1934\" \/>\n<p>Produktbilder dienen der Veranschaulichung. Verpackungsdesign kann abweichen.<\/p>","protected":false},"excerpt":{"rendered":"<p data-start=\"308\" data-end=\"451\"><em>OPC Traubenkernextrakt Kapseln mit 350 mg OPC aus Traubenkernen (Vitis Vinifera). 240 vegane Kapseln zur Erg\u00e4nzung der t\u00e4glichen Ern\u00e4hrung.<\/em><\/p>\n<p>&nbsp;<\/p>","protected":false},"featured_media":43636,"comment_status":"open","ping_status":"closed","template":"","meta":{"_glsr_average":0,"_glsr_ranking":0,"_glsr_reviews":0},"product_brand":[],"product_cat":[1028],"product_tag":[],"class_list":{"0":"post-10037","1":"product","2":"type-product","3":"status-publish","4":"has-post-thumbnail","6":"product_cat-opc-traubenkernextrakt","8":"first","9":"instock","10":"shipping-taxable","11":"purchasable","12":"product-type-simple","13":"add-to-wishlist-before_image"},"jetpack_sharing_enabled":true,"_links":{"self":[{"href":"https:\/\/honigbee.com\/fr\/wp-json\/wp\/v2\/product\/10037","targetHints":{"allow":["GET"]}}],"collection":[{"href":"https:\/\/honigbee.com\/fr\/wp-json\/wp\/v2\/product"}],"about":[{"href":"https:\/\/honigbee.com\/fr\/wp-json\/wp\/v2\/types\/product"}],"replies":[{"embeddable":true,"href":"https:\/\/honigbee.com\/fr\/wp-json\/wp\/v2\/comments?post=10037"}],"version-history":[{"count":3,"href":"https:\/\/honigbee.com\/fr\/wp-json\/wp\/v2\/product\/10037\/revisions"}],"predecessor-version":[{"id":43637,"href":"https:\/\/honigbee.com\/fr\/wp-json\/wp\/v2\/product\/10037\/revisions\/43637"}],"wp:featuredmedia":[{"embeddable":true,"href":"https:\/\/honigbee.com\/fr\/wp-json\/wp\/v2\/media\/43636"}],"wp:attachment":[{"href":"https:\/\/honigbee.com\/fr\/wp-json\/wp\/v2\/media?parent=10037"}],"wp:term":[{"taxonomy":"product_brand","embeddable":true,"href":"https:\/\/honigbee.com\/fr\/wp-json\/wp\/v2\/product_brand?post=10037"},{"taxonomy":"product_cat","embeddable":true,"href":"https:\/\/honigbee.com\/fr\/wp-json\/wp\/v2\/product_cat?post=10037"},{"taxonomy":"product_tag","embeddable":true,"href":"https:\/\/honigbee.com\/fr\/wp-json\/wp\/v2\/product_tag?post=10037"}],"curies":[{"name":"wp","href":"https:\/\/api.w.org\/{rel}","templated":true}]}}