{"id":14149,"date":"2025-01-05T18:28:16","date_gmt":"2025-01-05T18:28:16","guid":{"rendered":"https:\/\/honigbee.com\/?post_type=product&#038;p=14149"},"modified":"2026-03-07T19:13:17","modified_gmt":"2026-03-07T19:13:17","slug":"1-kg-bio-walnussbruch","status":"publish","type":"product","link":"https:\/\/honigbee.com\/fr\/produit\/1-kg-bio-walnussbruch\/","title":{"rendered":"1 kg Bio Walnussbruch \u2013 Naturbelassen, unbehandelt &#038; ungesalzen"},"content":{"rendered":"<div id=\"ez-toc-container\" class=\"ez-toc-v2_0_83 counter-hierarchy ez-toc-counter ez-toc-grey ez-toc-container-direction\">\n<div class=\"ez-toc-title-container\">\n<p class=\"ez-toc-title\" style=\"cursor:inherit\">Table des mati\u00e8res<\/p>\n<span class=\"ez-toc-title-toggle\"><a href=\"#\" class=\"ez-toc-pull-right ez-toc-btn ez-toc-btn-xs ez-toc-btn-default ez-toc-toggle\" aria-label=\"Basculer la table des mati\u00e8res\"><span class=\"ez-toc-js-icon-con\"><span class=\"\"><span class=\"eztoc-hide\" style=\"display:none;\">Basculer<\/span><span class=\"ez-toc-icon-toggle-span\"><svg style=\"fill: #999;color:#999\" xmlns=\"http:\/\/www.w3.org\/2000\/svg\" class=\"list-377408\" width=\"20px\" height=\"20px\" viewbox=\"0 0 24 24\" fill=\"none\"><path d=\"M6 6H4v2h2V6zm14 0H8v2h12V6zM4 11h2v2H4v-2zm16 0H8v2h12v-2zM4 16h2v2H4v-2zm16 0H8v2h12v-2z\" fill=\"currentColor\"><\/path><\/svg><svg style=\"fill: #999;color:#999\" class=\"arrow-unsorted-368013\" xmlns=\"http:\/\/www.w3.org\/2000\/svg\" width=\"10px\" height=\"10px\" viewbox=\"0 0 24 24\" version=\"1.2\" baseprofile=\"tiny\"><path d=\"M18.2 9.3l-6.2-6.3-6.2 6.3c-.2.2-.3.4-.3.7s.1.5.3.7c.2.2.4.3.7.3h11c.3 0 .5-.1.7-.3.2-.2.3-.5.3-.7s-.1-.5-.3-.7zM5.8 14.7l6.2 6.3 6.2-6.3c.2-.2.3-.5.3-.7s-.1-.5-.3-.7c-.2-.2-.4-.3-.7-.3h-11c-.3 0-.5.1-.7.3-.2.2-.3.5-.3.7s.1.5.3.7z\"\/><\/svg><\/span><\/span><\/span><\/a><\/span><\/div>\n<nav><ul class='ez-toc-list ez-toc-list-level-1' ><li class='ez-toc-page-1 ez-toc-heading-level-4'><a class=\"ez-toc-link ez-toc-heading-1\" href=\"https:\/\/honigbee.com\/fr\/produit\/1-kg-bio-walnussbruch\/#Bio_Walnussbruch_%E2%80%93_1_kg_%E2%80%93_Naturbelassene_Qualitat_aus_Italien\" >Bio Walnussbruch \u2013 1 kg \u2013 Naturbelassene Qualit\u00e4t aus Italien<\/a><\/li><li class='ez-toc-page-1 ez-toc-heading-level-4'><a class=\"ez-toc-link ez-toc-heading-2\" href=\"https:\/\/honigbee.com\/fr\/produit\/1-kg-bio-walnussbruch\/#Produktvorteile\" >Avantages du produit<\/a><\/li><li class='ez-toc-page-1 ez-toc-heading-level-4'><a class=\"ez-toc-link ez-toc-heading-3\" href=\"https:\/\/honigbee.com\/fr\/produit\/1-kg-bio-walnussbruch\/#Verwendung\" >utiliser<\/a><\/li><li class='ez-toc-page-1 ez-toc-heading-level-4'><a class=\"ez-toc-link ez-toc-heading-4\" href=\"https:\/\/honigbee.com\/fr\/produit\/1-kg-bio-walnussbruch\/#Produktdetails\" >D\u00e9tails du produit<\/a><\/li><li class='ez-toc-page-1 ez-toc-heading-level-4'><a class=\"ez-toc-link ez-toc-heading-5\" href=\"https:\/\/honigbee.com\/fr\/produit\/1-kg-bio-walnussbruch\/#Weitere_Inspiration_entdecken\" >Weitere Inspiration entdecken<\/a><\/li><\/ul><\/nav><\/div>\n<h4 data-start=\"433\" data-end=\"501\"><span class=\"ez-toc-section\" id=\"Bio_Walnussbruch_%E2%80%93_1_kg_%E2%80%93_Naturbelassene_Qualitat_aus_Italien\"><\/span>Bio Walnussbruch \u2013 1 kg \u2013 Naturbelassene Qualit\u00e4t aus Italien<span class=\"ez-toc-section-end\"><\/span><\/h4>\n<p data-start=\"503\" data-end=\"682\">Dieser Bio Walnussbruch stammt aus kontrolliert biologischem Anbau in Kampanien, Italien. Die Walnussst\u00fccke sind naturbelassen, unbehandelt und frei von Salz oder Zusatzstoffen.<\/p>\n<p data-start=\"684\" data-end=\"832\">Durch ihren angenehm mild-nussigen Geschmack und ihre aromatische Note eignen sich die Walnussst\u00fccke ideal f\u00fcr vielf\u00e4ltige Anwendungen in der K\u00fcche.<\/p>\n<hr data-start=\"834\" data-end=\"837\" \/>\n<h4 data-start=\"839\" data-end=\"861\"><span class=\"ez-toc-section\" id=\"Produktvorteile\"><\/span>Avantages du produit<span class=\"ez-toc-section-end\"><\/span><\/h4>\n<ul data-start=\"863\" data-end=\"1036\">\n<li data-start=\"863\" data-end=\"889\">\n<p data-start=\"865\" data-end=\"889\">100 % Bio Walnussbruch<\/p>\n<\/li>\n<li data-start=\"890\" data-end=\"923\">\n<p data-start=\"892\" data-end=\"923\">Naturbelassen und unbehandelt<\/p>\n<\/li>\n<li data-start=\"924\" data-end=\"957\">\n<p data-start=\"926\" data-end=\"957\">Ungesalzen und nicht ger\u00f6stet<\/p>\n<\/li>\n<li data-start=\"958\" data-end=\"979\">\n<p data-start=\"960\" data-end=\"979\">Sans additifs<\/p>\n<\/li>\n<li data-start=\"980\" data-end=\"1012\">\n<p data-start=\"982\" data-end=\"1012\">Herkunft: Kampanien, Italien<\/p>\n<\/li>\n<li data-start=\"1013\" data-end=\"1036\">\n<p data-start=\"1015\" data-end=\"1036\">1 kg Vorratspackung<\/p>\n<\/li>\n<\/ul>\n<hr data-start=\"1038\" data-end=\"1041\" \/>\n<h4 data-start=\"1043\" data-end=\"1060\"><span class=\"ez-toc-section\" id=\"Verwendung\"><\/span>utiliser<span class=\"ez-toc-section-end\"><\/span><\/h4>\n<p data-start=\"1062\" data-end=\"1105\">Walnussbruch ist besonders praktisch f\u00fcr:<\/p>\n<ul data-start=\"1107\" data-end=\"1248\">\n<li data-start=\"1107\" data-end=\"1134\">\n<p data-start=\"1109\" data-end=\"1134\">Kuchen, Brot und Geb\u00e4ck<\/p>\n<\/li>\n<li data-start=\"1135\" data-end=\"1158\">\n<p data-start=\"1137\" data-end=\"1158\">M\u00fcslis und Porridge<\/p>\n<\/li>\n<li data-start=\"1159\" data-end=\"1192\">\n<p data-start=\"1161\" data-end=\"1192\">Salate und herzhafte Gerichte<\/p>\n<\/li>\n<li data-start=\"1193\" data-end=\"1222\">\n<p data-start=\"1195\" data-end=\"1222\">Pesto oder Nussmischungen<\/p>\n<\/li>\n<li data-start=\"1223\" data-end=\"1248\">\n<p data-start=\"1225\" data-end=\"1248\">Als nat\u00fcrlicher Snack<\/p>\n<\/li>\n<\/ul>\n<hr data-start=\"1250\" data-end=\"1253\" \/>\n<h4 data-start=\"1255\" data-end=\"1276\"><span class=\"ez-toc-section\" id=\"Produktdetails\"><\/span>D\u00e9tails du produit<span class=\"ez-toc-section-end\"><\/span><\/h4>\n<p data-start=\"1278\" data-end=\"1473\">Contenu : 1 kg<br data-start=\"1290\" data-end=\"1293\" \/>Zutaten: 100 % Bio Waln\u00fcsse (Bruch)<br data-start=\"1328\" data-end=\"1331\" \/>Qualit\u00e4t: Roh, naturbelassen, ungesalzen<br data-start=\"1371\" data-end=\"1374\" \/>Herkunft: Kampanien, Italien<br data-start=\"1402\" data-end=\"1405\" \/>Allergenhinweis: Kann Spuren von anderen Schalenfr\u00fcchten enthalten<\/p>\n<hr data-start=\"1250\" data-end=\"1253\" \/>\n<h4 data-start=\"413\" data-end=\"449\"><span class=\"ez-toc-section\" id=\"Weitere_Inspiration_entdecken\"><\/span>Weitere Inspiration entdecken<span class=\"ez-toc-section-end\"><\/span><\/h4>\n<p data-start=\"450\" data-end=\"582\">Du suchst weitere besondere Produkte? Entdecke zus\u00e4tzliche Highlights in unserem Sortiment oder st\u00f6bere in unseren Partnerprojekten:<\/p>\n<ul data-start=\"584\" data-end=\"920\">\n<li data-start=\"584\" data-end=\"656\"><a href=\"https:\/\/honigbee.com\/fr\/shop\/\">Weitere Naturprodukte bei Honigbee entdecken<\/a><\/li>\n<li data-start=\"657\" data-end=\"783\">\n<p data-start=\"659\" data-end=\"783\"><a href=\"https:\/\/matvana.com\/shop\/\" target=\"_blank\" rel=\"noopener\">Stilvolle Wohnideen bei Matvana ansehen<\/a><\/p>\n<\/li>\n<li data-start=\"784\" data-end=\"920\">\n<p data-start=\"786\" data-end=\"920\"><a href=\"https:\/\/saphirsmaragd.com\/shop\/\" target=\"_blank\" rel=\"noopener\">Edelsteine &amp; Schmuck bei Saphir &amp; Smaragd ansehen<\/a><\/p>\n<\/li>\n<\/ul>","protected":false},"excerpt":{"rendered":"<p data-start=\"259\" data-end=\"398\"><em>1 kg Bio Walnussbruch aus Kampanien (Italien). Naturbelassen, unbehandelt und ungesalzen. Ideal zum Backen, Kochen oder als gesunder Snack.<\/em><\/p>","protected":false},"featured_media":42186,"comment_status":"open","ping_status":"closed","template":"","meta":{"_glsr_average":0,"_glsr_ranking":0,"_glsr_reviews":0},"product_brand":[],"product_cat":[634],"product_tag":[],"class_list":{"0":"post-14149","1":"product","2":"type-product","3":"status-publish","4":"has-post-thumbnail","6":"product_cat-walnuesse","8":"first","9":"instock","10":"shipping-taxable","11":"purchasable","12":"product-type-simple","13":"add-to-wishlist-before_image"},"jetpack_sharing_enabled":true,"_links":{"self":[{"href":"https:\/\/honigbee.com\/fr\/wp-json\/wp\/v2\/product\/14149","targetHints":{"allow":["GET"]}}],"collection":[{"href":"https:\/\/honigbee.com\/fr\/wp-json\/wp\/v2\/product"}],"about":[{"href":"https:\/\/honigbee.com\/fr\/wp-json\/wp\/v2\/types\/product"}],"replies":[{"embeddable":true,"href":"https:\/\/honigbee.com\/fr\/wp-json\/wp\/v2\/comments?post=14149"}],"version-history":[{"count":3,"href":"https:\/\/honigbee.com\/fr\/wp-json\/wp\/v2\/product\/14149\/revisions"}],"predecessor-version":[{"id":42187,"href":"https:\/\/honigbee.com\/fr\/wp-json\/wp\/v2\/product\/14149\/revisions\/42187"}],"wp:featuredmedia":[{"embeddable":true,"href":"https:\/\/honigbee.com\/fr\/wp-json\/wp\/v2\/media\/42186"}],"wp:attachment":[{"href":"https:\/\/honigbee.com\/fr\/wp-json\/wp\/v2\/media?parent=14149"}],"wp:term":[{"taxonomy":"product_brand","embeddable":true,"href":"https:\/\/honigbee.com\/fr\/wp-json\/wp\/v2\/product_brand?post=14149"},{"taxonomy":"product_cat","embeddable":true,"href":"https:\/\/honigbee.com\/fr\/wp-json\/wp\/v2\/product_cat?post=14149"},{"taxonomy":"product_tag","embeddable":true,"href":"https:\/\/honigbee.com\/fr\/wp-json\/wp\/v2\/product_tag?post=14149"}],"curies":[{"name":"wp","href":"https:\/\/api.w.org\/{rel}","templated":true}]}}