{"id":16081,"date":"2025-02-05T14:15:42","date_gmt":"2025-02-05T14:15:42","guid":{"rendered":"https:\/\/honigbee.com\/?post_type=product&#038;p=16081"},"modified":"2026-03-13T20:27:07","modified_gmt":"2026-03-13T20:27:07","slug":"balqees-black-beech-honigtau-honig-400g","status":"publish","type":"product","link":"https:\/\/honigbee.com\/fr\/produit\/balqees-black-beech-honigtau-honig-400g\/","title":{"rendered":"Black Beech Honigtau Honig 400g &#038; 1kg \u2013 100% Roh &#038; Naturbelassen \u2013 Aus Neuseeland"},"content":{"rendered":"<div id=\"ez-toc-container\" class=\"ez-toc-v2_0_83 counter-hierarchy ez-toc-counter ez-toc-grey ez-toc-container-direction\">\n<div class=\"ez-toc-title-container\">\n<p class=\"ez-toc-title\" style=\"cursor:inherit\">Table des mati\u00e8res<\/p>\n<span class=\"ez-toc-title-toggle\"><a href=\"#\" class=\"ez-toc-pull-right ez-toc-btn ez-toc-btn-xs ez-toc-btn-default ez-toc-toggle\" aria-label=\"Basculer la table des mati\u00e8res\"><span class=\"ez-toc-js-icon-con\"><span class=\"\"><span class=\"eztoc-hide\" style=\"display:none;\">Basculer<\/span><span class=\"ez-toc-icon-toggle-span\"><svg style=\"fill: #999;color:#999\" xmlns=\"http:\/\/www.w3.org\/2000\/svg\" class=\"list-377408\" width=\"20px\" height=\"20px\" viewbox=\"0 0 24 24\" fill=\"none\"><path d=\"M6 6H4v2h2V6zm14 0H8v2h12V6zM4 11h2v2H4v-2zm16 0H8v2h12v-2zM4 16h2v2H4v-2zm16 0H8v2h12v-2z\" fill=\"currentColor\"><\/path><\/svg><svg style=\"fill: #999;color:#999\" class=\"arrow-unsorted-368013\" xmlns=\"http:\/\/www.w3.org\/2000\/svg\" width=\"10px\" height=\"10px\" viewbox=\"0 0 24 24\" version=\"1.2\" baseprofile=\"tiny\"><path d=\"M18.2 9.3l-6.2-6.3-6.2 6.3c-.2.2-.3.4-.3.7s.1.5.3.7c.2.2.4.3.7.3h11c.3 0 .5-.1.7-.3.2-.2.3-.5.3-.7s-.1-.5-.3-.7zM5.8 14.7l6.2 6.3 6.2-6.3c.2-.2.3-.5.3-.7s-.1-.5-.3-.7c-.2-.2-.4-.3-.7-.3h-11c-.3 0-.5.1-.7.3-.2.2-.3.5-.3.7s.1.5.3.7z\"\/><\/svg><\/span><\/span><\/span><\/a><\/span><\/div>\n<nav><ul class='ez-toc-list ez-toc-list-level-1' ><li class='ez-toc-page-1 ez-toc-heading-level-4'><a class=\"ez-toc-link ez-toc-heading-1\" href=\"https:\/\/honigbee.com\/fr\/produit\/balqees-black-beech-honigtau-honig-400g\/#Merkmale_Herkunft\" >Caract\u00e9ristiques et origine<\/a><\/li><li class='ez-toc-page-1 ez-toc-heading-level-4'><a class=\"ez-toc-link ez-toc-heading-2\" href=\"https:\/\/honigbee.com\/fr\/produit\/balqees-black-beech-honigtau-honig-400g\/#Besonderheiten\" >Caract\u00e9ristiques sp\u00e9ciales<\/a><\/li><li class='ez-toc-page-1 ez-toc-heading-level-4'><a class=\"ez-toc-link ez-toc-heading-3\" href=\"https:\/\/honigbee.com\/fr\/produit\/balqees-black-beech-honigtau-honig-400g\/#Verwendungsmoglichkeiten\" >Utilisations possibles<\/a><\/li><li class='ez-toc-page-1 ez-toc-heading-level-4'><a class=\"ez-toc-link ez-toc-heading-4\" href=\"https:\/\/honigbee.com\/fr\/produit\/balqees-black-beech-honigtau-honig-400g\/#Weitere_Inspiration_entdecken\" >Weitere Inspiration entdecken<\/a><\/li><\/ul><\/nav><\/div>\n<p data-start=\"377\" data-end=\"749\">Ce miel brut exceptionnel provient des for\u00eats naturelles de Nouvelle-Z\u00e9lande, o\u00f9 les abeilles r\u00e9coltent le miellat des h\u00eatres noirs (<em data-start=\"513\" data-end=\"534\">Nothofagus solandri<\/em>). Contrairement au miel de fleurs, le miel de h\u00eatre noir Balqees est \u00e0 base de miellat, une s\u00e9cr\u00e9tion riche en nutriments appr\u00e9ci\u00e9e pour sa saveur intense et ses bienfaits pour la sant\u00e9.<\/p>\n<hr data-start=\"751\" data-end=\"754\" \/>\n<h4 data-start=\"756\" data-end=\"780\"><span class=\"ez-toc-section\" id=\"Merkmale_Herkunft\"><\/span>Caract\u00e9ristiques et origine<span class=\"ez-toc-section-end\"><\/span><\/h4>\n<p data-start=\"782\" data-end=\"1165\"><strong data-start=\"782\" data-end=\"798\">Nom du produit:<\/strong> Black Beech Honigtau Honig<br data-start=\"833\" data-end=\"836\" \/><strong data-start=\"836\" data-end=\"847\">Contenu:<\/strong> 400g &amp; 1kg<br data-start=\"853\" data-end=\"856\" \/><strong data-start=\"856\" data-end=\"869\">Origine:<\/strong> For\u00eats naturelles de Nouvelle-Z\u00e9lande<br data-start=\"893\" data-end=\"896\" \/><strong data-start=\"896\" data-end=\"909\">Type de miel :<\/strong> Miel de miellat de h\u00eatres noirs<br data-start=\"944\" data-end=\"947\" \/><strong data-start=\"947\" data-end=\"957\">Couleur:<\/strong> Dor\u00e9 fonc\u00e9 \u00e0 brun<br data-start=\"981\" data-end=\"984\" \/><strong data-start=\"984\" data-end=\"998\">Go\u00fbt:<\/strong> Caramel, malt\u00e9, l\u00e9g\u00e8rement \u00e9pic\u00e9<br data-start=\"1032\" data-end=\"1035\" \/><strong data-start=\"1035\" data-end=\"1050\">Coh\u00e9rence:<\/strong> \u00c9pais, lisse, l\u00e9g\u00e8rement sirupeux<br data-start=\"1088\" data-end=\"1091\" \/><strong data-start=\"1091\" data-end=\"1108\">Traitement:<\/strong> Cru, non chauff\u00e9, non filtr\u00e9<br data-start=\"1144\" data-end=\"1147\" \/><strong data-start=\"1147\" data-end=\"1159\">Condition:<\/strong> Nouveau<\/p>\n<hr data-start=\"1167\" data-end=\"1170\" \/>\n<h4 data-start=\"1172\" data-end=\"1191\"><span class=\"ez-toc-section\" id=\"Besonderheiten\"><\/span>Caract\u00e9ristiques sp\u00e9ciales<span class=\"ez-toc-section-end\"><\/span><\/h4>\n<ul data-start=\"1193\" data-end=\"1464\">\n<li data-start=\"1193\" data-end=\"1255\">\n<p data-start=\"1195\" data-end=\"1255\">100 % brut et naturel \u2013 sans transformation industrielle<\/p>\n<\/li>\n<li data-start=\"1256\" data-end=\"1305\">\n<p data-start=\"1258\" data-end=\"1305\">Obtenu \u00e0 partir du miellat, et non du nectar des fleurs<\/p>\n<\/li>\n<li data-start=\"1306\" data-end=\"1352\">\n<p data-start=\"1308\" data-end=\"1352\">Riche en oligosaccharides et antioxydants<\/p>\n<\/li>\n<li data-start=\"1353\" data-end=\"1399\">\n<p data-start=\"1355\" data-end=\"1399\">Ar\u00f4me intense avec des notes de caramel et de malt<\/p>\n<\/li>\n<li data-start=\"1400\" data-end=\"1464\">\n<p data-start=\"1402\" data-end=\"1464\">Une apiculture durable en harmonie avec la nature n\u00e9o-z\u00e9landaise<\/p>\n<\/li>\n<\/ul>\n<hr data-start=\"1695\" data-end=\"1698\" \/>\n<h4 data-start=\"1700\" data-end=\"1729\"><span class=\"ez-toc-section\" id=\"Verwendungsmoglichkeiten\"><\/span>Utilisations possibles<span class=\"ez-toc-section-end\"><\/span><\/h4>\n<ul data-start=\"1731\" data-end=\"1988\">\n<li data-start=\"1731\" data-end=\"1775\">\n<p data-start=\"1733\" data-end=\"1775\">Pure tous les jours \u2013 id\u00e9al pour bien commencer la journ\u00e9e<\/p>\n<\/li>\n<li data-start=\"1776\" data-end=\"1831\">\n<p data-start=\"1778\" data-end=\"1831\">Comme \u00e9dulcorant naturel dans le th\u00e9, le yaourt ou le muesli<\/p>\n<\/li>\n<li data-start=\"1832\" data-end=\"1872\">\n<p data-start=\"1834\" data-end=\"1872\">Pour les vinaigrettes, les p\u00e2tisseries ou les marinades<\/p>\n<\/li>\n<li data-start=\"1873\" data-end=\"1931\">\n<p data-start=\"1875\" data-end=\"1931\">Avant ou apr\u00e8s l\u2019exercice \u2013 comme source naturelle d\u2019\u00e9nergie<\/p>\n<\/li>\n<li data-start=\"1932\" data-end=\"1988\">\n<p data-start=\"1934\" data-end=\"1988\">Pour les soins de la peau \u00e0 faire soi-m\u00eame \u2013 pour les peaux s\u00e8ches ou irrit\u00e9es<\/p>\n<\/li>\n<\/ul>\n<hr data-start=\"1896\" data-end=\"1899\" \/>\n<h4 data-start=\"413\" data-end=\"449\"><span class=\"ez-toc-section\" id=\"Weitere_Inspiration_entdecken\"><\/span>Weitere Inspiration entdecken<span class=\"ez-toc-section-end\"><\/span><\/h4>\n<p data-start=\"450\" data-end=\"582\">Du suchst weitere besondere Produkte? Entdecke zus\u00e4tzliche Highlights in unserem Sortiment oder st\u00f6bere in unseren Partnerprojekten:<\/p>\n<ul data-start=\"584\" data-end=\"920\">\n<li data-start=\"584\" data-end=\"656\"><a href=\"https:\/\/honigbee.com\/fr\/shop\/\">Weitere Naturprodukte bei Honigbee entdecken<\/a><\/li>\n<li data-start=\"657\" data-end=\"783\">\n<p data-start=\"659\" data-end=\"783\"><a href=\"https:\/\/matvana.com\/shop\/\" target=\"_blank\" rel=\"noopener\">Stilvolle Wohnideen bei Matvana ansehen<\/a><\/p>\n<\/li>\n<li data-start=\"784\" data-end=\"920\">\n<p data-start=\"786\" data-end=\"920\"><a href=\"https:\/\/saphirsmaragd.com\/shop\/\" target=\"_blank\" rel=\"noopener\">Edelsteine &amp; Schmuck bei Saphir &amp; Smaragd ansehen<\/a><\/p>\n<\/li>\n<\/ul>\n<hr data-start=\"1931\" data-end=\"1934\" \/>\n<p>Produktbilder dienen der Veranschaulichung. Verpackungsdesign kann abweichen.<\/p>","protected":false},"excerpt":{"rendered":"<p class=\"\" data-start=\"5364\" data-end=\"5570\"><em>Black Beech Honigtau Honig \u2013 100% Roh &amp; Naturbelassen aus Neuseeland. F\u00f6rdert den Stoffwechsel, st\u00e4rkt das Immunsystem &amp; bietet nat\u00fcrliche Energie. Jetzt in 400g oder 1kg erh\u00e4ltlich.<\/em><\/p>","protected":false},"featured_media":43745,"comment_status":"open","ping_status":"closed","template":"","meta":{"_glsr_average":0,"_glsr_ranking":0,"_glsr_reviews":0},"product_brand":[],"product_cat":[774],"product_tag":[],"class_list":{"0":"post-16081","1":"product","2":"type-product","3":"status-publish","4":"has-post-thumbnail","6":"product_cat-baumhonig","8":"first","9":"instock","10":"shipping-taxable","11":"purchasable","12":"product-type-variable","13":"add-to-wishlist-before_image"},"jetpack_sharing_enabled":true,"_links":{"self":[{"href":"https:\/\/honigbee.com\/fr\/wp-json\/wp\/v2\/product\/16081","targetHints":{"allow":["GET"]}}],"collection":[{"href":"https:\/\/honigbee.com\/fr\/wp-json\/wp\/v2\/product"}],"about":[{"href":"https:\/\/honigbee.com\/fr\/wp-json\/wp\/v2\/types\/product"}],"replies":[{"embeddable":true,"href":"https:\/\/honigbee.com\/fr\/wp-json\/wp\/v2\/comments?post=16081"}],"version-history":[{"count":6,"href":"https:\/\/honigbee.com\/fr\/wp-json\/wp\/v2\/product\/16081\/revisions"}],"predecessor-version":[{"id":43747,"href":"https:\/\/honigbee.com\/fr\/wp-json\/wp\/v2\/product\/16081\/revisions\/43747"}],"wp:featuredmedia":[{"embeddable":true,"href":"https:\/\/honigbee.com\/fr\/wp-json\/wp\/v2\/media\/43745"}],"wp:attachment":[{"href":"https:\/\/honigbee.com\/fr\/wp-json\/wp\/v2\/media?parent=16081"}],"wp:term":[{"taxonomy":"product_brand","embeddable":true,"href":"https:\/\/honigbee.com\/fr\/wp-json\/wp\/v2\/product_brand?post=16081"},{"taxonomy":"product_cat","embeddable":true,"href":"https:\/\/honigbee.com\/fr\/wp-json\/wp\/v2\/product_cat?post=16081"},{"taxonomy":"product_tag","embeddable":true,"href":"https:\/\/honigbee.com\/fr\/wp-json\/wp\/v2\/product_tag?post=16081"}],"curies":[{"name":"wp","href":"https:\/\/api.w.org\/{rel}","templated":true}]}}