{"id":23401,"date":"2025-05-29T13:07:47","date_gmt":"2025-05-29T13:07:47","guid":{"rendered":"https:\/\/honigbee.com\/?post_type=product&#038;p=23401"},"modified":"2026-02-28T18:36:31","modified_gmt":"2026-02-28T18:36:31","slug":"gemischte-nuesse-1-kg","status":"publish","type":"product","link":"https:\/\/honigbee.com\/fr\/produit\/gemischte-nuesse-1-kg\/","title":{"rendered":"1 kg Gemischte N\u00fcsse \u2013 Vielf\u00e4ltige Nussmischung mit hochwertigen Zutaten"},"content":{"rendered":"<div id=\"ez-toc-container\" class=\"ez-toc-v2_0_83 counter-hierarchy ez-toc-counter ez-toc-grey ez-toc-container-direction\">\n<div class=\"ez-toc-title-container\">\n<p class=\"ez-toc-title\" style=\"cursor:inherit\">Table des mati\u00e8res<\/p>\n<span class=\"ez-toc-title-toggle\"><a href=\"#\" class=\"ez-toc-pull-right ez-toc-btn ez-toc-btn-xs ez-toc-btn-default ez-toc-toggle\" aria-label=\"Basculer la table des mati\u00e8res\"><span class=\"ez-toc-js-icon-con\"><span class=\"\"><span class=\"eztoc-hide\" style=\"display:none;\">Basculer<\/span><span class=\"ez-toc-icon-toggle-span\"><svg style=\"fill: #999;color:#999\" xmlns=\"http:\/\/www.w3.org\/2000\/svg\" class=\"list-377408\" width=\"20px\" height=\"20px\" viewbox=\"0 0 24 24\" fill=\"none\"><path d=\"M6 6H4v2h2V6zm14 0H8v2h12V6zM4 11h2v2H4v-2zm16 0H8v2h12v-2zM4 16h2v2H4v-2zm16 0H8v2h12v-2z\" fill=\"currentColor\"><\/path><\/svg><svg style=\"fill: #999;color:#999\" class=\"arrow-unsorted-368013\" xmlns=\"http:\/\/www.w3.org\/2000\/svg\" width=\"10px\" height=\"10px\" viewbox=\"0 0 24 24\" version=\"1.2\" baseprofile=\"tiny\"><path d=\"M18.2 9.3l-6.2-6.3-6.2 6.3c-.2.2-.3.4-.3.7s.1.5.3.7c.2.2.4.3.7.3h11c.3 0 .5-.1.7-.3.2-.2.3-.5.3-.7s-.1-.5-.3-.7zM5.8 14.7l6.2 6.3 6.2-6.3c.2-.2.3-.5.3-.7s-.1-.5-.3-.7c-.2-.2-.4-.3-.7-.3h-11c-.3 0-.5.1-.7.3-.2.2-.3.5-.3.7s.1.5.3.7z\"\/><\/svg><\/span><\/span><\/span><\/a><\/span><\/div>\n<nav><ul class='ez-toc-list ez-toc-list-level-1' ><li class='ez-toc-page-1 ez-toc-heading-level-4'><a class=\"ez-toc-link ez-toc-heading-1\" href=\"https:\/\/honigbee.com\/fr\/produit\/gemischte-nuesse-1-kg\/#1_kg_Gemischte_Nusse_%E2%80%93_Naturliche_Premium_Nussmischung_fur_gesunden_Genuss\" >1 kg Gemischte N\u00fcsse \u2013 Nat\u00fcrliche Premium Nussmischung f\u00fcr gesunden Genuss<\/a><\/li><li class='ez-toc-page-1 ez-toc-heading-level-4'><a class=\"ez-toc-link ez-toc-heading-2\" href=\"https:\/\/honigbee.com\/fr\/produit\/gemischte-nuesse-1-kg\/#Produktvorteile\" >Avantages du produit<\/a><\/li><li class='ez-toc-page-1 ez-toc-heading-level-4'><a class=\"ez-toc-link ez-toc-heading-3\" href=\"https:\/\/honigbee.com\/fr\/produit\/gemischte-nuesse-1-kg\/#Verwendung\" >utiliser<\/a><\/li><li class='ez-toc-page-1 ez-toc-heading-level-4'><a class=\"ez-toc-link ez-toc-heading-4\" href=\"https:\/\/honigbee.com\/fr\/produit\/gemischte-nuesse-1-kg\/#Qualitat_und_Naturlichkeit\" >Qualit\u00e4t und Nat\u00fcrlichkeit<\/a><\/li><li class='ez-toc-page-1 ez-toc-heading-level-4'><a class=\"ez-toc-link ez-toc-heading-5\" href=\"https:\/\/honigbee.com\/fr\/produit\/gemischte-nuesse-1-kg\/#Weitere_Inspiration_entdecken\" >Weitere Inspiration entdecken<\/a><\/li><\/ul><\/nav><\/div>\n<h4 data-start=\"149\" data-end=\"228\"><span class=\"ez-toc-section\" id=\"1_kg_Gemischte_Nusse_%E2%80%93_Naturliche_Premium_Nussmischung_fur_gesunden_Genuss\"><\/span>1 kg Gemischte N\u00fcsse \u2013 Nat\u00fcrliche Premium Nussmischung f\u00fcr gesunden Genuss<span class=\"ez-toc-section-end\"><\/span><\/h4>\n<p data-start=\"230\" data-end=\"520\">Diese hochwertige Mischung aus sorgf\u00e4ltig ausgew\u00e4hlten N\u00fcssen bietet eine perfekte Kombination aus Geschmack, N\u00e4hrstoffen und Vielseitigkeit. Die ausgewogene Zusammenstellung liefert wertvolle Vitamine, Mineralstoffe und gesunde Fetts\u00e4uren und eignet sich ideal f\u00fcr eine bewusste Ern\u00e4hrung.<\/p>\n<p data-start=\"522\" data-end=\"698\">Die N\u00fcsse sind naturbelassen, ohne unn\u00f6tige Zusatzstoffe und bieten einen knackigen, frischen Geschmack. Perfekt f\u00fcr den t\u00e4glichen Genuss \u2013 ob zu Hause, im B\u00fcro oder unterwegs.<\/p>\n<hr data-start=\"700\" data-end=\"703\" \/>\n<h4 data-start=\"705\" data-end=\"725\"><span class=\"ez-toc-section\" id=\"Produktvorteile\"><\/span>Avantages du produit<span class=\"ez-toc-section-end\"><\/span><\/h4>\n<p data-start=\"727\" data-end=\"833\">Diese nat\u00fcrliche Nussmischung \u00fcberzeugt durch ihre hohe Qualit\u00e4t und ihren ern\u00e4hrungsphysiologischen Wert:<\/p>\n<p data-start=\"835\" data-end=\"1103\">\u2022 Reich an gesunden unges\u00e4ttigten Fetts\u00e4uren<br data-start=\"879\" data-end=\"882\" \/>\u2022 Gute Quelle f\u00fcr pflanzliches Eiwei\u00df<br data-start=\"919\" data-end=\"922\" \/>\u2022 Enth\u00e4lt wichtige Vitamine und Mineralstoffe<br data-start=\"967\" data-end=\"970\" \/>\u2022 Unterst\u00fctzt eine ausgewogene Ern\u00e4hrung<br data-start=\"1010\" data-end=\"1013\" \/>\u2022 100 % naturbelassen, ohne k\u00fcnstliche Zus\u00e4tze<br data-start=\"1059\" data-end=\"1062\" \/>\u2022 Knackige Frische und voller Geschmack<\/p>\n<p data-start=\"1105\" data-end=\"1236\">Die Kombination verschiedener Nusssorten sorgt f\u00fcr ein ausgewogenes N\u00e4hrstoffprofil und ein abwechslungsreiches Geschmackserlebnis.<\/p>\n<hr data-start=\"1238\" data-end=\"1241\" \/>\n<h4 data-start=\"1243\" data-end=\"1258\"><span class=\"ez-toc-section\" id=\"Verwendung\"><\/span>utiliser<span class=\"ez-toc-section-end\"><\/span><\/h4>\n<p data-start=\"1260\" data-end=\"1347\">Die gemischten N\u00fcsse sind vielseitig einsetzbar und ideal f\u00fcr verschiedene Anwendungen:<\/p>\n<p data-start=\"1349\" data-end=\"1569\">\u2022 Als gesunder Snack f\u00fcr zwischendurch<br data-start=\"1387\" data-end=\"1390\" \/>\u2022 Als Topping f\u00fcr M\u00fcsli, Joghurt oder Smoothie Bowls<br data-start=\"1442\" data-end=\"1445\" \/>\u2022 Zum Backen von Brot, Kuchen und Keksen<br data-start=\"1485\" data-end=\"1488\" \/>\u2022 F\u00fcr Salate oder warme Gerichte<br data-start=\"1520\" data-end=\"1523\" \/>\u2022 Ideal f\u00fcr Meal Prep und bewusste Ern\u00e4hrung<\/p>\n<p data-start=\"1571\" data-end=\"1620\">Perfekt f\u00fcr Alltag, Sport und aktive Lebensweise.<\/p>\n<hr data-start=\"1622\" data-end=\"1625\" \/>\n<h4 data-start=\"1627\" data-end=\"1658\"><span class=\"ez-toc-section\" id=\"Qualitat_und_Naturlichkeit\"><\/span>Qualit\u00e4t und Nat\u00fcrlichkeit<span class=\"ez-toc-section-end\"><\/span><\/h4>\n<p data-start=\"1660\" data-end=\"1860\">Diese Nussmischung wird sorgf\u00e4ltig verarbeitet, um Geschmack, Frische und N\u00e4hrstoffe optimal zu erhalten. Die wiederverschlie\u00dfbare Verpackung sch\u00fctzt das Produkt und sorgt f\u00fcr langanhaltende Qualit\u00e4t.<\/p>\n<p data-start=\"1862\" data-end=\"1925\">Naturbelassen, vielseitig und ideal f\u00fcr eine gesunde Ern\u00e4hrung.<\/p>\n<hr data-start=\"1683\" data-end=\"1686\" \/>\n<h4 data-start=\"413\" data-end=\"449\"><span class=\"ez-toc-section\" id=\"Weitere_Inspiration_entdecken\"><\/span>Weitere Inspiration entdecken<span class=\"ez-toc-section-end\"><\/span><\/h4>\n<p data-start=\"450\" data-end=\"582\">Du suchst weitere besondere Produkte? Entdecke zus\u00e4tzliche Highlights in unserem Sortiment oder st\u00f6bere in unseren Partnerprojekten:<\/p>\n<ul data-start=\"584\" data-end=\"920\">\n<li data-start=\"584\" data-end=\"656\"><a href=\"https:\/\/honigbee.com\/fr\/shop\/\">Weitere Naturprodukte bei Honigbee entdecken<\/a><\/li>\n<li data-start=\"657\" data-end=\"783\">\n<p data-start=\"659\" data-end=\"783\"><a href=\"https:\/\/matvana.com\/shop\/\" target=\"_blank\" rel=\"noopener\">Stilvolle Wohnideen bei Matvana ansehen<\/a><\/p>\n<\/li>\n<li data-start=\"784\" data-end=\"920\">\n<p data-start=\"786\" data-end=\"920\"><a href=\"https:\/\/saphirsmaragd.com\/shop\/\" target=\"_blank\" rel=\"noopener\">Edelsteine &amp; Schmuck bei Saphir &amp; Smaragd ansehen<\/a><\/p>\n<\/li>\n<\/ul>\n<hr data-start=\"1931\" data-end=\"1934\" \/>\n<p>Produktbilder dienen der Veranschaulichung. Verpackungsdesign kann abweichen.<\/p>","protected":false},"excerpt":{"rendered":"<p data-start=\"174\" data-end=\"350\"><em>1 kg gemischte N\u00fcsse. Enth\u00e4lt Cashew, Haselnuss, Mandel, Pekannuss und Paranuss. Reich an Vitaminen, Mineralien und Ballaststoffen.<\/em><\/p>","protected":false},"featured_media":42323,"comment_status":"open","ping_status":"closed","template":"","meta":{"_glsr_average":0,"_glsr_ranking":0,"_glsr_reviews":0},"product_brand":[],"product_cat":[1175],"product_tag":[],"class_list":{"0":"post-23401","1":"product","2":"type-product","3":"status-publish","4":"has-post-thumbnail","6":"product_cat-nussmischung","8":"first","9":"instock","10":"shipping-taxable","11":"purchasable","12":"product-type-simple","13":"add-to-wishlist-before_image"},"jetpack_sharing_enabled":true,"_links":{"self":[{"href":"https:\/\/honigbee.com\/fr\/wp-json\/wp\/v2\/product\/23401","targetHints":{"allow":["GET"]}}],"collection":[{"href":"https:\/\/honigbee.com\/fr\/wp-json\/wp\/v2\/product"}],"about":[{"href":"https:\/\/honigbee.com\/fr\/wp-json\/wp\/v2\/types\/product"}],"replies":[{"embeddable":true,"href":"https:\/\/honigbee.com\/fr\/wp-json\/wp\/v2\/comments?post=23401"}],"version-history":[{"count":4,"href":"https:\/\/honigbee.com\/fr\/wp-json\/wp\/v2\/product\/23401\/revisions"}],"predecessor-version":[{"id":43188,"href":"https:\/\/honigbee.com\/fr\/wp-json\/wp\/v2\/product\/23401\/revisions\/43188"}],"wp:featuredmedia":[{"embeddable":true,"href":"https:\/\/honigbee.com\/fr\/wp-json\/wp\/v2\/media\/42323"}],"wp:attachment":[{"href":"https:\/\/honigbee.com\/fr\/wp-json\/wp\/v2\/media?parent=23401"}],"wp:term":[{"taxonomy":"product_brand","embeddable":true,"href":"https:\/\/honigbee.com\/fr\/wp-json\/wp\/v2\/product_brand?post=23401"},{"taxonomy":"product_cat","embeddable":true,"href":"https:\/\/honigbee.com\/fr\/wp-json\/wp\/v2\/product_cat?post=23401"},{"taxonomy":"product_tag","embeddable":true,"href":"https:\/\/honigbee.com\/fr\/wp-json\/wp\/v2\/product_tag?post=23401"}],"curies":[{"name":"wp","href":"https:\/\/api.w.org\/{rel}","templated":true}]}}