{"id":23506,"date":"2025-05-30T11:06:18","date_gmt":"2025-05-30T11:06:18","guid":{"rendered":"https:\/\/honigbee.com\/?post_type=product&#038;p=23506"},"modified":"2026-02-28T18:42:59","modified_gmt":"2026-02-28T18:42:59","slug":"paranuesse-1kg","status":"publish","type":"product","link":"https:\/\/honigbee.com\/fr\/produit\/paranuesse-1kg\/","title":{"rendered":"1 kg Paran\u00fcsse \u2013 Reich an Selen, feiner Geschmack &#038; gesunder Snack"},"content":{"rendered":"<div id=\"ez-toc-container\" class=\"ez-toc-v2_0_83 counter-hierarchy ez-toc-counter ez-toc-grey ez-toc-container-direction\">\n<div class=\"ez-toc-title-container\">\n<p class=\"ez-toc-title\" style=\"cursor:inherit\">Table des mati\u00e8res<\/p>\n<span class=\"ez-toc-title-toggle\"><a href=\"#\" class=\"ez-toc-pull-right ez-toc-btn ez-toc-btn-xs ez-toc-btn-default ez-toc-toggle\" aria-label=\"Basculer la table des mati\u00e8res\"><span class=\"ez-toc-js-icon-con\"><span class=\"\"><span class=\"eztoc-hide\" style=\"display:none;\">Basculer<\/span><span class=\"ez-toc-icon-toggle-span\"><svg style=\"fill: #999;color:#999\" xmlns=\"http:\/\/www.w3.org\/2000\/svg\" class=\"list-377408\" width=\"20px\" height=\"20px\" viewbox=\"0 0 24 24\" fill=\"none\"><path d=\"M6 6H4v2h2V6zm14 0H8v2h12V6zM4 11h2v2H4v-2zm16 0H8v2h12v-2zM4 16h2v2H4v-2zm16 0H8v2h12v-2z\" fill=\"currentColor\"><\/path><\/svg><svg style=\"fill: #999;color:#999\" class=\"arrow-unsorted-368013\" xmlns=\"http:\/\/www.w3.org\/2000\/svg\" width=\"10px\" height=\"10px\" viewbox=\"0 0 24 24\" version=\"1.2\" baseprofile=\"tiny\"><path d=\"M18.2 9.3l-6.2-6.3-6.2 6.3c-.2.2-.3.4-.3.7s.1.5.3.7c.2.2.4.3.7.3h11c.3 0 .5-.1.7-.3.2-.2.3-.5.3-.7s-.1-.5-.3-.7zM5.8 14.7l6.2 6.3 6.2-6.3c.2-.2.3-.5.3-.7s-.1-.5-.3-.7c-.2-.2-.4-.3-.7-.3h-11c-.3 0-.5.1-.7.3-.2.2-.3.5-.3.7s.1.5.3.7z\"\/><\/svg><\/span><\/span><\/span><\/a><\/span><\/div>\n<nav><ul class='ez-toc-list ez-toc-list-level-1' ><li class='ez-toc-page-1 ez-toc-heading-level-4'><a class=\"ez-toc-link ez-toc-heading-1\" href=\"https:\/\/honigbee.com\/fr\/produit\/paranuesse-1kg\/#Vorteile_von_1kg_Paranusse\" >Vorteile von 1kg Paran\u00fcsse<\/a><\/li><li class='ez-toc-page-1 ez-toc-heading-level-4'><a class=\"ez-toc-link ez-toc-heading-2\" href=\"https:\/\/honigbee.com\/fr\/produit\/paranuesse-1kg\/#Vielseitige_Verwendung_von_1kg_Paranusse\" >Vielseitige Verwendung von 1kg Paran\u00fcsse<\/a><\/li><li class='ez-toc-page-1 ez-toc-heading-level-4'><a class=\"ez-toc-link ez-toc-heading-3\" href=\"https:\/\/honigbee.com\/fr\/produit\/paranuesse-1kg\/#Qualitat_und_Naturlichkeit\" >Qualit\u00e4t und Nat\u00fcrlichkeit<\/a><\/li><li class='ez-toc-page-1 ez-toc-heading-level-4'><a class=\"ez-toc-link ez-toc-heading-4\" href=\"https:\/\/honigbee.com\/fr\/produit\/paranuesse-1kg\/#Weitere_Inspiration_entdecken\" >Weitere Inspiration entdecken<\/a><\/li><\/ul><\/nav><\/div>\n<p data-start=\"784\" data-end=\"849\">1kg Paran\u00fcsse \u2013 Nat\u00fcrlich, Selenreich und Vielseitig Verwendbar<\/p>\n<p data-start=\"851\" data-end=\"1127\">Diese hochwertigen 1kg Paran\u00fcsse \u00fcberzeugen durch ihren feinen Geschmack, ihre cremige Textur und ihren au\u00dfergew\u00f6hnlich hohen Selengehalt. Als nat\u00fcrliche Quelle wichtiger Mineralstoffe unterst\u00fctzen sie eine ausgewogene Ern\u00e4hrung und eignen sich ideal f\u00fcr den t\u00e4glichen Genuss.<\/p>\n<p data-start=\"1129\" data-end=\"1331\">Die sorgf\u00e4ltig ausgew\u00e4hlten Paran\u00fcsse werden schonend verarbeitet, um ihre wertvollen N\u00e4hrstoffe zu bewahren. Sie sind vielseitig einsetzbar und eine hervorragende Wahl f\u00fcr gesundheitsbewusste Genie\u00dfer.<\/p>\n<hr data-start=\"1333\" data-end=\"1336\" \/>\n<h4 data-start=\"1338\" data-end=\"1371\"><span class=\"ez-toc-section\" id=\"Vorteile_von_1kg_Paranusse\"><\/span>Vorteile von 1kg Paran\u00fcsse<span class=\"ez-toc-section-end\"><\/span><\/h4>\n<p data-start=\"1373\" data-end=\"1443\">Die 1kg Paran\u00fcsse bieten zahlreiche ern\u00e4hrungsphysiologische Vorteile:<\/p>\n<p data-start=\"1445\" data-end=\"1717\">\u2022 Besonders reich an nat\u00fcrlichem Selen<br data-start=\"1483\" data-end=\"1486\" \/>\u2022 Unterst\u00fctzen das Immunsystem und den Zellschutz<br data-start=\"1535\" data-end=\"1538\" \/>\u2022 Nat\u00fcrliche Quelle gesunder unges\u00e4ttigter Fetts\u00e4uren<br data-start=\"1591\" data-end=\"1594\" \/>\u2022 Reich an Magnesium, Zink und Vitamin E<br data-start=\"1634\" data-end=\"1637\" \/>\u2022 Frei von k\u00fcnstlichen Zusatzstoffen<br data-start=\"1673\" data-end=\"1676\" \/>\u2022 Nat\u00fcrlicher, unverf\u00e4lschter Geschmack<\/p>\n<p data-start=\"1719\" data-end=\"1815\">Bereits kleine Mengen der 1kg Paran\u00fcsse k\u00f6nnen zur Deckung des t\u00e4glichen Selenbedarfs beitragen.<\/p>\n<hr data-start=\"1817\" data-end=\"1820\" \/>\n<h4 data-start=\"1822\" data-end=\"1869\"><span class=\"ez-toc-section\" id=\"Vielseitige_Verwendung_von_1kg_Paranusse\"><\/span>Vielseitige Verwendung von 1kg Paran\u00fcsse<span class=\"ez-toc-section-end\"><\/span><\/h4>\n<p data-start=\"1871\" data-end=\"1942\">Die 1kg Paran\u00fcsse lassen sich vielseitig in Ihre Ern\u00e4hrung integrieren:<\/p>\n<p data-start=\"1944\" data-end=\"2165\">\u2022 Als gesunder Snack f\u00fcr zwischendurch<br data-start=\"1982\" data-end=\"1985\" \/>\u2022 Ideal f\u00fcr M\u00fcsli, Joghurt oder Smoothies<br data-start=\"2026\" data-end=\"2029\" \/>\u2022 Perfekt zum Backen und Kochen<br data-start=\"2060\" data-end=\"2063\" \/>\u2022 Geeignet zur Herstellung von Nussmischungen<br data-start=\"2108\" data-end=\"2111\" \/>\u2022 Hervorragend f\u00fcr vegane und vegetarische Ern\u00e4hrung<\/p>\n<p data-start=\"2167\" data-end=\"2251\">Durch ihren milden Geschmack passen sie sowohl zu s\u00fc\u00dfen als auch herzhaften Speisen.<\/p>\n<hr data-start=\"2253\" data-end=\"2256\" \/>\n<h4 data-start=\"2258\" data-end=\"2291\"><span class=\"ez-toc-section\" id=\"Qualitat_und_Naturlichkeit\"><\/span>Qualit\u00e4t und Nat\u00fcrlichkeit<span class=\"ez-toc-section-end\"><\/span><\/h4>\n<p data-start=\"2293\" data-end=\"2497\">Die 1kg Paran\u00fcsse werden sorgf\u00e4ltig ausgew\u00e4hlt und schonend verarbeitet, um h\u00f6chste Qualit\u00e4t zu gew\u00e4hrleisten. Die wiederverschlie\u00dfbare Verpackung sch\u00fctzt die Frische und sorgt f\u00fcr eine lange Haltbarkeit.<\/p>\n<p data-start=\"2499\" data-end=\"2610\">Sie erhalten ein naturbelassenes Produkt ohne unn\u00f6tige Zus\u00e4tze \u2013 ideal f\u00fcr eine bewusste und gesunde Ern\u00e4hrung.<\/p>\n<hr data-start=\"1683\" data-end=\"1686\" \/>\n<h4 data-start=\"413\" data-end=\"449\"><span class=\"ez-toc-section\" id=\"Weitere_Inspiration_entdecken\"><\/span>Weitere Inspiration entdecken<span class=\"ez-toc-section-end\"><\/span><\/h4>\n<p data-start=\"450\" data-end=\"582\">Du suchst weitere besondere Produkte? Entdecke zus\u00e4tzliche Highlights in unserem Sortiment oder st\u00f6bere in unseren Partnerprojekten:<\/p>\n<ul data-start=\"584\" data-end=\"920\">\n<li data-start=\"584\" data-end=\"656\"><a href=\"https:\/\/honigbee.com\/fr\/shop\/\">Weitere Naturprodukte bei Honigbee entdecken<\/a><\/li>\n<li data-start=\"657\" data-end=\"783\">\n<p data-start=\"659\" data-end=\"783\"><a href=\"https:\/\/matvana.com\/shop\/\" target=\"_blank\" rel=\"noopener\">Stilvolle Wohnideen bei Matvana ansehen<\/a><\/p>\n<\/li>\n<li data-start=\"784\" data-end=\"920\">\n<p data-start=\"786\" data-end=\"920\"><a href=\"https:\/\/saphirsmaragd.com\/shop\/\" target=\"_blank\" rel=\"noopener\">Edelsteine &amp; Schmuck bei Saphir &amp; Smaragd ansehen<\/a><\/p>\n<\/li>\n<\/ul>\n<hr data-start=\"1931\" data-end=\"1934\" \/>\n<p>Produktbilder dienen der Veranschaulichung. Verpackungsdesign kann abweichen.<\/p>","protected":false},"excerpt":{"rendered":"<p data-start=\"501\" data-end=\"659\"><em>1kg Paran\u00fcsse sind reich an nat\u00fcrlichem Selen, gesunden Fetten und wertvollen N\u00e4hrstoffen. Ideal als Snack, f\u00fcr M\u00fcsli, Backen oder eine ausgewogene Ern\u00e4hrung.<\/em><\/p>","protected":false},"featured_media":42370,"comment_status":"open","ping_status":"closed","template":"","meta":{"_glsr_average":0,"_glsr_ranking":0,"_glsr_reviews":0},"product_brand":[],"product_cat":[638],"product_tag":[],"class_list":{"0":"post-23506","1":"product","2":"type-product","3":"status-publish","4":"has-post-thumbnail","6":"product_cat-paranuesse","8":"first","9":"instock","10":"shipping-taxable","11":"purchasable","12":"product-type-simple","13":"add-to-wishlist-before_image"},"jetpack_sharing_enabled":true,"_links":{"self":[{"href":"https:\/\/honigbee.com\/fr\/wp-json\/wp\/v2\/product\/23506","targetHints":{"allow":["GET"]}}],"collection":[{"href":"https:\/\/honigbee.com\/fr\/wp-json\/wp\/v2\/product"}],"about":[{"href":"https:\/\/honigbee.com\/fr\/wp-json\/wp\/v2\/types\/product"}],"replies":[{"embeddable":true,"href":"https:\/\/honigbee.com\/fr\/wp-json\/wp\/v2\/comments?post=23506"}],"version-history":[{"count":7,"href":"https:\/\/honigbee.com\/fr\/wp-json\/wp\/v2\/product\/23506\/revisions"}],"predecessor-version":[{"id":43206,"href":"https:\/\/honigbee.com\/fr\/wp-json\/wp\/v2\/product\/23506\/revisions\/43206"}],"wp:featuredmedia":[{"embeddable":true,"href":"https:\/\/honigbee.com\/fr\/wp-json\/wp\/v2\/media\/42370"}],"wp:attachment":[{"href":"https:\/\/honigbee.com\/fr\/wp-json\/wp\/v2\/media?parent=23506"}],"wp:term":[{"taxonomy":"product_brand","embeddable":true,"href":"https:\/\/honigbee.com\/fr\/wp-json\/wp\/v2\/product_brand?post=23506"},{"taxonomy":"product_cat","embeddable":true,"href":"https:\/\/honigbee.com\/fr\/wp-json\/wp\/v2\/product_cat?post=23506"},{"taxonomy":"product_tag","embeddable":true,"href":"https:\/\/honigbee.com\/fr\/wp-json\/wp\/v2\/product_tag?post=23506"}],"curies":[{"name":"wp","href":"https:\/\/api.w.org\/{rel}","templated":true}]}}