{"id":23551,"date":"2025-05-30T12:12:43","date_gmt":"2025-05-30T12:12:43","guid":{"rendered":"https:\/\/honigbee.com\/?post_type=product&#038;p=23551"},"modified":"2026-02-28T18:24:12","modified_gmt":"2026-02-28T18:24:12","slug":"250g-cashewkerne-in-weisser-schokolade-mit-vanille-und-kokos-suess-und-gesund","status":"publish","type":"product","link":"https:\/\/honigbee.com\/fr\/produit\/250g-cashewkerne-in-weisser-schokolade-mit-vanille-und-kokos-suess-und-gesund\/","title":{"rendered":"250g Cashewkerne in wei\u00dfer Schokolade mit Vanille und Kokos"},"content":{"rendered":"<div id=\"ez-toc-container\" class=\"ez-toc-v2_0_83 counter-hierarchy ez-toc-counter ez-toc-grey ez-toc-container-direction\">\n<div class=\"ez-toc-title-container\">\n<p class=\"ez-toc-title\" style=\"cursor:inherit\">Table des mati\u00e8res<\/p>\n<span class=\"ez-toc-title-toggle\"><a href=\"#\" class=\"ez-toc-pull-right ez-toc-btn ez-toc-btn-xs ez-toc-btn-default ez-toc-toggle\" aria-label=\"Basculer la table des mati\u00e8res\"><span class=\"ez-toc-js-icon-con\"><span class=\"\"><span class=\"eztoc-hide\" style=\"display:none;\">Basculer<\/span><span class=\"ez-toc-icon-toggle-span\"><svg style=\"fill: #999;color:#999\" xmlns=\"http:\/\/www.w3.org\/2000\/svg\" class=\"list-377408\" width=\"20px\" height=\"20px\" viewbox=\"0 0 24 24\" fill=\"none\"><path d=\"M6 6H4v2h2V6zm14 0H8v2h12V6zM4 11h2v2H4v-2zm16 0H8v2h12v-2zM4 16h2v2H4v-2zm16 0H8v2h12v-2z\" fill=\"currentColor\"><\/path><\/svg><svg style=\"fill: #999;color:#999\" class=\"arrow-unsorted-368013\" xmlns=\"http:\/\/www.w3.org\/2000\/svg\" width=\"10px\" height=\"10px\" viewbox=\"0 0 24 24\" version=\"1.2\" baseprofile=\"tiny\"><path d=\"M18.2 9.3l-6.2-6.3-6.2 6.3c-.2.2-.3.4-.3.7s.1.5.3.7c.2.2.4.3.7.3h11c.3 0 .5-.1.7-.3.2-.2.3-.5.3-.7s-.1-.5-.3-.7zM5.8 14.7l6.2 6.3 6.2-6.3c.2-.2.3-.5.3-.7s-.1-.5-.3-.7c-.2-.2-.4-.3-.7-.3h-11c-.3 0-.5.1-.7.3-.2.2-.3.5-.3.7s.1.5.3.7z\"\/><\/svg><\/span><\/span><\/span><\/a><\/span><\/div>\n<nav><ul class='ez-toc-list ez-toc-list-level-1' ><li class='ez-toc-page-1 ez-toc-heading-level-4'><a class=\"ez-toc-link ez-toc-heading-1\" href=\"https:\/\/honigbee.com\/fr\/produit\/250g-cashewkerne-in-weisser-schokolade-mit-vanille-und-kokos-suess-und-gesund\/#250g_Cashewkerne_in_weiser_Schokolade_mit_Vanille_und_Kokos_%E2%80%93_cremig_und_aromatisch\" >250g Cashewkerne in wei\u00dfer Schokolade mit Vanille und Kokos \u2013 cremig und aromatisch<\/a><\/li><li class='ez-toc-page-1 ez-toc-heading-level-4'><a class=\"ez-toc-link ez-toc-heading-2\" href=\"https:\/\/honigbee.com\/fr\/produit\/250g-cashewkerne-in-weisser-schokolade-mit-vanille-und-kokos-suess-und-gesund\/#Eigenschaften\" >Caract\u00e9ristiques<\/a><\/li><li class='ez-toc-page-1 ez-toc-heading-level-4'><a class=\"ez-toc-link ez-toc-heading-3\" href=\"https:\/\/honigbee.com\/fr\/produit\/250g-cashewkerne-in-weisser-schokolade-mit-vanille-und-kokos-suess-und-gesund\/#Verwendung\" >utiliser<\/a><\/li><li class='ez-toc-page-1 ez-toc-heading-level-4'><a class=\"ez-toc-link ez-toc-heading-4\" href=\"https:\/\/honigbee.com\/fr\/produit\/250g-cashewkerne-in-weisser-schokolade-mit-vanille-und-kokos-suess-und-gesund\/#Produktdetails\" >D\u00e9tails du produit<\/a><\/li><li class='ez-toc-page-1 ez-toc-heading-level-4'><a class=\"ez-toc-link ez-toc-heading-5\" href=\"https:\/\/honigbee.com\/fr\/produit\/250g-cashewkerne-in-weisser-schokolade-mit-vanille-und-kokos-suess-und-gesund\/#Weitere_Inspiration_entdecken\" >Weitere Inspiration entdecken<\/a><\/li><\/ul><\/nav><\/div>\n<h4 data-start=\"605\" data-end=\"693\"><span class=\"ez-toc-section\" id=\"250g_Cashewkerne_in_weiser_Schokolade_mit_Vanille_und_Kokos_%E2%80%93_cremig_und_aromatisch\"><\/span>250g Cashewkerne in wei\u00dfer Schokolade mit Vanille und Kokos \u2013 cremig und aromatisch<span class=\"ez-toc-section-end\"><\/span><\/h4>\n<p data-start=\"695\" data-end=\"913\">Diese Cashewkerne sind mit wei\u00dfer Schokolade \u00fcberzogen und mit Vanille sowie Kokos verfeinert. Die Kombination aus milden Cashews und s\u00fc\u00dfer Schokolade sorgt f\u00fcr ein harmonisches Geschmackserlebnis mit feiner Kokosnote.<\/p>\n<p data-start=\"915\" data-end=\"978\">Die 250g Packung eignet sich ideal zum Naschen oder zum Teilen.<\/p>\n<hr data-start=\"980\" data-end=\"983\" \/>\n<h4 data-start=\"985\" data-end=\"1003\"><span class=\"ez-toc-section\" id=\"Eigenschaften\"><\/span>Caract\u00e9ristiques<span class=\"ez-toc-section-end\"><\/span><\/h4>\n<p data-start=\"1005\" data-end=\"1185\">\u2022 Cashewkerne mit wei\u00dfer Schokolade \u00fcberzogen<br data-start=\"1050\" data-end=\"1053\" \/>\u2022 Verfeinert mit Vanille und Kokos<br data-start=\"1087\" data-end=\"1090\" \/>\u2022 Cremig-s\u00fc\u00dfer Geschmack<br data-start=\"1114\" data-end=\"1117\" \/>\u2022 Ideal als Snack oder Dessert-Topping<br data-start=\"1155\" data-end=\"1158\" \/>\u2022 Praktische 250g Packung<\/p>\n<hr data-start=\"1187\" data-end=\"1190\" \/>\n<h4 data-start=\"1192\" data-end=\"1207\"><span class=\"ez-toc-section\" id=\"Verwendung\"><\/span>utiliser<span class=\"ez-toc-section-end\"><\/span><\/h4>\n<p data-start=\"1209\" data-end=\"1362\">Die Cashews eignen sich hervorragend als s\u00fc\u00dfer Snack f\u00fcr zwischendurch. Sie passen auch gut zu Desserts, Eis oder als kleine Nascherei zu Kaffee und Tee.<\/p>\n<hr data-start=\"1364\" data-end=\"1367\" \/>\n<h4 data-start=\"1369\" data-end=\"1388\"><span class=\"ez-toc-section\" id=\"Produktdetails\"><\/span>D\u00e9tails du produit<span class=\"ez-toc-section-end\"><\/span><\/h4>\n<p data-start=\"1390\" data-end=\"1557\">Contenu : 250 g<br data-start=\"1403\" data-end=\"1406\" \/>Zutaten: Cashewkerne, Zucker, Kakaobutter, Milchpulver, Kokos, Vanillearoma<br data-start=\"1481\" data-end=\"1484\" \/>Kann Spuren von Erdn\u00fcssen, anderen Schalenfr\u00fcchten und Sesam enthalten.<\/p>\n<hr data-start=\"1683\" data-end=\"1686\" \/>\n<h4 data-start=\"413\" data-end=\"449\"><span class=\"ez-toc-section\" id=\"Weitere_Inspiration_entdecken\"><\/span>Weitere Inspiration entdecken<span class=\"ez-toc-section-end\"><\/span><\/h4>\n<p data-start=\"450\" data-end=\"582\">Du suchst weitere besondere Produkte? Entdecke zus\u00e4tzliche Highlights in unserem Sortiment oder st\u00f6bere in unseren Partnerprojekten:<\/p>\n<ul data-start=\"584\" data-end=\"920\">\n<li data-start=\"584\" data-end=\"656\"><a href=\"https:\/\/honigbee.com\/fr\/shop\/\">Weitere Naturprodukte bei Honigbee entdecken<\/a><\/li>\n<li data-start=\"657\" data-end=\"783\">\n<p data-start=\"659\" data-end=\"783\"><a href=\"https:\/\/matvana.com\/shop\/\" target=\"_blank\" rel=\"noopener\">Stilvolle Wohnideen bei Matvana ansehen<\/a><\/p>\n<\/li>\n<li data-start=\"784\" data-end=\"920\">\n<p data-start=\"786\" data-end=\"920\"><a href=\"https:\/\/saphirsmaragd.com\/shop\/\" target=\"_blank\" rel=\"noopener\">Edelsteine &amp; Schmuck bei Saphir &amp; Smaragd ansehen<\/a><\/p>\n<\/li>\n<\/ul>\n<hr data-start=\"1931\" data-end=\"1934\" \/>\n<p>Produktbilder dienen der Veranschaulichung. Verpackungsdesign kann abweichen.<\/p>","protected":false},"excerpt":{"rendered":"<p data-start=\"1592\" data-end=\"1716\"><em>250g Cashewkerne in wei\u00dfer Schokolade mit Vanille und Kokos \u2013 cremig-s\u00fc\u00dfer Snack ideal zum Naschen oder als Dessert-Topping.<\/em><\/p>","protected":false},"featured_media":42161,"comment_status":"open","ping_status":"closed","template":"","meta":{"_glsr_average":0,"_glsr_ranking":0,"_glsr_reviews":0},"product_brand":[],"product_cat":[635],"product_tag":[],"class_list":{"0":"post-23551","1":"product","2":"type-product","3":"status-publish","4":"has-post-thumbnail","6":"product_cat-cashewkerne","8":"first","9":"instock","10":"shipping-taxable","11":"purchasable","12":"product-type-simple","13":"add-to-wishlist-before_image"},"jetpack_sharing_enabled":true,"_links":{"self":[{"href":"https:\/\/honigbee.com\/fr\/wp-json\/wp\/v2\/product\/23551","targetHints":{"allow":["GET"]}}],"collection":[{"href":"https:\/\/honigbee.com\/fr\/wp-json\/wp\/v2\/product"}],"about":[{"href":"https:\/\/honigbee.com\/fr\/wp-json\/wp\/v2\/types\/product"}],"replies":[{"embeddable":true,"href":"https:\/\/honigbee.com\/fr\/wp-json\/wp\/v2\/comments?post=23551"}],"version-history":[{"count":4,"href":"https:\/\/honigbee.com\/fr\/wp-json\/wp\/v2\/product\/23551\/revisions"}],"predecessor-version":[{"id":43150,"href":"https:\/\/honigbee.com\/fr\/wp-json\/wp\/v2\/product\/23551\/revisions\/43150"}],"wp:featuredmedia":[{"embeddable":true,"href":"https:\/\/honigbee.com\/fr\/wp-json\/wp\/v2\/media\/42161"}],"wp:attachment":[{"href":"https:\/\/honigbee.com\/fr\/wp-json\/wp\/v2\/media?parent=23551"}],"wp:term":[{"taxonomy":"product_brand","embeddable":true,"href":"https:\/\/honigbee.com\/fr\/wp-json\/wp\/v2\/product_brand?post=23551"},{"taxonomy":"product_cat","embeddable":true,"href":"https:\/\/honigbee.com\/fr\/wp-json\/wp\/v2\/product_cat?post=23551"},{"taxonomy":"product_tag","embeddable":true,"href":"https:\/\/honigbee.com\/fr\/wp-json\/wp\/v2\/product_tag?post=23551"}],"curies":[{"name":"wp","href":"https:\/\/api.w.org\/{rel}","templated":true}]}}