{"id":23583,"date":"2025-05-30T12:59:03","date_gmt":"2025-05-30T12:59:03","guid":{"rendered":"https:\/\/honigbee.com\/?post_type=product&#038;p=23583"},"modified":"2026-02-28T18:21:56","modified_gmt":"2026-02-28T18:21:56","slug":"1-kg-mischung-aus-fein-gesalzenen-nuessen","status":"publish","type":"product","link":"https:\/\/honigbee.com\/fr\/produit\/1-kg-mischung-aus-fein-gesalzenen-nuessen\/","title":{"rendered":"1 kg de m\u00e9lange de noix finement sal\u00e9es \u2013 grill\u00e9es, v\u00e9g\u00e9taliennes, polyvalentes"},"content":{"rendered":"<div id=\"ez-toc-container\" class=\"ez-toc-v2_0_83 counter-hierarchy ez-toc-counter ez-toc-grey ez-toc-container-direction\">\n<div class=\"ez-toc-title-container\">\n<p class=\"ez-toc-title\" style=\"cursor:inherit\">Table des mati\u00e8res<\/p>\n<span class=\"ez-toc-title-toggle\"><a href=\"#\" class=\"ez-toc-pull-right ez-toc-btn ez-toc-btn-xs ez-toc-btn-default ez-toc-toggle\" aria-label=\"Basculer la table des mati\u00e8res\"><span class=\"ez-toc-js-icon-con\"><span class=\"\"><span class=\"eztoc-hide\" style=\"display:none;\">Basculer<\/span><span class=\"ez-toc-icon-toggle-span\"><svg style=\"fill: #999;color:#999\" xmlns=\"http:\/\/www.w3.org\/2000\/svg\" class=\"list-377408\" width=\"20px\" height=\"20px\" viewbox=\"0 0 24 24\" fill=\"none\"><path d=\"M6 6H4v2h2V6zm14 0H8v2h12V6zM4 11h2v2H4v-2zm16 0H8v2h12v-2zM4 16h2v2H4v-2zm16 0H8v2h12v-2z\" fill=\"currentColor\"><\/path><\/svg><svg style=\"fill: #999;color:#999\" class=\"arrow-unsorted-368013\" xmlns=\"http:\/\/www.w3.org\/2000\/svg\" width=\"10px\" height=\"10px\" viewbox=\"0 0 24 24\" version=\"1.2\" baseprofile=\"tiny\"><path d=\"M18.2 9.3l-6.2-6.3-6.2 6.3c-.2.2-.3.4-.3.7s.1.5.3.7c.2.2.4.3.7.3h11c.3 0 .5-.1.7-.3.2-.2.3-.5.3-.7s-.1-.5-.3-.7zM5.8 14.7l6.2 6.3 6.2-6.3c.2-.2.3-.5.3-.7s-.1-.5-.3-.7c-.2-.2-.4-.3-.7-.3h-11c-.3 0-.5.1-.7.3-.2.2-.3.5-.3.7s.1.5.3.7z\"\/><\/svg><\/span><\/span><\/span><\/a><\/span><\/div>\n<nav><ul class='ez-toc-list ez-toc-list-level-1' ><li class='ez-toc-page-1 ez-toc-heading-level-4'><a class=\"ez-toc-link ez-toc-heading-1\" href=\"https:\/\/honigbee.com\/fr\/produit\/1-kg-mischung-aus-fein-gesalzenen-nuessen\/#Vorteile_der_Mischung_aus_fein_gesalzenen_Nussen\" >Bienfaits du m\u00e9lange de noix finement sal\u00e9es<\/a><\/li><li class='ez-toc-page-1 ez-toc-heading-level-4'><a class=\"ez-toc-link ez-toc-heading-2\" href=\"https:\/\/honigbee.com\/fr\/produit\/1-kg-mischung-aus-fein-gesalzenen-nuessen\/#Nahrstoffreiche_Mandeln_Cashews_Erdnusse_und_Pekannusse\" >Amandes, noix de cajou, cacahu\u00e8tes et noix de p\u00e9can nutritives<\/a><\/li><li class='ez-toc-page-1 ez-toc-heading-level-4'><a class=\"ez-toc-link ez-toc-heading-3\" href=\"https:\/\/honigbee.com\/fr\/produit\/1-kg-mischung-aus-fein-gesalzenen-nuessen\/#Anwendungsmoglichkeiten_der_fein_gesalzenen_Nussmischung\" >Utilisations possibles du m\u00e9lange de noix finement sal\u00e9es<\/a><\/li><li class='ez-toc-page-1 ez-toc-heading-level-4'><a class=\"ez-toc-link ez-toc-heading-4\" href=\"https:\/\/honigbee.com\/fr\/produit\/1-kg-mischung-aus-fein-gesalzenen-nuessen\/#Produktdetails_im_Uberblick\" >D\u00e9tails du produit en un coup d&#039;\u0153il<\/a><\/li><li class='ez-toc-page-1 ez-toc-heading-level-4'><a class=\"ez-toc-link ez-toc-heading-5\" href=\"https:\/\/honigbee.com\/fr\/produit\/1-kg-mischung-aus-fein-gesalzenen-nuessen\/#Lagerungshinweise\" >Instructions de stockage<\/a><\/li><li class='ez-toc-page-1 ez-toc-heading-level-4'><a class=\"ez-toc-link ez-toc-heading-6\" href=\"https:\/\/honigbee.com\/fr\/produit\/1-kg-mischung-aus-fein-gesalzenen-nuessen\/#Weitere_Inspiration_entdecken\" >Weitere Inspiration entdecken<\/a><\/li><\/ul><\/nav><\/div>\n<p data-start=\"754\" data-end=\"1154\">Le <strong data-start=\"758\" data-end=\"797\">M\u00e9lange de noix finement sal\u00e9es<\/strong> Les chips de Bery Jones sont l&#039;alternative id\u00e9ale aux chips grasses et aux crackers fades. Ce m\u00e9lange d&#039;amandes, de noix de cajou, de noix de p\u00e9can et de cacahu\u00e8tes grill\u00e9es constitue un d\u00e9licieux en-cas avec de la bi\u00e8re et du vin, ou un ingr\u00e9dient polyvalent en cuisine. Avant utilisation, il est recommand\u00e9 de rincer bri\u00e8vement les noix \u00e0 l&#039;eau pour \u00e9liminer l&#039;exc\u00e8s de sel.<\/p>\n<hr data-start=\"1156\" data-end=\"1159\" \/>\n<h4 data-start=\"1161\" data-end=\"1213\"><span class=\"ez-toc-section\" id=\"Vorteile_der_Mischung_aus_fein_gesalzenen_Nussen\"><\/span>Bienfaits du m\u00e9lange de noix finement sal\u00e9es<span class=\"ez-toc-section-end\"><\/span><\/h4>\n<ul data-start=\"1215\" data-end=\"1481\">\n<li data-start=\"1215\" data-end=\"1262\">\n<p data-start=\"1217\" data-end=\"1262\">Riche en vitamines et min\u00e9raux importants<\/p>\n<\/li>\n<li data-start=\"1263\" data-end=\"1327\">\n<p data-start=\"1265\" data-end=\"1327\">Polyvalent comme collation et ingr\u00e9dient dans les plats pr\u00e9par\u00e9s<\/p>\n<\/li>\n<li data-start=\"1328\" data-end=\"1382\">\n<p data-start=\"1330\" data-end=\"1382\">Emballage \u00e9cologique et refermable<\/p>\n<\/li>\n<li data-start=\"1383\" data-end=\"1427\">\n<p data-start=\"1385\" data-end=\"1427\">Id\u00e9al comme garniture pour les soupes ou les salades<\/p>\n<\/li>\n<li data-start=\"1428\" data-end=\"1481\">\n<p data-start=\"1430\" data-end=\"1481\">Contient des amandes, des noix de cajou, des noix de p\u00e9can et des cacahu\u00e8tes<\/p>\n<\/li>\n<\/ul>\n<hr data-start=\"1483\" data-end=\"1486\" \/>\n<h4 data-start=\"1488\" data-end=\"1549\"><span class=\"ez-toc-section\" id=\"Nahrstoffreiche_Mandeln_Cashews_Erdnusse_und_Pekannusse\"><\/span>Amandes, noix de cajou, cacahu\u00e8tes et noix de p\u00e9can nutritives<span class=\"ez-toc-section-end\"><\/span><\/h4>\n<p data-start=\"1551\" data-end=\"1927\">Les amandes fournissent des min\u00e9raux essentiels comme le magn\u00e9sium, le calcium et le zinc, ainsi que des antioxydants pour la sant\u00e9 de la peau et du c\u0153ur. Les noix de cajou sont riches en magn\u00e9sium, qui favorise d&#039;importants processus m\u00e9taboliques et am\u00e9liore le sommeil. Les cacahu\u00e8tes sont riches en prot\u00e9ines et en fibres, tandis que les noix de p\u00e9can sont riches en acides gras insatur\u00e9s et en antioxydants, favorisant ainsi la sant\u00e9 cardiaque.<\/p>\n<hr data-start=\"1929\" data-end=\"1932\" \/>\n<h4 data-start=\"1934\" data-end=\"1994\"><span class=\"ez-toc-section\" id=\"Anwendungsmoglichkeiten_der_fein_gesalzenen_Nussmischung\"><\/span>Utilisations possibles du m\u00e9lange de noix finement sal\u00e9es<span class=\"ez-toc-section-end\"><\/span><\/h4>\n<p data-start=\"1996\" data-end=\"2372\">Ce m\u00e9lange de noix est id\u00e9al pour ceux qui recherchent des alternatives plus saines aux en-cas. Il s&#039;accorde parfaitement avec la bi\u00e8re et le vin, rehausse les sauces cr\u00e9meuses ou agr\u00e9mente les plats de l\u00e9gumes et les salades. Pour d&#039;autres produits naturels de haute qualit\u00e9, nous recommandons le miel brut de Sidr du Y\u00e9men. <a class=\"\" href=\"https:\/\/honigbee.com\/fr\/produit\/roher-jemenitischer-sidr-doani-honig-400g\/\" target=\"_new\" rel=\"noopener\" data-start=\"2273\" data-end=\"2371\">honigbee.com\/sidr-honig<\/a>.<\/p>\n<hr data-start=\"2374\" data-end=\"2377\" \/>\n<h4 data-start=\"2379\" data-end=\"2410\"><span class=\"ez-toc-section\" id=\"Produktdetails_im_Uberblick\"><\/span>D\u00e9tails du produit en un coup d&#039;\u0153il<span class=\"ez-toc-section-end\"><\/span><\/h4>\n<ul data-start=\"2412\" data-end=\"2781\">\n<li data-start=\"2412\" data-end=\"2428\">\n<p data-start=\"2414\" data-end=\"2428\">Contenu : 1 kg<\/p>\n<\/li>\n<li data-start=\"2429\" data-end=\"2475\">\n<p data-start=\"2431\" data-end=\"2475\">Origine : Argentine, C\u00f4te d&#039;Ivoire, \u00c9tats-Unis<\/p>\n<\/li>\n<li data-start=\"2476\" data-end=\"2585\">\n<p data-start=\"2478\" data-end=\"2585\">Valeurs nutritionnelles pour 100 g : 147 kcal, 54,5 g de mati\u00e8res grasses, 18,5 g de prot\u00e9ines, 18,6 g de glucides, 4,7 g de sucres, 0,5 g de sel<\/p>\n<\/li>\n<li data-start=\"2586\" data-end=\"2649\">\n<p data-start=\"2588\" data-end=\"2649\">Vegan, sans gluten, sans sucre ajout\u00e9 ni additifs artificiels<\/p>\n<\/li>\n<li data-start=\"2650\" data-end=\"2715\">\n<p data-start=\"2652\" data-end=\"2715\">Ingr\u00e9dients : Noix de cajou, amandes, cacahu\u00e8tes, noix de p\u00e9can, huile de colza, sel<\/p>\n<\/li>\n<li data-start=\"2716\" data-end=\"2781\">\n<p data-start=\"2718\" data-end=\"2781\">Peut contenir des traces d&#039;arachides, d&#039;autres fruits \u00e0 coque et de s\u00e9same<\/p>\n<\/li>\n<\/ul>\n<hr data-start=\"2783\" data-end=\"2786\" \/>\n<h4 data-start=\"2788\" data-end=\"2809\"><span class=\"ez-toc-section\" id=\"Lagerungshinweise\"><\/span>Instructions de stockage<span class=\"ez-toc-section-end\"><\/span><\/h4>\n<p data-start=\"2811\" data-end=\"2891\">\u00c0 conserver dans un endroit frais et sec, \u00e0 l&#039;abri de la lumi\u00e8re directe du soleil.<\/p>\n<hr data-start=\"2893\" data-end=\"2896\" \/>\n<h4 data-start=\"413\" data-end=\"449\"><span class=\"ez-toc-section\" id=\"Weitere_Inspiration_entdecken\"><\/span>Weitere Inspiration entdecken<span class=\"ez-toc-section-end\"><\/span><\/h4>\n<p data-start=\"450\" data-end=\"582\">Du suchst weitere besondere Produkte? Entdecke zus\u00e4tzliche Highlights in unserem Sortiment oder st\u00f6bere in unseren Partnerprojekten:<\/p>\n<ul data-start=\"584\" data-end=\"920\">\n<li data-start=\"584\" data-end=\"656\"><a href=\"https:\/\/honigbee.com\/fr\/shop\/\">Weitere Naturprodukte bei Honigbee entdecken<\/a><\/li>\n<li data-start=\"657\" data-end=\"783\">\n<p data-start=\"659\" data-end=\"783\"><a href=\"https:\/\/matvana.com\/shop\/\" target=\"_blank\" rel=\"noopener\">Stilvolle Wohnideen bei Matvana ansehen<\/a><\/p>\n<\/li>\n<li data-start=\"784\" data-end=\"920\">\n<p data-start=\"786\" data-end=\"920\"><a href=\"https:\/\/saphirsmaragd.com\/shop\/\" target=\"_blank\" rel=\"noopener\">Edelsteine &amp; Schmuck bei Saphir &amp; Smaragd ansehen<\/a><\/p>\n<\/li>\n<\/ul>\n<hr data-start=\"1931\" data-end=\"1934\" \/>\n<p>Produktbilder dienen der Veranschaulichung. Verpackungsdesign kann abweichen.<\/p>","protected":false},"excerpt":{"rendered":"<p data-start=\"358\" data-end=\"514\"><em>Un m\u00e9lange de 1 kg de noix finement sal\u00e9es, avec amandes, noix de cajou, noix de p\u00e9can et cacahu\u00e8tes. Parfait comme en-cas ou ingr\u00e9dient, v\u00e9g\u00e9talien et emball\u00e9 de mani\u00e8re \u00e9cologique.<\/em><\/p>","protected":false},"featured_media":42136,"comment_status":"open","ping_status":"closed","template":"","meta":{"_glsr_average":0,"_glsr_ranking":0,"_glsr_reviews":0},"product_brand":[],"product_cat":[1175],"product_tag":[],"class_list":{"0":"post-23583","1":"product","2":"type-product","3":"status-publish","4":"has-post-thumbnail","6":"product_cat-nussmischung","8":"first","9":"instock","10":"shipping-taxable","11":"purchasable","12":"product-type-simple","13":"add-to-wishlist-before_image"},"jetpack_sharing_enabled":true,"_links":{"self":[{"href":"https:\/\/honigbee.com\/fr\/wp-json\/wp\/v2\/product\/23583","targetHints":{"allow":["GET"]}}],"collection":[{"href":"https:\/\/honigbee.com\/fr\/wp-json\/wp\/v2\/product"}],"about":[{"href":"https:\/\/honigbee.com\/fr\/wp-json\/wp\/v2\/types\/product"}],"replies":[{"embeddable":true,"href":"https:\/\/honigbee.com\/fr\/wp-json\/wp\/v2\/comments?post=23583"}],"version-history":[{"count":3,"href":"https:\/\/honigbee.com\/fr\/wp-json\/wp\/v2\/product\/23583\/revisions"}],"predecessor-version":[{"id":43143,"href":"https:\/\/honigbee.com\/fr\/wp-json\/wp\/v2\/product\/23583\/revisions\/43143"}],"wp:featuredmedia":[{"embeddable":true,"href":"https:\/\/honigbee.com\/fr\/wp-json\/wp\/v2\/media\/42136"}],"wp:attachment":[{"href":"https:\/\/honigbee.com\/fr\/wp-json\/wp\/v2\/media?parent=23583"}],"wp:term":[{"taxonomy":"product_brand","embeddable":true,"href":"https:\/\/honigbee.com\/fr\/wp-json\/wp\/v2\/product_brand?post=23583"},{"taxonomy":"product_cat","embeddable":true,"href":"https:\/\/honigbee.com\/fr\/wp-json\/wp\/v2\/product_cat?post=23583"},{"taxonomy":"product_tag","embeddable":true,"href":"https:\/\/honigbee.com\/fr\/wp-json\/wp\/v2\/product_tag?post=23583"}],"curies":[{"name":"wp","href":"https:\/\/api.w.org\/{rel}","templated":true}]}}