{"id":27441,"date":"2025-07-06T14:13:10","date_gmt":"2025-07-06T14:13:10","guid":{"rendered":"https:\/\/honigbee.com\/?post_type=product&#038;p=27441"},"modified":"2026-02-28T20:10:55","modified_gmt":"2026-02-28T20:10:55","slug":"colomba-pistazie-750g","status":"publish","type":"product","link":"https:\/\/honigbee.com\/fr\/produit\/colomba-pistazie-750g\/","title":{"rendered":"750g Colomba Pistazie \u2013 Italienischer Osterkuchen mit Pistaziencreme und dunkler Schokolade"},"content":{"rendered":"<div id=\"ez-toc-container\" class=\"ez-toc-v2_0_83 counter-hierarchy ez-toc-counter ez-toc-grey ez-toc-container-direction\">\n<div class=\"ez-toc-title-container\">\n<p class=\"ez-toc-title\" style=\"cursor:inherit\">Table des mati\u00e8res<\/p>\n<span class=\"ez-toc-title-toggle\"><a href=\"#\" class=\"ez-toc-pull-right ez-toc-btn ez-toc-btn-xs ez-toc-btn-default ez-toc-toggle\" aria-label=\"Basculer la table des mati\u00e8res\"><span class=\"ez-toc-js-icon-con\"><span class=\"\"><span class=\"eztoc-hide\" style=\"display:none;\">Basculer<\/span><span class=\"ez-toc-icon-toggle-span\"><svg style=\"fill: #999;color:#999\" xmlns=\"http:\/\/www.w3.org\/2000\/svg\" class=\"list-377408\" width=\"20px\" height=\"20px\" viewbox=\"0 0 24 24\" fill=\"none\"><path d=\"M6 6H4v2h2V6zm14 0H8v2h12V6zM4 11h2v2H4v-2zm16 0H8v2h12v-2zM4 16h2v2H4v-2zm16 0H8v2h12v-2z\" fill=\"currentColor\"><\/path><\/svg><svg style=\"fill: #999;color:#999\" class=\"arrow-unsorted-368013\" xmlns=\"http:\/\/www.w3.org\/2000\/svg\" width=\"10px\" height=\"10px\" viewbox=\"0 0 24 24\" version=\"1.2\" baseprofile=\"tiny\"><path d=\"M18.2 9.3l-6.2-6.3-6.2 6.3c-.2.2-.3.4-.3.7s.1.5.3.7c.2.2.4.3.7.3h11c.3 0 .5-.1.7-.3.2-.2.3-.5.3-.7s-.1-.5-.3-.7zM5.8 14.7l6.2 6.3 6.2-6.3c.2-.2.3-.5.3-.7s-.1-.5-.3-.7c-.2-.2-.4-.3-.7-.3h-11c-.3 0-.5.1-.7.3-.2.2-.3.5-.3.7s.1.5.3.7z\"\/><\/svg><\/span><\/span><\/span><\/a><\/span><\/div>\n<nav><ul class='ez-toc-list ez-toc-list-level-1' ><li class='ez-toc-page-1 ez-toc-heading-level-4'><a class=\"ez-toc-link ez-toc-heading-1\" href=\"https:\/\/honigbee.com\/fr\/produit\/colomba-pistazie-750g\/#Produktmerkmale\" >Caract\u00e9ristiques du produit<\/a><\/li><li class='ez-toc-page-1 ez-toc-heading-level-4'><a class=\"ez-toc-link ez-toc-heading-2\" href=\"https:\/\/honigbee.com\/fr\/produit\/colomba-pistazie-750g\/#Geschmack_Konsistenz\" >Go\u00fbt et consistance<\/a><\/li><li class='ez-toc-page-1 ez-toc-heading-level-4'><a class=\"ez-toc-link ez-toc-heading-3\" href=\"https:\/\/honigbee.com\/fr\/produit\/colomba-pistazie-750g\/#Verwendung\" >utiliser<\/a><\/li><li class='ez-toc-page-1 ez-toc-heading-level-4'><a class=\"ez-toc-link ez-toc-heading-4\" href=\"https:\/\/honigbee.com\/fr\/produit\/colomba-pistazie-750g\/#Produktdetails\" >D\u00e9tails du produit<\/a><\/li><li class='ez-toc-page-1 ez-toc-heading-level-4'><a class=\"ez-toc-link ez-toc-heading-5\" href=\"https:\/\/honigbee.com\/fr\/produit\/colomba-pistazie-750g\/#Lagerung\" >stockage<\/a><\/li><li class='ez-toc-page-1 ez-toc-heading-level-4'><a class=\"ez-toc-link ez-toc-heading-6\" href=\"https:\/\/honigbee.com\/fr\/produit\/colomba-pistazie-750g\/#Weitere_Inspiration_entdecken\" >Weitere Inspiration entdecken<\/a><\/li><\/ul><\/nav><\/div>\n<p data-start=\"808\" data-end=\"1051\">Le <strong data-start=\"812\" data-end=\"837\">750g Colomba-Pistazie<\/strong> ist ein traditionelles italienisches Ostergeb\u00e4ck in Taubenform. Der luftige Hefeteig ist mit Pistaziencreme gef\u00fcllt und mit dunkler Schokolade (70 %) \u00fcberzogen. Die Oberfl\u00e4che ist mit Pistazienst\u00fcckchen dekoriert.<\/p>\n<p data-start=\"1053\" data-end=\"1171\">Die Kombination aus weichem Teig, nussiger F\u00fcllung und dunkler Schokolade sorgt f\u00fcr ein ausgewogenes Geschmacksprofil.<\/p>\n<hr data-start=\"1173\" data-end=\"1176\" \/>\n<h4 data-start=\"1178\" data-end=\"1198\"><span class=\"ez-toc-section\" id=\"Produktmerkmale\"><\/span>Caract\u00e9ristiques du produit<span class=\"ez-toc-section-end\"><\/span><\/h4>\n<p data-start=\"1200\" data-end=\"1413\">750g Colomba Pistazie<br data-start=\"1221\" data-end=\"1224\" \/>Hefeteig mit nat\u00fcrlicher G\u00e4rung<br data-start=\"1255\" data-end=\"1258\" \/>Gef\u00fcllt mit Pistaziencreme<br data-start=\"1284\" data-end=\"1287\" \/>\u00dcberzogen mit 70 % dunkler Schokolade<br data-start=\"1324\" data-end=\"1327\" \/>Mit Pistazienst\u00fcckchen dekoriert<br data-start=\"1359\" data-end=\"1362\" \/>Italienisches Ostergeb\u00e4ck<br data-start=\"1387\" data-end=\"1390\" \/>Dekorative Verpackung<\/p>\n<hr data-start=\"1415\" data-end=\"1418\" \/>\n<h4 data-start=\"1420\" data-end=\"1447\"><span class=\"ez-toc-section\" id=\"Geschmack_Konsistenz\"><\/span>Go\u00fbt et consistance<span class=\"ez-toc-section-end\"><\/span><\/h4>\n<p data-start=\"1449\" data-end=\"1562\">Luftiger, weicher Hefeteig<br data-start=\"1475\" data-end=\"1478\" \/>Milde Pistaziennote<br data-start=\"1497\" data-end=\"1500\" \/>Kr\u00e4ftige Bitternote durch dunkle Schokolade<br data-start=\"1543\" data-end=\"1546\" \/>Saftige Textur<\/p>\n<hr data-start=\"1564\" data-end=\"1567\" \/>\n<h4 data-start=\"1569\" data-end=\"1584\"><span class=\"ez-toc-section\" id=\"Verwendung\"><\/span>utiliser<span class=\"ez-toc-section-end\"><\/span><\/h4>\n<p data-start=\"1586\" data-end=\"1632\">Le <strong data-start=\"1590\" data-end=\"1615\">750g Colomba Pistazie<\/strong> eignet sich f\u00fcr:<\/p>\n<p data-start=\"1634\" data-end=\"1709\">\u2022 Osterfeiertage<br data-start=\"1650\" data-end=\"1653\" \/>\u2022 Als Dessert<br data-start=\"1666\" data-end=\"1669\" \/>\u2022 Zum Kaffee oder Tee<br data-start=\"1690\" data-end=\"1693\" \/>\u2022 Als Geschenk<\/p>\n<p data-start=\"1711\" data-end=\"1759\">Servierfertig \u2013 direkt anschneiden und genie\u00dfen.<\/p>\n<hr data-start=\"1761\" data-end=\"1764\" \/>\n<h4 data-start=\"1766\" data-end=\"1785\"><span class=\"ez-toc-section\" id=\"Produktdetails\"><\/span>D\u00e9tails du produit<span class=\"ez-toc-section-end\"><\/span><\/h4>\n<p data-start=\"1787\" data-end=\"1978\">Produktname: 750g Colomba Pistazie<br data-start=\"1821\" data-end=\"1824\" \/>Inhalt: 750 g<br data-start=\"1837\" data-end=\"1840\" \/>Geb\u00e4ckform: Taubenform<br data-start=\"1862\" data-end=\"1865\" \/>F\u00fcllung: Pistaziencreme<br data-start=\"1888\" data-end=\"1891\" \/>Glasur: Dunkle Schokolade (70 %)<br data-start=\"1923\" data-end=\"1926\" \/>Origine : Italie<br data-start=\"1943\" data-end=\"1946\" \/>Verpackung: Geschenkverpackung<\/p>\n<hr data-start=\"1980\" data-end=\"1983\" \/>\n<h4 data-start=\"1985\" data-end=\"1998\"><span class=\"ez-toc-section\" id=\"Lagerung\"><\/span>stockage<span class=\"ez-toc-section-end\"><\/span><\/h4>\n<p data-start=\"2000\" data-end=\"2102\">Trocken, k\u00fchl und lichtgesch\u00fctzt lagern. Nach dem \u00d6ffnen luftdicht verschlie\u00dfen und zeitnah verzehren.<\/p>\n<hr data-start=\"1683\" data-end=\"1686\" \/>\n<h4 data-start=\"413\" data-end=\"449\"><span class=\"ez-toc-section\" id=\"Weitere_Inspiration_entdecken\"><\/span>Weitere Inspiration entdecken<span class=\"ez-toc-section-end\"><\/span><\/h4>\n<p data-start=\"450\" data-end=\"582\">Du suchst weitere besondere Produkte? Entdecke zus\u00e4tzliche Highlights in unserem Sortiment oder st\u00f6bere in unseren Partnerprojekten:<\/p>\n<ul data-start=\"584\" data-end=\"920\">\n<li data-start=\"584\" data-end=\"656\"><a href=\"https:\/\/honigbee.com\/fr\/shop\/\">Weitere Naturprodukte bei Honigbee entdecken<\/a><\/li>\n<li data-start=\"657\" data-end=\"783\">\n<p data-start=\"659\" data-end=\"783\"><a href=\"https:\/\/matvana.com\/shop\/\" target=\"_blank\" rel=\"noopener\">Stilvolle Wohnideen bei Matvana ansehen<\/a><\/p>\n<\/li>\n<li data-start=\"784\" data-end=\"920\">\n<p data-start=\"786\" data-end=\"920\"><a href=\"https:\/\/saphirsmaragd.com\/shop\/\" target=\"_blank\" rel=\"noopener\">Edelsteine &amp; Schmuck bei Saphir &amp; Smaragd ansehen<\/a><\/p>\n<\/li>\n<\/ul>\n<hr data-start=\"1931\" data-end=\"1934\" \/>\n<p>Produktbilder dienen der Veranschaulichung. Verpackungsdesign kann abweichen.<\/p>","protected":false},"excerpt":{"rendered":"<p data-start=\"574\" data-end=\"706\"><em>750g Colomba Pistazie mit Pistaziencreme-F\u00fcllung und dunkler Schokoladenglasur. Italienisches Ostergeb\u00e4ck in klassischer Taubenform.<\/em><\/p>","protected":false},"featured_media":43275,"comment_status":"open","ping_status":"closed","template":"","meta":{"_glsr_average":0,"_glsr_ranking":0,"_glsr_reviews":0},"product_brand":[],"product_cat":[1303],"product_tag":[],"class_list":{"0":"post-27441","1":"product","2":"type-product","3":"status-publish","4":"has-post-thumbnail","6":"product_cat-gebaeck-und-kuchen","8":"first","9":"instock","10":"featured","11":"shipping-taxable","12":"purchasable","13":"product-type-simple","14":"add-to-wishlist-before_image"},"jetpack_sharing_enabled":true,"_links":{"self":[{"href":"https:\/\/honigbee.com\/fr\/wp-json\/wp\/v2\/product\/27441","targetHints":{"allow":["GET"]}}],"collection":[{"href":"https:\/\/honigbee.com\/fr\/wp-json\/wp\/v2\/product"}],"about":[{"href":"https:\/\/honigbee.com\/fr\/wp-json\/wp\/v2\/types\/product"}],"replies":[{"embeddable":true,"href":"https:\/\/honigbee.com\/fr\/wp-json\/wp\/v2\/comments?post=27441"}],"version-history":[{"count":5,"href":"https:\/\/honigbee.com\/fr\/wp-json\/wp\/v2\/product\/27441\/revisions"}],"predecessor-version":[{"id":43274,"href":"https:\/\/honigbee.com\/fr\/wp-json\/wp\/v2\/product\/27441\/revisions\/43274"}],"wp:featuredmedia":[{"embeddable":true,"href":"https:\/\/honigbee.com\/fr\/wp-json\/wp\/v2\/media\/43275"}],"wp:attachment":[{"href":"https:\/\/honigbee.com\/fr\/wp-json\/wp\/v2\/media?parent=27441"}],"wp:term":[{"taxonomy":"product_brand","embeddable":true,"href":"https:\/\/honigbee.com\/fr\/wp-json\/wp\/v2\/product_brand?post=27441"},{"taxonomy":"product_cat","embeddable":true,"href":"https:\/\/honigbee.com\/fr\/wp-json\/wp\/v2\/product_cat?post=27441"},{"taxonomy":"product_tag","embeddable":true,"href":"https:\/\/honigbee.com\/fr\/wp-json\/wp\/v2\/product_tag?post=27441"}],"curies":[{"name":"wp","href":"https:\/\/api.w.org\/{rel}","templated":true}]}}